{"id":10582,"date":"2022-05-19T12:21:03","date_gmt":"2022-05-19T10:21:03","guid":{"rendered":"https:\/\/projectes.xtec.cat\/edc\/?page_id=10582"},"modified":"2022-06-01T09:16:51","modified_gmt":"2022-06-01T07:16:51","slug":"preguntes-frequents-rest-equips","status":"publish","type":"page","link":"https:\/\/projectes.xtec.cat\/edc\/restabliment-dequips-per-al-canvi-de-curs\/preguntes-frequents-rest-equips\/","title":{"rendered":"Preguntes freq\u00fcents"},"content":{"rendered":"<p>&nbsp;<\/p>\n<ol>\n<li style=\"font-weight: 400;\" aria-level=\"1\"><b>Es pot fer una sola petici\u00f3 amb equips d\u2019alumnes i docents? <\/b><b><br \/>\n<\/b><span style=\"font-weight: 400;\">No. El portal d\u2019autoservei obliga a triar una tipologia d\u2019usuaris que s\u00f3n gestionats per prove\u00efdors diferents. <\/span><\/li>\n<li style=\"font-weight: 400;\" aria-level=\"1\"><b>Quan s\u2019esborrin les dades, s\u2019esborrar\u00e0 tamb\u00e9 la configuraci\u00f3 wifi? Haurem de configurar les wifis de tots els equips restablerts?<\/b><b><br \/>\n<\/b><span style=\"font-weight: 400;\">La xarxa recomanada \u00e9s GENCAT_ENS_EDU_PORTAL, on l\u2019alumne \u00e9s autosuficient i pot connectar-se a la xarxa fent servir les seves credencials. En el cas dels centres que nom\u00e9s disposen de la xarxa GENCAT_ENS_EDU, el procediment remot d\u2019esborrat:<\/span><\/p>\n<ol>\n<li style=\"font-weight: 400;\" aria-level=\"1\">Windows 10 alumnat i Linkat: mantindr\u00e0<span style=\"font-weight: 400;\"> la configuraci\u00f3 de la connexi\u00f3 wifi.<\/span><\/li>\n<li aria-level=\"1\">En la resta de casos, s&#8217;esborra la configuraci\u00f3 (docents, chromebook)<\/li>\n<\/ol>\n<\/li>\n<li style=\"font-weight: 400;\" aria-level=\"1\"><b>Es poden demanar t\u00e8cnics per fer aquest restabliment? <\/b><span style=\"font-weight: 400;\"><br \/>\n<\/span><span style=\"font-weight: 400;\">S\u00ed, tot i que el<\/span><span style=\"font-weight: 400;\">\u00a0proc\u00e9s s\u2019ha automatitzat de manera que no cal fer cap inici de sessi\u00f3, ni configuraci\u00f3 ni reassignaci\u00f3 a INDIC, el que redueix la intervenci\u00f3 dels t\u00e8cnics a moure els equips, endollar-los al corrent i donar-li al bot\u00f3 d\u2019inici.\u00a0<\/span><\/li>\n<li style=\"font-weight: 400;\" aria-level=\"1\"><b>Tinc m\u00e9s dubtes, on puc anar? <\/b><b><br \/>\n<\/b><span style=\"font-weight: 400;\">Aquest curs 2021-22, s\u2019ha posat en marxa Nus, una xarxa docent que inclou una categoria de suport a les coordinacions digitals. Podeu trobar totes les converses relacionades amb el reinici de curs aqu\u00ed: <a href=\"https:\/\/comunitat.edigital.cat\/tag\/restabliment-equips-pedc-22-23\" target=\"_blank\" rel=\"noopener\">https:\/\/comunitat.edigital.cat\/tag\/restabliment-equips-pedc-22-23<\/a><\/span><\/li>\n<\/ol>\n<p>&nbsp;<\/p>\n","protected":false},"excerpt":{"rendered":"<p>&nbsp;<\/p>\n<ol>\n<li style=\"font-weight: 400;\" aria-level=\"1\">Es pot fer una sola petici\u00f3 amb equips d\u2019alumnes i docents?<br \/>\nNo. El portal d\u2019autoservei obliga a triar una tipologia d\u2019usuaris que s\u00f3n gestionats per prove\u00efdors diferents. <\/li>\n<li style=\"font-weight: 400;\" aria-level=\"1\">Quan s\u2019esborrin les dades, s\u2019esborrar\u00e0 tamb\u00e9 la configuraci\u00f3 wifi? Haurem de configurar&hellip;  <a href=\"https:\/\/projectes.xtec.cat\/edc\/restabliment-dequips-per-al-canvi-de-curs\/preguntes-frequents-rest-equips\/\" title=\"Read Preguntes freq\u00fcents\">Llegeix m\u00e9s\u00bb<\/a><br \/>\n","protected":false},"author":2,"featured_media":0,"parent":10543,"menu_order":90,"comment_status":"closed","ping_status":"closed","template":"page-templates\/side-menu.php","meta":{"_bbp_topic_count":0,"_bbp_reply_count":0,"_bbp_total_topic_count":0,"_bbp_total_reply_count":0,"_bbp_voice_count":0,"_bbp_anonymous_reply_count":0,"_bbp_topic_count_hidden":0,"_bbp_reply_count_hidden":0,"_bbp_forum_subforum_count":0,"footnotes":""},"class_list":["post-10582","page","type-page","status-publish","hentry"],"post_mailing_queue_ids":[],"_links":{"self":[{"href":"https:\/\/projectes.xtec.cat\/edc\/wp-json\/wp\/v2\/pages\/10582","targetHints":{"allow":["GET"]}}],"collection":[{"href":"https:\/\/projectes.xtec.cat\/edc\/wp-json\/wp\/v2\/pages"}],"about":[{"href":"https:\/\/projectes.xtec.cat\/edc\/wp-json\/wp\/v2\/types\/page"}],"author":[{"embeddable":true,"href":"https:\/\/projectes.xtec.cat\/edc\/wp-json\/wp\/v2\/users\/2"}],"replies":[{"embeddable":true,"href":"https:\/\/projectes.xtec.cat\/edc\/wp-json\/wp\/v2\/comments?post=10582"}],"version-history":[{"count":3,"href":"https:\/\/projectes.xtec.cat\/edc\/wp-json\/wp\/v2\/pages\/10582\/revisions"}],"predecessor-version":[{"id":10765,"href":"https:\/\/projectes.xtec.cat\/edc\/wp-json\/wp\/v2\/pages\/10582\/revisions\/10765"}],"up":[{"embeddable":true,"href":"https:\/\/projectes.xtec.cat\/edc\/wp-json\/wp\/v2\/pages\/10543"}],"wp:attachment":[{"href":"https:\/\/projectes.xtec.cat\/edc\/wp-json\/wp\/v2\/media?parent=10582"}],"curies":[{"name":"wp","href":"https:\/\/api.w.org\/{rel}","templated":true}]}}