{"id":10687,"date":"2022-05-23T11:48:43","date_gmt":"2022-05-23T09:48:43","guid":{"rendered":"https:\/\/projectes.xtec.cat\/edc\/?page_id=10687"},"modified":"2022-10-05T09:27:02","modified_gmt":"2022-10-05T07:27:02","slug":"windows","status":"publish","type":"page","link":"https:\/\/projectes.xtec.cat\/edc\/restabliment-dequips-per-al-canvi-de-curs\/windows\/","title":{"rendered":"Windows"},"content":{"rendered":"<p><span style=\"font-weight: 400;\">Com sabeu, amb la finalitzaci\u00f3 del curs, els alumnes i docents que deixen el centre han de retornar els equips i dispositius MiFi per poder assignar-los als nous alumnes i docents a l\u2019inici del curs vinent. A difer\u00e8ncia del curs passat, s\u2019han automatitzat alguns procediments amb l\u2019objectiu de minimitzar la intervenci\u00f3 del centre educatiu i el desplegament de t\u00e8cnics. El proc\u00e9s es divideix en els seg\u00fcents passos:\u00a0<\/span><\/p>\n<p><b>Juny-juliol 2022<\/b><\/p>\n<ol>\n<li style=\"font-weight: 400;\" aria-level=\"1\"><b>Creaci\u00f3 d\u2019un llistat d\u2019equips d\u2019alumnes a restablir<\/b><span style=\"font-weight: 400;\">. El llistat de partida es pot extreure mitjan\u00e7ant l\u2019aplicaci\u00f3 INDIC.<\/span><a href=\"https:\/\/projectes.xtec.cat\/edc\/restabliment-dequips-final-inici-de-curs\/creacio-del-llistat-dequips-dalumnes-a-restablir\/\"><span style=\"font-weight: 400;\"> M\u00e9s informaci\u00f3.<\/span><\/a><\/li>\n<li style=\"font-weight: 400;\" aria-level=\"1\"><b>Creaci\u00f3 d\u2019un llistat d\u2019equips docents a restablir<\/b><span style=\"font-weight: 400;\">. El llistat de partida es pot extreure mitjan\u00e7ant l\u2019aplicaci\u00f3 INDIC.<\/span><a href=\"https:\/\/projectes.xtec.cat\/edc\/restabliment-dequips-final-inici-de-curs\/creacio-del-llistat-dequips-de-docents-a-restablir\/\"><span style=\"font-weight: 400;\"> M\u00e9s informaci\u00f3.<\/span><\/a><\/li>\n<li><b>Recollida dels equips<\/b><span style=\"font-weight: 400;\">. En el cas que algun alumne i docent no tornin els equips i dispositius, cal reclamar-li i fer den\u00fancia si fos necessari. <\/span><a href=\"https:\/\/projectes.xtec.cat\/edc\/restabliment-dequips-final-inici-de-curs\/verificacio-del-funcionament-dels-equips-i-recollida\/\"><span style=\"font-weight: 400;\">M\u00e9s informaci\u00f3<\/span><\/a><span style=\"font-weight: 400;\">.<\/span><\/li>\n<li style=\"font-weight: 400;\" aria-level=\"1\"><b>Petici\u00f3 d\u2019esborrat i posada a punt dels equips dels alumnes<\/b><span style=\"font-weight: 400;\"> mitjan\u00e7ant el portal d\u2019autoservei. <\/span><span style=\"font-weight: 400;\"><a href=\"https:\/\/projectes.xtec.cat\/edc\/restabliment-dequips-amb-canvi-de-curs\/windows\/4-peticio-restabliment-dels-equips-dels-alumnes\/\">M\u00e9s informaci\u00f3<\/a>.<\/span><\/li>\n<li style=\"font-weight: 400;\" aria-level=\"1\"><b>Petici\u00f3 d\u2019esborrat i posada a punt dels equips dels docents<\/b><span style=\"font-weight: 400;\"> mitjan\u00e7ant el portal d\u2019autoservei. <\/span><a href=\"https:\/\/projectes.xtec.cat\/edc\/restabliment-dequips-final-inici-de-curs\/5-peticio-desborrat-i-posada-a-punt-dels-equips-dels-docents\/\"><span style=\"font-weight: 400;\">M\u00e9s informaci\u00f3.<\/span><\/a><\/li>\n<li style=\"font-weight: 400;\" aria-level=\"1\"><span style=\"font-weight: 400;\">A partir del <strong>30 de juny,<\/strong> i una vegada feta la petici\u00f3 de restabliment, s\u2019enviar\u00e0 una <\/span><b>ordre remota de restabliment<\/b> dels equips docents.<span style=\"font-weight: 400;\">\u00a0<a href=\"https:\/\/projectes.xtec.cat\/edc\/restabliment-dequips-amb-canvi-de-curs\/windows\/restabliment-equips\/\">M\u00e9s informaci\u00f3.\u00a0<\/a><\/span><\/li>\n<\/ol>\n<p><b>Setembre 2022<\/b><\/p>\n<ol start=\"7\">\n<li style=\"font-weight: 400;\" aria-level=\"1\"><b>Repartiment d&#8217;equips i dispositius als nous usuaris<\/b><span style=\"font-weight: 400;\"> (alumnes i docents) junt amb les credencials d&#8217;acc\u00e9s a l\u2019equip. <a href=\"https:\/\/projectes.xtec.cat\/edc\/restabliment-dequips-final-inici-de-curs\/repartiment-dequips-i-dispositius-als-nous-usuaris\/\">M\u00e9s informaci\u00f3.\u00a0<\/a><\/span><\/li>\n<li style=\"font-weight: 400;\" aria-level=\"1\"><span style=\"font-weight: 400;\">A partir del <strong>12 de setembre<\/strong>, amb la informaci\u00f3 d&#8217;inici de sessi\u00f3 d&#8217;un equip restablert, el nou usuari <strong>es converteix <\/strong><\/span><strong>autom\u00e0ticament<\/strong><span style=\"font-weight: 400;\"> en l&#8217;usuari principal<strong>.<\/strong>\u00a0<\/span>Una vegada establert l&#8217;usuari principal d&#8217;un equip, <del>en un m\u00e0xim de 10 dies<\/del> durant els seg\u00fcents dies, es fa una <strong>assignaci\u00f3 autom\u00e0tica <\/strong><span style=\"font-weight: 400;\"><strong>a l&#8217;inventari INDIC<\/strong>, vinculant l&#8217;usuari amb l&#8217;equip i establint l&#8217;estat de l&#8217;equip a &#8220;Entregat&#8221;. <a href=\"https:\/\/projectes.xtec.cat\/edc\/restabliment-dequips-final-inici-de-curs\/enrolat-i-assignacio-automatica-a-indic\/\">M\u00e9s informaci\u00f3<\/a>.\u00a0<\/span><\/li>\n<\/ol>\n<p><span style=\"font-weight: 400;\">\ud83d\udc49 Si teniu dubtes, reviseu les <\/span><a href=\"https:\/\/projectes.xtec.cat\/edc\/restabliment-dequips-final-inici-de-curs\/preguntes-frequents-rest-equips\/\"><span style=\"font-weight: 400;\">preguntes freq\u00fcents<\/span><\/a><span style=\"font-weight: 400;\"> o feu una consulta al <\/span><a href=\"https:\/\/comunitat.edigital.cat\/tag\/restabliment-equips-pedc-22-23\"><span style=\"font-weight: 400;\">Nus de la coordinaci\u00f3 digital<\/span><\/a><span style=\"font-weight: 400;\">.<\/span><\/p>\n<p>&nbsp;<\/p>\n<p>Podeu accedir a una guia en format presentaci\u00f3 aqu\u00ed:<\/p>\n<p><iframe loading=\"lazy\" src=\"https:\/\/docs.google.com\/presentation\/d\/e\/2PACX-1vShB_KywvV9wpCuA01dqauhtTDwYLMK2PIq5Tt3xY07mK9JRf4o4k7RfpVSlHc6SICyyHG2kP6EJEFB\/embed?start=false&amp;loop=false&amp;delayms=60000\" width=\"960\" height=\"569\" frameborder=\"0\" allowfullscreen=\"allowfullscreen\"><\/iframe><\/p>\n<p>&nbsp;<\/p>\n","protected":false},"excerpt":{"rendered":"<p>Com sabeu, amb la finalitzaci\u00f3 del curs, els alumnes i docents que deixen el centre han de retornar els equips i dispositius MiFi per poder assignar-los als nous alumnes i docents a l\u2019inici del curs vinent. A difer\u00e8ncia del curs passat, s\u2019han automatitzat alguns procediments&hellip;  <a href=\"https:\/\/projectes.xtec.cat\/edc\/restabliment-dequips-per-al-canvi-de-curs\/windows\/\" title=\"Read Windows\">Llegeix m\u00e9s\u00bb<\/a><\/p>\n","protected":false},"author":2,"featured_media":0,"parent":10543,"menu_order":0,"comment_status":"closed","ping_status":"closed","template":"page-templates\/side-menu.php","meta":{"_bbp_topic_count":0,"_bbp_reply_count":0,"_bbp_total_topic_count":0,"_bbp_total_reply_count":0,"_bbp_voice_count":0,"_bbp_anonymous_reply_count":0,"_bbp_topic_count_hidden":0,"_bbp_reply_count_hidden":0,"_bbp_forum_subforum_count":0,"footnotes":""},"class_list":["post-10687","page","type-page","status-publish","hentry"],"post_mailing_queue_ids":[],"_links":{"self":[{"href":"https:\/\/projectes.xtec.cat\/edc\/wp-json\/wp\/v2\/pages\/10687","targetHints":{"allow":["GET"]}}],"collection":[{"href":"https:\/\/projectes.xtec.cat\/edc\/wp-json\/wp\/v2\/pages"}],"about":[{"href":"https:\/\/projectes.xtec.cat\/edc\/wp-json\/wp\/v2\/types\/page"}],"author":[{"embeddable":true,"href":"https:\/\/projectes.xtec.cat\/edc\/wp-json\/wp\/v2\/users\/2"}],"replies":[{"embeddable":true,"href":"https:\/\/projectes.xtec.cat\/edc\/wp-json\/wp\/v2\/comments?post=10687"}],"version-history":[{"count":4,"href":"https:\/\/projectes.xtec.cat\/edc\/wp-json\/wp\/v2\/pages\/10687\/revisions"}],"predecessor-version":[{"id":10937,"href":"https:\/\/projectes.xtec.cat\/edc\/wp-json\/wp\/v2\/pages\/10687\/revisions\/10937"}],"up":[{"embeddable":true,"href":"https:\/\/projectes.xtec.cat\/edc\/wp-json\/wp\/v2\/pages\/10543"}],"wp:attachment":[{"href":"https:\/\/projectes.xtec.cat\/edc\/wp-json\/wp\/v2\/media?parent=10687"}],"curies":[{"name":"wp","href":"https:\/\/api.w.org\/{rel}","templated":true}]}}