{"id":10910,"date":"2022-09-22T11:50:42","date_gmt":"2022-09-22T09:50:42","guid":{"rendered":"https:\/\/projectes.xtec.cat\/edc\/?page_id=10910"},"modified":"2022-09-22T12:07:10","modified_gmt":"2022-09-22T10:07:10","slug":"armarios","status":"publish","type":"page","link":"https:\/\/projectes.xtec.cat\/edc\/armarios\/","title":{"rendered":"Armarios de almacenamiento y recarga de ordenadores port\u00e1tiles"},"content":{"rendered":"<p>La dotaci\u00f3n de armarios de almacenamiento y recarga de ordenadores port\u00e1tiles del Plan de Educaci\u00f3n Digital de Catalu\u00f1a se enmarca en las actuaciones del programa estatal \u201cEduca en Digital\u201d, que cuenta con la cofinanciaci\u00f3n de los Fondos Europeos de Desarrollo Regional (FEDER) y se desarrolla mediante convenio entre el Departamento de Educaci\u00f3n, el Ministerio de Educaci\u00f3n y Formaci\u00f3n Profesional y la entidad estatal \u201cRed.es\u201d.<\/p>\n<p>El n\u00famero de armarios asignado a cada centro se ha calculado teniendo en cuenta las respuestas a la encuesta de detecci\u00f3n de necesidades realizada durante el mes de marzo de 2022, ajustado a las unidades finalmente disponibles del programa \u201cEduca en Digital\u201d.<\/p>\n<p>El adjudicatario del servicio es la empresa APD, y se comunica con los centros educativos mediante la direcci\u00f3n de correo <strong>educaendigitalcat.armarios<span class=\"\">@red.es<\/span><\/strong>. Durante el per\u00edodo de garant\u00eda, el SAU del Departamento de Educaci\u00f3n actuar\u00e1 \u00fanicamente como intermediario entre los centros educativos y la empresa adjudicataria para tramitar posibles incidencias de mal funcionamiento de los equipos.<\/p>\n<h3>Caracter\u00edsticas<\/h3>\n<ul>\n<li>Capacidad m\u00e1xima: 32 ordenadores port\u00e1tiles con sus cargadores.<\/li>\n<li>Temporizador digital que permite programar horarios de carga.<\/li>\n<li>Cierre de puertas con cerradura. El proveedor suministrar\u00e1 dos copias de cada llave al centro.<\/li>\n<li>Dimensiones: 830 mm (alto) x 946 mm (ancho) x 595 mm (fondo)<\/li>\n<li>Peso: 70 kg (vac\u00edo)<\/li>\n<li>Longitud del cable de conexi\u00f3n a la red el\u00e9ctrica: 2 m<\/li>\n<\/ul>\n<p><a href=\"https:\/\/projectes.xtec.cat\/edc\/wp-content\/uploads\/usu2268\/2022\/09\/Armaris.png\"><img loading=\"lazy\" decoding=\"async\" class=\"wp-image-10891 alignnone\" src=\"https:\/\/projectes.xtec.cat\/edc\/wp-content\/uploads\/usu2268\/2022\/09\/Armaris.png\" alt=\"Fotografia d'un armari d'emmagatzematge i rec\u00e0rrega d'ordinadors port\u00e0tils\" width=\"611\" height=\"268\" srcset=\"https:\/\/projectes.xtec.cat\/edc\/wp-content\/uploads\/usu2268\/2022\/09\/Armaris.png 670w, https:\/\/projectes.xtec.cat\/edc\/wp-content\/uploads\/usu2268\/2022\/09\/Armaris-300x132.png 300w\" sizes=\"auto, (max-width: 611px) 100vw, 611px\" \/><\/a><\/p>\n<p>Para m\u00e1s detalles sobre las caracter\u00edsticas de los armarios y el funcionamiento del programador digital de carga, consulte la <a href=\"https:\/\/projectes.xtec.cat\/edc\/wp-content\/uploads\/usu2268\/2022\/09\/Instrucciones_basicas_armarios_v7.3_cast.pdf\">Gu\u00eda breve<\/a> o el <a href=\"https:\/\/projectes.xtec.cat\/edc\/wp-content\/uploads\/usu2268\/2022\/09\/Manual_armarios_v4.5.pdf\">Manual de uso<\/a>.<\/p>\n<h3>Documentaci\u00f3n<\/h3>\n<ul>\n<li><a href=\"https:\/\/projectes.xtec.cat\/edc\/wp-content\/uploads\/usu2268\/2022\/09\/Instrucciones_basicas_armarios_v7.3_cast.pdf\">Gu\u00eda breve<\/a><\/li>\n<li><a href=\"https:\/\/projectes.xtec.cat\/edc\/wp-content\/uploads\/usu2268\/2022\/09\/Manual_armarios_v4.5.pdf\">Manual de uso<\/a><\/li>\n<li><a href=\"https:\/\/projectes.xtec.cat\/edc\/wp-content\/uploads\/usu2268\/2022\/09\/FAQ_armaris_v4.3_castellano.pdf\">Preguntas frecuentes<\/a><\/li>\n<\/ul>\n","protected":false},"excerpt":{"rendered":"<p>La dotaci\u00f3n de armarios de almacenamiento y recarga de ordenadores port\u00e1tiles del Plan de Educaci\u00f3n Digital de Catalu\u00f1a se enmarca en las actuaciones del programa estatal \u201cEduca en Digital\u201d, que cuenta con la cofinanciaci\u00f3n de los Fondos Europeos de Desarrollo Regional (FEDER) y se desarrolla&hellip;  <a href=\"https:\/\/projectes.xtec.cat\/edc\/armarios\/\" title=\"Read Armarios de almacenamiento y recarga de ordenadores port\u00e1tiles\">Llegeix m\u00e9s\u00bb<\/a><\/p>\n","protected":false},"author":1,"featured_media":0,"parent":0,"menu_order":0,"comment_status":"closed","ping_status":"closed","template":"","meta":{"_bbp_topic_count":0,"_bbp_reply_count":0,"_bbp_total_topic_count":0,"_bbp_total_reply_count":0,"_bbp_voice_count":0,"_bbp_anonymous_reply_count":0,"_bbp_topic_count_hidden":0,"_bbp_reply_count_hidden":0,"_bbp_forum_subforum_count":0,"footnotes":""},"class_list":["post-10910","page","type-page","status-publish","hentry"],"post_mailing_queue_ids":[],"_links":{"self":[{"href":"https:\/\/projectes.xtec.cat\/edc\/wp-json\/wp\/v2\/pages\/10910","targetHints":{"allow":["GET"]}}],"collection":[{"href":"https:\/\/projectes.xtec.cat\/edc\/wp-json\/wp\/v2\/pages"}],"about":[{"href":"https:\/\/projectes.xtec.cat\/edc\/wp-json\/wp\/v2\/types\/page"}],"author":[{"embeddable":true,"href":"https:\/\/projectes.xtec.cat\/edc\/wp-json\/wp\/v2\/users\/1"}],"replies":[{"embeddable":true,"href":"https:\/\/projectes.xtec.cat\/edc\/wp-json\/wp\/v2\/comments?post=10910"}],"version-history":[{"count":3,"href":"https:\/\/projectes.xtec.cat\/edc\/wp-json\/wp\/v2\/pages\/10910\/revisions"}],"predecessor-version":[{"id":10920,"href":"https:\/\/projectes.xtec.cat\/edc\/wp-json\/wp\/v2\/pages\/10910\/revisions\/10920"}],"wp:attachment":[{"href":"https:\/\/projectes.xtec.cat\/edc\/wp-json\/wp\/v2\/media?parent=10910"}],"curies":[{"name":"wp","href":"https:\/\/api.w.org\/{rel}","templated":true}]}}