{"id":10961,"date":"2022-10-26T14:22:14","date_gmt":"2022-10-26T12:22:14","guid":{"rendered":"https:\/\/projectes.xtec.cat\/edc\/?page_id=10961"},"modified":"2022-10-28T11:45:40","modified_gmt":"2022-10-28T09:45:40","slug":"estrategia-dimpuls-digital-i-steam","status":"publish","type":"page","link":"https:\/\/projectes.xtec.cat\/edc\/estrategia-dimpuls-digital-i-steam\/","title":{"rendered":"Estrat\u00e8gia d\u2019Impuls Digital i STEAM"},"content":{"rendered":"<p>26.10.22 \u2013 Els fons econ\u00f2mics de la Uni\u00f3 Europea coneguts com a Next Generation s\u2019estan utilitzant per a donar un impuls a la digitalitzaci\u00f3 del sistema educatiu catal\u00e0, tant a nivell de dotacions de maquinari per als centres com a nivell de capacitaci\u00f3 i formaci\u00f3 dels docents en el marc del Pla d\u2019Educaci\u00f3 Digital de Catalunya. La presentacions que s\u2019adjunten inclouen informaci\u00f3 detallada de la inversi\u00f3 vinculada a aquests fons.<\/p>\n<div class=\"wp-block-columns\">\n<div class=\"wp-block-column\">\n<h2>Presentaci\u00f3 (27.10.22, MNACTEC)<\/h2>\n<p>Document que es va utilitzar a la <a href=\"https:\/\/www.youtube.com\/watch?v=4GgM257Gjag\" target=\"_blank\" rel=\"noopener\">sessi\u00f3 de presentaci\u00f3<\/a> del dia 27.10.22 al MNACTEC. <\/p>\n<p><a href=\"https:\/\/projectes.xtec.cat\/edc\/wp-content\/uploads\/usu2268\/2022\/10\/DigitalitzacioSTEAM_Presentacio-final-27Oct.pdf\"><img decoding=\"async\" alt=\"portada del document de presentaci\u00f3\" src=\"https:\/\/projectes.xtec.cat\/edc\/wp-content\/uploads\/usu2268\/2022\/10\/DigitalitzacioSTEAM_Presentacio-final-27Oct-pdf-1024x576.jpg\"><\/a><\/p>\n<p>Si en fer clic a la imatge no es visualitza la presentaci\u00f3, feu clic en <a href=\"https:\/\/projectes.xtec.cat\/edc\/wp-content\/uploads\/usu2268\/2022\/10\/DigitalitzacioSTEAM_Presentacio-final-27Oct.pdf\" target=\"_blank\" rel=\"noopener\">aquest enlla\u00e7<\/a>.\n<\/div>\n<div class=\"wp-block-column\">\n<h2>Presentaci\u00f3 completa<\/h2>\n<p>Document de presentaci\u00f3 amb informaci\u00f3 m\u00e9s completa i detallada.  <\/p>\n<p><a href=\"https:\/\/projectes.xtec.cat\/edc\/wp-content\/uploads\/usu2268\/2022\/10\/Estrategia-Impuls-Digital.pdf\"><img loading=\"lazy\" decoding=\"async\" class=\"alignnone size-large wp-image-10950\" style=\"border: 1px solid black; max-width: 600px;\" src=\"https:\/\/projectes.xtec.cat\/edc\/wp-content\/uploads\/usu2268\/2022\/10\/CapturaPresentacioImpulsEstrategia-1024x574.png\" alt=\"\" width=\"1024\" height=\"574\" srcset=\"https:\/\/projectes.xtec.cat\/edc\/wp-content\/uploads\/usu2268\/2022\/10\/CapturaPresentacioImpulsEstrategia-1024x574.png 1024w, https:\/\/projectes.xtec.cat\/edc\/wp-content\/uploads\/usu2268\/2022\/10\/CapturaPresentacioImpulsEstrategia-300x168.png 300w, https:\/\/projectes.xtec.cat\/edc\/wp-content\/uploads\/usu2268\/2022\/10\/CapturaPresentacioImpulsEstrategia-768x431.png 768w, https:\/\/projectes.xtec.cat\/edc\/wp-content\/uploads\/usu2268\/2022\/10\/CapturaPresentacioImpulsEstrategia.png 1205w\" sizes=\"auto, (max-width: 1024px) 100vw, 1024px\" \/><\/a><\/p>\n<p>Si en fer clic a la presentaci\u00f3 no es visualitza la presentaci\u00f3, feu clic en <a href=\"https:\/\/projectes.xtec.cat\/edc\/wp-content\/uploads\/usu2268\/2022\/10\/Estrategia-Impuls-Digital.pdf\" target=\"_blank\" rel=\"noopener\">aquest enlla\u00e7<\/a>.<\/p>\n<\/div>\n<\/div>\n","protected":false},"excerpt":{"rendered":"<p>26.10.22 \u2013 Els fons econ\u00f2mics de la Uni\u00f3 Europea coneguts com a Next Generation s\u2019estan utilitzant per a donar un impuls a la digitalitzaci\u00f3 del sistema educatiu catal\u00e0, tant a nivell de dotacions de maquinari per als centres com a nivell de capacitaci\u00f3 i formaci\u00f3&hellip;  <a href=\"https:\/\/projectes.xtec.cat\/edc\/estrategia-dimpuls-digital-i-steam\/\" title=\"Read Estrat\u00e8gia d\u2019Impuls Digital i STEAM\">Llegeix m\u00e9s\u00bb<\/a><\/p>\n","protected":false},"author":2,"featured_media":0,"parent":0,"menu_order":0,"comment_status":"closed","ping_status":"closed","template":"","meta":{"_bbp_topic_count":0,"_bbp_reply_count":0,"_bbp_total_topic_count":0,"_bbp_total_reply_count":0,"_bbp_voice_count":0,"_bbp_anonymous_reply_count":0,"_bbp_topic_count_hidden":0,"_bbp_reply_count_hidden":0,"_bbp_forum_subforum_count":0,"footnotes":""},"class_list":["post-10961","page","type-page","status-publish","hentry"],"post_mailing_queue_ids":[],"_links":{"self":[{"href":"https:\/\/projectes.xtec.cat\/edc\/wp-json\/wp\/v2\/pages\/10961","targetHints":{"allow":["GET"]}}],"collection":[{"href":"https:\/\/projectes.xtec.cat\/edc\/wp-json\/wp\/v2\/pages"}],"about":[{"href":"https:\/\/projectes.xtec.cat\/edc\/wp-json\/wp\/v2\/types\/page"}],"author":[{"embeddable":true,"href":"https:\/\/projectes.xtec.cat\/edc\/wp-json\/wp\/v2\/users\/2"}],"replies":[{"embeddable":true,"href":"https:\/\/projectes.xtec.cat\/edc\/wp-json\/wp\/v2\/comments?post=10961"}],"version-history":[{"count":4,"href":"https:\/\/projectes.xtec.cat\/edc\/wp-json\/wp\/v2\/pages\/10961\/revisions"}],"predecessor-version":[{"id":10984,"href":"https:\/\/projectes.xtec.cat\/edc\/wp-json\/wp\/v2\/pages\/10961\/revisions\/10984"}],"wp:attachment":[{"href":"https:\/\/projectes.xtec.cat\/edc\/wp-json\/wp\/v2\/media?parent=10961"}],"curies":[{"name":"wp","href":"https:\/\/api.w.org\/{rel}","templated":true}]}}