{"id":8515,"date":"2020-10-13T13:36:34","date_gmt":"2020-10-13T11:36:34","guid":{"rendered":"https:\/\/projectes.xtec.cat\/edc\/?page_id=8515"},"modified":"2021-10-22T09:01:54","modified_gmt":"2021-10-22T07:01:54","slug":"els-forums","status":"publish","type":"page","link":"https:\/\/projectes.xtec.cat\/edc\/els-forums\/","title":{"rendered":"F\u00f2rums"},"content":{"rendered":"<p><span style=\"font-weight: 400;\">Els f\u00f2rums oberts s\u00f3n un punt de trobada i consulta per a diferents tem\u00e0tiques relacionades amb el desplegament de l\u2019equipament i el seu posterior \u00fas. Els principals s\u00f3n els seg\u00fcents:<\/span><\/p>\n<p><a href=\"https:\/\/comunitat.edigital.cat\"><img loading=\"lazy\" decoding=\"async\" class=\"wp-image-10213 alignleft\" src=\"https:\/\/projectes.xtec.cat\/edc\/wp-content\/uploads\/usu2268\/2021\/09\/nus.png\" alt=\"\" width=\"59\" height=\"59\" srcset=\"https:\/\/projectes.xtec.cat\/edc\/wp-content\/uploads\/usu2268\/2021\/09\/nus.png 203w, https:\/\/projectes.xtec.cat\/edc\/wp-content\/uploads\/usu2268\/2021\/09\/nus-150x150.png 150w\" sizes=\"auto, (max-width: 59px) 100vw, 59px\" \/> Nus:<\/a> espai de conversa i col\u00b7laboraci\u00f3 on compartir experi\u00e8ncies i solucions relacionades amb la pr\u00e0ctica docent. <strong>Inclou un grup de coordinadors i coordinadores digitals<\/strong> amb fils de conversa relacionats amb el projecte d&#8217;acceleraci\u00f3.<\/p>\n<p>&nbsp;<\/p>\n<p><a href=\"https:\/\/educaciodigital.cat\/moodle\/moodle\/mod\/forum\/view.php?id=181\" target=\"_blank\" rel=\"noopener noreferrer\"><img loading=\"lazy\" decoding=\"async\" class=\"alignleft wp-image-8836\" src=\"https:\/\/projectes.xtec.cat\/edc\/wp-content\/uploads\/usu2268\/2020\/10\/moodle-logo.png\" alt=\"\" width=\"107\" height=\"32\" align=\"middle\" srcset=\"https:\/\/projectes.xtec.cat\/edc\/wp-content\/uploads\/usu2268\/2020\/10\/moodle-logo.png 204w, https:\/\/projectes.xtec.cat\/edc\/wp-content\/uploads\/usu2268\/2020\/10\/moodle-logo-200x61.png 200w\" sizes=\"auto, (max-width: 107px) 100vw, 107px\" \/><\/a><a href=\"https:\/\/educaciodigital.cat\/moodle\/moodle\/mod\/forum\/view.php?id=181\" target=\"_blank\" rel=\"noopener noreferrer\">F\u00f2rum \u00c0gora-Moodle<\/a>: suport per la configuraci\u00f3 i \u00fas dels servidors <strong>Moodle<\/strong> que el Departament ofereix a tots els centres.<\/p>\n<p>&nbsp;<\/p>\n<p><a href=\"http:\/\/linkat.xtec.cat\/portal\/index.php?module=pnForum\" target=\"_blank\" rel=\"noopener noreferrer\"><img loading=\"lazy\" decoding=\"async\" class=\"alignleft wp-image-8840\" src=\"https:\/\/projectes.xtec.cat\/edc\/wp-content\/uploads\/usu2268\/2020\/10\/dzc_logo-1.png\" alt=\"\" width=\"107\" height=\"39\" \/><\/a><a href=\"http:\/\/linkat.xtec.cat\/portal\/index.php?module=pnForum\" target=\"_blank\" rel=\"noopener noreferrer\">F\u00f2rum Linkat:<\/a>\u00a0suport per a usuaris i coordinadors en l&#8217;\u00fas de <strong>Linkat<\/strong>, distribuci\u00f3 pr\u00f2pia de Linux del Departament d&#8217;Educaci\u00f3.<\/p>\n<p>&nbsp;<\/p>\n<p><a href=\"https:\/\/educaciodigital.cat\/moodle\/moodle\/mod\/forum\/view.php?f=321\" target=\"_blank\" rel=\"noopener noreferrer\">F\u00f2rum Nodes:<\/a><a href=\"https:\/\/educaciodigital.cat\/moodle\/moodle\/mod\/forum\/view.php?f=321\" target=\"_blank\" rel=\"noopener noreferrer\"><img loading=\"lazy\" decoding=\"async\" class=\"alignleft wp-image-8841\" src=\"https:\/\/projectes.xtec.cat\/edc\/wp-content\/uploads\/usu2268\/2020\/10\/nodes.png\" alt=\"\" width=\"110\" height=\"34\" \/><\/a>\u00a0suport per la configuraci\u00f3 i \u00fas del portal de centres <strong>NODES<\/strong>, basat en WordPress.<\/p>\n<p>&nbsp;<\/p>\n<p>&nbsp;<\/p>\n","protected":false},"excerpt":{"rendered":"<p>Els f\u00f2rums oberts s\u00f3n un punt de trobada i consulta per a diferents tem\u00e0tiques relacionades amb el desplegament de l\u2019equipament i el seu posterior \u00fas. Els principals s\u00f3n els seg\u00fcents:<br \/>\n<a href=\"https:\/\/comunitat.edigital.cat\"> Nus:<\/a> espai de conversa i col\u00b7laboraci\u00f3 on compartir experi\u00e8ncies i solucions relacionades amb la&hellip;  <a href=\"https:\/\/projectes.xtec.cat\/edc\/els-forums\/\" title=\"Read F\u00f2rums\">Llegeix m\u00e9s\u00bb<\/a><\/p>\n","protected":false},"author":6,"featured_media":0,"parent":0,"menu_order":0,"comment_status":"closed","ping_status":"closed","template":"","meta":{"_bbp_topic_count":0,"_bbp_reply_count":0,"_bbp_total_topic_count":0,"_bbp_total_reply_count":0,"_bbp_voice_count":0,"_bbp_anonymous_reply_count":0,"_bbp_topic_count_hidden":0,"_bbp_reply_count_hidden":0,"_bbp_forum_subforum_count":0,"footnotes":""},"class_list":["post-8515","page","type-page","status-publish","hentry"],"post_mailing_queue_ids":[],"_links":{"self":[{"href":"https:\/\/projectes.xtec.cat\/edc\/wp-json\/wp\/v2\/pages\/8515","targetHints":{"allow":["GET"]}}],"collection":[{"href":"https:\/\/projectes.xtec.cat\/edc\/wp-json\/wp\/v2\/pages"}],"about":[{"href":"https:\/\/projectes.xtec.cat\/edc\/wp-json\/wp\/v2\/types\/page"}],"author":[{"embeddable":true,"href":"https:\/\/projectes.xtec.cat\/edc\/wp-json\/wp\/v2\/users\/6"}],"replies":[{"embeddable":true,"href":"https:\/\/projectes.xtec.cat\/edc\/wp-json\/wp\/v2\/comments?post=8515"}],"version-history":[{"count":4,"href":"https:\/\/projectes.xtec.cat\/edc\/wp-json\/wp\/v2\/pages\/8515\/revisions"}],"predecessor-version":[{"id":10452,"href":"https:\/\/projectes.xtec.cat\/edc\/wp-json\/wp\/v2\/pages\/8515\/revisions\/10452"}],"wp:attachment":[{"href":"https:\/\/projectes.xtec.cat\/edc\/wp-json\/wp\/v2\/media?parent=8515"}],"curies":[{"name":"wp","href":"https:\/\/api.w.org\/{rel}","templated":true}]}}