{"id":8518,"date":"2020-10-13T13:37:08","date_gmt":"2020-10-13T11:37:08","guid":{"rendered":"https:\/\/projectes.xtec.cat\/edc\/?page_id=8518"},"modified":"2021-08-25T14:23:24","modified_gmt":"2021-08-25T12:23:24","slug":"busties","status":"publish","type":"page","link":"https:\/\/projectes.xtec.cat\/edc\/busties\/","title":{"rendered":"B\u00fasties de suport"},"content":{"rendered":"\t\t\t\t\t\t<style>\r\n\t\t\t\t\r\n\t\t\t\t\t#tab_container_9041 {\r\n\toverflow:hidden;\r\n\tdisplay:block;\r\n\twidth:100%;\r\n\tborder:0px solid #ddd;\r\n\tmargin-bottom:30px;\r\n\t}\r\n\r\n#tab_container_9041 .tab-content{\r\n\tpadding:20px;\r\n\tborder: 1px solid #e6e6e6 !important;\r\n\tmargin-top: 0px;\r\n\tbackground-color:#ffffff !important;\r\n\tcolor: #000000 !important;\r\n\tfont-size:16px !important;\r\n\tfont-family: Open Sans !important;\r\n\t\r\n\t\tborder: 1px solid #e6e6e6 !important;\r\n\t}\r\n#tab_container_9041 .wpsm_nav-tabs {\r\n    border-bottom: 0px solid #ddd;\r\n}\r\n#tab_container_9041 .wpsm_nav-tabs > li.active > a, #tab_container_9041 .wpsm_nav-tabs > li.active > a:hover, #tab_container_9041 .wpsm_nav-tabs > li.active > a:focus {\r\n\tcolor: #000000 !important;\r\n\tcursor: default;\r\n\tbackground-color: #ffffff !important;\r\n\tborder: 1px solid #e6e6e6 !important;\r\n}\r\n\r\n#tab_container_9041 .wpsm_nav-tabs > li > a {\r\n    margin-right: 0px !important; \r\n    line-height: 1.42857143 !important;\r\n    border: 1px solid #e6ced1 !important;\r\n    border-radius: 0px 0px 0 0 !important; \r\n\tbackground-color: #f9e1e4 !important;\r\n\tcolor: #f66162 !important;\r\n\tpadding: 15px 18px 15px 18px !important;\r\n\ttext-decoration: none !important;\r\n\tfont-size: 20px !important;\r\n\ttext-align:center !important;\r\n\tfont-family: Open Sans !important;\r\n}\r\n#tab_container_9041 .wpsm_nav-tabs > li > a:focus {\r\noutline: 0px !important;\r\n}\r\n\r\n#tab_container_9041 .wpsm_nav-tabs > li > a:before {\r\n\tdisplay:none !important;\r\n}\r\n#tab_container_9041 .wpsm_nav-tabs > li > a:after {\r\n\tdisplay:none !important ;\r\n}\r\n#tab_container_9041 .wpsm_nav-tabs > li{\r\npadding:0px !important ;\r\nmargin:0px;\r\n}\r\n\r\n#tab_container_9041 .wpsm_nav-tabs > li > a:hover , #tab_container_9041 .wpsm_nav-tabs > li > a:focus {\r\n    color: #f66162 !important;\r\n    background-color: #f9e1e4 !important;\r\n\tborder: 1px solid #e6ced1 !important;\r\n\t\r\n}\r\n#tab_container_9041 .wpsm_nav-tabs > li > a .fa{\r\n\r\nmargin-right:5px !important;\r\n\r\nmargin-left:5px !important;\r\n\r\n\r\n}\r\n\r\n\t\t#tab_container_9041 .wpsm_nav-tabs a{\r\n\t\t\tbackground-image: none;\r\n\t\t\tbackground-position: 0 0;\r\n\t\t\tbackground-repeat: repeat-x;\r\n\t\t}\r\n\t\t\t\r\n\r\n\r\n#tab_container_9041 .wpsm_nav-tabs > li {\r\n    float: left;\r\n    margin-bottom: -1px !important;\r\n\tmargin-right:0px !important; \r\n}\r\n\r\n\r\n#tab_container_9041 .tab-content{\r\noverflow:hidden !important;\r\n}\r\n\r\n\r\n@media (min-width: 769px) {\r\n\r\n\t#tab_container_9041 .wpsm_nav-tabs > li{\r\n\t\tfloat:left !important ;\r\n\t\t\t\tmargin-right:-1px !important;\r\n\t\t\t\t\t}\r\n\t#tab_container_9041 .wpsm_nav-tabs{\r\n\t\tfloat:none !important;\r\n\t\tmargin:0px !important;\r\n\t}\r\n\r\n\t#tab_container_9041 .wpsm_nav-tabs > li {\r\n\t\t\t\t\r\n\t}\r\n\t#tab_container_9041 .wpsm_nav{\r\n\t\t\t}\r\n\r\n}\r\n\r\n\r\n\r\n@media (max-width: 768px) {\r\n\t#tab_container_9041 .wpsm_nav-tabs > li {\r\n\t\t\t\t\r\n\t}\r\n\t#tab_container_9041 .wpsm_nav{\r\n\t\t\t}\r\n}\r\n\r\n\r\n\t.wpsm_nav-tabs li:before{\r\n\t\tdisplay:none !important;\r\n\t}\r\n\r\n\t@media (max-width: 768px) {\r\n\t\t\t\t\r\n\t\t\t\t.wpsm_nav-tabs{\r\n\t\t\tmargin-left:0px !important;\r\n\t\t\tmargin-right:0px !important; \r\n\t\t\t\r\n\t\t}\r\n\t\t\t\t\t\r\n\t\t\t#tab_container_9041 .wpsm_nav-tabs > li {\r\n\t\t\t\t\t\t\r\n\t\t\t}\r\n\t\t\t\r\n\t\t\t\t\t\t\r\n\t\t\t\r\n\t}\t\t\t\t<\/style>\r\n\t\t\t\t<div id=\"tab_container_9041\" >\r\n\t \r\n\t\t\t\t\t<ul class=\"wpsm_nav wpsm_nav-tabs\" role=\"tablist\" id=\"myTab_9041\">\r\n\t\t\t\t\t\t\t\r\n\t\t\t\t\t\t\t<li role=\"presentation\"  class=\"active\"  onclick=\"do_resize()\">\r\n\r\n\t\t\t\t\t\t\t\t<!-- XTEC ************ MODIFICAT - Disable scrolling on tab change. Fixes error in option \"Tabs Description Animation\" -->\r\n\t\t\t\t\t\t\t\t<!-- 2021.12.01 @aginard -->\r\n\t\t\t\t\t\t\t\t<a href=\"javascript:void(0);\" aria-controls=\"tabs_desc_9041_1\" role=\"tab\" data-toggle=\"tab\" data-target=\"#tabs_desc_9041_1\">\r\n\t\t\t\t\t\t\t\t<!-- ORIGINAL\r\n\t\t\t\t\t\t\t\t<a href=\"#tabs_desc_9041_1\" aria-controls=\"tabs_desc_9041_1\" role=\"tab\" data-toggle=\"tab\">\r\n\t\t\t\t\t\t\t\t-->\r\n\t\t\t\t\t\t\t\t<!-- ************ FI -->\r\n\t\t\t\t\t\t\t\t\t\r\n\t\t\t\t\t\t\t\t\t\t\t\t\t\t\t\t\t\t\t\t\t\t\t\t\t\t\t\t\t\t\t\t\t\t\t\t\t\t\t\t\t\t\t\t\t\t\t\t\t\r\n\t\t\t\t\t\t\t\t\t\t\t\t\t\t\t\t\t\t\r\n\t\t\t\t\t\t\t\t\t<span>Alumnes<\/span>\r\n\t\t\t\t\t\t\t\t\t\r\n\t\t\t\t\t\t\t\t\t\t\t\t\t\t\t\t\t\t\r\n\t\t\t\t\t\t\t\t\t\t\t\t\t\t\t\t\t\t\t\t\r\n\t\t\t\t\t\t\t\t\t\r\n\t\t\t\t\t\t\t\t<\/a>\r\n\t\t\t\t\t\t\t<\/li>\r\n\t\t\t\t\t\t\t\r\n\t\t\t\t\t\t\t<li role=\"presentation\"  onclick=\"do_resize()\">\r\n\r\n\t\t\t\t\t\t\t\t<!-- XTEC ************ MODIFICAT - Disable scrolling on tab change. Fixes error in option \"Tabs Description Animation\" -->\r\n\t\t\t\t\t\t\t\t<!-- 2021.12.01 @aginard -->\r\n\t\t\t\t\t\t\t\t<a href=\"javascript:void(0);\" aria-controls=\"tabs_desc_9041_2\" role=\"tab\" data-toggle=\"tab\" data-target=\"#tabs_desc_9041_2\">\r\n\t\t\t\t\t\t\t\t<!-- ORIGINAL\r\n\t\t\t\t\t\t\t\t<a href=\"#tabs_desc_9041_2\" aria-controls=\"tabs_desc_9041_2\" role=\"tab\" data-toggle=\"tab\">\r\n\t\t\t\t\t\t\t\t-->\r\n\t\t\t\t\t\t\t\t<!-- ************ FI -->\r\n\t\t\t\t\t\t\t\t\t\r\n\t\t\t\t\t\t\t\t\t\t\t\t\t\t\t\t\t\t\t\t\t\t\t\t\t\t\t\t\t\t\t\t\t\t\t\t\t\t\t\t\t\t\t\t\t\t\t\t\t\r\n\t\t\t\t\t\t\t\t\t\t\t\t\t\t\t\t\t\t\r\n\t\t\t\t\t\t\t\t\t<span>Docents<\/span>\r\n\t\t\t\t\t\t\t\t\t\r\n\t\t\t\t\t\t\t\t\t\t\t\t\t\t\t\t\t\t\r\n\t\t\t\t\t\t\t\t\t\t\t\t\t\t\t\t\t\t\t\t\r\n\t\t\t\t\t\t\t\t\t\r\n\t\t\t\t\t\t\t\t<\/a>\r\n\t\t\t\t\t\t\t<\/li>\r\n\t\t\t\t\t\t\t\r\n\t\t\t\t\t\t\t<li role=\"presentation\"  onclick=\"do_resize()\">\r\n\r\n\t\t\t\t\t\t\t\t<!-- XTEC ************ MODIFICAT - Disable scrolling on tab change. Fixes error in option \"Tabs Description Animation\" -->\r\n\t\t\t\t\t\t\t\t<!-- 2021.12.01 @aginard -->\r\n\t\t\t\t\t\t\t\t<a href=\"javascript:void(0);\" aria-controls=\"tabs_desc_9041_3\" role=\"tab\" data-toggle=\"tab\" data-target=\"#tabs_desc_9041_3\">\r\n\t\t\t\t\t\t\t\t<!-- ORIGINAL\r\n\t\t\t\t\t\t\t\t<a href=\"#tabs_desc_9041_3\" aria-controls=\"tabs_desc_9041_3\" role=\"tab\" data-toggle=\"tab\">\r\n\t\t\t\t\t\t\t\t-->\r\n\t\t\t\t\t\t\t\t<!-- ************ FI -->\r\n\t\t\t\t\t\t\t\t\t\r\n\t\t\t\t\t\t\t\t\t\t\t\t\t\t\t\t\t\t\t\t\t\t\t\t\t\t\t\t\t\t\t\t\t\t\t\t\t\t\t\t\t\t\t\t\t\t\t\t\t\r\n\t\t\t\t\t\t\t\t\t\t\t\t\t\t\t\t\t\t\r\n\t\t\t\t\t\t\t\t\t<span>Centres<\/span>\r\n\t\t\t\t\t\t\t\t\t\r\n\t\t\t\t\t\t\t\t\t\t\t\t\t\t\t\t\t\t\r\n\t\t\t\t\t\t\t\t\t\t\t\t\t\t\t\t\t\t\t\t\r\n\t\t\t\t\t\t\t\t\t\r\n\t\t\t\t\t\t\t\t<\/a>\r\n\t\t\t\t\t\t\t<\/li>\r\n\t\t\t\t\t\t\t\t\t\t\t <\/ul>\r\n\r\n\t\t\t\t\t  <!-- Tab panes -->\r\n\t\t\t\t\t  <div class=\"tab-content\" id=\"tab-content_9041\">\r\n\t\t\t\t\t\t\t\t\t\t\t\t <div role=\"tabpanel\" class=\"tab-pane  in active \" id=\"tabs_desc_9041_1\">\r\n\t\t\t\t\t\t\t\t<p>Encara que l'equipament estigui cedit a l'alumnat, \u00e9s el centre el que ha de notificar al servei t\u00e8cnic les incid\u00e8ncies relacionades.<\/p>\n<div class=\"row\" style=\"margin-bottom: 1em !important;\">\n<div class=\"small-12 large-2 columns\"><img decoding=\"async\" src=\"https:\/\/projectes.xtec.cat\/edc\/wp-content\/uploads\/usu2268\/2021\/05\/laptop.png\" width=\"300px\" \/><\/div>\n<div class=\"small-12 large-10 columns\">\n<p>Per a <strong>incid\u00e8ncies<\/strong>\u00a0relacionades amb els port\u00e0tils d'alumnes<br \/>\n(avaria hardware, trencat, robatori, p\u00e8rdua, IDI, WIFI \/ LAN...)<\/p>\n<ol>\n<li>Aplicaci\u00f3 <a href=\"https:\/\/pautic.gencat.cat\" target=\"_blank\" rel=\"noopener\">Remedy\/Pautic<\/a>.<br \/>\nPodeu trobar indicacions de com obrir la incid\u00e8ncia <a href=\"https:\/\/projectes.xtec.cat\/coordinaciodigital\/gestio-equips-serveis\/maquinari\/incidencia-amb-un-equip-o-dispositiu\/\" target=\"_blank\" rel=\"noopener\">aqu\u00ed<\/a>.<\/li>\n<li>Correu electr\u00f2nic: \u00a0sau.tic@pautic.gencat.cat<\/li>\n<li>Tel\u00e8fon: 900 100 195 - Opci\u00f3 1<\/li>\n<\/ol>\n<\/div>\n<\/div>\n<hr \/>\n<div class=\"row\" style=\"margin-bottom: 1em !important;\">\n<div class=\"small-12 large-2 columns\"><img decoding=\"async\" src=\"https:\/\/projectes.xtec.cat\/edc\/wp-content\/uploads\/usu2268\/2021\/05\/router.png\" width=\"200px\" \/><\/div>\n<div class=\"small-12 large-10 columns\">\n<p>Per a <strong>incid\u00e8ncies<\/strong>\u00a0amb dispositius MiFi:<\/p>\n<div style=\"padding-left: 1em; margin-bottom: 1em;\">900 100 195 - Opci\u00f3 2 i 3<\/div>\n<\/div>\n<\/div>\n<p><!--\n\n\n\n<hr>\n\n\n\n\n\n<div class=\"row\" style=\"margin-bottom:1em !important\">\n\n\n<div class=\"small-12 large-2 text-center columns\">\n<img decoding=\"async\" width=\"200px\" src=\"https:\/\/projectes.xtec.cat\/edc\/wp-content\/uploads\/usu2268\/2021\/05\/pass.png\"><\/div>\n\n\n\n\n<div class=\"small-12 large-10 columns\" >\n\nPer a<b> incid\u00e8ncies amb les credencials<\/b> d\u2019acc\u00e9s dels alumnes als port\u00e0tils cedits:\n\n\n<div style=\"padding-left: 1em;line-height: 1.5;\">\n<span class=\"dashicons dashicons-email-alt\"><\/span>\u00a0<a href=\"mailto:sau.tic@pautic.gencat.cat\">Portal d'autoservei (pautic)<\/a>\n<span class=\"dashicons dashicons-phone\"><\/span>\u00a0900 82 82 82 (4)\n<span class=\"dashicons dashicons-admin-site\"><\/span>\u00a0<a href=\"https:\/\/pautic.gencat.cat\" target=\"_blank\" rel=\"noopener noreferrer\">https:\/\/pautic.gencat.cat<\/a>\n\n<\/div>\n\n\n<\/div>\n\n\n<\/div>\n\n\n--><\/p>\n\t\t\t\t\t\t <\/div>\r\n\t\t\t\t\t\t\t\t\t\t\t\t <div role=\"tabpanel\" class=\"tab-pane \" id=\"tabs_desc_9041_2\">\r\n\t\t\t\t\t\t\t\t<p>Per a incid\u00e8ncies de <b>maquinari i programari<\/b> homologat dels equips cedits als docents o les seves <b>credencials<\/b> d\u2019acc\u00e9s:<\/p>\n<ol>\n<li>Aplicaci\u00f3 <a href=\"https:\/\/pautic.gencat.cat\" target=\"_blank\" rel=\"noopener\">Remedy\/Pautic<\/a>.<br \/>\nPodeu trobar indicacions de com obrir la incid\u00e8ncia <a href=\"https:\/\/projectes.xtec.cat\/coordinaciodigital\/gestio-equips-serveis\/maquinari\/incidencia-amb-un-equip-o-dispositiu\/\" target=\"_blank\" rel=\"noopener\">aqu\u00ed<\/a>.<\/li>\n<li>Correu electr\u00f2nic: \u00a0sau.tic@pautic.gencat.cat<\/li>\n<li>Tel\u00e8fon: 900 82 82 82 - Opci\u00f3 4<\/li>\n<\/ol>\n\t\t\t\t\t\t <\/div>\r\n\t\t\t\t\t\t\t\t\t\t\t\t <div role=\"tabpanel\" class=\"tab-pane \" id=\"tabs_desc_9041_3\">\r\n\t\t\t\t\t\t\t\t<h4>Per a qualsevol incid\u00e8ncia relacionada amb els serveis de Wi-Fi, xarxa local o connexi\u00f3 a Internet: <\/h4>\n<p>Contacteu sempre amb el SAU:<br \/>\n<span class=\"dashicons dashicons-email-alt\"><\/span> sau.tic@pautic.gencat.cat<br \/>\n<span class=\"dashicons dashicons-phone\"><\/span> 900 82 82 82 (opci\u00f3 4 i despr\u00e9s opci\u00f3 2)<\/p>\n<h4>Per a qualsevol incid\u00e8ncia relacionada amb INDIC: <\/h4>\n<p>Podeu contactar amb el SAU:<br \/>\n<span class=\"dashicons dashicons-email-alt\"><\/span> sau.tic@pautic.gencat.cat<br \/>\n<span class=\"dashicons dashicons-phone\"><\/span> 900 82 82 82 (opci\u00f3 4 i despr\u00e9s opci\u00f3 3)<\/p>\n<h4>Per a consultes relacionades amb la transformaci\u00f3 de LAN i Wi-Fi als centres:<\/h4>\n<p><span class=\"dashicons dashicons-email-alt\"><\/span> lanwifi_pladigitalcentres.educacio@gencat.cat<\/p>\n<h4>Per a consultes sobre el proc\u00e9s d'ampliaci\u00f3 de la connectivitat dels centres i transformaci\u00f3 SD-WAN:<\/h4>\n<p>Esbrineu quin \u00e9s el prove\u00efdor de connectivitat assignat al vostre centre:<\/p>\n<ul>\n<li>Si el prove\u00efdor \u00e9s \"Telef\u00f2nica\": <span class=\"dashicons dashicons-email-alt\"><\/span> sdwan_pladigitalcentres.educacio@gencat.cat.\n<li>Si el prove\u00efdor \u00e9s \"Xarxa Oberta\": <span class=\"dashicons dashicons-email-alt\"><\/span> sdwanxoc_pladigitalcentres.educacio@gencat.cat.\n<\/ul>\n<h4>Per a qualsevol dubte pedag\u00f2gic relacionat amb el desplegament del pla d'educaci\u00f3 digital: <\/h4>\n<p><span class=\"dashicons dashicons-email-alt\"><\/span> pladigital.educacio@gencat.cat<\/p>\n\t\t\t\t\t\t <\/div>\r\n\t\t\t\t\t\t\t\r\n\t\t\t\t\t <\/div>\r\n\t\t\t\t\t \r\n\t\t\t\t <\/div>\r\n <script>\r\n\t\tjQuery(function () {\r\n\t\t\tjQuery('#myTab_9041 a:first').tab('show')\r\n\t\t});\r\n\t\t\r\n\t\t\t\tjQuery(function(){\r\n\t\t\tvar b=\"fadeIn\";\r\n\t\t\tvar c;\r\n\t\t\tvar a;\r\n\t\t\td(jQuery(\"#myTab_9041 a\"),jQuery(\"#tab-content_9041\"));function d(e,f,g){\r\n\t\t\t\te.click(function(i){\r\n\t\t\t\t\ti.preventDefault();\r\n\t\t\t\t\tjQuery(this).tab(\"show\");\r\n\t\t\t\t\tvar h=jQuery(this).data(\"easein\");\r\n\t\t\t\t\tif(c){c.removeClass(a);}\r\n\t\t\t\t\tif(h){f.find(\"div.active\").addClass(\"animated \"+h);a=h;}\r\n\t\t\t\t\telse{if(g){f.find(\"div.active\").addClass(\"animated \"+g);a=g;}else{f.find(\"div.active\").addClass(\"animated \"+b);a=b;}}c=f.find(\"div.active\");\r\n\t\t\t\t});\r\n\t\t\t}\r\n\t\t});\r\n\t\t\r\n\r\n\t\tfunction do_resize(){\r\n\r\n\t\t\tvar width=jQuery( '.tab-content .tab-pane iframe' ).width();\r\n\t\t\tvar height=jQuery( '.tab-content .tab-pane iframe' ).height();\r\n\r\n\t\t\tvar toggleSize = true;\r\n\t\t\tjQuery('iframe').animate({\r\n\t\t\t    width: toggleSize ? width : 640,\r\n\t\t\t    height: toggleSize ? height : 360\r\n\t\t\t  }, 250);\r\n\r\n\t\t\t  toggleSize = !toggleSize;\r\n\t\t}\r\n\r\n\r\n\t<\/script>\r\n\t\t\t\t\r\n\t\t\t\n","protected":false},"excerpt":{"rendered":"","protected":false},"author":6,"featured_media":0,"parent":0,"menu_order":0,"comment_status":"closed","ping_status":"closed","template":"","meta":{"_bbp_topic_count":0,"_bbp_reply_count":0,"_bbp_total_topic_count":0,"_bbp_total_reply_count":0,"_bbp_voice_count":0,"_bbp_anonymous_reply_count":0,"_bbp_topic_count_hidden":0,"_bbp_reply_count_hidden":0,"_bbp_forum_subforum_count":0,"footnotes":""},"class_list":["post-8518","page","type-page","status-publish","hentry"],"post_mailing_queue_ids":[],"_links":{"self":[{"href":"https:\/\/projectes.xtec.cat\/edc\/wp-json\/wp\/v2\/pages\/8518","targetHints":{"allow":["GET"]}}],"collection":[{"href":"https:\/\/projectes.xtec.cat\/edc\/wp-json\/wp\/v2\/pages"}],"about":[{"href":"https:\/\/projectes.xtec.cat\/edc\/wp-json\/wp\/v2\/types\/page"}],"author":[{"embeddable":true,"href":"https:\/\/projectes.xtec.cat\/edc\/wp-json\/wp\/v2\/users\/6"}],"replies":[{"embeddable":true,"href":"https:\/\/projectes.xtec.cat\/edc\/wp-json\/wp\/v2\/comments?post=8518"}],"version-history":[{"count":5,"href":"https:\/\/projectes.xtec.cat\/edc\/wp-json\/wp\/v2\/pages\/8518\/revisions"}],"predecessor-version":[{"id":9956,"href":"https:\/\/projectes.xtec.cat\/edc\/wp-json\/wp\/v2\/pages\/8518\/revisions\/9956"}],"wp:attachment":[{"href":"https:\/\/projectes.xtec.cat\/edc\/wp-json\/wp\/v2\/media?parent=8518"}],"curies":[{"name":"wp","href":"https:\/\/api.w.org\/{rel}","templated":true}]}}