{"id":9957,"date":"2021-08-25T14:26:48","date_gmt":"2021-08-25T12:26:48","guid":{"rendered":"https:\/\/projectes.xtec.cat\/edc\/?page_id=9957"},"modified":"2021-09-01T16:26:02","modified_gmt":"2021-09-01T14:26:02","slug":"ecosistema-daplicacions","status":"publish","type":"page","link":"https:\/\/projectes.xtec.cat\/edc\/videos\/ecosistema-daplicacions\/","title":{"rendered":"Ecosistema d&#8217;aplicacions"},"content":{"rendered":"<p>Aquest v\u00eddeo fa una r\u00e0pida introducci\u00f3 a les aplicacions associades al Pla d&#8217;educaci\u00f3 digital de Catalunya: <strong>INDIC<\/strong>, <strong>IDI<\/strong>, Botigues d&#8217;aplicacions (<strong>Company Portal<\/strong> per Windows, <strong>Programari<\/strong> de Linkat, <strong>PlayStore<\/strong> i <strong>WebStore<\/strong> per Chromebook), <strong>Remedy<\/strong> i <strong>Intune<\/strong>.<\/p>\n<div class=\"h5p-iframe-wrapper\"><iframe id=\"h5p-iframe-19\" class=\"h5p-iframe\" data-content-id=\"19\" style=\"height:1px\" src=\"about:blank\" frameBorder=\"0\" scrolling=\"no\" title=\"Ecosistema d&#039;aplicacions associades a PEDC\"><\/iframe><\/div>\n","protected":false},"excerpt":{"rendered":"<p>Aquest v\u00eddeo fa una r\u00e0pida introducci\u00f3 a les aplicacions associades al Pla d&#8217;educaci\u00f3 digital de Catalunya: INDIC, IDI, Botigues d&#8217;aplicacions (Company Portal per Windows, Programari de Linkat, PlayStore i WebStore per Chromebook), Remedy i Intune.<\/p>\n","protected":false},"author":2,"featured_media":0,"parent":10106,"menu_order":20,"comment_status":"closed","ping_status":"closed","template":"page-templates\/side-menu.php","meta":{"_bbp_topic_count":0,"_bbp_reply_count":0,"_bbp_total_topic_count":0,"_bbp_total_reply_count":0,"_bbp_voice_count":0,"_bbp_anonymous_reply_count":0,"_bbp_topic_count_hidden":0,"_bbp_reply_count_hidden":0,"_bbp_forum_subforum_count":0,"footnotes":""},"class_list":["post-9957","page","type-page","status-publish","hentry"],"post_mailing_queue_ids":[],"_links":{"self":[{"href":"https:\/\/projectes.xtec.cat\/edc\/wp-json\/wp\/v2\/pages\/9957","targetHints":{"allow":["GET"]}}],"collection":[{"href":"https:\/\/projectes.xtec.cat\/edc\/wp-json\/wp\/v2\/pages"}],"about":[{"href":"https:\/\/projectes.xtec.cat\/edc\/wp-json\/wp\/v2\/types\/page"}],"author":[{"embeddable":true,"href":"https:\/\/projectes.xtec.cat\/edc\/wp-json\/wp\/v2\/users\/2"}],"replies":[{"embeddable":true,"href":"https:\/\/projectes.xtec.cat\/edc\/wp-json\/wp\/v2\/comments?post=9957"}],"version-history":[{"count":3,"href":"https:\/\/projectes.xtec.cat\/edc\/wp-json\/wp\/v2\/pages\/9957\/revisions"}],"predecessor-version":[{"id":10208,"href":"https:\/\/projectes.xtec.cat\/edc\/wp-json\/wp\/v2\/pages\/9957\/revisions\/10208"}],"up":[{"embeddable":true,"href":"https:\/\/projectes.xtec.cat\/edc\/wp-json\/wp\/v2\/pages\/10106"}],"wp:attachment":[{"href":"https:\/\/projectes.xtec.cat\/edc\/wp-json\/wp\/v2\/media?parent=9957"}],"curies":[{"name":"wp","href":"https:\/\/api.w.org\/{rel}","templated":true}]}}