{"id":8254,"date":"2022-06-27T14:11:17","date_gmt":"2022-06-27T12:11:17","guid":{"rendered":"https:\/\/projectes.xtec.cat\/educacio-literaria\/\/?page_id=8254"},"modified":"2022-06-27T14:26:07","modified_gmt":"2022-06-27T12:26:07","slug":"qui-som","status":"publish","type":"page","link":"https:\/\/projectes.xtec.cat\/educacio-literaria\/qui-som\/","title":{"rendered":"Qui som"},"content":{"rendered":"\n<p>Si b\u00e9 la compet\u00e8ncia liter\u00e0ria desenvolupa en l\u2019alumnat la sensibilitat est\u00e8tica, el gust per la lectura, l\u2019h\u00e0bit lector i la creativitat, l\u2019<strong>educaci\u00f3 liter\u00e0ria <\/strong>contribueix a la formaci\u00f3 de la persona en l\u2019assoliment de les compet\u00e8ncies cultural, social i ciutadana. Interpretar, valorar i produir textos literaris dels diversos g\u00e8neres, temes i t\u00f2pics afavoreix la comprensi\u00f3 del m\u00f3n que ens envolta, el coneixement i vinculaci\u00f3 a la llengua i cultura pr\u00f2pia i d\u2019altri.<\/p>\n<p>Tot i que es parteix de models literaris, s\u2019hi tractaran diverses disciplines com ara el teatre, el cinema, les arts pl\u00e0stiques, etc. i es fomentar\u00e0 el contacte amb formes liter\u00e0ries actuals impreses i digitals, aix\u00ed com amb pr\u00e0ctiques culturals emergents.<\/p>\n<p>S\u2019ha creat aquest espai din\u00e0mic de comunicaci\u00f3 transversal per:<\/p>\n<ul>\n<li>Afavorir l\u2019intercanvi d\u2019activitats, projectes i itineraris.<\/li>\n<li>Oferir recursos per al professorat per treballar-los a l\u2019aula o al centre.<\/li>\n<li>Compartir recomanacions i novetats editorials.<\/li>\n<li>Descobrir obres liter\u00e0ries de qualitat per llegir de manera aut\u00f2noma o guiada en funci\u00f3 dels interessos, gustos i necessitats de l\u2019alumnat.<\/li>\n<li>Promoure la formaci\u00f3 liter\u00e0ria adre\u00e7ada a l\u2019educaci\u00f3 prim\u00e0ria, secund\u00e0ria i batxillerat per tal de crear una comunitat de lectors amb referents compartits.<\/li>\n<li>Fomentar el contacte directe amb l\u2019experi\u00e8ncia de la literatura mitjan\u00e7ant rutes, espais i la visita d\u2019autors.<\/li>\n<li>Oferir eines per acostar el patrimoni literari catal\u00e0 a l\u2019alumnat mitjan\u00e7ant la lectura i el comentari de textos que ens ajudin a escoltar la veu dels autors i autores cl\u00e0ssics catalans en clau actual.<\/li>\n<\/ul>\n<p>\u00a0<\/p>\n<p>Esperem que us engresqueu a participar-hi.<\/p>\n<p>\u00a0<\/p>\n<p>L\u2019equip d\u2019educaci\u00f3 liter\u00e0ria<\/p>\n<p>Servei de Suports i Recursos Ling\u00fc\u00edstics<\/p>\n<p>Subdirecci\u00f3 General de Lleng\u00fces<\/p>\n<p>\u200bDepartament d&#8217;Educaci\u00f3<\/p>\n","protected":false},"excerpt":{"rendered":"<p>Si b\u00e9 la compet\u00e8ncia liter\u00e0ria desenvolupa en l\u2019alumnat la sensibilitat est\u00e8tica, el gust per la lectura, l\u2019h\u00e0bit lector i la creativitat, l\u2019educaci\u00f3 liter\u00e0ria contribueix a la formaci\u00f3 de la persona en l\u2019assoliment de les compet\u00e8ncies cultural, social i ciutadana. Interpretar, valorar i produir textos literaris&hellip;  <a href=\"https:\/\/projectes.xtec.cat\/educacio-literaria\/qui-som\/\" title=\"Read Qui som\">Llegeix m\u00e9s\u00bb<\/a><\/p>\n","protected":false},"author":1,"featured_media":0,"parent":0,"menu_order":0,"comment_status":"closed","ping_status":"close","template":"","meta":{"_bbp_topic_count":0,"_bbp_reply_count":0,"_bbp_total_topic_count":0,"_bbp_total_reply_count":0,"_bbp_voice_count":0,"_bbp_anonymous_reply_count":0,"_bbp_topic_count_hidden":0,"_bbp_reply_count_hidden":0,"_bbp_forum_subforum_count":0,"footnotes":""},"class_list":["post-8254","page","type-page","status-publish","hentry"],"post_mailing_queue_ids":[],"_links":{"self":[{"href":"https:\/\/projectes.xtec.cat\/educacio-literaria\/wp-json\/wp\/v2\/pages\/8254","targetHints":{"allow":["GET"]}}],"collection":[{"href":"https:\/\/projectes.xtec.cat\/educacio-literaria\/wp-json\/wp\/v2\/pages"}],"about":[{"href":"https:\/\/projectes.xtec.cat\/educacio-literaria\/wp-json\/wp\/v2\/types\/page"}],"author":[{"embeddable":true,"href":"https:\/\/projectes.xtec.cat\/educacio-literaria\/wp-json\/wp\/v2\/users\/1"}],"replies":[{"embeddable":true,"href":"https:\/\/projectes.xtec.cat\/educacio-literaria\/wp-json\/wp\/v2\/comments?post=8254"}],"version-history":[{"count":1,"href":"https:\/\/projectes.xtec.cat\/educacio-literaria\/wp-json\/wp\/v2\/pages\/8254\/revisions"}],"predecessor-version":[{"id":8255,"href":"https:\/\/projectes.xtec.cat\/educacio-literaria\/wp-json\/wp\/v2\/pages\/8254\/revisions\/8255"}],"wp:attachment":[{"href":"https:\/\/projectes.xtec.cat\/educacio-literaria\/wp-json\/wp\/v2\/media?parent=8254"}],"curies":[{"name":"wp","href":"https:\/\/api.w.org\/{rel}","templated":true}]}}