{"id":806,"date":"2015-11-28T21:29:55","date_gmt":"2015-11-28T20:29:55","guid":{"rendered":"http:\/\/projectes.xtec.cat\/educacioinclusiva\/?page_id=806"},"modified":"2020-05-26T21:00:07","modified_gmt":"2020-05-26T19:00:07","slug":"el-projecte","status":"publish","type":"page","link":"https:\/\/projectes.xtec.cat\/educacioinclusiva\/el-projecte\/","title":{"rendered":"PRESENTACI\u00d3"},"content":{"rendered":"<p>Som l&#8217;equip de la Subdirecci\u00f3 General d&#8217;Educaci\u00f3 inclusiva del Departament d&#8217;Educaci\u00f3. Des d&#8217;aquesta subdirecci\u00f3 coordinem diferents recursos i accions que formen part de la xarxa de suports a la inclusi\u00f3.<\/p>\n<p><a href=\"https:\/\/projectes.xtec.cat\/educacioinclusiva\/wp-content\/uploads\/usu2065\/2020\/05\/XARXA-DE-RECURSOS-DEP-ED.png\"><img loading=\"lazy\" decoding=\"async\" class=\"aligncenter wp-image-8482\" src=\"https:\/\/projectes.xtec.cat\/educacioinclusiva\/wp-content\/uploads\/usu2065\/2020\/05\/XARXA-DE-RECURSOS-DEP-ED.png\" alt=\"\" width=\"686\" height=\"607\" \/><\/a><\/p>\n","protected":false},"excerpt":{"rendered":"<p>Som l&#8217;equip de la Subdirecci\u00f3 General d&#8217;Educaci\u00f3 inclusiva del Departament d&#8217;Educaci\u00f3. Des d&#8217;aquesta subdirecci\u00f3 coordinem diferents recursos i accions que formen part de la xarxa de suports a la inclusi\u00f3.<br \/>\n<a href=\"https:\/\/projectes.xtec.cat\/educacioinclusiva\/wp-content\/uploads\/usu2065\/2020\/05\/XARXA-DE-RECURSOS-DEP-ED.png\"><\/a><\/p>\n","protected":false},"author":1,"featured_media":0,"parent":0,"menu_order":0,"comment_status":"closed","ping_status":"closed","template":"page-templates\/side-menu.php","meta":{"_bbp_topic_count":0,"_bbp_reply_count":0,"_bbp_total_topic_count":0,"_bbp_total_reply_count":0,"_bbp_voice_count":0,"_bbp_anonymous_reply_count":0,"_bbp_topic_count_hidden":0,"_bbp_reply_count_hidden":0,"_bbp_forum_subforum_count":0,"footnotes":""},"class_list":["post-806","page","type-page","status-publish","hentry"],"post_mailing_queue_ids":[],"_links":{"self":[{"href":"https:\/\/projectes.xtec.cat\/educacioinclusiva\/wp-json\/wp\/v2\/pages\/806","targetHints":{"allow":["GET"]}}],"collection":[{"href":"https:\/\/projectes.xtec.cat\/educacioinclusiva\/wp-json\/wp\/v2\/pages"}],"about":[{"href":"https:\/\/projectes.xtec.cat\/educacioinclusiva\/wp-json\/wp\/v2\/types\/page"}],"author":[{"embeddable":true,"href":"https:\/\/projectes.xtec.cat\/educacioinclusiva\/wp-json\/wp\/v2\/users\/1"}],"replies":[{"embeddable":true,"href":"https:\/\/projectes.xtec.cat\/educacioinclusiva\/wp-json\/wp\/v2\/comments?post=806"}],"version-history":[{"count":3,"href":"https:\/\/projectes.xtec.cat\/educacioinclusiva\/wp-json\/wp\/v2\/pages\/806\/revisions"}],"predecessor-version":[{"id":8484,"href":"https:\/\/projectes.xtec.cat\/educacioinclusiva\/wp-json\/wp\/v2\/pages\/806\/revisions\/8484"}],"wp:attachment":[{"href":"https:\/\/projectes.xtec.cat\/educacioinclusiva\/wp-json\/wp\/v2\/media?parent=806"}],"curies":[{"name":"wp","href":"https:\/\/api.w.org\/{rel}","templated":true}]}}