{"id":9516,"date":"2023-03-15T13:06:06","date_gmt":"2023-03-15T12:06:06","guid":{"rendered":"https:\/\/projectes.xtec.cat\/educacioinclusiva\/?page_id=9516"},"modified":"2023-11-06T11:56:44","modified_gmt":"2023-11-06T10:56:44","slug":"mesures-i-suports-universals","status":"publish","type":"page","link":"https:\/\/projectes.xtec.cat\/educacioinclusiva\/mesures-i-suports-universals\/","title":{"rendered":"Mesures i suports universals"},"content":{"rendered":"<p>El Decret 150\/2017, de 17 d&#8217;octubre, de l&#8217;atenci\u00f3 educativa a l&#8217;alumnat en el marc d&#8217;un sistema educatiu inclusiu concreta les mesures i suports universals, addicionals i intensius.<\/p>\n<p><strong>Les mesures i suports universals<\/strong> tenen un car\u00e0cter preventiu i proactiu, permeten flexibilitzar el context d\u2019aprenentatge, proporcionen als alumnes estrat\u00e8gies per facilitar-los l\u2019acc\u00e9s a l\u2019aprenentatge i la participaci\u00f3, i garanteixen l\u2019aprenentatge significatiu de tot l\u2019alumnat i la conviv\u00e8ncia, el benestar i el comprom\u00eds de tota la comunitat educativa.<\/p>\n<p>Les mesures i els suports universals<strong> s&#8217;adrecen a tots els alumnes <\/strong>i poden ser aplicades per a tots els professionals del centre, liderades per l&#8217;equip directiu i coordinades per l&#8217;equip docent, amb la implicaci\u00f3 de tota la comunitat educativa.<\/p>\n<p>Constitueixen mesures i suports universals qualsevol de les actuacions que permeten al centre crear contextos educatius inclusius: <strong>la personalitzaci\u00f3 dels aprenentatges<\/strong>, <strong>l&#8217;organitzaci\u00f3 flexible del centre<\/strong>,<strong> l&#8217;avaluaci\u00f3 formativa i formadora<\/strong>, els processos <strong>d&#8217;acci\u00f3 tutorial i orientaci\u00f3<\/strong>, i aquelles altres actuacions que contribueixen a l&#8217;escolaritzaci\u00f3 i l&#8217;educaci\u00f3 dels alumnes.<\/p>\n<p>Les mesures i els suports universals s&#8217;estableixen en el <strong>projecte educatiu de centre<\/strong> i en les <strong>normes d&#8217;organitzaci\u00f3 i funcionament de centre<\/strong>, i han de quedar concretades en les <strong>programacions d&#8217;aula<\/strong>.<\/p>\n<p>El document seg\u00fcent recull les orientacions per a la planificaci\u00f3 i implementaci\u00f3 de les mesures i suports universals en els centres educatius.<\/p>\n<p><a href=\"https:\/\/educacio.gencat.cat\/ca\/departament\/publicacions\/colleccions\/inclusio\/mesures-suports-universals-centre-educatiu\/\" target=\"_blank\" rel=\"attachment noopener wp-att-10048\"><img loading=\"lazy\" decoding=\"async\" class=\"aligncenter wp-image-10048 size-full\" src=\"https:\/\/projectes.xtec.cat\/educacioinclusiva\/wp-content\/uploads\/usu2065\/2023\/11\/Document-MISU.jpg\" alt=\"\" width=\"639\" height=\"871\" srcset=\"https:\/\/projectes.xtec.cat\/educacioinclusiva\/wp-content\/uploads\/usu2065\/2023\/11\/Document-MISU.jpg 639w, https:\/\/projectes.xtec.cat\/educacioinclusiva\/wp-content\/uploads\/usu2065\/2023\/11\/Document-MISU-220x300.jpg 220w\" sizes=\"auto, (max-width: 639px) 100vw, 639px\" \/><\/a><\/p>\n<p>&nbsp;<\/p>\n<p>&nbsp;<\/p>\n","protected":false},"excerpt":{"rendered":"<p>El Decret 150\/2017, de 17 d&#8217;octubre, de l&#8217;atenci\u00f3 educativa a l&#8217;alumnat en el marc d&#8217;un sistema educatiu inclusiu concreta les mesures i suports universals, addicionals i intensius.<br \/>\nLes mesures i suports universals tenen un car\u00e0cter preventiu i proactiu, permeten flexibilitzar el context d\u2019aprenentatge, proporcionen als alumnes&hellip;  <a href=\"https:\/\/projectes.xtec.cat\/educacioinclusiva\/mesures-i-suports-universals\/\" title=\"Read Mesures i suports universals\">Llegeix m\u00e9s\u00bb<\/a><\/p>\n","protected":false},"author":4,"featured_media":0,"parent":0,"menu_order":0,"comment_status":"closed","ping_status":"closed","template":"","meta":{"_bbp_topic_count":0,"_bbp_reply_count":0,"_bbp_total_topic_count":0,"_bbp_total_reply_count":0,"_bbp_voice_count":0,"_bbp_anonymous_reply_count":0,"_bbp_topic_count_hidden":0,"_bbp_reply_count_hidden":0,"_bbp_forum_subforum_count":0,"footnotes":""},"class_list":["post-9516","page","type-page","status-publish","hentry"],"post_mailing_queue_ids":[],"_links":{"self":[{"href":"https:\/\/projectes.xtec.cat\/educacioinclusiva\/wp-json\/wp\/v2\/pages\/9516","targetHints":{"allow":["GET"]}}],"collection":[{"href":"https:\/\/projectes.xtec.cat\/educacioinclusiva\/wp-json\/wp\/v2\/pages"}],"about":[{"href":"https:\/\/projectes.xtec.cat\/educacioinclusiva\/wp-json\/wp\/v2\/types\/page"}],"author":[{"embeddable":true,"href":"https:\/\/projectes.xtec.cat\/educacioinclusiva\/wp-json\/wp\/v2\/users\/4"}],"replies":[{"embeddable":true,"href":"https:\/\/projectes.xtec.cat\/educacioinclusiva\/wp-json\/wp\/v2\/comments?post=9516"}],"version-history":[{"count":5,"href":"https:\/\/projectes.xtec.cat\/educacioinclusiva\/wp-json\/wp\/v2\/pages\/9516\/revisions"}],"predecessor-version":[{"id":10064,"href":"https:\/\/projectes.xtec.cat\/educacioinclusiva\/wp-json\/wp\/v2\/pages\/9516\/revisions\/10064"}],"wp:attachment":[{"href":"https:\/\/projectes.xtec.cat\/educacioinclusiva\/wp-json\/wp\/v2\/media?parent=9516"}],"curies":[{"name":"wp","href":"https:\/\/api.w.org\/{rel}","templated":true}]}}