{"id":9526,"date":"2023-03-28T11:03:49","date_gmt":"2023-03-28T09:03:49","guid":{"rendered":"https:\/\/projectes.xtec.cat\/educacioinclusiva\/?page_id=9526"},"modified":"2023-04-17T09:40:45","modified_gmt":"2023-04-17T07:40:45","slug":"ceepsir","status":"publish","type":"page","link":"https:\/\/projectes.xtec.cat\/educacioinclusiva\/ceepsir\/","title":{"rendered":"CEEPSIR"},"content":{"rendered":"\r\n\t<div class=\"slideshow_container slideshow_container_style-light\" style=\"height: 300px; \" data-slideshow-id=\"9585\" data-style-name=\"style-light\" data-style-version=\"2.3.1\" >\r\n\r\n\t\t\t\t\t<div class=\"slideshow_loading_icon\"><\/div>\r\n\t\t\r\n\t\t<div class=\"slideshow_content\" style=\"display: none;\">\r\n\r\n\t\t\t<div class=\"slideshow_view\">\r\n\t\t\t\t<div class=\"slideshow_slide slideshow_slide_image\">\r\n\t\t\t\t\t\t\t\t\t\t\t<img src=\"https:\/\/projectes.xtec.cat\/educacioinclusiva\/wp-content\/uploads\/usu2065\/2023\/03\/children-gd092c57af_640.jpg\" alt=\"Nens dibuixant\" width=\"640\" height=\"425\" \/>\r\n\t\t\t\t\t\t\t\t\t\t<div class=\"slideshow_description_box slideshow_transparent\">\r\n\t\t\t\t\t\t<div class=\"slideshow_title\">Alumnes a l&#039;escola<\/div>\t\t\t\t\t\t\t\t\t\t\t<\/div>\r\n\t\t\t\t<\/div>\r\n\r\n\t\t\t\t\t\t<div style=\"clear: both;\"><\/div><\/div><div class=\"slideshow_view\">\r\n\t\t\t\t<div class=\"slideshow_slide slideshow_slide_image\">\r\n\t\t\t\t\t\t\t\t\t\t\t<img src=\"https:\/\/projectes.xtec.cat\/educacioinclusiva\/wp-content\/uploads\/usu2065\/2023\/03\/study-1412778_640-1.jpg\" alt=\"Mans d&#039;un nen escrivint\" width=\"640\" height=\"480\" \/>\r\n\t\t\t\t\t\t\t\t\t\t<div class=\"slideshow_description_box slideshow_transparent\">\r\n\t\t\t\t\t\t<div class=\"slideshow_title\">CEEPSIR<\/div>\t\t\t\t\t\t<div class=\"slideshow_description\">Mans d&#039;un alumne escrivint a a seva llibreta<\/div>\t\t\t\t\t<\/div>\r\n\t\t\t\t<\/div>\r\n\r\n\t\t\t\t\t\t<div style=\"clear: both;\"><\/div><\/div>\r\n\t\t<\/div>\r\n\r\n\t\t<div class=\"slideshow_controlPanel slideshow_transparent\" style=\"display: none;\"><ul><li class=\"slideshow_togglePlay\" data-play-text=\"Visualitza\" data-pause-text=\"Pausa\"><\/li><\/ul><\/div>\r\n\r\n\t\t<div class=\"slideshow_button slideshow_previous slideshow_transparent\" role=\"button\" data-previous-text=\"Anterior\" style=\"display: none;\"><\/div>\r\n\t\t<div class=\"slideshow_button slideshow_next slideshow_transparent\" role=\"button\" data-next-text=\"Seg\u00fcent\" style=\"display: none;\"><\/div>\r\n\r\n\t\t<div class=\"slideshow_pagination\" style=\"display: none;\" data-go-to-text=\"V\u00e9s a la diapositiva\"><div class=\"slideshow_pagination_center\"><\/div><\/div>\r\n\r\n\t\t<!-- WordPress Slideshow Version 2.3.1 -->\r\n\r\n\t\t\t<\/div>\r\n\r\n\n<p>&nbsp;<\/p>\n<p>Els centres d&#8217;educaci\u00f3 especial del sistema educatiu poden ser prove\u00efdors de serveis i recursos per als docents d&#8217;escoles i centres d&#8217;educaci\u00f3 secund\u00e0ria, amb la finalitat d&#8217;orientar i concretar les actuacions m\u00e9s ajustades a les necessitats educatives de l&#8217;alumnat i desenvolupar programes espec\u00edfics de suport a l&#8217;escolaritzaci\u00f3 dels alumnes, sempre en coordinaci\u00f3 amb els equips directius dels centres i els serveis educatius.<\/p>\n<p>El 17 d\u2019octubre de 2017 s\u2019aprova el <a href=\"https:\/\/dogc.gencat.cat\/ca\/document-del-dogc\/?documentId=799722\" target=\"_blank\" rel=\"noopener\">Decret 150\/2017, de l\u2019atenci\u00f3 educativa a l\u2019alumnat en el marc d\u2019un sistema educatiu inclusiu<\/a>. Article 25.<\/p>\n<p>El 9 d&#8217;abril es publica la <a href=\"https:\/\/dogc.gencat.cat\/ca\/document-del-dogc\/?documentId=898018\" target=\"_blank\" rel=\"noopener\">RESOLUCI\u00d3 EDU\/1010\/2021<\/a>, per la qual es dicten instruccions referents a l&#8217;organitzaci\u00f3 i el funcionament dels centres d&#8217;educaci\u00f3 especial prove\u00efdors de serveis i recursos (CEEPSIR) sostinguts amb fons p\u00fablics.<\/p>\n<p>El 27 d&#8217;abril es publica la <a href=\"https:\/\/dogc.gencat.cat\/ca\/document-del-dogc\/?documentId=926904\" target=\"_blank\" rel=\"noopener\">RESOLUCI\u00d3 EDU\/1214\/2022<\/a>, per la qual s&#8217;obre convocat\u00f2ria p\u00fablica per a la selecci\u00f3 de centres d&#8217;educaci\u00f3 especial sostinguts amb fons p\u00fablics interessats a esdevenir prove\u00efdors de serveis i recursos (CEEPSIR). T\u00e9 com a objecte la selecci\u00f3 de 28 centres d&#8217;educaci\u00f3 especial sostinguts amb fons p\u00fablics interessats a esdevenir centres d&#8217;educaci\u00f3 especial prove\u00efdors de serveis i recursos (CEEPSIR) a partir del curs 2022-2023 i per un per\u00edode de 5 cursos escolars.<br \/>\nLa base reguladora 4 de la convocat\u00f2ria estableix la puntuaci\u00f3 i els criteris de selecci\u00f3 dels centres d\u2019educaci\u00f3 especial i la base reguladora 7 determina que es preveu una dotaci\u00f3 de 65 professionals per a aquesta convocat\u00f2ria, a la vegada que especifica que la dotaci\u00f3 de plantilla per a cada CEEPSIR es calcula en funci\u00f3 del projecte presentat i de les necessitats territorials.<\/p>\n<p>El 19 de desembre de 2022 es publiquen les instruccions per a l&#8217;organitzaci\u00f3 i el funcionament dels centres d&#8217;educaci\u00f3 especial prove\u00efdors de serveis i recursos (CEEPSIR) sostinguts amb fons p\u00fablics. Aquestes instruccions complementen la Resoluci\u00f3 EDU\/1010\/2021, de 9 d&#8217;abril.<\/p>\n<p>&nbsp;<\/p>\n<h2><\/h2>\n<h2 id=\"yui_3_17_2_1_1679316590685_30\"><\/h2>\n","protected":false},"excerpt":{"rendered":"<p>\t\t\t\t\t\tAlumnes a l&#039;escola\t\t\t\t\t\t\t\t\t\t\t<\/p>\n<p>\t\t\t\t\t\tCEEPSIR\t\t\t\t\t\tMans d&#039;un alumne escrivint a a seva llibreta\t\t\t\t\t<\/p>\n<ul>\n<li class=\"slideshow_togglePlay\" data-play-text=\"Visualitza\" data-pause-text=\"Pausa\"><\/li>\n<\/ul>\n<p>&nbsp;<br \/>\nEls centres d&#8217;educaci\u00f3 especial del sistema educatiu poden ser prove\u00efdors de serveis i recursos per als docents d&#8217;escoles i centres d&#8217;educaci\u00f3 secund\u00e0ria, amb la finalitat d&#8217;orientar i concretar les actuacions m\u00e9s ajustades a&hellip;  <a href=\"https:\/\/projectes.xtec.cat\/educacioinclusiva\/ceepsir\/\" title=\"Read CEEPSIR\">Llegeix m\u00e9s\u00bb<\/a><\/p>\n","protected":false},"author":4,"featured_media":0,"parent":0,"menu_order":0,"comment_status":"closed","ping_status":"closed","template":"","meta":{"_bbp_topic_count":0,"_bbp_reply_count":0,"_bbp_total_topic_count":0,"_bbp_total_reply_count":0,"_bbp_voice_count":0,"_bbp_anonymous_reply_count":0,"_bbp_topic_count_hidden":0,"_bbp_reply_count_hidden":0,"_bbp_forum_subforum_count":0,"footnotes":""},"class_list":["post-9526","page","type-page","status-publish","hentry"],"post_mailing_queue_ids":[],"_links":{"self":[{"href":"https:\/\/projectes.xtec.cat\/educacioinclusiva\/wp-json\/wp\/v2\/pages\/9526","targetHints":{"allow":["GET"]}}],"collection":[{"href":"https:\/\/projectes.xtec.cat\/educacioinclusiva\/wp-json\/wp\/v2\/pages"}],"about":[{"href":"https:\/\/projectes.xtec.cat\/educacioinclusiva\/wp-json\/wp\/v2\/types\/page"}],"author":[{"embeddable":true,"href":"https:\/\/projectes.xtec.cat\/educacioinclusiva\/wp-json\/wp\/v2\/users\/4"}],"replies":[{"embeddable":true,"href":"https:\/\/projectes.xtec.cat\/educacioinclusiva\/wp-json\/wp\/v2\/comments?post=9526"}],"version-history":[{"count":3,"href":"https:\/\/projectes.xtec.cat\/educacioinclusiva\/wp-json\/wp\/v2\/pages\/9526\/revisions"}],"predecessor-version":[{"id":9587,"href":"https:\/\/projectes.xtec.cat\/educacioinclusiva\/wp-json\/wp\/v2\/pages\/9526\/revisions\/9587"}],"wp:attachment":[{"href":"https:\/\/projectes.xtec.cat\/educacioinclusiva\/wp-json\/wp\/v2\/media?parent=9526"}],"curies":[{"name":"wp","href":"https:\/\/api.w.org\/{rel}","templated":true}]}}