{"id":9552,"date":"2023-03-27T09:32:27","date_gmt":"2023-03-27T07:32:27","guid":{"rendered":"https:\/\/projectes.xtec.cat\/educacioinclusiva\/?page_id=9552"},"modified":"2024-04-08T08:41:54","modified_gmt":"2024-04-08T06:41:54","slug":"hospitals-de-dia-dadolescents","status":"publish","type":"page","link":"https:\/\/projectes.xtec.cat\/educacioinclusiva\/hospitals-de-dia-dadolescents\/","title":{"rendered":"Hospitals de dia d&#8217;adolescents"},"content":{"rendered":"\r\n\t<div class=\"slideshow_container slideshow_container_style-light\" style=\"height: 300px; \" data-slideshow-id=\"9553\" data-style-name=\"style-light\" data-style-version=\"2.3.1\" >\r\n\r\n\t\t\t\t\t<div class=\"slideshow_loading_icon\"><\/div>\r\n\t\t\r\n\t\t<div class=\"slideshow_content\" style=\"display: none;\">\r\n\r\n\t\t\t<div class=\"slideshow_view\">\r\n\t\t\t\t<div class=\"slideshow_slide slideshow_slide_image\">\r\n\t\t\t\t\t\t\t\t\t\t\t<img src=\"https:\/\/projectes.xtec.cat\/educacioinclusiva\/wp-content\/uploads\/usu2065\/2023\/03\/HdA-3.png\" alt=\"Docent explicant a un alumne\" width=\"940\" height=\"521\" \/>\r\n\t\t\t\t\t\t\t\t\t\t<div class=\"slideshow_description_box slideshow_transparent\">\r\n\t\t\t\t\t\t<div class=\"slideshow_title\">HdA 3<\/div>\t\t\t\t\t\t\t\t\t\t\t<\/div>\r\n\t\t\t\t<\/div>\r\n\r\n\t\t\t\t\t\t\r\n\t\t\t\t<div class=\"slideshow_slide slideshow_slide_image\">\r\n\t\t\t\t\t\t\t\t\t\t\t<img src=\"https:\/\/projectes.xtec.cat\/educacioinclusiva\/wp-content\/uploads\/usu2065\/2023\/03\/HdA-2.png\" alt=\"Professional acompanyant un alumne\" width=\"778\" height=\"522\" \/>\r\n\t\t\t\t\t\t\t\t\t\t<div class=\"slideshow_description_box slideshow_transparent\">\r\n\t\t\t\t\t\t<div class=\"slideshow_title\">HdA 2<\/div>\t\t\t\t\t\t\t\t\t\t\t<\/div>\r\n\t\t\t\t<\/div>\r\n\r\n\t\t\t\t\t\t\r\n\t\t\t\t<div class=\"slideshow_slide slideshow_slide_image\">\r\n\t\t\t\t\t\t\t\t\t\t\t<img src=\"https:\/\/projectes.xtec.cat\/educacioinclusiva\/wp-content\/uploads\/usu2065\/2023\/03\/HdA-1.png\" alt=\"Imatge de grup de joves en rotllana\" width=\"778\" height=\"469\" \/>\r\n\t\t\t\t\t\t\t\t\t\t<div class=\"slideshow_description_box slideshow_transparent\">\r\n\t\t\t\t\t\t<div class=\"slideshow_title\">HdA 1<\/div>\t\t\t\t\t\t\t\t\t\t\t<\/div>\r\n\t\t\t\t<\/div>\r\n\r\n\t\t\t\t\t\t<div style=\"clear: both;\"><\/div><\/div>\r\n\t\t<\/div>\r\n\r\n\t\t<div class=\"slideshow_controlPanel slideshow_transparent\" style=\"display: none;\"><ul><li class=\"slideshow_togglePlay\" data-play-text=\"Visualitza\" data-pause-text=\"Pausa\"><\/li><\/ul><\/div>\r\n\r\n\t\t<div class=\"slideshow_button slideshow_previous slideshow_transparent\" role=\"button\" data-previous-text=\"Anterior\" style=\"display: none;\"><\/div>\r\n\t\t<div class=\"slideshow_button slideshow_next slideshow_transparent\" role=\"button\" data-next-text=\"Seg\u00fcent\" style=\"display: none;\"><\/div>\r\n\r\n\t\t<div class=\"slideshow_pagination\" style=\"display: none;\" data-go-to-text=\"V\u00e9s a la diapositiva\"><div class=\"slideshow_pagination_center\"><\/div><\/div>\r\n\r\n\t\t<!-- WordPress Slideshow Version 2.3.1 -->\r\n\r\n\t\t\t<\/div>\r\n\r\n\n<h3>Criteris de derivaci\u00f3 per a un hospital de dia d&#8217;adolescents:<\/h3>\n<ul>\n<li>Pacient de 12 a 18 anys.<\/li>\n<li>Situaci\u00f3 cl\u00ednica que fa insostenible la vida normalitzada del pacient dins i fora de la fam\u00edlia tot i que hi hagi tractament ambulatori.<\/li>\n<li>Situaci\u00f3 que requereixi una observaci\u00f3 diagnostica o un monitoratge de conductes de risc i tractament terap\u00e8utic intensiu que sobrepassi les condicions de seguretat del tractament ambulatori.<\/li>\n<\/ul>\n<h3>Funcions principals\u202fdels docents a l\u2019hospital de dia:<\/h3>\n<ul>\n<li>Elaborar i aplicar el programa terap\u00e8utic individual (PTI).<\/li>\n<li>Concretar el pla de treball de l\u2019alumne d\u2019acord amb el centre educatiu i fer el seguiment del seu progr\u00e9s.<\/li>\n<li>Coordinar-se amb els centres educatius, els equips d\u2019assessorament i orientaci\u00f3 psicopedag\u00f2gica (EAP) i la Inspecci\u00f3 d\u2019Educaci\u00f3.<\/li>\n<li>Orientar l\u2019alumnat en la continu\u00eftat dels estudis o en el m\u00f3n laboral i fer-ne l\u2019acompanyament a l\u2019alta, en coordinaci\u00f3 amb l\u2019EAP i els professionals de l\u2019Hospital de dia.<\/li>\n<\/ul>\n","protected":false},"excerpt":{"rendered":"<p>\t\t\t\t\t\tHdA 3\t\t\t\t\t\t\t\t\t\t\t<\/p>\n<p>\t\t\t\t\t\tHdA 2\t\t\t\t\t\t\t\t\t\t\t<\/p>\n<p>\t\t\t\t\t\tHdA 1\t\t\t\t\t\t\t\t\t\t\t<\/p>\n<ul>\n<li class=\"slideshow_togglePlay\" data-play-text=\"Visualitza\" data-pause-text=\"Pausa\"><\/li>\n<\/ul>\n<p>Criteris de derivaci\u00f3 per a un hospital de dia d&#8217;adolescents:<\/p>\n<ul>\n<li>Pacient de 12 a 18 anys.<\/li>\n<li>Situaci\u00f3 cl\u00ednica que fa insostenible la vida normalitzada del pacient dins i fora de la fam\u00edlia tot i que hi hagi tractament ambulatori.<\/li>\n<li>Situaci\u00f3 que requereixi&hellip;  <a href=\"https:\/\/projectes.xtec.cat\/educacioinclusiva\/hospitals-de-dia-dadolescents\/\" title=\"Read Hospitals de dia d&#8217;adolescents\">Llegeix m\u00e9s\u00bb<\/a><br \/>\n","protected":false},"author":4,"featured_media":0,"parent":0,"menu_order":0,"comment_status":"closed","ping_status":"closed","template":"","meta":{"_bbp_topic_count":0,"_bbp_reply_count":0,"_bbp_total_topic_count":0,"_bbp_total_reply_count":0,"_bbp_voice_count":0,"_bbp_anonymous_reply_count":0,"_bbp_topic_count_hidden":0,"_bbp_reply_count_hidden":0,"_bbp_forum_subforum_count":0,"footnotes":""},"class_list":["post-9552","page","type-page","status-publish","hentry"],"post_mailing_queue_ids":[],"_links":{"self":[{"href":"https:\/\/projectes.xtec.cat\/educacioinclusiva\/wp-json\/wp\/v2\/pages\/9552","targetHints":{"allow":["GET"]}}],"collection":[{"href":"https:\/\/projectes.xtec.cat\/educacioinclusiva\/wp-json\/wp\/v2\/pages"}],"about":[{"href":"https:\/\/projectes.xtec.cat\/educacioinclusiva\/wp-json\/wp\/v2\/types\/page"}],"author":[{"embeddable":true,"href":"https:\/\/projectes.xtec.cat\/educacioinclusiva\/wp-json\/wp\/v2\/users\/4"}],"replies":[{"embeddable":true,"href":"https:\/\/projectes.xtec.cat\/educacioinclusiva\/wp-json\/wp\/v2\/comments?post=9552"}],"version-history":[{"count":5,"href":"https:\/\/projectes.xtec.cat\/educacioinclusiva\/wp-json\/wp\/v2\/pages\/9552\/revisions"}],"predecessor-version":[{"id":10225,"href":"https:\/\/projectes.xtec.cat\/educacioinclusiva\/wp-json\/wp\/v2\/pages\/9552\/revisions\/10225"}],"wp:attachment":[{"href":"https:\/\/projectes.xtec.cat\/educacioinclusiva\/wp-json\/wp\/v2\/media?parent=9552"}],"curies":[{"name":"wp","href":"https:\/\/api.w.org\/{rel}","templated":true}]}}