{"id":9644,"date":"2023-05-03T13:27:30","date_gmt":"2023-05-03T11:27:30","guid":{"rendered":"https:\/\/projectes.xtec.cat\/educacioinclusiva\/?page_id=9644"},"modified":"2023-05-03T13:28:10","modified_gmt":"2023-05-03T11:28:10","slug":"atencio-educativa-domiciliaria-2","status":"publish","type":"page","link":"https:\/\/projectes.xtec.cat\/educacioinclusiva\/atencio-educativa-domiciliaria-2\/","title":{"rendered":"Atenci\u00f3 educativa domicili\u00e0ria"},"content":{"rendered":"<p><a href=\"https:\/\/projectes.xtec.cat\/educacioinclusiva\/aed-5\/\"><img loading=\"lazy\" decoding=\"async\" class=\"aligncenter size-full wp-image-9643\" src=\"https:\/\/projectes.xtec.cat\/educacioinclusiva\/wp-content\/uploads\/usu2065\/2023\/05\/AED-5.png\" alt=\"imatge de nena escrivint en una llibreta\" width=\"567\" height=\"276\" srcset=\"https:\/\/projectes.xtec.cat\/educacioinclusiva\/wp-content\/uploads\/usu2065\/2023\/05\/AED-5.png 567w, https:\/\/projectes.xtec.cat\/educacioinclusiva\/wp-content\/uploads\/usu2065\/2023\/05\/AED-5-300x146.png 300w\" sizes=\"auto, (max-width: 567px) 100vw, 567px\" \/><\/a><\/p>\n<p>L\u2019atenci\u00f3 educativa domicili\u00e0ria \u00e9s un suport addicional que t\u00e9 la finalitat de garantir la continu\u00eftat dels aprenentatges i la vinculaci\u00f3 amb el centre educatiu de l\u2019infant i adolescent quan, per motius de salut, es troba convalescent en el domicili per un per\u00edode superior a 30 dies.<\/p>\n<p>S\u00f3n destinataris d\u2019atenci\u00f3 educativa domicili\u00e0ria l\u2019alumnat en situaci\u00f3 de malaltia escolaritzat en centres educatius sostinguts amb fons p\u00fablics.<\/p>\n<p>Per sol\u00b7licitar l&#8217;atenci\u00f3 educativa domicili\u00e0ria, els pares, mares o tutors legals dels alumnes han de presentar una sol\u00b7licitud al centre educatiu on est\u00e0 matriculat l&#8217;alumne\/a, acompanyada d&#8217;un informe m\u00e8dic.<\/p>\n<p>Aquest suport consisteix en una atenci\u00f3 individualitzada, per part d&#8217;un o una docent del Departament d\u2019Educaci\u00f3 que es despla\u00e7a al domicili del menor durant el per\u00edode en qu\u00e8 la o l&#8217;alumne no pot assistir al centre educatiu.<\/p>\n<p>Les principals funcions del o la docent d\u2019atenci\u00f3 educativa domicili\u00e0ria s\u00f3n:<\/p>\n<p>a) Actuar com a nexe amb el centre educatiu i la fam\u00edlia i, si escau, amb l\u2019aula hospital\u00e0ria durant la intervenci\u00f3, amb accions\u00a0 de coordinaci\u00f3 i de planificaci\u00f3 d\u2019activitats entre l\u2019aula i el domicili i els referents del centre educatiu.<\/p>\n<p>b) Planificar la programaci\u00f3 d\u2019aula en el domicili i fer-ne el seguiment i l\u2019avaluaci\u00f3, en col\u00b7laboraci\u00f3 amb el centre educatiu.<\/p>\n<p>c) Desenvolupar estrat\u00e8gies globalitzades i treball per \u00e0mbits que afavoreixin i optimitzin els aprenentatges, tot aprofitant les possibilitats que pot oferir l\u2019entorn familiar.<\/p>\n<p><a href=\"https:\/\/xtec.gencat.cat\/ca\/curriculum\/diversitat-i-inclusio\/atencio-educativa-als-alumnes\/nese\/nese-derivades-de-situacio-de-malaltia\/atencio-educativa-domiciliaria\/\">+ informaci\u00f3<\/a><\/p>\n<div id=\"capti-toolbox\" class=\"capti-toolbox-close\"><\/div>\n<div id=\"cap-small-context-menu\" class=\" top \" style=\"left: 53.8px; top: 778.4px;\">\n<div class=\"capti-item-parent\">\n<div class=\"capti-icon capti-play-toolbox\" title=\"Play (Alt + Q)\"><\/div>\n<\/div>\n<div class=\"capti-item-parent\">\n<div class=\"capti-icon capti-view-toolbox\" title=\"View (Alt + X)\"><\/div>\n<\/div>\n<div class=\"capti-item-parent\">\n<div class=\"capti-icon capti-define-toolbox\" title=\"Define\"><\/div>\n<\/div>\n<div class=\"capti-item-parent\">\n<div class=\"capti-icon capti-transition-toolbox\" title=\"Translate\"><\/div>\n<\/div>\n<\/div>\n<div id=\"capti-toolbox\" class=\"capti-toolbox-close\"><\/div>\n<div id=\"cap-small-context-menu\"><\/div>\n<div id=\"capti-toolbox\" class=\"capti-toolbox-close\"><\/div>\n<div id=\"cap-small-context-menu\"><\/div>\n","protected":false},"excerpt":{"rendered":"<p><a href=\"https:\/\/projectes.xtec.cat\/educacioinclusiva\/aed-5\/\"><\/a><br \/>\nL\u2019atenci\u00f3 educativa domicili\u00e0ria \u00e9s un suport addicional que t\u00e9 la finalitat de garantir la continu\u00eftat dels aprenentatges i la vinculaci\u00f3 amb el centre educatiu de l\u2019infant i adolescent quan, per motius de salut, es troba convalescent en el domicili per un per\u00edode superior a&hellip;  <a href=\"https:\/\/projectes.xtec.cat\/educacioinclusiva\/atencio-educativa-domiciliaria-2\/\" title=\"Read Atenci\u00f3 educativa domicili\u00e0ria\">Llegeix m\u00e9s\u00bb<\/a><\/p>\n","protected":false},"author":4,"featured_media":0,"parent":0,"menu_order":0,"comment_status":"closed","ping_status":"closed","template":"","meta":{"_bbp_topic_count":0,"_bbp_reply_count":0,"_bbp_total_topic_count":0,"_bbp_total_reply_count":0,"_bbp_voice_count":0,"_bbp_anonymous_reply_count":0,"_bbp_topic_count_hidden":0,"_bbp_reply_count_hidden":0,"_bbp_forum_subforum_count":0,"footnotes":""},"class_list":["post-9644","page","type-page","status-publish","hentry"],"post_mailing_queue_ids":[],"_links":{"self":[{"href":"https:\/\/projectes.xtec.cat\/educacioinclusiva\/wp-json\/wp\/v2\/pages\/9644","targetHints":{"allow":["GET"]}}],"collection":[{"href":"https:\/\/projectes.xtec.cat\/educacioinclusiva\/wp-json\/wp\/v2\/pages"}],"about":[{"href":"https:\/\/projectes.xtec.cat\/educacioinclusiva\/wp-json\/wp\/v2\/types\/page"}],"author":[{"embeddable":true,"href":"https:\/\/projectes.xtec.cat\/educacioinclusiva\/wp-json\/wp\/v2\/users\/4"}],"replies":[{"embeddable":true,"href":"https:\/\/projectes.xtec.cat\/educacioinclusiva\/wp-json\/wp\/v2\/comments?post=9644"}],"version-history":[{"count":3,"href":"https:\/\/projectes.xtec.cat\/educacioinclusiva\/wp-json\/wp\/v2\/pages\/9644\/revisions"}],"predecessor-version":[{"id":9647,"href":"https:\/\/projectes.xtec.cat\/educacioinclusiva\/wp-json\/wp\/v2\/pages\/9644\/revisions\/9647"}],"wp:attachment":[{"href":"https:\/\/projectes.xtec.cat\/educacioinclusiva\/wp-json\/wp\/v2\/media?parent=9644"}],"curies":[{"name":"wp","href":"https:\/\/api.w.org\/{rel}","templated":true}]}}