{"id":8322,"date":"2017-05-17T20:54:17","date_gmt":"2017-05-17T18:54:17","guid":{"rendered":"http:\/\/projectes.xtec.cat\/eduhack\/?page_id=8322"},"modified":"2019-02-26T12:41:00","modified_gmt":"2019-02-26T11:41:00","slug":"que-es-edu-hack","status":"publish","type":"page","link":"https:\/\/projectes.xtec.cat\/eduhack\/que-es-edu-hack\/","title":{"rendered":"Qu\u00e8 \u00e9s EduHack?"},"content":{"rendered":"<p><strong>Cocreaci\u00f3 d&#8217;experi\u00e8ncies educatives<\/strong><\/p>\n<p><b><a href=\"http:\/\/mschools.mobileworldcapital.com\/ca\/iniciatives\/edu_hack\/\">mSchools EduHack<\/a><\/b><b>,<\/b> organitzat per\u00a0<b>Mobile World Capital Barcelona<\/b>, \u00e9s un proc\u00e9s de <b>cocreaci\u00f3<\/b> a gran escala que connecta, inspira i capacita els docents per identificar i dissenyar experi\u00e8ncies innovadores per a l&#8217;aula, el centre i la comunitat escolar amb l&#8217;\u00fas de la <b>tecnologia digital.<\/b><\/p>\n<p>Basant-se en la metodologia del <b>Design Thinking<\/b>, EduHack promou l&#8217;aprenentatge basat en projectes i en els reptes del m\u00f3n real, ajudant els docents a preparar els seus alumnes per desenvolupar-se en un present i futur que requereix compet\u00e8ncies digitals i habilitats creatives,\u00a0de resoluci\u00f3 de problemes i de comunicaci\u00f3 i esperit cr\u00edtic.<\/p>\n<p>La iniciativa, que aquest any acull a m\u00e9s de <b>800 participants, <\/b>se centra tamb\u00e9 en teixir relacions de col\u00b7laboraci\u00f3 amb <b>empreses, universitats, centres de recerca i institucions p\u00fabliques<\/b> per dissenyar i treballar conjuntament per accelerar la transformaci\u00f3 digital del sector educatiu.<\/p>\n<p>EduHack es crea com a resposta a un m\u00f3n digital global i hiperconnectat on la r\u00e0pida i constant evoluci\u00f3 de les tecnologies ha impulsat la necessitat de <b>transformaci\u00f3<\/b> de tots els \u00e0mbits de la societat. L&#8217;educaci\u00f3 no n&#8217;\u00e9s una excepci\u00f3.<\/p>\n<p>Les necessitats dels alumnes d&#8217;avui estan canviant tan r\u00e0pidament com les tecnologies que els envolten. Incorporar aquest canvi, per\u00f2, pot resultar complex. \u00c9s ara que la comunitat educativa t\u00e9 la gran oportunitat i responsabilitat d&#8217;utilitzar el seu coneixement sobre alumnes i centres educatius per crear solucions als reptes a qu\u00e8 s&#8217;enfronten cada dia.<\/p>\n","protected":false},"excerpt":{"rendered":"<p>Cocreaci\u00f3 d&#8217;experi\u00e8ncies educatives<br \/>\n<a href=\"http:\/\/mschools.mobileworldcapital.com\/ca\/iniciatives\/edu_hack\/\">mSchools EduHack<\/a>, organitzat per\u00a0Mobile World Capital Barcelona, \u00e9s un proc\u00e9s de cocreaci\u00f3 a gran escala que connecta, inspira i capacita els docents per identificar i dissenyar experi\u00e8ncies innovadores per a l&#8217;aula, el centre i la comunitat escolar amb l&#8217;\u00fas de la tecnologia&hellip;  <a href=\"https:\/\/projectes.xtec.cat\/eduhack\/que-es-edu-hack\/\" title=\"Read Qu\u00e8 \u00e9s EduHack?\">Llegeix m\u00e9s\u00bb<\/a><\/p>\n","protected":false},"author":1,"featured_media":0,"parent":0,"menu_order":0,"comment_status":"closed","ping_status":"closed","template":"","meta":{"_bbp_topic_count":0,"_bbp_reply_count":0,"_bbp_total_topic_count":0,"_bbp_total_reply_count":0,"_bbp_voice_count":0,"_bbp_anonymous_reply_count":0,"_bbp_topic_count_hidden":0,"_bbp_reply_count_hidden":0,"_bbp_forum_subforum_count":0,"footnotes":""},"class_list":["post-8322","page","type-page","status-publish","hentry"],"post_mailing_queue_ids":[],"_links":{"self":[{"href":"https:\/\/projectes.xtec.cat\/eduhack\/wp-json\/wp\/v2\/pages\/8322","targetHints":{"allow":["GET"]}}],"collection":[{"href":"https:\/\/projectes.xtec.cat\/eduhack\/wp-json\/wp\/v2\/pages"}],"about":[{"href":"https:\/\/projectes.xtec.cat\/eduhack\/wp-json\/wp\/v2\/types\/page"}],"author":[{"embeddable":true,"href":"https:\/\/projectes.xtec.cat\/eduhack\/wp-json\/wp\/v2\/users\/1"}],"replies":[{"embeddable":true,"href":"https:\/\/projectes.xtec.cat\/eduhack\/wp-json\/wp\/v2\/comments?post=8322"}],"version-history":[{"count":3,"href":"https:\/\/projectes.xtec.cat\/eduhack\/wp-json\/wp\/v2\/pages\/8322\/revisions"}],"predecessor-version":[{"id":10357,"href":"https:\/\/projectes.xtec.cat\/eduhack\/wp-json\/wp\/v2\/pages\/8322\/revisions\/10357"}],"wp:attachment":[{"href":"https:\/\/projectes.xtec.cat\/eduhack\/wp-json\/wp\/v2\/media?parent=8322"}],"curies":[{"name":"wp","href":"https:\/\/api.w.org\/{rel}","templated":true}]}}