{"id":8401,"date":"2017-05-19T10:21:17","date_gmt":"2017-05-19T08:21:17","guid":{"rendered":"http:\/\/projectes.xtec.cat\/eduhack\/?page_id=8401"},"modified":"2017-10-06T12:51:15","modified_gmt":"2017-10-06T10:51:15","slug":"objectius-del-mileni","status":"publish","type":"page","link":"https:\/\/projectes.xtec.cat\/eduhack\/objectius-del-mileni\/","title":{"rendered":"Els Objectius del Mil\u00b7lenni"},"content":{"rendered":"<p>El punt de partida de la 2a edici\u00f3 d\u2019EduHack s\u00f3n els\u00a0<a href=\"http:\/\/www.globalgoals.org\/\">Objectius de Desenvolupament Sostenible<\/a>\u00a0de les\u00a0Nacions Unides. Aquests objectius promouen un m\u00f3n m\u00e9s igualitari, digne i sostenible a partir de 17 reptes relacionats amb el medi ambient, la societat i l\u2019economia.<\/p>\n<p>Les propostes de la 2a edici\u00f3 d\u2019EduHack hauran de basar-se en un o m\u00e9s d\u2019un d\u2019aquests reptes amb la finalitat de generar propostes de treball a nivell d\u2019aula, de centre educatiu o de comunitats m\u00e9s \u00e0mplies.<\/p>\n<p>Les tem\u00e0tiques que aborden els Objectius del Mil\u00b7lenni s\u00f3n la pobresa, la fam, la pau, la salut, l\u2019educaci\u00f3, les desigualtats, la inclusi\u00f3, la prosperitat econ\u00f2mica, la protecci\u00f3 del planeta, la lluita contra el canvi clim\u00e0tic, les ciutats i els territoris, l\u2019energia, el consum i la producci\u00f3 sostenibles i la governan\u00e7a.<\/p>\n<p><a href=\"http:\/\/projectes.xtec.cat\/eduhack\/wp-content\/uploads\/usu882\/2017\/05\/Objectius_Desenvolupament_Sostenible.jpg\"><img loading=\"lazy\" decoding=\"async\" class=\"aligncenter wp-image-8426 size-large\" src=\"http:\/\/projectes.xtec.cat\/eduhack\/wp-content\/uploads\/usu882\/2017\/05\/Objectius_Desenvolupament_Sostenible-1024x724.jpg\" alt=\"Objectius de Desenvolupament Sostenible\" width=\"1024\" height=\"724\" srcset=\"https:\/\/projectes.xtec.cat\/eduhack\/wp-content\/uploads\/usu882\/2017\/05\/Objectius_Desenvolupament_Sostenible-1024x724.jpg 1024w, https:\/\/projectes.xtec.cat\/eduhack\/wp-content\/uploads\/usu882\/2017\/05\/Objectius_Desenvolupament_Sostenible-300x212.jpg 300w, https:\/\/projectes.xtec.cat\/eduhack\/wp-content\/uploads\/usu882\/2017\/05\/Objectius_Desenvolupament_Sostenible-768x543.jpg 768w\" sizes=\"auto, (max-width: 1024px) 100vw, 1024px\" \/><\/a><\/p>\n","protected":false},"excerpt":{"rendered":"<p>El punt de partida de la 2a edici\u00f3 d\u2019EduHack s\u00f3n els\u00a0<a href=\"http:\/\/www.globalgoals.org\/\">Objectius de Desenvolupament Sostenible<\/a>\u00a0de les\u00a0Nacions Unides. Aquests objectius promouen un m\u00f3n m\u00e9s igualitari, digne i sostenible a partir de 17 reptes relacionats amb el medi ambient, la societat i l\u2019economia.<br \/>\nLes propostes de la 2a&hellip;  <a href=\"https:\/\/projectes.xtec.cat\/eduhack\/objectius-del-mileni\/\" title=\"Read Els Objectius del Mil\u00b7lenni\">Llegeix m\u00e9s\u00bb<\/a><\/p>\n","protected":false},"author":1,"featured_media":0,"parent":0,"menu_order":0,"comment_status":"closed","ping_status":"closed","template":"","meta":{"_bbp_topic_count":0,"_bbp_reply_count":0,"_bbp_total_topic_count":0,"_bbp_total_reply_count":0,"_bbp_voice_count":0,"_bbp_anonymous_reply_count":0,"_bbp_topic_count_hidden":0,"_bbp_reply_count_hidden":0,"_bbp_forum_subforum_count":0,"footnotes":""},"class_list":["post-8401","page","type-page","status-publish","hentry"],"post_mailing_queue_ids":[],"_links":{"self":[{"href":"https:\/\/projectes.xtec.cat\/eduhack\/wp-json\/wp\/v2\/pages\/8401","targetHints":{"allow":["GET"]}}],"collection":[{"href":"https:\/\/projectes.xtec.cat\/eduhack\/wp-json\/wp\/v2\/pages"}],"about":[{"href":"https:\/\/projectes.xtec.cat\/eduhack\/wp-json\/wp\/v2\/types\/page"}],"author":[{"embeddable":true,"href":"https:\/\/projectes.xtec.cat\/eduhack\/wp-json\/wp\/v2\/users\/1"}],"replies":[{"embeddable":true,"href":"https:\/\/projectes.xtec.cat\/eduhack\/wp-json\/wp\/v2\/comments?post=8401"}],"version-history":[{"count":3,"href":"https:\/\/projectes.xtec.cat\/eduhack\/wp-json\/wp\/v2\/pages\/8401\/revisions"}],"predecessor-version":[{"id":8527,"href":"https:\/\/projectes.xtec.cat\/eduhack\/wp-json\/wp\/v2\/pages\/8401\/revisions\/8527"}],"wp:attachment":[{"href":"https:\/\/projectes.xtec.cat\/eduhack\/wp-json\/wp\/v2\/media?parent=8401"}],"curies":[{"name":"wp","href":"https:\/\/api.w.org\/{rel}","templated":true}]}}