{"id":8456,"date":"2017-09-29T10:49:19","date_gmt":"2017-09-29T08:49:19","guid":{"rendered":"http:\/\/projectes.xtec.cat\/eduhack\/?page_id=8456"},"modified":"2017-10-16T10:29:33","modified_gmt":"2017-10-16T08:29:33","slug":"vull-participar","status":"publish","type":"page","link":"https:\/\/projectes.xtec.cat\/eduhack\/vull-participar\/","title":{"rendered":"Vull participar"},"content":{"rendered":"<p>Ets docent, futur docent, investigador o professional de la ind\u00fastria? Participa en la 2a edici\u00f3 d&#8217;EduHack!<\/p>\n<p>Nom\u00e9s cal que ompliu aquest <strong>formulari d&#8217;inscripci\u00f3. <\/strong>El per\u00edode d&#8217;inscripci\u00f3 estar\u00e0 obert del 9 al 29 d&#8217;octubre, ambd\u00f3s inclosos. Compartiu amb els vostres centres i companys aquesta oportunitat!<\/p>\n<p><iframe loading=\"lazy\" src=\"https:\/\/docs.google.com\/forms\/d\/e\/1FAIpQLSdjdIvxSyOT62j2VIMl2n-KDkOIXAhyA18NcXxHNuyGihl4BA\/viewform?embedded=true\" width=\"800\" height=\"1500\" frameborder=\"0\" marginwidth=\"0\" marginheight=\"0\">S&#8217;est\u00e0 carregant&#8230;<\/iframe><\/p>\n","protected":false},"excerpt":{"rendered":"<p>Ets docent, futur docent, investigador o professional de la ind\u00fastria? Participa en la 2a edici\u00f3 d&#8217;EduHack!<br \/>\nNom\u00e9s cal que ompliu aquest formulari d&#8217;inscripci\u00f3. El per\u00edode d&#8217;inscripci\u00f3 estar\u00e0 obert del 9 al 29 d&#8217;octubre, ambd\u00f3s inclosos. Compartiu amb els vostres centres i companys aquesta oportunitat!<br \/>\nS&#8217;est\u00e0 carregant&#8230;<\/p>\n","protected":false},"author":21,"featured_media":0,"parent":0,"menu_order":0,"comment_status":"closed","ping_status":"closed","template":"","meta":{"_bbp_topic_count":0,"_bbp_reply_count":0,"_bbp_total_topic_count":0,"_bbp_total_reply_count":0,"_bbp_voice_count":0,"_bbp_anonymous_reply_count":0,"_bbp_topic_count_hidden":0,"_bbp_reply_count_hidden":0,"_bbp_forum_subforum_count":0,"footnotes":""},"class_list":["post-8456","page","type-page","status-publish","hentry"],"post_mailing_queue_ids":[],"_links":{"self":[{"href":"https:\/\/projectes.xtec.cat\/eduhack\/wp-json\/wp\/v2\/pages\/8456","targetHints":{"allow":["GET"]}}],"collection":[{"href":"https:\/\/projectes.xtec.cat\/eduhack\/wp-json\/wp\/v2\/pages"}],"about":[{"href":"https:\/\/projectes.xtec.cat\/eduhack\/wp-json\/wp\/v2\/types\/page"}],"author":[{"embeddable":true,"href":"https:\/\/projectes.xtec.cat\/eduhack\/wp-json\/wp\/v2\/users\/21"}],"replies":[{"embeddable":true,"href":"https:\/\/projectes.xtec.cat\/eduhack\/wp-json\/wp\/v2\/comments?post=8456"}],"version-history":[{"count":4,"href":"https:\/\/projectes.xtec.cat\/eduhack\/wp-json\/wp\/v2\/pages\/8456\/revisions"}],"predecessor-version":[{"id":8751,"href":"https:\/\/projectes.xtec.cat\/eduhack\/wp-json\/wp\/v2\/pages\/8456\/revisions\/8751"}],"wp:attachment":[{"href":"https:\/\/projectes.xtec.cat\/eduhack\/wp-json\/wp\/v2\/media?parent=8456"}],"curies":[{"name":"wp","href":"https:\/\/api.w.org\/{rel}","templated":true}]}}