{"id":9,"date":"2014-09-12T10:15:01","date_gmt":"2014-09-12T10:15:01","guid":{"rendered":"http:\/\/projectes.xtec.cat\/eduhack\/?page_id=9"},"modified":"2021-01-27T12:08:58","modified_gmt":"2021-01-27T11:08:58","slug":"pagina-dinici-buida","status":"publish","type":"page","link":"https:\/\/projectes.xtec.cat\/eduhack\/","title":{"rendered":"Inici"},"content":{"rendered":"<h3>Projectes EduHack<\/h3>\n<div style=\"width: 100%; clear: both;\">\n<div style=\"padding: 10px 5px 10px 0px; font-family: inherit; font-weight: normal; font-size: 1em; line-height: 1.6; margin-bottom: 1.25em; text-rendering: optimizeLegibility;\"><strong>mSchools EduHack<\/strong> \u00e9s un proc\u00e9s de <strong>cocreaci\u00f3 a gran escala<\/strong> que connecta, inspira i capacita els docents per identificar i dissenyar <strong>experi\u00e8ncies innovadores<\/strong> per a l\u2019aula, el centre i la comunitat escolar amb l\u2019\u00fas de la tecnologia digital, basant-se en la metodologia del <strong>Design Thinking.<\/strong><\/div>\n<p>Eduhack va iniciar-se a gener de 2016 amb la participaci\u00f3 de diversos perfils professionals relacionats amb l&#8217;educaci\u00f3 (professors, estudiants, investigadors, t\u00e8cnics d&#8217;empreses&#8230;) amb la intenci\u00f3 de compartir idees i projectes did\u00e0ctics que col\u00b7laborar amb la transformaci\u00f3 digital del sector educatiu.<\/p>\n<p>El resultat del proc\u00e9s de disseny de les dues edicions ha estat un conjunt de projectes que han estat refinats i pilotats i que teniu al vostre abast per poder treballar a l&#8217;aula.<\/p>\n<div style='width:100%'>\n<div style='width:48%; float:left;'><a href='https:\/\/projectes.xtec.cat\/eduhack\/design-thinking\/' rel=\"noopener noreferrer\"><br \/>\n      <button style='font-size: 2.5rem; float:left; background-color:#6b3b93;width: 98%; padding:1%; margin: 1%; height:20vh'>Crea el teu propi projecte<\/button><\/a><\/div>\n<div style='width:48%; float:right;'><a href='https:\/\/projectes.xtec.cat\/eduhack\/projectes\/' rel=\"noopener noreferrer\"><br \/>\n       <button style='font-size: 2.5rem; float:right;background-color:#e66314;width: 98%; padding:1%; margin:1%; height:20vh'>Visualitzar els projectes pilotats<\/button><\/a><\/div>\n<\/div>\n<p><!--\n\n\n<div style=\"width: 40%; float: left; padding: 10px 0px 10px 5px;\">\n<button class=\"btn btn-info btn-lg\" style=\"background-color: #e2624f;\" type=\"button\" data-toggle=\"modal\" data-target=\"#infoModal\">Preinscripci\u00f3 a la jornada 11\/07\/2019\nde presentaci\u00f3 dels projectes pilotats<\/button><\/div>\n\n\n<\/div>\n\n\n--><br \/>\n<!-- Modal --><\/p>\n<div class=\"container\">\n<!--\n\n\n<div id=\"infoModal\" class=\"modal fade\" role=\"dialog\">\n\n\n<div class=\"modal-dialog\">\n\n\n\n<div class=\"modal-content\">\n\n\n<div class=\"modal-header\">\n\n<button class=\"close\" type=\"button\" data-dismiss=\"modal\">\u00d7<\/button>\n\n\n<h4 class=\"modal-title\">Jornada de presentaci\u00f3 dels projectes pilotats Eduhack 2a edici\u00f3.\n11 de juliol de 2019<\/h4>\n\n\n<\/div>\n\n\n\n\n<div class=\"modal-body\">Aquesta jornada correspon al tancament de la <strong>2a edici\u00f3 d'Eduhack<\/strong>, amb l'objectiu de donar a con\u00e8ixer els projectes pilotats i posar-los a disposici\u00f3 de tots els docents interessats en implementar-los als seus centres. Aix\u00ed mateix, es duran a terme tallers espec\u00edfics de <strong>Design Thinking<\/strong> dirigits a plantejar estrat\u00e8gies per portar a l'aula aquesta metodologia.La jornada est\u00e0 oberta a qualsevol docent interessat en el coneixement dels projectes Eduhack i en l'assist\u00e8ncia als tallers de Design Thinking.\n\nLa jornada es realitzar\u00e0 el dijous 11 de juliol de 10:00 a 14:00 a l'espai <strong><a href=\"https:\/\/goo.gl\/maps\/sjtfpeZcyt3FvFjh9\" target=\"_blank\" rel=\"noopener noreferrer\">BITAL<\/a>\u00a0<\/strong>(Carrer de Jos\u00e9 Agust\u00edn Goytisolo, 22, l'Hospitalet de Llobregat; al costat de Fira Gran Via)\n\nL'agenda \u00e9s la seg\u00fcent:\n\n\n<ul>\n \t\n\n<li>10:00 Benvinguda<\/li>\n\n\n \t\n\n<li>10:15 Fira de projectes. Estar\u00e0 oberta al llarg de tota la jornada<\/li>\n\n\n \t\n\n<li>10:15 a 11:45\u00a0Presentaci\u00f3 dels projectes<\/li>\n\n\n \t\n\n<li>12:00 a 12:40 Primer bloc de Tallers<\/li>\n\n\n \t\n\n<li>12:45 a 13:25 Segon bloc de Tallers<\/li>\n\n\n \t\n\n<li>13:30 Cloenda<\/li>\n\n\n<\/ul>\n\n\n<strong style=\"font-family: inherit; font-size: 1em;\">Si us registreu al formulari, rebreu un missatge cap a mitjans de juny per re-confirmar la vostra inscripci\u00f3 a la jornada<\/strong>\n\n<\/div>\n\n\n\n\n<div class=\"modal-body\">\n\n<a href=\"https:\/\/docs.google.com\/forms\/d\/e\/1FAIpQLSfwlcjy3AfDqN2mka6VT4hEUn6OaxydOXODQrQjfQrYviGLqA\/viewform\" target=\"_blank\" rel=\"noopener noreferrer\"><input type=\"button\" value=\"Acc\u00e9s al formulari de preinscripci\u00f3\" \/><\/a>\n<\/div>\n\n\n\n\n<div class=\"modal-footer\"><button class=\"btn btn-default\" type=\"button\" data-dismiss=\"modal\">Tanca<\/button><\/div>\n\n\n<\/div>\n\n\n<\/div>\n\n\n<\/div>\n\n\n<\/div>\n\n\n\n\n\n<h4>Projectes realitzats en el marc del projecte EduHack<\/h4>\n\n\n\n\n<div style=\"display: inline-block; margin: auto!important; width: 100%; padding: 0px; text-align: center;\"><iframe loading=\"lazy\" style=\"border: none;\" src=\"https:\/\/edumet.cat\/areatac\/presentacions\/index.php?ID=18gmSFZUAUnYyg0ZN3JkhM-JLEpTv-NeMLoDOZSfcQeo&config=ConfigProjectes\" width=\"100%\" height=\"1100px\"><\/iframe><\/div>\n\n\n\n--><\/p>\n","protected":false},"excerpt":{"rendered":"<p>Projectes EduHack<\/p>\n<p>mSchools EduHack \u00e9s un proc\u00e9s de cocreaci\u00f3 a gran escala que connecta, inspira i capacita els docents per identificar i dissenyar experi\u00e8ncies innovadores per a l\u2019aula, el centre i la comunitat escolar amb l\u2019\u00fas de la tecnologia digital, basant-se en la metodologia del Design&hellip;  <a href=\"https:\/\/projectes.xtec.cat\/eduhack\/\" title=\"Read Inici\">Llegeix m\u00e9s\u00bb<\/a><\/p>\n","protected":false},"author":1,"featured_media":0,"parent":7,"menu_order":0,"comment_status":"closed","ping_status":"closed","template":"page-templates\/front-page.php","meta":{"_bbp_topic_count":0,"_bbp_reply_count":0,"_bbp_total_topic_count":0,"_bbp_total_reply_count":0,"_bbp_voice_count":0,"_bbp_anonymous_reply_count":0,"_bbp_topic_count_hidden":0,"_bbp_reply_count_hidden":0,"_bbp_forum_subforum_count":0,"footnotes":""},"class_list":["post-9","page","type-page","status-publish","hentry"],"post_mailing_queue_ids":[],"_links":{"self":[{"href":"https:\/\/projectes.xtec.cat\/eduhack\/wp-json\/wp\/v2\/pages\/9","targetHints":{"allow":["GET"]}}],"collection":[{"href":"https:\/\/projectes.xtec.cat\/eduhack\/wp-json\/wp\/v2\/pages"}],"about":[{"href":"https:\/\/projectes.xtec.cat\/eduhack\/wp-json\/wp\/v2\/types\/page"}],"author":[{"embeddable":true,"href":"https:\/\/projectes.xtec.cat\/eduhack\/wp-json\/wp\/v2\/users\/1"}],"replies":[{"embeddable":true,"href":"https:\/\/projectes.xtec.cat\/eduhack\/wp-json\/wp\/v2\/comments?post=9"}],"version-history":[{"count":7,"href":"https:\/\/projectes.xtec.cat\/eduhack\/wp-json\/wp\/v2\/pages\/9\/revisions"}],"predecessor-version":[{"id":12366,"href":"https:\/\/projectes.xtec.cat\/eduhack\/wp-json\/wp\/v2\/pages\/9\/revisions\/12366"}],"up":[{"embeddable":true,"href":"https:\/\/projectes.xtec.cat\/eduhack\/wp-json\/wp\/v2\/pages\/7"}],"wp:attachment":[{"href":"https:\/\/projectes.xtec.cat\/eduhack\/wp-json\/wp\/v2\/media?parent=9"}],"curies":[{"name":"wp","href":"https:\/\/api.w.org\/{rel}","templated":true}]}}