{"id":8496,"date":"2020-01-24T10:27:14","date_gmt":"2020-01-24T09:27:14","guid":{"rendered":"https:\/\/projectes.xtec.cat\/encara-hi-som-a-temps\/?page_id=8496"},"modified":"2023-03-22T21:51:06","modified_gmt":"2023-03-22T20:51:06","slug":"encara-hi-som-a-temps","status":"publish","type":"page","link":"https:\/\/projectes.xtec.cat\/encara-hi-som-a-temps\/encara-hi-som-a-temps\/","title":{"rendered":"Encara hi som a temps"},"content":{"rendered":"<div style=\"font-size: 1.2em;\">\n<p>Cada cop hi ha m\u00e9s evid\u00e8ncies que el canvi clim\u00e0tic \u00e9s un problema que afecta a tot el m\u00f3n i es veu la necessitat d\u2019adoptar mesures urgents per evitar els seus efectes. Cada vegada amb m\u00e9s freq\u00fc\u00e8ncia se senten veus i es q\u00fcestiona efic\u00e0cia de les accions dutes a terme fins ara. Poder minvar els efectes d\u2019aquesta crisi mediambiental dep\u00e8n de tots els habitants del planeta, ja que \u00e9s conseq\u00fc\u00e8ncia de la pr\u00f2pia activitat humana. Cal que prenguem consci\u00e8ncia del moment en qu\u00e8 ens trobem i lluitem, individualment i col\u00b7lectivament per tal d\u2019aconseguir un canvi com a poble, com a pa\u00eds, com a continent\u2026<\/p>\n<div>\n<div style=\"width: 50%; padding: 1%; float: left;\"><iframe loading=\"lazy\" src=\"\/\/www.youtube.com\/embed\/vZ4pyFUqEaI\" width=\"426\" height=\"240\" frameborder=\"0\"><span data-mce-type=\"bookmark\" style=\"display: inline-block; width: 0px; overflow: hidden; line-height: 0;\" class=\"mce_SELRES_start\">\ufeff<\/span><span data-mce-type=\"bookmark\" style=\"display: inline-block; width: 0px; overflow: hidden; line-height: 0;\" class=\"mce_SELRES_start\">\ufeff<\/span><\/iframe><br \/>\n<em style=\"font-size: 0.8em;\">Projecte Dona La nota<\/em><\/div>\n<div style=\"width: 50%; padding: 1%; float: left;\"><iframe loading=\"lazy\" src=\"https:\/\/www.youtube.com\/embed\/_XmbHMNadaU\" width=\"426\" height=\"240\" frameborder=\"0\"><span data-mce-type=\"bookmark\" style=\"display: inline-block; width: 0px; overflow: hidden; line-height: 0;\" class=\"mce_SELRES_start\">\ufeff<\/span><span data-mce-type=\"bookmark\" style=\"display: inline-block; width: 0px; overflow: hidden; line-height: 0;\" class=\"mce_SELRES_start\">\ufeff<\/span><\/iframe><br \/>\n<em style=\"font-size: 0.8em;\">Webinar DONA LA NOTA<\/em><\/div>\n<p>&nbsp;<br \/>\nInfants, fam\u00edlies i poblaci\u00f3 en general anem adquirint i consensuant i prenent petites decisions en el dia a dia (un seguit d\u2019h\u00e0bits) que contribueixen a\u00a0 fer un consum i un m\u00f3n m\u00e9s sostenible. Hem de ser conscients per\u00f2, que amb aix\u00f2 no n\u2019hi ha prou, cal un canvi de prioritats, cal un canvi de lleis, cal impulsar la utilitzaci\u00f3 de les energies renovables\u2026. La lluita contra el canvi clim\u00e0tic \u00e9s un dels principals desafiaments a qu\u00e8 s\u2019encara la humanitat del segle XXI \u00a0i aix\u00f2 no ho aconseguirem si els nostres governs no fan un pas endavant respecte aquestes mesures.<\/p>\n<blockquote><p>\u201cLa cultura de la sostenibilitat \u00e9s un element b\u00e0sic en el capital social d&#8217;un pa\u00eds. L&#8217;educaci\u00f3 cap al desenvolupament sostenible no es tracta d&#8217;una activitat de mera transmissi\u00f3 de coneixements, sin\u00f3 de capacitaci\u00f3 dels ciutadans per analitzar les possibles solucions als reptes ambientals, econ\u00f2mics i socials.\u201d<\/p>\n<p>&#8211;Agenda 2030 per al desenvolupament sostenible<\/p><\/blockquote>\n<\/div>\n<div style=\"font-size: 1.2em;\">\n<p><img loading=\"lazy\" decoding=\"async\" class=\"size-full wp-image-8504 aligncenter\" src=\"https:\/\/projectes.xtec.cat\/encara-hi-som-a-temps\/wp-content\/uploads\/usu2084\/2020\/01\/ods17ca.png\" alt=\"\" width=\"741\" height=\"373\" srcset=\"https:\/\/projectes.xtec.cat\/encara-hi-som-a-temps\/wp-content\/uploads\/usu2084\/2020\/01\/ods17ca.png 741w, https:\/\/projectes.xtec.cat\/encara-hi-som-a-temps\/wp-content\/uploads\/usu2084\/2020\/01\/ods17ca-300x151.png 300w\" sizes=\"auto, (max-width: 741px) 100vw, 741px\" \/><\/p>\n<p>Per enfortir la resposta global a l\u2019amena\u00e7a del canvi clim\u00e0tic, els pa\u00efsos adoptaren l\u2019acord de Par\u00eds, que va entrar en vigor el novembre del 2016. Amb aquest acord, tots els pa\u00efsos acordaren prendre mesures. La implementaci\u00f3 d&#8217;aquest acord \u00e9s essencial per assolir els ODS.\u00a0Aquest projecte s\u2019alinea amb\u00a0 iniciatives com \u201cPla nacional per a la implementaci\u00f3 de l&#8217;Agenda 2030 a Catalunya\u201d. El Pla nacional per a l\u2019Agenda 2030 t\u00e9 com a objectiu la implementaci\u00f3 de l&#8217;Agenda 2030 a Catalunya, vetllant per l\u2019assoliment dels <strong>17 Objectius per al Desenvolupament Sostenible (ODS)<\/strong> mitjan\u00e7ant les pol\u00edtiques p\u00fabliques impulsades per la Generalitat de Catalunya. La seva elaboraci\u00f3 \u00e9s una actuaci\u00f3 recollida als plans de Govern de la XI i la XII legislatures. El car\u00e0cter transversal de la lluita contra el canvi clim\u00e0tic fa indispensable crear sinergies en tots els \u00e0mbits. Amb aquesta intenci\u00f3\u00a0 Molts centres de Catalunya participen des de fa temps del projecte \u201cescoles verdes\u201d. El programa escoles verdes sorgeix com un comprom\u00eds per donar suport \u201cals centres educatius de Catalunya que volen innovar, incloure, avan\u00e7ar, sistematitzar i organitzar accions educatives que tinguin la finalitat d&#8217;afrontar, des de l&#8217;educaci\u00f3, els nous reptes i valors de la sostenibilitat.\u201d<\/p>\n<p>El projecte es fonamenta en el lema <strong>\u201cDONA LA NOTA, encara hi som a temps\u201d<\/strong>. El punt de partida \u00e9s la proposta inicial del CdA Pau Casals, que s\u2019amplia amb la participaci\u00f3 d\u2019altres serveis de la Direcci\u00f3 General d\u2019Innovaci\u00f3, Recerca i Cultura Digital que pren el comprom\u00eds de lidera aquesta iniciativa, difondre-la, impulsar-la i destinar-hi els recursos necessaris.<\/p>\n<p>En aquest espai virtual trobareu diferents propostes de treball per participar. Us proposem petits reptes a fer al voltant del canvi clim\u00e0tic i possibles mesures per a la millora del medi ambient i tamb\u00e9 us convidem a cantar tots plegats la can\u00e7\u00f3 &#8221; No ens desdibuixeu&#8221;. Trobareu tota la informaci\u00f3 dins aquesta plataforma.<\/p>\n<p>&nbsp;<\/p>\n<\/div>\n<\/div>\n","protected":false},"excerpt":{"rendered":"<p>Cada cop hi ha m\u00e9s evid\u00e8ncies que el canvi clim\u00e0tic \u00e9s un problema que afecta a tot el m\u00f3n i es veu la necessitat d\u2019adoptar mesures urgents per evitar els seus efectes. Cada vegada amb m\u00e9s freq\u00fc\u00e8ncia se senten veus i es q\u00fcestiona efic\u00e0cia de&hellip;  <a href=\"https:\/\/projectes.xtec.cat\/encara-hi-som-a-temps\/encara-hi-som-a-temps\/\" title=\"Read Encara hi som a temps\">Llegeix m\u00e9s\u00bb<\/a><\/p>\n","protected":false},"author":1,"featured_media":0,"parent":0,"menu_order":0,"comment_status":"closed","ping_status":"closed","template":"page-templates\/side-menu.php","meta":{"_bbp_topic_count":0,"_bbp_reply_count":0,"_bbp_total_topic_count":0,"_bbp_total_reply_count":0,"_bbp_voice_count":0,"_bbp_anonymous_reply_count":0,"_bbp_topic_count_hidden":0,"_bbp_reply_count_hidden":0,"_bbp_forum_subforum_count":0,"footnotes":""},"class_list":["post-8496","page","type-page","status-publish","hentry"],"post_mailing_queue_ids":[],"_links":{"self":[{"href":"https:\/\/projectes.xtec.cat\/encara-hi-som-a-temps\/wp-json\/wp\/v2\/pages\/8496","targetHints":{"allow":["GET"]}}],"collection":[{"href":"https:\/\/projectes.xtec.cat\/encara-hi-som-a-temps\/wp-json\/wp\/v2\/pages"}],"about":[{"href":"https:\/\/projectes.xtec.cat\/encara-hi-som-a-temps\/wp-json\/wp\/v2\/types\/page"}],"author":[{"embeddable":true,"href":"https:\/\/projectes.xtec.cat\/encara-hi-som-a-temps\/wp-json\/wp\/v2\/users\/1"}],"replies":[{"embeddable":true,"href":"https:\/\/projectes.xtec.cat\/encara-hi-som-a-temps\/wp-json\/wp\/v2\/comments?post=8496"}],"version-history":[{"count":5,"href":"https:\/\/projectes.xtec.cat\/encara-hi-som-a-temps\/wp-json\/wp\/v2\/pages\/8496\/revisions"}],"predecessor-version":[{"id":9251,"href":"https:\/\/projectes.xtec.cat\/encara-hi-som-a-temps\/wp-json\/wp\/v2\/pages\/8496\/revisions\/9251"}],"wp:attachment":[{"href":"https:\/\/projectes.xtec.cat\/encara-hi-som-a-temps\/wp-json\/wp\/v2\/media?parent=8496"}],"curies":[{"name":"wp","href":"https:\/\/api.w.org\/{rel}","templated":true}]}}