{"id":8592,"date":"2020-01-27T12:22:42","date_gmt":"2020-01-27T11:22:42","guid":{"rendered":"https:\/\/projectes.xtec.cat\/encara-hi-som-a-temps\/?page_id=8592"},"modified":"2023-03-22T21:51:06","modified_gmt":"2023-03-22T20:51:06","slug":"sumem-i-canviem","status":"publish","type":"page","link":"https:\/\/projectes.xtec.cat\/encara-hi-som-a-temps\/sumem-i-canviem\/","title":{"rendered":"Sumem i canviem"},"content":{"rendered":"<p>&nbsp;<\/p>\n<table style=\"height: 451px;\">\n<tbody>\n<tr style=\"height: 227px;\">\n<td style=\"height: 227px; width: 320px;\"><img loading=\"lazy\" decoding=\"async\" class=\"wp-image-8615 aligncenter\" src=\"https:\/\/projectes.xtec.cat\/encara-hi-som-a-temps\/wp-content\/uploads\/usu2084\/2020\/01\/Segell-sumat-al-desembossat.png\" alt=\"\" width=\"136\" height=\"201\" srcset=\"https:\/\/projectes.xtec.cat\/encara-hi-som-a-temps\/wp-content\/uploads\/usu2084\/2020\/01\/Segell-sumat-al-desembossat.png 272w, https:\/\/projectes.xtec.cat\/encara-hi-som-a-temps\/wp-content\/uploads\/usu2084\/2020\/01\/Segell-sumat-al-desembossat-203x300.png 203w\" sizes=\"auto, (max-width: 136px) 100vw, 136px\" \/><\/td>\n<td style=\"height: 227px; width: 757px;\">\n<h3><strong>DesemBOSSA&#8217;t<\/strong><\/h3>\n<p>Ens vols ajudar a aconseguir un planeta lliure de bosses de pl\u00e0stic?<br \/>\nPorta a terme el projecte desembossa\u2019t al teu municipi. Involucra les escoles, l\u2019ajuntament, els comer\u00e7os, les entitats\u2026<br \/>\nSi treballem en xarxa aconseguirem acabar amb els pl\u00e0stics que ofeguen el planeta.<\/p>\n<p><strong><a href=\"https:\/\/serveiseducatius.xtec.cat\/cda-empuries\/projecte-desembossat\/\" target=\"_blank\" rel=\"noopener noreferrer\">M\u00e9s informaci\u00f3<\/a><\/strong><\/td>\n<\/tr>\n<tr style=\"height: 224px;\">\n<td style=\"height: 224px; width: 320px;\"><img loading=\"lazy\" decoding=\"async\" class=\"alignnone size-full wp-image-8616\" src=\"https:\/\/projectes.xtec.cat\/encara-hi-som-a-temps\/wp-content\/uploads\/usu2084\/2020\/01\/contrueix-apilo.jpg\" alt=\"\" width=\"300\" height=\"205\" \/><\/td>\n<td style=\"height: 224px; width: 757px;\">\n<h3><strong>Apilo<\/strong><\/h3>\n<p>Ets una part fonamental de la Missi\u00f3 Apilo XII: has d&#8217;encarregar-te de localitzar, recollir i portar als punts de recollida selectiva Apilo totes les piles, bateries i acumuladors esgotats que puguis perqu\u00e8 es reciclin correctament. Pot ser que et sembli f\u00e0cil, per\u00f2 t&#8217;espera una tasca plena d&#8217;aventures.<\/p>\n<p><a href=\"http:\/\/www.apilo.cat\/\"><strong>M\u00e9s informaci\u00f3<\/strong><\/a><\/td>\n<\/tr>\n<tr style=\"height: 224px;\">\n<td style=\"height: 224px; width: 320px;\">\n<img loading=\"lazy\" decoding=\"async\" class=\"alignnone size-full wp-image-8616\" src=\"https:\/\/projectes.xtec.cat\/encara-hi-som-a-temps\/wp-content\/uploads\/usu2084\/2020\/06\/equipEducatiu_transpM.png\" alt=\"\" width=\"300\" height=\"205\" \/><\/td>\n<td style=\"height: 224px; width: 757px;\">\n<h3><strong>Fent Xarxa al Bages per l&#8217;Educaci\u00f3 Ambiental &#8211; Els projectes compartits<\/strong><\/h3>\n<p>El Camp d&#8217;Aprenentatge del Bages, el Consorci del Bages per a la gesti\u00f3 de residus i la Fundaci\u00f3 Aig\u00fces de Manresa-Junta de la S\u00e8quia, conjuntament amb diversos centres educatius de la comarca, treballen en la modalitat dels Projectes compartits per donar a con\u00e8ixer la gesti\u00f3 de recursos geol\u00f2gics, de l&#8217;aigua i dels residus i fomentar h\u00e0bits de minimitzaci\u00f3 de l&#8217;impacte de les persones en el medi.<\/p>\n<p><a href=\"https:\/\/serveiseducatius.xtec.cat\/cda-bages\/modalitats\/projectes-compartits\/\"><strong>M\u00e9s informaci\u00f3<\/strong><\/a><\/td>\n<\/tr>\n<\/tbody>\n<\/table>\n","protected":false},"excerpt":{"rendered":"<p>&nbsp;<\/p>\n<p>DesemBOSSA&#8217;t<br \/>\nEns vols ajudar a aconseguir un planeta lliure de bosses de pl\u00e0stic?<br \/>\nPorta a terme el projecte desembossa\u2019t al teu municipi. Involucra les escoles, l\u2019ajuntament, els comer\u00e7os, les entitats\u2026<br \/>\nSi treballem en xarxa aconseguirem acabar amb els pl\u00e0stics que ofeguen el planeta.<br \/>\n<a href=\"https:\/\/serveiseducatius.xtec.cat\/cda-empuries\/projecte-desembossat\/\" target=\"_blank\" rel=\"noopener noreferrer\">M\u00e9s informaci\u00f3<\/a><\/p>\n<p>Apilo<br \/>\nEts&hellip;  <a href=\"https:\/\/projectes.xtec.cat\/encara-hi-som-a-temps\/sumem-i-canviem\/\" title=\"Read Sumem i canviem\">Llegeix m\u00e9s\u00bb<\/a><\/p>\n","protected":false},"author":1,"featured_media":0,"parent":0,"menu_order":0,"comment_status":"closed","ping_status":"closed","template":"","meta":{"_bbp_topic_count":0,"_bbp_reply_count":0,"_bbp_total_topic_count":0,"_bbp_total_reply_count":0,"_bbp_voice_count":0,"_bbp_anonymous_reply_count":0,"_bbp_topic_count_hidden":0,"_bbp_reply_count_hidden":0,"_bbp_forum_subforum_count":0,"footnotes":""},"class_list":["post-8592","page","type-page","status-publish","hentry"],"post_mailing_queue_ids":[],"_links":{"self":[{"href":"https:\/\/projectes.xtec.cat\/encara-hi-som-a-temps\/wp-json\/wp\/v2\/pages\/8592","targetHints":{"allow":["GET"]}}],"collection":[{"href":"https:\/\/projectes.xtec.cat\/encara-hi-som-a-temps\/wp-json\/wp\/v2\/pages"}],"about":[{"href":"https:\/\/projectes.xtec.cat\/encara-hi-som-a-temps\/wp-json\/wp\/v2\/types\/page"}],"author":[{"embeddable":true,"href":"https:\/\/projectes.xtec.cat\/encara-hi-som-a-temps\/wp-json\/wp\/v2\/users\/1"}],"replies":[{"embeddable":true,"href":"https:\/\/projectes.xtec.cat\/encara-hi-som-a-temps\/wp-json\/wp\/v2\/comments?post=8592"}],"version-history":[{"count":4,"href":"https:\/\/projectes.xtec.cat\/encara-hi-som-a-temps\/wp-json\/wp\/v2\/pages\/8592\/revisions"}],"predecessor-version":[{"id":9259,"href":"https:\/\/projectes.xtec.cat\/encara-hi-som-a-temps\/wp-json\/wp\/v2\/pages\/8592\/revisions\/9259"}],"wp:attachment":[{"href":"https:\/\/projectes.xtec.cat\/encara-hi-som-a-temps\/wp-json\/wp\/v2\/media?parent=8592"}],"curies":[{"name":"wp","href":"https:\/\/api.w.org\/{rel}","templated":true}]}}