{"id":8814,"date":"2020-02-12T17:31:13","date_gmt":"2020-02-12T16:31:13","guid":{"rendered":"https:\/\/projectes.xtec.cat\/encara-hi-som-a-temps\/?page_id=8814"},"modified":"2023-03-22T21:51:06","modified_gmt":"2023-03-22T20:51:06","slug":"cantem-no-ens-desdibuixeu","status":"publish","type":"page","link":"https:\/\/projectes.xtec.cat\/encara-hi-som-a-temps\/cantem-no-ens-desdibuixeu\/","title":{"rendered":"Cantem &#8220;No ens desdibuixeu&#8221;"},"content":{"rendered":"<div>\n<div style=\"float: left; width: 33%;\">\n<p>El dia 5 de juny de 2020 a les 11:00 del mat\u00ed, coincidint amb la diada del medi ambient es van fer sentir les veus de tothom cantant la can\u00e7\u00f3 <strong>No Ens Desdibuixeu<\/strong> del Petit Taller de Can\u00e7ons.<\/p>\n<p><strong>M\u00e9s de 300 centres educatius i m\u00e9s de 70.000 alumnes hi van participar des de casa<\/strong><\/p>\n<\/div>\n<div style=\"float: right; width: 66%;\">\n<p style=\"text-align: right; margin-bottom: 0px!important;\"><iframe loading=\"lazy\" src=\"https:\/\/www.youtube.com\/embed\/z5csyfS5B_o\" width=\"640\" height=\"360\" frameborder=\"0\"><\/iframe><\/p>\n<p style=\"text-align: center;\"><em style=\"font-size: 0.8em;\">Videoclip subtitulat en altres idiomes per poder visualitzar el projecte fora del nostre pa\u00eds.<\/em><\/p>\n<\/div>\n<\/div>\n<div>\n<iframe src=\"https:\/\/edumet.cat\/areatac\/presentacions\/index_json.php?id=107KFDG1CGNCSd9O6B5JLfrOhYOUijyXGQSDRz8YrgXA&#038;config=ConfigCan%C3%A7o\" style=\"width:100%;height:600px;border:1px solid #cacaca\"><\/iframe>\n<\/div>\n","protected":false},"excerpt":{"rendered":"<p>El dia 5 de juny de 2020 a les 11:00 del mat\u00ed, coincidint amb la diada del medi ambient es van fer sentir les veus de tothom cantant la can\u00e7\u00f3 No Ens Desdibuixeu del Petit Taller de Can\u00e7ons.<br \/>\nM\u00e9s de 300 centres educatius i m\u00e9s de&hellip;  <a href=\"https:\/\/projectes.xtec.cat\/encara-hi-som-a-temps\/cantem-no-ens-desdibuixeu\/\" title=\"Read Cantem &#8220;No ens desdibuixeu&#8221;\">Llegeix m\u00e9s\u00bb<\/a><\/p>\n","protected":false},"author":1,"featured_media":0,"parent":0,"menu_order":0,"comment_status":"closed","ping_status":"closed","template":"","meta":{"_bbp_topic_count":0,"_bbp_reply_count":0,"_bbp_total_topic_count":0,"_bbp_total_reply_count":0,"_bbp_voice_count":0,"_bbp_anonymous_reply_count":0,"_bbp_topic_count_hidden":0,"_bbp_reply_count_hidden":0,"_bbp_forum_subforum_count":0,"footnotes":""},"class_list":["post-8814","page","type-page","status-publish","hentry"],"post_mailing_queue_ids":[],"_links":{"self":[{"href":"https:\/\/projectes.xtec.cat\/encara-hi-som-a-temps\/wp-json\/wp\/v2\/pages\/8814","targetHints":{"allow":["GET"]}}],"collection":[{"href":"https:\/\/projectes.xtec.cat\/encara-hi-som-a-temps\/wp-json\/wp\/v2\/pages"}],"about":[{"href":"https:\/\/projectes.xtec.cat\/encara-hi-som-a-temps\/wp-json\/wp\/v2\/types\/page"}],"author":[{"embeddable":true,"href":"https:\/\/projectes.xtec.cat\/encara-hi-som-a-temps\/wp-json\/wp\/v2\/users\/1"}],"replies":[{"embeddable":true,"href":"https:\/\/projectes.xtec.cat\/encara-hi-som-a-temps\/wp-json\/wp\/v2\/comments?post=8814"}],"version-history":[{"count":5,"href":"https:\/\/projectes.xtec.cat\/encara-hi-som-a-temps\/wp-json\/wp\/v2\/pages\/8814\/revisions"}],"predecessor-version":[{"id":9245,"href":"https:\/\/projectes.xtec.cat\/encara-hi-som-a-temps\/wp-json\/wp\/v2\/pages\/8814\/revisions\/9245"}],"wp:attachment":[{"href":"https:\/\/projectes.xtec.cat\/encara-hi-som-a-temps\/wp-json\/wp\/v2\/media?parent=8814"}],"curies":[{"name":"wp","href":"https:\/\/api.w.org\/{rel}","templated":true}]}}