{"id":8941,"date":"2020-02-25T09:52:20","date_gmt":"2020-02-25T08:52:20","guid":{"rendered":"https:\/\/projectes.xtec.cat\/encara-hi-som-a-temps\/?page_id=8941"},"modified":"2023-03-22T21:51:06","modified_gmt":"2023-03-22T20:51:06","slug":"repte-1","status":"publish","type":"page","link":"https:\/\/projectes.xtec.cat\/encara-hi-som-a-temps\/reptes\/repte-1\/","title":{"rendered":"Repte 1: Ens comprometem a millorar la gesti\u00f3 de recursos energ\u00e8tics al centre!!!!"},"content":{"rendered":"<p><span style=\"font-family: inherit; font-size: 1em;\">Per a fer front a l&#8217;emerg\u00e8ncia clim\u00e0tica, a partir del mes de mar\u00e7, ENS COMPROMETEM A millorar la gesti\u00f3 de recursos energ\u00e8tics al centre!!!!<\/span><\/p>\n<h3>Qu\u00e8 podem fer?<\/h3>\n<p>Per poder saber l&#8217;estalvi mitj\u00e0 de consum continuat que aconseguirem en un mes, necessitarem disposar del consum que es fa d&#8217;aigua, electricitat i\/o gas de cada setmana.<\/p>\n<ol>\n<li>Determineu quin \u00e9s l&#8217;estalvi d&#8217;aigua, electricitat i\/o gas<\/li>\n<li>Anoteu del vostre comptador quin \u00e9s el consum els dilluns al mat\u00ed,i torneu a anotar el consum la propera setmana a la mateixa hora<\/li>\n<li>A final de mes, feu la mitjana aritm\u00e8tica de les lectures de totes les setmanes (de cada font de subministrament)<\/li>\n<li>Registreu les mitjanes en aquest <a href=\"https:\/\/forms.gle\/JCVHYmi6DSvzkVTJ7\" target=\"_blank\" rel=\"noopener noreferrer\">formulari.<\/a> Podreu visualitzar les dades recollides <a href=\"https:\/\/edumet.cat\/areatac\/p2\/index.php?ID=107KFDG1CGNCSd9O6B5JLfrOhYOUijyXGQSDRz8YrgXA&amp;config=ConfigReptes&amp;fltr=[Repte=Repte%201:%20Millorar%20la%20gesti%C3%B3%20de%20recursos%20(Mar%C3%A7)]\">aqu\u00ed<\/a><\/li>\n<\/ol>\n<p><a href=\"https:\/\/projectes.xtec.cat\/steamcat\/portada\/endollat-a-leficiencia-dia-mundial-de-leficiencia-energetica\/\"><img loading=\"lazy\" decoding=\"async\" class=\"alignleft wp-image-9001 size-medium\" src=\"https:\/\/projectes.xtec.cat\/encara-hi-som-a-temps\/wp-content\/uploads\/usu2084\/2020\/02\/Efici\u00e8ncia-Energ\u00e8tica-300x212.jpg\" alt=\"\" width=\"300\" height=\"212\" srcset=\"https:\/\/projectes.xtec.cat\/encara-hi-som-a-temps\/wp-content\/uploads\/usu2084\/2020\/02\/Efici\u00e8ncia-Energ\u00e8tica-300x212.jpg 300w, https:\/\/projectes.xtec.cat\/encara-hi-som-a-temps\/wp-content\/uploads\/usu2084\/2020\/02\/Efici\u00e8ncia-Energ\u00e8tica-768x543.jpg 768w, https:\/\/projectes.xtec.cat\/encara-hi-som-a-temps\/wp-content\/uploads\/usu2084\/2020\/02\/Efici\u00e8ncia-Energ\u00e8tica-1024x724.jpg 1024w, https:\/\/projectes.xtec.cat\/encara-hi-som-a-temps\/wp-content\/uploads\/usu2084\/2020\/02\/Efici\u00e8ncia-Energ\u00e8tica.jpg 1121w\" sizes=\"auto, (max-width: 300px) 100vw, 300px\" \/><\/a><\/p>\n<p><span style=\"font-size: 27px;\"><b>Recursos per treballar a l&#8217;aula l&#8217;estalvi energ\u00e8tic:<\/b><\/span><\/p>\n<ul>\n<li><a href=\"https:\/\/projectes.xtec.cat\/steamcat\/portada\/endollat-a-leficiencia-dia-mundial-de-leficiencia-energetica\/\" target=\"_blank\" rel=\"noopener noreferrer\">la pro<\/a><a href=\"https:\/\/projectes.xtec.cat\/steamcat\/portada\/endollat-a-leficiencia-dia-mundial-de-leficiencia-energetica\/\" target=\"_blank\" rel=\"noopener noreferrer\">poSTEAM<\/a><\/li>\n<li style=\"font-weight: 400;\"><a href=\"http:\/\/icaen.gencat.cat\/ca\/l_icaen\/campanyes\/la-marato\/\" target=\"_blank\" rel=\"noopener noreferrer\"><span style=\"font-weight: 400;\">Marat\u00f3 de l&#8217;Estalvi Energ\u00e8tic<\/span><\/a>. C<span style=\"font-weight: 400;\">ampanya de sensibilitzac<br \/>\ni\u00f3 i bones pr\u00e0ctiques en el consum d&#8217;energia en ens i administracions p\u00fabliques<\/span><\/li>\n<li><a href=\"https:\/\/docs.google.com\/spreadsheets\/d\/1vfU216Ijo34ezRlAt67CiGnKFvmZPWFTM5aJ7VaAt3M\/template\/preview\" target=\"_blank\" rel=\"noopener noreferrer\">Calculadora d&#8217;estalvi<\/a>. Eina que permet recollir dades i calcular la mitjana d&#8217;estalvi energ\u00e8tic (us podeu fer una c\u00f2pia)<\/li>\n<\/ul>\n<p><span style=\"font-weight: 400;\"><span style=\"font-family: inherit; font-size: 1em;\">RECORDEU!! el comprom\u00eds continua!!!!<\/span><\/span><\/p>\n","protected":false},"excerpt":{"rendered":"<p>Per a fer front a l&#8217;emerg\u00e8ncia clim\u00e0tica, a partir del mes de mar\u00e7, ENS COMPROMETEM A millorar la gesti\u00f3 de recursos energ\u00e8tics al centre!!!!<br \/>\nQu\u00e8 podem fer?<br \/>\nPer poder saber l&#8217;estalvi mitj\u00e0 de consum continuat que aconseguirem en un mes, necessitarem disposar del consum que es fa&hellip;  <a href=\"https:\/\/projectes.xtec.cat\/encara-hi-som-a-temps\/reptes\/repte-1\/\" title=\"Read Repte 1: Ens comprometem a millorar la gesti\u00f3 de recursos energ\u00e8tics al centre!!!!\">Llegeix m\u00e9s\u00bb<\/a><\/p>\n","protected":false},"author":1,"featured_media":0,"parent":8597,"menu_order":1,"comment_status":"closed","ping_status":"closed","template":"page-templates\/side-menu.php","meta":{"_bbp_topic_count":0,"_bbp_reply_count":0,"_bbp_total_topic_count":0,"_bbp_total_reply_count":0,"_bbp_voice_count":0,"_bbp_anonymous_reply_count":0,"_bbp_topic_count_hidden":0,"_bbp_reply_count_hidden":0,"_bbp_forum_subforum_count":0,"footnotes":""},"class_list":["post-8941","page","type-page","status-publish","hentry"],"post_mailing_queue_ids":[],"_links":{"self":[{"href":"https:\/\/projectes.xtec.cat\/encara-hi-som-a-temps\/wp-json\/wp\/v2\/pages\/8941","targetHints":{"allow":["GET"]}}],"collection":[{"href":"https:\/\/projectes.xtec.cat\/encara-hi-som-a-temps\/wp-json\/wp\/v2\/pages"}],"about":[{"href":"https:\/\/projectes.xtec.cat\/encara-hi-som-a-temps\/wp-json\/wp\/v2\/types\/page"}],"author":[{"embeddable":true,"href":"https:\/\/projectes.xtec.cat\/encara-hi-som-a-temps\/wp-json\/wp\/v2\/users\/1"}],"replies":[{"embeddable":true,"href":"https:\/\/projectes.xtec.cat\/encara-hi-som-a-temps\/wp-json\/wp\/v2\/comments?post=8941"}],"version-history":[{"count":5,"href":"https:\/\/projectes.xtec.cat\/encara-hi-som-a-temps\/wp-json\/wp\/v2\/pages\/8941\/revisions"}],"predecessor-version":[{"id":9002,"href":"https:\/\/projectes.xtec.cat\/encara-hi-som-a-temps\/wp-json\/wp\/v2\/pages\/8941\/revisions\/9002"}],"up":[{"embeddable":true,"href":"https:\/\/projectes.xtec.cat\/encara-hi-som-a-temps\/wp-json\/wp\/v2\/pages\/8597"}],"wp:attachment":[{"href":"https:\/\/projectes.xtec.cat\/encara-hi-som-a-temps\/wp-json\/wp\/v2\/media?parent=8941"}],"curies":[{"name":"wp","href":"https:\/\/api.w.org\/{rel}","templated":true}]}}