{"id":9041,"date":"2020-03-31T10:30:37","date_gmt":"2020-03-31T08:30:37","guid":{"rendered":"https:\/\/projectes.xtec.cat\/encara-hi-som-a-temps\/?page_id=9041"},"modified":"2023-03-22T21:51:06","modified_gmt":"2023-03-22T20:51:06","slug":"repte-2","status":"publish","type":"page","link":"https:\/\/projectes.xtec.cat\/encara-hi-som-a-temps\/reptes\/repte-2\/","title":{"rendered":"Repte 2. Fem una petita acci\u00f3 des de casa !!!!"},"content":{"rendered":"<div>\n<p><a href=\"https:\/\/projectes.xtec.cat\/encara-hi-som-a-temps\/wp-content\/uploads\/usu2084\/2020\/04\/dona-la-nota-2020-desde-casa-banner.jpg\"><img loading=\"lazy\" decoding=\"async\" src=\"https:\/\/projectes.xtec.cat\/encara-hi-som-a-temps\/wp-content\/uploads\/usu2084\/2020\/04\/dona-la-nota-2020-desde-casa-banner-1024x256.jpg\" alt=\"Dona la Nota des de casa\" width=\"1024\" height=\"256\" class=\"alignnone size-large wp-image-9091\" srcset=\"https:\/\/projectes.xtec.cat\/encara-hi-som-a-temps\/wp-content\/uploads\/usu2084\/2020\/04\/dona-la-nota-2020-desde-casa-banner-1024x256.jpg 1024w, https:\/\/projectes.xtec.cat\/encara-hi-som-a-temps\/wp-content\/uploads\/usu2084\/2020\/04\/dona-la-nota-2020-desde-casa-banner-300x75.jpg 300w, https:\/\/projectes.xtec.cat\/encara-hi-som-a-temps\/wp-content\/uploads\/usu2084\/2020\/04\/dona-la-nota-2020-desde-casa-banner-768x192.jpg 768w\" sizes=\"auto, (max-width: 1024px) 100vw, 1024px\" \/><\/a><\/p>\n<p>Benvolguts i Benvolgudes,<\/p>\n<p>primer de tot desitjar-vos que estigueu b\u00e9 en aquests dies de confinament a casa.<\/p>\n<p>Aquests dies el projecte &#8220;<strong>DONA LA NOTA<\/strong>, encara hi som a temps\u201d pren m\u00e9s sentit que mai i per aix\u00f2 \u00a0<strong>ENS COMPROMETEM A FER UNA PETITA ACCI\u00d3 D&#8217;ESTALVI DE CONSUM ENERG\u00c8TIC<\/strong> i animem als centres educatius a qu\u00e8 convideu als vostres alumnes, fam\u00edlies i amics a qu\u00e8 s&#8217;hi apuntin.<\/p>\n<p><strong>Qu\u00e8 podem fer?<\/strong><\/p>\n<p>Feu petits v\u00eddeos des de casa on es mostrin mesures d\u2019estalvi energ\u00e8tic en fam\u00edlia.<\/p>\n<p>Podeu fer-ne difusi\u00f3 d\u2019aquests v\u00eddeos mitjan\u00e7ant les vostres xarxes socials o fent-los arribar al portal <a href=\"https:\/\/projectes.xtec.cat\/encara-hi-som-a-temps\/reptes\/\">DONA LA NOTA, encara hi som a temps<\/a>\u00a0mitjan\u00e7ant el\u00a0<a href=\"https:\/\/forms.gle\/JCVHYmi6DSvzkVTJ7\">formulari<\/a>.<\/p>\n<p>Les vostres fam\u00edlies i alumnes tamb\u00e9 poden fer stories d&#8217;Instagram o facebook reptant a altres a fer accions d\u2019estalvi energ\u00e8tic o cantant la can\u00e7\u00f3 <a href=\"https:\/\/projectes.xtec.cat\/encara-hi-som-a-temps\/cantem-no-ens-desdibuixeu\/\">No Ens Desdibuixeu<\/a>.<\/p>\n<p>&nbsp;<\/p>\n<p><strong>Com puc fer aquests reptes:<\/strong><\/p>\n<p>1r\u00a0Punt d\u2019inici:\u00a0penseu qu\u00e8 podeu fer cada dia per estalviar electricitat.<\/p>\n<p>2n\u00a0Enregistreu un petit v\u00eddeo:\u00a0enregistreu l\u2019acci\u00f3 i l\u2019expliqueu en un petit v\u00eddeo de 10 segons.<\/p>\n<p>3r Creeu una nova story de facebook o instagram<\/p>\n<p>4t Afegiu l\u2019etiqueta @donalanota<\/p>\n<p>5\u00e8 Escriviu \u201cM\u2019ha nominat\u201d i la persona que us nomina @elseunom<\/p>\n<p>6\u00e8 Escriu \u201cnomino a:\u201d @les persones que nomines<\/p>\n<p>7\u00e8 Afegint-hi els coixinets: #donalanota2020 #encarahisomatemps\u00a0#noensdesdibuixeu<\/p>\n<p style=\"text-align: center;\">\n<\/div>\n<p style=\"text-align: center;\"><iframe loading=\"lazy\" src=\"\/\/www.youtube.com\/embed\/J_eTbVv_Mjk\" width=\"560\" height=\"315\" frameborder=\"0\"><\/iframe><\/p>\n<div style=\"text-align: center;\">\n<p>&nbsp;<\/p>\n<\/div>\n<div style=\"text-align: center;\"><\/div>\n<div><\/div>\n<div><\/div>\n","protected":false},"excerpt":{"rendered":"<p><a href=\"https:\/\/projectes.xtec.cat\/encara-hi-som-a-temps\/wp-content\/uploads\/usu2084\/2020\/04\/dona-la-nota-2020-desde-casa-banner.jpg\"><\/a><br \/>\nBenvolguts i Benvolgudes,<br \/>\nprimer de tot desitjar-vos que estigueu b\u00e9 en aquests dies de confinament a casa.<br \/>\nAquests dies el projecte &#8220;DONA LA NOTA, encara hi som a temps\u201d pren m\u00e9s sentit que mai i per aix\u00f2 \u00a0ENS COMPROMETEM A FER UNA PETITA ACCI\u00d3 D&#8217;ESTALVI DE&hellip;  <a href=\"https:\/\/projectes.xtec.cat\/encara-hi-som-a-temps\/reptes\/repte-2\/\" title=\"Read Repte 2. Fem una petita acci\u00f3 des de casa !!!!\">Llegeix m\u00e9s\u00bb<\/a><\/p>\n","protected":false},"author":1,"featured_media":0,"parent":8597,"menu_order":2,"comment_status":"closed","ping_status":"closed","template":"page-templates\/side-menu.php","meta":{"_bbp_topic_count":0,"_bbp_reply_count":0,"_bbp_total_topic_count":0,"_bbp_total_reply_count":0,"_bbp_voice_count":0,"_bbp_anonymous_reply_count":0,"_bbp_topic_count_hidden":0,"_bbp_reply_count_hidden":0,"_bbp_forum_subforum_count":0,"footnotes":""},"class_list":["post-9041","page","type-page","status-publish","hentry"],"post_mailing_queue_ids":[],"_links":{"self":[{"href":"https:\/\/projectes.xtec.cat\/encara-hi-som-a-temps\/wp-json\/wp\/v2\/pages\/9041","targetHints":{"allow":["GET"]}}],"collection":[{"href":"https:\/\/projectes.xtec.cat\/encara-hi-som-a-temps\/wp-json\/wp\/v2\/pages"}],"about":[{"href":"https:\/\/projectes.xtec.cat\/encara-hi-som-a-temps\/wp-json\/wp\/v2\/types\/page"}],"author":[{"embeddable":true,"href":"https:\/\/projectes.xtec.cat\/encara-hi-som-a-temps\/wp-json\/wp\/v2\/users\/1"}],"replies":[{"embeddable":true,"href":"https:\/\/projectes.xtec.cat\/encara-hi-som-a-temps\/wp-json\/wp\/v2\/comments?post=9041"}],"version-history":[{"count":4,"href":"https:\/\/projectes.xtec.cat\/encara-hi-som-a-temps\/wp-json\/wp\/v2\/pages\/9041\/revisions"}],"predecessor-version":[{"id":9092,"href":"https:\/\/projectes.xtec.cat\/encara-hi-som-a-temps\/wp-json\/wp\/v2\/pages\/9041\/revisions\/9092"}],"up":[{"embeddable":true,"href":"https:\/\/projectes.xtec.cat\/encara-hi-som-a-temps\/wp-json\/wp\/v2\/pages\/8597"}],"wp:attachment":[{"href":"https:\/\/projectes.xtec.cat\/encara-hi-som-a-temps\/wp-json\/wp\/v2\/media?parent=9041"}],"curies":[{"name":"wp","href":"https:\/\/api.w.org\/{rel}","templated":true}]}}