{"id":10023,"date":"2024-05-06T08:36:35","date_gmt":"2024-05-06T06:36:35","guid":{"rendered":"https:\/\/projectes.xtec.cat\/ere\/?page_id=10023"},"modified":"2024-05-07T09:04:40","modified_gmt":"2024-05-07T07:04:40","slug":"talent-creatiu-i-empresa-2023-24","status":"publish","type":"page","link":"https:\/\/projectes.xtec.cat\/ere\/talent-creatiu-i-empresa\/talent-creatiu-i-empresa-2023-24\/","title":{"rendered":"Talent creatiu i empresa 2023\/24"},"content":{"rendered":"<p><strong>Talent Creatiu i Empresa<\/strong><\/p>\n<p><a href=\"https:\/\/projectes.xtec.cat\/ere\/wp-content\/uploads\/usu2534\/2021\/09\/TCE-2.jpg\"><img loading=\"lazy\" decoding=\"async\" class=\" wp-image-8474 alignleft\" src=\"https:\/\/projectes.xtec.cat\/ere\/wp-content\/uploads\/usu2534\/2021\/09\/TCE-2-150x150.jpg\" alt=\"Logo del Talent Creatiu i Empresa\" width=\"151\" height=\"151\" srcset=\"https:\/\/projectes.xtec.cat\/ere\/wp-content\/uploads\/usu2534\/2021\/09\/TCE-2-150x150.jpg 150w, https:\/\/projectes.xtec.cat\/ere\/wp-content\/uploads\/usu2534\/2021\/09\/TCE-2-300x300.jpg 300w, https:\/\/projectes.xtec.cat\/ere\/wp-content\/uploads\/usu2534\/2021\/09\/TCE-2-1024x1024.jpg 1024w, https:\/\/projectes.xtec.cat\/ere\/wp-content\/uploads\/usu2534\/2021\/09\/TCE-2-768x768.jpg 768w, https:\/\/projectes.xtec.cat\/ere\/wp-content\/uploads\/usu2534\/2021\/09\/TCE-2.jpg 1090w\" sizes=\"auto, (max-width: 151px) 100vw, 151px\" \/><\/a>El programa Talent creatiu i empresa fomenta la realitzaci\u00f3 de projectes que desenvolupin estrat\u00e8gies de relaci\u00f3 en el camp de la innovaci\u00f3 i l\u2019intercanvi de coneixement entre els centres docents d\u2019arts pl\u00e0stiques i disseny i les empreses, institucions i entitats que permetin als estudiants integrar en el seu aprenentatge l\u2019entorn real d\u2019un ambient laboral. Tamb\u00e9 fomenta l\u2019adquisici\u00f3 d\u2019h\u00e0bits de relacions humanes a l\u2019empresa: el treball en equip, l\u2019orientaci\u00f3 cap al client, el sentit d\u2019iniciativa i l\u2019esperit emprenedor, la cultura d\u2019empresa, la innovaci\u00f3 tecnol\u00f2gica i els perfils professionals, entre d\u2019altres.<\/p>\n<p><span style=\"font-family: inherit; font-size: 1em;\">Projectes que han merescut el reconeixement d\u2019empreses i entitats que han participat en el Programa \u201cTalent creatiu i empresa\u201d.<\/span><\/p>\n<ul>\n<li><a href=\"https:\/\/projectes.xtec.cat\/ere\/talent-creatiu-i-empresa\/talent-creatiu-i-empresa-2023-24\/tce-2023-24-entitats\/\" target=\"_blank\" rel=\"noopener\">Entitats<\/a><\/li>\n<li><a href=\"https:\/\/projectes.xtec.cat\/ere\/talent-creatiu-i-empresa\/talent-creatiu-i-empresa-2023-24\/tce-2023-24-empreses\/\" target=\"_blank\" rel=\"noopener\">Empreses<\/a><\/li>\n<li><a href=\"https:\/\/projectes.xtec.cat\/ere\/talent-creatiu-i-empresa\/talent-creatiu-i-empresa-2023-24\/tce-2023-24-institucions\/\" target=\"_blank\" rel=\"noopener\">Institucions<\/a><\/li>\n<\/ul>\n<p><a href=\"https:\/\/projectes.xtec.cat\/ere\/talent-creatiu-i-empresa\/talent-creatiu-i-empresa-2023-24\/tce-2023-24-galeria-dimatges-i-videos\/\" target=\"_blank\" rel=\"noopener\">Galeria d&#8217;imatges i v\u00eddeos<\/a><\/p>\n<hr \/>\n<p style=\"text-align: center;\"><strong>Entitats, empreses i institucions col\u00b7laboradores<\/strong><\/p>\n<p><a href=\"https:\/\/projectes.xtec.cat\/ere\/wp-content\/uploads\/usu2534\/2024\/05\/TCE-empreses.jpg\"><img loading=\"lazy\" decoding=\"async\" class=\" wp-image-10174 aligncenter\" src=\"https:\/\/projectes.xtec.cat\/ere\/wp-content\/uploads\/usu2534\/2024\/05\/TCE-empreses.jpg\" alt=\"Entitats, empreses i institucions col\u00b7laboradores\" width=\"756\" height=\"409\" srcset=\"https:\/\/projectes.xtec.cat\/ere\/wp-content\/uploads\/usu2534\/2024\/05\/TCE-empreses.jpg 1080w, https:\/\/projectes.xtec.cat\/ere\/wp-content\/uploads\/usu2534\/2024\/05\/TCE-empreses-300x162.jpg 300w, https:\/\/projectes.xtec.cat\/ere\/wp-content\/uploads\/usu2534\/2024\/05\/TCE-empreses-1024x554.jpg 1024w, https:\/\/projectes.xtec.cat\/ere\/wp-content\/uploads\/usu2534\/2024\/05\/TCE-empreses-768x415.jpg 768w\" sizes=\"auto, (max-width: 756px) 100vw, 756px\" \/><\/a><\/p>\n","protected":false},"excerpt":{"rendered":"<p>Talent Creatiu i Empresa<br \/>\n<a href=\"https:\/\/projectes.xtec.cat\/ere\/wp-content\/uploads\/usu2534\/2021\/09\/TCE-2.jpg\"><\/a>El programa Talent creatiu i empresa fomenta la realitzaci\u00f3 de projectes que desenvolupin estrat\u00e8gies de relaci\u00f3 en el camp de la innovaci\u00f3 i l\u2019intercanvi de coneixement entre els centres docents d\u2019arts pl\u00e0stiques i disseny i les empreses, institucions i entitats que&hellip;  <a href=\"https:\/\/projectes.xtec.cat\/ere\/talent-creatiu-i-empresa\/talent-creatiu-i-empresa-2023-24\/\" title=\"Read Talent creatiu i empresa 2023\/24\">Llegeix m\u00e9s\u00bb<\/a><\/p>\n","protected":false},"author":1,"featured_media":0,"parent":9008,"menu_order":5,"comment_status":"closed","ping_status":"closed","template":"page-templates\/side-menu.php","meta":{"_bbp_topic_count":0,"_bbp_reply_count":0,"_bbp_total_topic_count":0,"_bbp_total_reply_count":0,"_bbp_voice_count":0,"_bbp_anonymous_reply_count":0,"_bbp_topic_count_hidden":0,"_bbp_reply_count_hidden":0,"_bbp_forum_subforum_count":0,"footnotes":""},"class_list":["post-10023","page","type-page","status-publish","hentry"],"post_mailing_queue_ids":[],"_links":{"self":[{"href":"https:\/\/projectes.xtec.cat\/ere\/wp-json\/wp\/v2\/pages\/10023","targetHints":{"allow":["GET"]}}],"collection":[{"href":"https:\/\/projectes.xtec.cat\/ere\/wp-json\/wp\/v2\/pages"}],"about":[{"href":"https:\/\/projectes.xtec.cat\/ere\/wp-json\/wp\/v2\/types\/page"}],"author":[{"embeddable":true,"href":"https:\/\/projectes.xtec.cat\/ere\/wp-json\/wp\/v2\/users\/1"}],"replies":[{"embeddable":true,"href":"https:\/\/projectes.xtec.cat\/ere\/wp-json\/wp\/v2\/comments?post=10023"}],"version-history":[{"count":6,"href":"https:\/\/projectes.xtec.cat\/ere\/wp-json\/wp\/v2\/pages\/10023\/revisions"}],"predecessor-version":[{"id":10175,"href":"https:\/\/projectes.xtec.cat\/ere\/wp-json\/wp\/v2\/pages\/10023\/revisions\/10175"}],"up":[{"embeddable":true,"href":"https:\/\/projectes.xtec.cat\/ere\/wp-json\/wp\/v2\/pages\/9008"}],"wp:attachment":[{"href":"https:\/\/projectes.xtec.cat\/ere\/wp-json\/wp\/v2\/media?parent=10023"}],"curies":[{"name":"wp","href":"https:\/\/api.w.org\/{rel}","templated":true}]}}