{"id":10028,"date":"2024-05-06T09:35:03","date_gmt":"2024-05-06T07:35:03","guid":{"rendered":"https:\/\/projectes.xtec.cat\/ere\/?page_id=10028"},"modified":"2024-05-06T09:35:03","modified_gmt":"2024-05-06T07:35:03","slug":"tce-2023-24-entitats","status":"publish","type":"page","link":"https:\/\/projectes.xtec.cat\/ere\/talent-creatiu-i-empresa\/talent-creatiu-i-empresa-2023-24\/tce-2023-24-entitats\/","title":{"rendered":"TCE 2023\/24 Entitats"},"content":{"rendered":"<p><span style=\"text-decoration: underline;\"><strong>ENTITATS<\/strong><\/span><\/p>\n<p><strong>FAPAES <\/strong><em>(Federaci\u00f3 d\u2019Associacions de Mares i Pares d\u2019Alumnes d\u2019estudis sufragats amb fons p\u00fablics no universitaris de Catalunya)<\/em><\/p>\n<p><strong>Reconeixement: <\/strong>\u00a0Melanie Qui\u00f1ones i Martina Liu Verg\u00e9s. EA PAU GARGALLO<\/p>\n<p><strong>Projecte: <\/strong>Disseny dels materials de suport digital per a la campanya de captaci\u00f3 de donacions i de patrocinis de FAPAES.<\/p>\n<p><strong>Argumentaci\u00f3 de la comissi\u00f3: <\/strong>L&#8217;equip guanyador ha resolt amb professionalitat l&#8217;enc\u00e0rrec per part de FAPAES perqu\u00e8, per una banda, ha sabut interpretar l&#8217;esperit de la nostra Federaci\u00f3 amb l&#8217;esl\u00f2gan proposat per a la campanya, que real\u00e7a l&#8217;eix de la participaci\u00f3. D\u2019altra banda, es destaca el bon disseny de les\u00a0 plantilles per a les xarxes socials i el disseny dels p\u00f2sters i\u00a0<em>flyers, <\/em>\u00a0que mostren un estil clar i equilibrat, adequat als suggeriments que s\u2019havien exposat en les reunions de treball.<\/p>\n<p><strong>\u201cALAS Y VIENTO\u201d \/ AMICS UNESCO BARCELONA<\/strong><\/p>\n<p><strong>Reconeixement: Projecte <\/strong>L\u2019ART D\u2019EMMASCARAR<strong>. <\/strong>Pol Guerrero. EA ARSENAL.<\/p>\n<p><strong>Projecte: <\/strong>Disseny d&#8217;un cartell per a la Mostra permanent de la col\u00b7lecci\u00f3 Alas y Viento a la seu d&#8217;Amics per la Unesco de Barcelona.<\/p>\n<p><strong>Argumentaci\u00f3 de la comissi\u00f3: <\/strong>Inspirat en la pintura d\u2019Antoni T\u00e0pies, L\u2019ART D\u2019EMMASCARAR \u00e9s un treball MOLT valorable, modern, imaginatiu i talent\u00f3s. Ben lligats els conceptes M\u00e0scares\/Barcelona\/Art i cultura i, per tant, UNESCO. Ha obtingut la millor suma de puntuaci\u00f3 general de la Comissi\u00f3 de valoraci\u00f3 de tots els presentats aquest curs al nostre enc\u00e0rrec.<\/p>\n<p><strong>DRET A MORIR DIGNAMENT (DMD). <\/strong><\/p>\n<p><strong>Reconeixement:\u00a0 <\/strong>Marina Ramos, Judit Solanelles i Laura Caro. EA LA GASPAR.<\/p>\n<p><strong>Projecte:<\/strong> Elaboraci\u00f3 d\u2019infografies per explicar els drets al final de la vida en entorns juvenils: instituts, universitats, col\u00b7legis majors, entitats juvenils lligades a l\u2019oci, etc.<\/p>\n<p><strong>Argumentaci\u00f3 de la comissi\u00f3: <\/strong>La infografia seleccionada resumeix clarament i breu els drets fonamentals del final de la vida amb un llenguatge adequat per al p\u00fablic juvenil i amb unes il\u00b7lustracions inclusives i originals.<\/p>\n<p><strong>Menci\u00f3: <\/strong>Maria Massagu\u00e9, Noa Parra, Cl\u00e0udia Fern\u00e0ndez. EA LA GASPAR.<\/p>\n<p><strong>Argumentaci\u00f3 de la Comissi\u00f3: <\/strong>A m\u00e9s de l\u2019adequaci\u00f3 del contingut, que comparteix amb totes les propostes de l\u2019 EA LA GASPAR, destaca el toc d\u2019humor i enginy de les il.lustracions.<\/p>\n<p><strong>INS<\/strong><strong>TITUT DE RECERCA BIOM\u00c8DICA DE BARCELONA.<\/strong><\/p>\n<p><strong>Reconeixement: <\/strong>\u00c0ngels Lopez, Arnau Rodr\u00edguez i Noa Exp\u00f2sito. EA ARSENAL.<\/p>\n<p><strong>Projecte:<\/strong> Creaci\u00f3 de tres p\u00f2sters per divulgar la Jornada de Portes Obertes de l\u2019IRB Barcelona a tres p\u00fablics diferents: escoles, centres c\u00edvics i investigadors de l\u2019institut. A m\u00e9s, es demana dissenyar un <em>roll up<\/em> situat a l\u2019entrada de l\u2019esdeveniment que convidi a la ciutadania a participar-hi.<\/p>\n<p><strong>Argumentaci\u00f3 de la comissi\u00f3: <\/strong>Donem el reconeixement a una proposta divulgativa que ha aconseguit encaixar el concepte de Jornada de Portes Obertes d\u2019una instituci\u00f3 de recerca en biomedicina a trav\u00e9s d\u2019uns grafismes din\u00e0mics i amb un \u00fas excepcional i molt encertat dels colors corporatius de la Instituci\u00f3. Tant els p\u00f2sters com el <em>roll up<\/em> aporten la informaci\u00f3 necess\u00e0ria de manera molt visual i conviden a participar en l\u2019esdeveniment.<\/p>\n<p><strong>Menci\u00f3: <\/strong>\u00c1dali Bermudez, Mar\u00eda Men\u00e9ndez i Celia Pulpillo. EA PAU GARGALLO.<\/p>\n<p><strong>TEATRE NACIONAL DE CATALUNYA<\/strong><\/p>\n<p><strong>Reconeixement ex-aequo per a:<\/strong><\/p>\n<ul>\n<li>Projecte ENROLLA\u2019T: Maria P\u00e9rez, S\u00edlvia Vargas, Sara Secall, Karla Alanzor i Marta Mu\u00f1oz. EA PAU GARGALLO<\/li>\n<li>Pojecte TNC: Ainhoa Canseco, Aina Clavell, Maria Jim\u00e9nez i Ariadna Vargas, EA DEI\u00c0<\/li>\n<\/ul>\n<p><strong>Projecte:<\/strong> Dissenyar elements i\/o mobiliari perqu\u00e8 el vest\u00edbul aculli les activitats per a fam\u00edlies i grups de prim\u00e0ria.<\/p>\n<p><strong>Argumentaci\u00f3 de la comissi\u00f3:<\/strong><\/p>\n<ul>\n<li>Projecte ENROTLLA\u2019T: Instal\u00b7laci\u00f3 de columnes desplegables amb jocs integrats. La proposta respon a totes les consignes donades. Respecten una imatge corporativa que afavoreix la integraci\u00f3 de les estructures. \u00c9s molt vers\u00e0til, respecta els espais de pas i motiva la interacci\u00f3 dels infants amb les seves propostes de joc.<\/li>\n<li>Projecte TNC: Instal\u00b7laci\u00f3 de cubs amb formes de teatrins de diferents mides per seure i jugar i d\u2019unes estructures amb forma de les lletres T, N, C, aptes per dibuixar-hi.Aconsegueix generar un espai acollidor, mantenint la relaci\u00f3 conceptual amb el teatre. A destacar el treball en la preparaci\u00f3 del dossier, amb tots els detalls de mides, materials, pl\u00e0nols, pressupost i altres especificacions.<\/li>\n<\/ul>\n<p><strong>Menci\u00f3: <\/strong>El m\u00f3n de Mila i Sham, de Alba Mart\u00ednez. EA VILANOVA I LA GELTR\u00da.<\/p>\n<p><strong>MACBA (MUSEU D\u2019ART CONTEMPORANI DE BARCELONA). LAIE.<\/strong><\/p>\n<p><strong>Reconeixement ex-aequo per a:<\/strong><\/p>\n<ul>\n<li>Projecte ENCAIX. Adina Pantea. EA ESARDI.<\/li>\n<li>Projecte CUBIQUE. Mehreen Tahir. EA ESARDI.<\/li>\n<\/ul>\n<p><strong>Projecte: <\/strong>Disseny d&#8217;un moble amb dos m\u00f2duls independents, o b\u00e9 de dos mobles, de recollida i posterior retorn dels llibres sol\u00b7licitats en pr\u00e9stec a la biblioteca.<\/p>\n<p><strong>Argumentaci\u00f3 de la comissi\u00f3:<\/strong><\/p>\n<ul>\n<li>ENCAIX, d\u2019Adina Pantea, destaca per la seva funcionalitat en els processos de recollida i retorn dels llibres. S\u2019ha valorat especialment el sistema de devoluci\u00f3 adre\u00e7at a garantir la bona conservaci\u00f3 dels documents, gr\u00e0cies a l\u2019\u00fas de diversos calaixos individuals amb un mecanisme de porta basculant. A m\u00e9s, el disseny modular dels dos mobles independents permet diferents ocupacions de l\u2019espai.<\/li>\n<li>CUBIQUE, de Mehreen Tahir, destaca pel seu disseny flexible que permet ocupar l\u2019espai amb diferents configuracions adaptables a l\u2019activitat del Centre d\u2019Estudis i Documentaci\u00f3. \u00c9s una proposta inspirada en la col\u00b7lecci\u00f3 del MACBA, que potencia l\u2019ambient alegre i proper que busquem per a l\u2019espai familiar i de lectura. Malgrat el seu volum, no envaeix espacialment gr\u00e0cies a la seva transpar\u00e8ncia. Des del punt de vista funcional, permet realitzar tant la recollida com el retorn dels llibres. Ambdues propostes han estat igualment valorades en la mesura que, amb algunes adaptacions de disseny o funcionalitat, s\u00f3n projectes viables que es podrien produir i situar a l\u2019espai del CED.<\/li>\n<\/ul>\n<p><strong>Menci\u00f3:\u00a0 <\/strong>Projecte L\u00c4SA. Llu\u00eds Corvos Rivera, Eloi Martinez Miras, Lluna Doroteo Jim\u00e9nez, Anna Gonz\u00e1lez Martinez, Jenifer D\u00edaz Carrillo, Joan Miquel Peig, Gisela Caparr\u00f3s Luna. Escola REGINA CARMELI.<\/p>\n<p><strong>Argumentaci\u00f3 de la comissi\u00f3: <\/strong>El moble de recollida de llibres L\u00c4SA mereix una especial menci\u00f3 per ser l\u2019\u00fanic que permet al p\u00fablic recollir el llibre sol\u00b7licitat de forma aut\u00f2noma i ben resolta. L\u00c4SA aporta una soluci\u00f3 d\u2019obertura d\u2019armariets amb un codi electr\u00f2nic que s\u2019envia per mail i no requereix la depend\u00e8ncia de claus f\u00edsiques.<\/p>\n<p><strong style=\"font-family: inherit; font-size: 1em;\">INSTITUT DE RECERCA SANT JOAN DE D\u00c9U. FUNDACI\u00d3 RECERCA SANT JOAN DE D\u00c9U<\/strong><\/p>\n<p><strong>Reconeixement: <\/strong>Montse D\u00edaz Romeu . EA LA GASPAR.<\/p>\n<p><strong>Projecte:<\/strong> Disseny del guard\u00f3 que es lliurar\u00e0 als investigadors\/es en els Premis de la Recerca de l\u2019Institut de Recerca Sant Joan de D\u00e9u.<\/p>\n<p><strong>Argumentaci\u00f3 de la comissi\u00f3: <\/strong>Considerem que la Montse D\u00edaz ha creat un guard\u00f3 que s\u2019alluny\u00e0 del concepte cl\u00e0ssic, per crear una obra d\u2019art que combina la natura i la vida. Fa del guard\u00f3 un element viu, que serveix tant de reconeixement com d\u2019element decoratiu. Creiem que la seva interpretaci\u00f3 del lema del nostre institut queda pal\u00e8s en la proposta presentada.<\/p>\n<p><strong>Menci\u00f3: <\/strong>Eva Garc\u00eda Sayago. EA MASSANA.<\/p>\n<p><strong>Argumentaci\u00f3 de la comissi\u00f3: <\/strong>\u00a0Ens ha semblat una interpretaci\u00f3 del nostre lema que juga amb elements cient\u00edfics, els portaobjectes, donant-los un valor art\u00edstic i conceptual.<\/p>\n","protected":false},"excerpt":{"rendered":"<p>ENTITATS<br \/>\nFAPAES (Federaci\u00f3 d\u2019Associacions de Mares i Pares d\u2019Alumnes d\u2019estudis sufragats amb fons p\u00fablics no universitaris de Catalunya)<br \/>\nReconeixement: \u00a0Melanie Qui\u00f1ones i Martina Liu Verg\u00e9s. EA PAU GARGALLO<br \/>\nProjecte: Disseny dels materials de suport digital per a la campanya de captaci\u00f3 de donacions i de patrocinis de FAPAES.<br \/>\nArgumentaci\u00f3&hellip;  <a href=\"https:\/\/projectes.xtec.cat\/ere\/talent-creatiu-i-empresa\/talent-creatiu-i-empresa-2023-24\/tce-2023-24-entitats\/\" title=\"Read TCE 2023\/24 Entitats\">Llegeix m\u00e9s\u00bb<\/a><\/p>\n","protected":false},"author":1,"featured_media":0,"parent":10023,"menu_order":1,"comment_status":"closed","ping_status":"closed","template":"","meta":{"_bbp_topic_count":0,"_bbp_reply_count":0,"_bbp_total_topic_count":0,"_bbp_total_reply_count":0,"_bbp_voice_count":0,"_bbp_anonymous_reply_count":0,"_bbp_topic_count_hidden":0,"_bbp_reply_count_hidden":0,"_bbp_forum_subforum_count":0,"footnotes":""},"class_list":["post-10028","page","type-page","status-publish","hentry"],"post_mailing_queue_ids":[],"_links":{"self":[{"href":"https:\/\/projectes.xtec.cat\/ere\/wp-json\/wp\/v2\/pages\/10028","targetHints":{"allow":["GET"]}}],"collection":[{"href":"https:\/\/projectes.xtec.cat\/ere\/wp-json\/wp\/v2\/pages"}],"about":[{"href":"https:\/\/projectes.xtec.cat\/ere\/wp-json\/wp\/v2\/types\/page"}],"author":[{"embeddable":true,"href":"https:\/\/projectes.xtec.cat\/ere\/wp-json\/wp\/v2\/users\/1"}],"replies":[{"embeddable":true,"href":"https:\/\/projectes.xtec.cat\/ere\/wp-json\/wp\/v2\/comments?post=10028"}],"version-history":[{"count":3,"href":"https:\/\/projectes.xtec.cat\/ere\/wp-json\/wp\/v2\/pages\/10028\/revisions"}],"predecessor-version":[{"id":10037,"href":"https:\/\/projectes.xtec.cat\/ere\/wp-json\/wp\/v2\/pages\/10028\/revisions\/10037"}],"up":[{"embeddable":true,"href":"https:\/\/projectes.xtec.cat\/ere\/wp-json\/wp\/v2\/pages\/10023"}],"wp:attachment":[{"href":"https:\/\/projectes.xtec.cat\/ere\/wp-json\/wp\/v2\/media?parent=10028"}],"curies":[{"name":"wp","href":"https:\/\/api.w.org\/{rel}","templated":true}]}}