{"id":10030,"date":"2024-05-06T09:35:05","date_gmt":"2024-05-06T07:35:05","guid":{"rendered":"https:\/\/projectes.xtec.cat\/ere\/?page_id=10030"},"modified":"2024-05-06T09:37:32","modified_gmt":"2024-05-06T07:37:32","slug":"tce-2023-24-empreses","status":"publish","type":"page","link":"https:\/\/projectes.xtec.cat\/ere\/talent-creatiu-i-empresa\/talent-creatiu-i-empresa-2023-24\/tce-2023-24-empreses\/","title":{"rendered":"TCE 2023\/24 Empreses"},"content":{"rendered":"<p><strong><u>EMPRESES<\/u><\/strong><\/p>\n<p><strong>CREC COWORKING<\/strong><\/p>\n<p><strong>Reconeixement: <\/strong>Giselle Molina. EA ILLA<\/p>\n<p><strong>Projecte:<\/strong> Disseny de fa\u00e7anes amb significat per a l\u2019espai que CREC COWORKING t\u00e9 al Barri de Bar\u00f3 de Viver, Barcelona.<\/p>\n<p><strong>Argumentaci\u00f3 de la comissi\u00f3:<\/strong> Per la seva proposta de fa\u00e7ana, creativa, simb\u00f2lica, i per la seva presentaci\u00f3 molt espec\u00edfica, completa i detallada.<\/p>\n<p><strong>GRUP TAELUS\/CANAL TARONJA TV<\/strong><\/p>\n<p><strong>Reconeixement ex-aequo per a:<\/strong><\/p>\n<p>Judit Porras i Viktoriia Blagodyr. INS JAUME MIM\u00d3.<\/p>\n<p>Pablo Foncubierta, Alba Segarra i Noa Doblas.\u00a0 EA EDRA.<\/p>\n<p><strong>Projecte:<\/strong> Crear careta, kayrons i cortineta del programa de Canal Taronja Central TV \u201cBarra lliure\u201d en el seu 25\u00e8 aniversari.<\/p>\n<p><strong>Argumentaci\u00f3 de la comissi\u00f3:<\/strong><\/p>\n<p><span style=\"font-family: inherit; font-size: 1em;\">Donem el reconeixement Ex-aequo a dos grups d\u2019alumnes perqu\u00e8 hem vist que, un d\u2019ells, el d\u2019EA EDRA, ha anat m\u00e9s enll\u00e0 de la idea inicial. Ha creat un slogan i ha donat la possibilitat d\u2019adaptar a tenir careta amb 25 anys i sense. Es tracta d\u2019una iniciativa original.<\/span><\/p>\n<p>L\u2019altre reconeixement ex-aequo ser\u00e0 per al grup de Cerdanyola, INS JAUME MIM\u00d3, que ha donat un caire nou al seu projecte convertint-lo en quelcom m\u00e9s que una careta: una promoci\u00f3 del programa.Valorem la seva originalitat.<\/p>\n<p><strong>PUNUMU, SL &#8211;\u00a0 DBAMB\u00da\u00ae <\/strong><\/p>\n<p><strong>Reconeixement: <\/strong>Projecte \u201cSILV\u00c0TICA\u201d. Joan Francesc \u201cSiscu\u201d Caball\u00e9 Barrera. EA ESARDI.<\/p>\n<p><strong>Projecte:<\/strong> Estructura de jard\u00ed per crear un espai d\u2019ombra entre 4 i 6 m<sup>2<\/sup><\/p>\n<p><strong>Argumentaci\u00f3 de la comissi\u00f3: <\/strong>Per la seva forma original, per la possibilitat d\u2019enlla\u00e7ar 2 o m\u00e9s m\u00f2duls i perqu\u00e8 creiem que \u00e9s el treball que millor s\u2019adapta al que deman\u00e0vem.<\/p>\n<p><strong>Menci\u00f3: <\/strong>Projecte \u201c\u00d2PTIC\u201d, M\u00edriam Mart\u00ednez, Irina G\u00f3mez i Bianca Voina. EA REUS.<\/p>\n<p><strong>PUNUMU, SL &#8211;\u00a0 DBAMB\u00da\u00ae <\/strong><\/p>\n<p><strong>Reconeixement: <\/strong>Pol Monta\u00f1o. Escola GROC.<\/p>\n<p><strong>Projecte:<\/strong> Entrada, transici\u00f3 i kyron per als v\u00eddeos del nostre canal de YouTube.<\/p>\n<p><strong>Argumentaci\u00f3 de la comissi\u00f3: <\/strong>Potser no \u00e9s el treball m\u00e9s espectacular, per\u00f2 creiem que \u00e9s el que millor es pot adaptar als nostres v\u00eddeos, per l\u2019entrada curta i molt visual i un kyron din\u00e0mic i clar.<\/p>\n<p><strong>COCKTAIL TIME BY GERARD RUIZ i ARTESANIA MARC\u00d3 SL<\/strong><\/p>\n<p><strong>Reconeixement: <\/strong>\u00a0Projecte CEL ROGENT. Alina S\u00e1nchez-Blanco i Mart\u00ed, Albert Jim\u00e9nez i Rivas i John-Arnau Jarayseh Orgaz. EA MASSANA.<\/p>\n<p><strong>Projecte:<\/strong> Crear envasos per a c\u00f2ctels singulars, amb identitat; d\u2019aqu\u00ed que cal que siguin trencadors, tant en disseny -tot pensant que \u00e9s convenient que sintonitzin amb el nom d\u2019algun dels c\u00f2ctels a servir-, com pel material en qu\u00e8 es poden produir.<\/p>\n<p><strong>Argumentaci\u00f3 de la comissi\u00f3: <\/strong>CEL ROGENT \u00e9s un bol de cer\u00e0mica que crea un perfil de lluna creixent. En il\u00b7luminar-se la base es genera un efecte de posta de sol. Un efecte suggerent d\u2019intimitat en el que l\u2019usuari pren el cel a les mans. Valorem:<\/p>\n<ul>\n<li>La seva simplicitat i eleg\u00e0ncia, el seu disseny minimalista i innovador que, amb la incorporaci\u00f3 d\u2019un led com a element sorpresa, desperta els sentits i aporta calidesa.<\/li>\n<li>Per la seva viabilitat en el proc\u00e9s productiu.<\/li>\n<li>Per la composici\u00f3 dels elements, que aporta funcionalitat alhora d\u2019utilitzar-la i facilita el seu emmagatzematge.<\/li>\n<\/ul>\n<p><strong>Menci\u00f3: <\/strong><\/p>\n<ul>\n<li><strong>\u00a0<\/strong><span style=\"font-family: inherit; font-size: 1em;\">Jigger: \u00c0ngels Badia. EA JOSEP CASAD\u00d3.<\/span><\/li>\n<li>El gran masturbador : Ma\u00ebva Gonzalez Tona i Marcel Puig Gonzalez. EA MASSANA.<\/li>\n<li>Jard\u00ed bot\u00e0nic: Pau Manzano Maci\u00e0 i Aina Agull\u00f3 Cabrol. EA MASSANA.<\/li>\n<li>L\u2019emboirat: Gosta Borasino Marqu\u00e8s i Judit Molina Espina. EA MASSANA.<\/li>\n<li>El far de Cap de Creus: Mariona Velarde L\u00f3pez, Georgina Serra Bonafonte i Merc\u00e8 Marucci Compte. EA MASSANA.<\/li>\n<li>Parad\u00eds Empordan\u00e8s: Lian Hai Vila Alomeda i Ashlly Sherllyn Castro Casta\u00f1eda. EA<\/li>\n<li>Expresso de mitjanit: Knarik Hakobyan i Mencia Hana Ruiz Koike. EA MASSANA.<\/li>\n<\/ul>\n<p><strong>PORTAVENTURA WORLD<\/strong><\/p>\n<p><strong>Reconeixement Ex-aequo:<\/strong><\/p>\n<ul>\n<li>Shayel Salazar, Crystel Estrada, Paula Ruiz i Paula Lapuerta. INS ANTONI ALGUER\u00d3.<\/li>\n<li>Victor Esteve, Ainhoa Calder\u00f3n, Marc Grau, D\u00eddac Mart\u00ednez, Ronald Salazar, \u00d3scar Castro, INS ANTONI ALGUER\u00d3.<\/li>\n<li>Paula Retamosa, Aina Salvador, Carla Robles, Alba Consul. INS. ANTONI ALGUER\u00d3<\/li>\n<\/ul>\n<p><strong>Projecte:<\/strong> Proposta d\u2019una capsula de marxandatge del 30\u00e9 aniversari de PortAventura World<\/p>\n<p><strong>Argumentaci\u00f3 de la comissi\u00f3: <\/strong>Les propostes acompleixen amb les expectatives del negoci i amb una proposta gr\u00e0fica que respecta la guia d\u2019estil de PortAventura World. A m\u00e9s a m\u00e9s, mostren els valors i tem\u00e0tica del parc d\u2019una manera novedosa.<\/p>\n<p><strong>PORTAVENTURA WORLD<\/strong><\/p>\n<p><strong>Reconeixement Ex-aequo:<\/strong><\/p>\n<ul>\n<li>Eva Garcia, Ainhoa Canalejo, Alba F\u00e0bregues, Josua P\u00e9rez, Maria Cinta Miralles. EA REUS.<\/li>\n<li>Maria Bonet, J\u00falia Garrof\u00e9, Jordi Masip, Gisela L\u00f3pez, Berta W\u00fcrth. EA REUS.<\/li>\n<\/ul>\n<p><strong>Projecte:<\/strong> Proposta de nou espectacle per l\u2019\u00e0rea de Polynesia de PortAventura Park.<\/p>\n<p><strong>Argumentaci\u00f3 de la comissi\u00f3: <\/strong>Bones propostes que inclouen un gui\u00f3 prou detallat i amb una proposta d\u2019escenografia realitzables i estan ben detallades.<\/p>\n","protected":false},"excerpt":{"rendered":"<p>EMPRESES<br \/>\nCREC COWORKING<br \/>\nReconeixement: Giselle Molina. EA ILLA<br \/>\nProjecte: Disseny de fa\u00e7anes amb significat per a l\u2019espai que CREC COWORKING t\u00e9 al Barri de Bar\u00f3 de Viver, Barcelona.<br \/>\nArgumentaci\u00f3 de la comissi\u00f3: Per la seva proposta de fa\u00e7ana, creativa, simb\u00f2lica, i per la seva presentaci\u00f3 molt espec\u00edfica, completa i&hellip;  <a href=\"https:\/\/projectes.xtec.cat\/ere\/talent-creatiu-i-empresa\/talent-creatiu-i-empresa-2023-24\/tce-2023-24-empreses\/\" title=\"Read TCE 2023\/24 Empreses\">Llegeix m\u00e9s\u00bb<\/a><\/p>\n","protected":false},"author":1,"featured_media":0,"parent":10023,"menu_order":2,"comment_status":"closed","ping_status":"closed","template":"page-templates\/side-menu.php","meta":{"_bbp_topic_count":0,"_bbp_reply_count":0,"_bbp_total_topic_count":0,"_bbp_total_reply_count":0,"_bbp_voice_count":0,"_bbp_anonymous_reply_count":0,"_bbp_topic_count_hidden":0,"_bbp_reply_count_hidden":0,"_bbp_forum_subforum_count":0,"footnotes":""},"class_list":["post-10030","page","type-page","status-publish","hentry"],"post_mailing_queue_ids":[],"_links":{"self":[{"href":"https:\/\/projectes.xtec.cat\/ere\/wp-json\/wp\/v2\/pages\/10030","targetHints":{"allow":["GET"]}}],"collection":[{"href":"https:\/\/projectes.xtec.cat\/ere\/wp-json\/wp\/v2\/pages"}],"about":[{"href":"https:\/\/projectes.xtec.cat\/ere\/wp-json\/wp\/v2\/types\/page"}],"author":[{"embeddable":true,"href":"https:\/\/projectes.xtec.cat\/ere\/wp-json\/wp\/v2\/users\/1"}],"replies":[{"embeddable":true,"href":"https:\/\/projectes.xtec.cat\/ere\/wp-json\/wp\/v2\/comments?post=10030"}],"version-history":[{"count":3,"href":"https:\/\/projectes.xtec.cat\/ere\/wp-json\/wp\/v2\/pages\/10030\/revisions"}],"predecessor-version":[{"id":10038,"href":"https:\/\/projectes.xtec.cat\/ere\/wp-json\/wp\/v2\/pages\/10030\/revisions\/10038"}],"up":[{"embeddable":true,"href":"https:\/\/projectes.xtec.cat\/ere\/wp-json\/wp\/v2\/pages\/10023"}],"wp:attachment":[{"href":"https:\/\/projectes.xtec.cat\/ere\/wp-json\/wp\/v2\/media?parent=10030"}],"curies":[{"name":"wp","href":"https:\/\/api.w.org\/{rel}","templated":true}]}}