{"id":10032,"date":"2024-05-06T09:35:06","date_gmt":"2024-05-06T07:35:06","guid":{"rendered":"https:\/\/projectes.xtec.cat\/ere\/?page_id=10032"},"modified":"2024-05-06T09:37:21","modified_gmt":"2024-05-06T07:37:21","slug":"tce-2023-24-institucions","status":"publish","type":"page","link":"https:\/\/projectes.xtec.cat\/ere\/talent-creatiu-i-empresa\/talent-creatiu-i-empresa-2023-24\/tce-2023-24-institucions\/","title":{"rendered":"TCE 2023\/24 Institucions"},"content":{"rendered":"<p><strong><u>INSTITUCIONS<\/u><\/strong><\/p>\n<p><strong>AJUNTAMENT DE CANET DE MAR.<\/strong><\/p>\n<p><strong>Reconeixement:<\/strong> Ingrid L\u00f3pez Tamayo. EA Sabadell.<\/p>\n<p><strong>Projecte: <\/strong>Creaci\u00f3 de logo amb slogan de l\u2019\u00e0rea de Promoci\u00f3 Econ\u00f2mica de l\u2019Ajuntament de Canet de Mar, amb tipografia Qestrial, color taronja i amb tamanys de cossos de text jerarquitzats.<\/p>\n<p><strong>Argumentaci\u00f3 de la comissi\u00f3: <\/strong>La proposta s\u2019adapta molt b\u00e9 al que des de l\u2019\u00e0rea de Promoci\u00f3 Econ\u00f2mica es vol transmetre amb la nostra marca. \u00c9s un logo que, amb les formes arrodonides transmet confian\u00e7a, proximitat, calidesa i alhora moviment. Amb el color taronja es transmet for\u00e7a, optimisme, innovaci\u00f3, modernitat. Les formes van creixent fins formar la P (de Promoci\u00f3) el que indica impuls, creixement, cosa que tamb\u00e9 es vol oferir a qualsevol persona\/empresa que arribi a l\u2019\u00e0rea amb qualsevol tipus de demanda. Aquest logo amb el seu claim ha recollit molt b\u00e9 el que es va encarregar des de la nostra entitat.<\/p>\n<p><strong>Menci\u00f3: <\/strong><\/p>\n<ul>\n<li>Nicol\u00e1s Molina. INS ANTONI ALGUER\u00d3.<\/li>\n<li>Ariadna Jimeno. EA ILLA<\/li>\n<\/ul>\n<p><strong>Argumentaci\u00f3: <\/strong>Les seves propostes s\u2019adapten tamb\u00e9 al que es persegueix transmetre amb la marca de l\u2019\u00e0rea de Promoci\u00f3 Econ\u00f2mica de l\u2019ajuntament de Canet de Mar. \u00c9s per aix\u00f2 que han estat triades entre els finalistes i s\u2019han estat valorant com a possibles reconeixements fins a la decisi\u00f3 final.<\/p>\n<p><strong>ICSSL (Institut Catal\u00e0 de Seguretat i Salut Laboral). Departament d\u2019Empresa i Treball.<\/strong><\/p>\n<p><strong>Reconeixement: <\/strong>Aaron Jim\u00e9nez. EA SANT CUGAT<\/p>\n<p><strong>Projecte:<\/strong> \u201cLa prevenci\u00f3 un valor segur\u201d Cartell commemoratiu del 28 d\u2019abril, Dia Internacional de la Seguretat i Salut en el Treball<\/p>\n<p><strong>Argumentaci\u00f3 de la comissi\u00f3: <\/strong>Per l\u2019originalitat de la idea i de la composici\u00f3 dels elements que configuren el cartell, en un context diferent &#8211; original i divertit-, que permet donar de manera senzilla, un missatge amb clara intencionalitat.<\/p>\n<p><strong>Menci\u00f3: <\/strong><\/p>\n<ul>\n<li><strong>\u00a0<\/strong><span style=\"font-family: inherit; font-size: 1em;\">Daniela Flores. EA SANT CUGAT<\/span><\/li>\n<li>Ivana Alonso. EA SANT CUGAT<\/li>\n<li>Edgar Comadran. EA SANT CUGAT<\/li>\n<li>Clara Li\u00e1\u00f1ez. EA ONDARA<\/li>\n<li>Jaquelin Quesada. EA JOSEP CASAD\u00d3<\/li>\n<\/ul>\n<p><strong>ICSSL (Institut Catal\u00e0 de Seguretat i Salut Laboral). Departament d\u2019Empresa i Treball.<\/strong><\/p>\n<p><strong>Reconeixement: <\/strong><em>Aina Alsina.\u00a0 EA LLOTJA<\/em><\/p>\n<p><strong>Projecte:<\/strong> \u201cLa prevenci\u00f3 un valor segur\u201d. L\u00ednia gr\u00e0fica de m\u00ednim tres cartells en refer\u00e8ncia a riscos laborals i mesures preventives.<\/p>\n<p><strong>Argumentaci\u00f3 de la comissi\u00f3:\u00a0 <\/strong>\u00c9s un conjunt de cartells que es complementen i que recullen mesures preventives de diferent naturalesa, utilitzant t\u00e8cniques il\u00b7lustratives i representatives de molta originalitat. Els missatges s\u00f3n positius, directes i fan una bona utilitzaci\u00f3 de la met\u00e0fora gr\u00e0fica.<\/p>\n<p><strong>Menci\u00f3:<\/strong><\/p>\n<ul>\n<li>Oriol Piqueras \u2013 EA OLOT<\/li>\n<li>Rima Benzine \u2013 EA OLOT<\/li>\n<li>Ivana Canelo \u2013 EA OLOT<\/li>\n<li>Esther Torovets \u2013 EA OLOT<\/li>\n<li>\u00c1ngela Montilla \u2013 EA LLOTJA<\/li>\n<li>H\u00e9ctor Domingo \u2013 EA LLOTJA<\/li>\n<li>Johanna Quezada \u2013 EA LLOTJA<\/li>\n<li>Marcel Valls \u2013 EA LLOTJA<\/li>\n<\/ul>\n<p><strong>ICSSL (Institut Catal\u00e0 de Seguretat i Salut Laboral). Departament d\u2019Empresa i Treball<\/strong><\/p>\n<p><strong>Reconeixement: <\/strong><em>Samuel Mosca. EA MANRESA<\/em><\/p>\n<p><strong>Projecte:<\/strong> \u201cLa prevenci\u00f3 un valor segur\u201d. Col\u00b7lecci\u00f3 d\u2019un m\u00ednim de <strong>tres pictogrames<\/strong> originals i in\u00e8dits, gr\u00e0ficament homogenis, que sintetitzin missatges clars sobre la prevenci\u00f3 de riscos laborals.<\/p>\n<p><strong>Argumentaci\u00f3 de la comissi\u00f3: <\/strong>Els pictogrames informen sobre la import\u00e0ncia de la prevenci\u00f3 dels riscos laborals. Estan basats en formes simples i sint\u00e8tiques, aconseguint una r\u00e0pida comprensi\u00f3 i seguint una mateixa l\u00ednia gr\u00e0fica. S\u00f3n originals i pragm\u00e0tics.<\/p>\n<p><strong>Menci\u00f3:<\/strong><\/p>\n<ul>\n<li><em>Mairin Pons &#8211; EA MANRESA<\/em><\/li>\n<li><em>Margaret Gonzales &#8211; EA MANRESA<\/em><\/li>\n<li><em>Salut Perez &#8211; EA MANRESA<\/em><\/li>\n<li><em>Mireia Duran i Judit Porras &#8211; INS JAUME MIM\u00d3<\/em><\/li>\n<li><em>Carla Luque, Carlota Marcos i Alexia Blanco &#8211; IFP ANTONI ALGUER\u00d3<\/em><\/li>\n<li><em>Alexandra Canales, Marian Ndong i Lola Puebla &#8211; IFP ANTONI ALGUER\u00d3<\/em><\/li>\n<li><em>Josep Castell\u00e0 i Ariadna Zazo \u2013 EA EDRA <\/em><\/li>\n<li><em>Mar\u00eda Mart\u00ednez i M\u00f3nica M\u00e9ndez &#8211; EA EDRA<\/em><\/li>\n<li><em>Sara Pecharroman i Nora Vergara &#8211; EA EDRA<\/em><\/li>\n<li><em>Lin Ferreyra, Clara Guillamat i Abril Molina &#8211; EA EDRA<\/em><\/li>\n<li><em>Aylin Murua &#8211; EA LLOTJA<\/em><\/li>\n<li><em>Carla Pastor &#8211; EA LLOTJA<\/em><\/li>\n<li><em>Jiayu Lin &#8211; EA LLOTJA<\/em><\/li>\n<li><em>Mireia Vidal &#8211; EA LLOTJA<\/em><\/li>\n<\/ul>\n<p><strong>ICSSL (Institut Catal\u00e0 de Seguretat i Salut Laboral). Departament d\u2019Empresa i Treball<\/strong><\/p>\n<p><strong>Reconeixement: <\/strong><em>Ferran Cabrera, J\u00falia Babot, Pau Bosque, Laura Borrego, Erik Ros, Aldara Blanco, Adri\u00e0 Sole, Marc Barn\u00e9s, \u00c1lvaro Martos \u2013 EA LA GASPAR<\/em><\/p>\n<p><strong>Projecte:<\/strong> \u201cLa prevenci\u00f3 un valor segur\u201d. Idear i produir un producte multim\u00e8dia en forma d\u2019espot, inspirat en la prevenci\u00f3 de riscos laborals.<\/p>\n<p><strong>Argumentaci\u00f3 de la comissi\u00f3: <\/strong>Sensibilitza la poblaci\u00f3 sobre la import\u00e0ncia de la prevenci\u00f3 dels riscos laborals. Transmet valors preventius, aplicant la imaginaci\u00f3, l\u2019espontane\u00eftat i la diversi\u00f3. Treball molt creatiu i original.<\/p>\n<p><strong>Menci\u00f3:<\/strong><\/p>\n<ul>\n<li><em style=\"font-family: inherit; font-size: 1em;\">Ona Mbomio, Eloy G\u00f3mez, Laura Motos i Elisabeth Yasemin &#8211; EA PAU GARGALLO<\/em><\/li>\n<li><em>Ray Juarez, Lluis Vilar\u00f3, Deisy Loachamin i \u00d2scar L\u00f3pez &#8211; EA PAU GARGALLO<\/em><\/li>\n<li><em>Francesca Ubillus, Aneta Fazleeva, Irune Cano, Yaiza Povea &#8211; EA PAU GARGALLO<\/em><\/li>\n<li><em>Fernando Azuero, Alex Ca\u00f1ada, Elsa Romero i Lidia Torres &#8211; IFP ANTONI ALGUER\u00d3<\/em><\/li>\n<li><em>Mario Anguiano, Ainhoa Ma\u00f1ez, Marc Garc\u00eda, Ariadna Gamell i Roc\u00edo Fern\u00e1ndez &#8211; IFP ANTONI ALGUER\u00d3<\/em><\/li>\n<li><em>Esther Fonts, Nil Teixid\u00f3, Josep M\u00aa Virgili i Marta Fontbot\u00e9 \u2013 EA<\/em> <em>REUS<\/em><\/li>\n<li><em>Daniela Hurtado, Iv\u00e1n van der Hoeven, Maria del Mar Folch, Luc\u00eda Guerrero \u2013 EA REUS <\/em><\/li>\n<\/ul>\n<p><strong>DEPARTAMENT D\u2019EDUCACI\u00d3. Gabinet T\u00e8cnic.<\/strong><\/p>\n<p><strong>Projecte:<\/strong>\u00a0 Creaci\u00f3 de la imatge del web de la preinscripci\u00f3 dels estudis postobligatoris no universitaris<\/p>\n<p><strong>Menci\u00f3:<\/strong><\/p>\n<ul>\n<li>Marifer Hern\u00e1ndez, Duna Gonz\u00e1lez, Qamar Alv\u00e1rez i Mart\u00ed Serra, EA OLOT.<\/li>\n<li>Xavier Rivera Sanchez, INS JAUME MIM\u00d3<\/li>\n<\/ul>\n<p><strong>Argumentaci\u00f3 de la comissi\u00f3: <\/strong><\/p>\n<ul>\n<li>Projecte EA OLOT: considerem que el projecte s\u2019apropa molt als estudis postobligatoris d\u2019una manera informal i fresca,destinat a un p\u00fablic jove on s\u2019han aplicat els colors de cada estudi.<\/li>\n<li>Projecte INS JAUME MIM\u00d3: Destaquem el disseny conceptual i expl\u00edcit i la professionalitat amb qu\u00e8 ha treballat tant la presentaci\u00f3 com les diverses aplicacions.<\/li>\n<\/ul>\n<p><strong>DEPARTAMENT D\u2019EDUCACI\u00d3. Direcci\u00f3 General de Formaci\u00f3 Professional. Servei d\u2019Ordenaci\u00f3 dels Ensenyaments de R\u00e8gim Especial.<\/strong><\/p>\n<p><strong>Reconeixement: <\/strong>Daniela Salazar Tavera, Mariona Blesa Santaf\u00e9, J\u00falia Tel Orp\u00ed. EA ARSENAL.<\/p>\n<p><strong>Projecte:<\/strong> Disseny de la infografia animada de la prova d\u2019acc\u00e9s als Ensenyaments Esportius de la modalitat de Pirag\u00fcisme Recreatiu Guia en Aig\u00fces Braves.<\/p>\n<p><strong>Argumentaci\u00f3 de la comissi\u00f3: <\/strong>Aquesta infografia \u00e9s mereixedora de reconeixement ja que ha complert amb les expectatives demanades. El disseny \u00e9s senzill i a la vegada atractiu, on hi consta tota la informaci\u00f3 necess\u00e0ria per tal que l\u2019usuari pugui identificar el desenvolupament de la prova espec\u00edfica d\u2019acc\u00e9s a la modalitat de Pirag\u00fcisme Recreatiu Guia en Aig\u00fces Braves\u00a0 d\u2019una manera f\u00e0cil, r\u00e0pida i entenedora.<\/p>\n","protected":false},"excerpt":{"rendered":"<p>INSTITUCIONS<br \/>\nAJUNTAMENT DE CANET DE MAR.<br \/>\nReconeixement: Ingrid L\u00f3pez Tamayo. EA Sabadell.<br \/>\nProjecte: Creaci\u00f3 de logo amb slogan de l\u2019\u00e0rea de Promoci\u00f3 Econ\u00f2mica de l\u2019Ajuntament de Canet de Mar, amb tipografia Qestrial, color taronja i amb tamanys de cossos de text jerarquitzats.<br \/>\nArgumentaci\u00f3 de la comissi\u00f3: La proposta s\u2019adapta&hellip;  <a href=\"https:\/\/projectes.xtec.cat\/ere\/talent-creatiu-i-empresa\/talent-creatiu-i-empresa-2023-24\/tce-2023-24-institucions\/\" title=\"Read TCE 2023\/24 Institucions\">Llegeix m\u00e9s\u00bb<\/a><\/p>\n","protected":false},"author":1,"featured_media":0,"parent":10023,"menu_order":3,"comment_status":"closed","ping_status":"closed","template":"page-templates\/side-menu.php","meta":{"_bbp_topic_count":0,"_bbp_reply_count":0,"_bbp_total_topic_count":0,"_bbp_total_reply_count":0,"_bbp_voice_count":0,"_bbp_anonymous_reply_count":0,"_bbp_topic_count_hidden":0,"_bbp_reply_count_hidden":0,"_bbp_forum_subforum_count":0,"footnotes":""},"class_list":["post-10032","page","type-page","status-publish","hentry"],"post_mailing_queue_ids":[],"_links":{"self":[{"href":"https:\/\/projectes.xtec.cat\/ere\/wp-json\/wp\/v2\/pages\/10032","targetHints":{"allow":["GET"]}}],"collection":[{"href":"https:\/\/projectes.xtec.cat\/ere\/wp-json\/wp\/v2\/pages"}],"about":[{"href":"https:\/\/projectes.xtec.cat\/ere\/wp-json\/wp\/v2\/types\/page"}],"author":[{"embeddable":true,"href":"https:\/\/projectes.xtec.cat\/ere\/wp-json\/wp\/v2\/users\/1"}],"replies":[{"embeddable":true,"href":"https:\/\/projectes.xtec.cat\/ere\/wp-json\/wp\/v2\/comments?post=10032"}],"version-history":[{"count":2,"href":"https:\/\/projectes.xtec.cat\/ere\/wp-json\/wp\/v2\/pages\/10032\/revisions"}],"predecessor-version":[{"id":10039,"href":"https:\/\/projectes.xtec.cat\/ere\/wp-json\/wp\/v2\/pages\/10032\/revisions\/10039"}],"up":[{"embeddable":true,"href":"https:\/\/projectes.xtec.cat\/ere\/wp-json\/wp\/v2\/pages\/10023"}],"wp:attachment":[{"href":"https:\/\/projectes.xtec.cat\/ere\/wp-json\/wp\/v2\/media?parent=10032"}],"curies":[{"name":"wp","href":"https:\/\/api.w.org\/{rel}","templated":true}]}}