{"id":10184,"date":"2024-05-08T09:45:43","date_gmt":"2024-05-08T07:45:43","guid":{"rendered":"https:\/\/projectes.xtec.cat\/ere\/?page_id=10184"},"modified":"2024-05-08T09:48:48","modified_gmt":"2024-05-08T07:48:48","slug":"campus-de-les-arts","status":"publish","type":"page","link":"https:\/\/projectes.xtec.cat\/ere\/campus-de-les-arts\/","title":{"rendered":"Campus de les Arts"},"content":{"rendered":"<p><a href=\"https:\/\/projectes.xtec.cat\/ere\/wp-content\/uploads\/usu2534\/2024\/05\/Campus-de-les-Arts.jpg\"><img loading=\"lazy\" decoding=\"async\" class=\" wp-image-10188 alignleft\" src=\"https:\/\/projectes.xtec.cat\/ere\/wp-content\/uploads\/usu2534\/2024\/05\/Campus-de-les-Arts.jpg\" alt=\"Campus de les Arts\" width=\"147\" height=\"98\" srcset=\"https:\/\/projectes.xtec.cat\/ere\/wp-content\/uploads\/usu2534\/2024\/05\/Campus-de-les-Arts.jpg 480w, https:\/\/projectes.xtec.cat\/ere\/wp-content\/uploads\/usu2534\/2024\/05\/Campus-de-les-Arts-300x201.jpg 300w\" sizes=\"auto, (max-width: 147px) 100vw, 147px\" \/><\/a>El <a href=\"https:\/\/campusdelesarts.org\/\" target=\"_blank\" rel=\"noopener\">Campus de les Arts<\/a> \u00e9s una plataforma que agrupa, des de principis de 2019 i sota la coordinaci\u00f3 de la Universitat de Barcelona, els dinou centres d\u2019educaci\u00f3 art\u00edstica universit\u00e0ria o superior de Catalunya. Aquests centres sumen actualment uns 8000 estudiants i ofereixen graus i postgraus en les disciplines de belles arts, disseny, m\u00fasica, teatre, dansa, cinema i conservaci\u00f3 i restauraci\u00f3.<\/p>\n","protected":false},"excerpt":{"rendered":"<p><a href=\"https:\/\/projectes.xtec.cat\/ere\/wp-content\/uploads\/usu2534\/2024\/05\/Campus-de-les-Arts.jpg\"><\/a>El <a href=\"https:\/\/campusdelesarts.org\/\" target=\"_blank\" rel=\"noopener\">Campus de les Arts<\/a> \u00e9s una plataforma que agrupa, des de principis de 2019 i sota la coordinaci\u00f3 de la Universitat de Barcelona, els dinou centres d\u2019educaci\u00f3 art\u00edstica universit\u00e0ria o superior de Catalunya. Aquests centres sumen actualment uns 8000 estudiants&hellip;  <a href=\"https:\/\/projectes.xtec.cat\/ere\/campus-de-les-arts\/\" title=\"Read Campus de les Arts\">Llegeix m\u00e9s\u00bb<\/a><\/p>\n","protected":false},"author":1,"featured_media":0,"parent":0,"menu_order":0,"comment_status":"closed","ping_status":"closed","template":"","meta":{"_bbp_topic_count":0,"_bbp_reply_count":0,"_bbp_total_topic_count":0,"_bbp_total_reply_count":0,"_bbp_voice_count":0,"_bbp_anonymous_reply_count":0,"_bbp_topic_count_hidden":0,"_bbp_reply_count_hidden":0,"_bbp_forum_subforum_count":0,"footnotes":""},"class_list":["post-10184","page","type-page","status-publish","hentry"],"post_mailing_queue_ids":[],"_links":{"self":[{"href":"https:\/\/projectes.xtec.cat\/ere\/wp-json\/wp\/v2\/pages\/10184","targetHints":{"allow":["GET"]}}],"collection":[{"href":"https:\/\/projectes.xtec.cat\/ere\/wp-json\/wp\/v2\/pages"}],"about":[{"href":"https:\/\/projectes.xtec.cat\/ere\/wp-json\/wp\/v2\/types\/page"}],"author":[{"embeddable":true,"href":"https:\/\/projectes.xtec.cat\/ere\/wp-json\/wp\/v2\/users\/1"}],"replies":[{"embeddable":true,"href":"https:\/\/projectes.xtec.cat\/ere\/wp-json\/wp\/v2\/comments?post=10184"}],"version-history":[{"count":3,"href":"https:\/\/projectes.xtec.cat\/ere\/wp-json\/wp\/v2\/pages\/10184\/revisions"}],"predecessor-version":[{"id":10191,"href":"https:\/\/projectes.xtec.cat\/ere\/wp-json\/wp\/v2\/pages\/10184\/revisions\/10191"}],"wp:attachment":[{"href":"https:\/\/projectes.xtec.cat\/ere\/wp-json\/wp\/v2\/media?parent=10184"}],"curies":[{"name":"wp","href":"https:\/\/api.w.org\/{rel}","templated":true}]}}