{"id":10576,"date":"2025-03-11T08:17:22","date_gmt":"2025-03-11T07:17:22","guid":{"rendered":"https:\/\/projectes.xtec.cat\/ere\/?page_id=10576"},"modified":"2025-03-12T12:05:57","modified_gmt":"2025-03-12T11:05:57","slug":"cocktail-time","status":"publish","type":"page","link":"https:\/\/projectes.xtec.cat\/ere\/cocktail-time\/","title":{"rendered":"COCKTAIL TIME"},"content":{"rendered":"<p><strong>Reconeixement:<\/strong><\/p>\n<p><span style=\"font-weight: 400;\">GOLDEN HOUR (Andreu Ballarin, <\/span><span style=\"font-weight: 400;\">Najwa El Baidi, <\/span><span style=\"font-weight: 400;\">Sofiia Melnyk de<a href=\"https:\/\/escolartolot.cat\/\" target=\"_blank\" rel=\"noopener\"> l&#8217;Escola Olot.\u00a0<\/a><\/span><\/p>\n<p><strong>Projecte:\u00a0<\/strong><\/p>\n<p><span data-teams=\"true\">Propostes de disseny per fer realitat un espai\/bar pop-up de cocteleria premium, destinat a esdeveniments exclusius.<\/span><\/p>\n<p><strong>Argumentaci\u00f3 de la comissi\u00f3:<\/strong><\/p>\n<p>Un projecte espectacular que brilla especialment en ambients nocturns gr\u00e0cies al joc de llums i formes. La barra ofereix un espai de treball ampli i funcional tant per al b\u00e0rman com per a la contrabarra, i el muntatge est\u00e0 molt ben adaptat a les necessitats operatives de l\u2019esdeveniment i de la nostra demanda. Per dur-la a terme, haur\u00edem d\u2019haver tingut m\u00e9s temps per reunir-nos i acabar d\u2019ajustar algunes coses. Es tracta d\u2019un projecte complex i labori\u00f3s, i, donada la gran quantitat de propostes rebudes, haur\u00edem necessitat m\u00e9s reunions per perfilar aspectes t\u00e8cnics i log\u00edstics. Tanmateix, volem destacar l\u2019excel\u00b7lent treball realitzat per tots els alumnes i professors implicats. La dedicaci\u00f3 i creativitat que han demostrat ha estat espectacular, i els estem profundament agra\u00efts.<\/p>\n<p><strong>Menci\u00f3:\u00a0<\/strong><\/p>\n<p>Volem donar una menci\u00f3 especial a les seg\u00fcents propostes presentades pels alumnes de les escoles participants en el nostre projecte de creaci\u00f3 d\u2019un espai\/bar \u201cPOP-UP\u201d, destinat als esdeveniments que realitzem en diferents ubicacions.<br \/>\n\u2022 ESCOLA VILANOVA: GOLDEN ICE BAR (Anna Lara \u2013 Salma Kadmiri)<br \/>\n\u2022 ESCOLA OLOT: G\u00c8LID (Paula \u2013 Camila i Juna)<br \/>\n\u2022 ESCOLA EDRA: VIP (Ariana Molina)<br \/>\n\u2022 ESCOLA DEI\u00c0: A 1000KM (Aroa Ferr\u00e9 \u2013 Izan Moreno \u2013 Pol Bocero \u2013 Maria Rafols)<\/p>\n<p><strong>Argumentaci\u00f3 de la comissi\u00f3:\u00a0<\/strong><\/p>\n<p>\u00b7 ESCOLA VILANOVA \u2013 Golden Ice Bar (Anna Lara &#8211; Salma Kadmiri)<br \/>\nUn disseny atractiu i funcional, que no nom\u00e9s contempla la barra i la contrabarra,<br \/>\nsin\u00f3 que tamb\u00e9 inclou la possibilitat de tancar l\u2019espai amb laterals i cortines. El<br \/>\nmuntatge \u00e9s senzill i vers\u00e0til, fet que facilita el transport i l\u2019adaptabilitat a diferents<br \/>\nesdeveniments.<br \/>\n\u00b7 ESCOLA OLOT \u2013 G\u00e8lid (Paula \u2013 Camila \u2013 Juna)<br \/>\nUn projecte elegant i minimalista, amb un concepte vers\u00e0til que permet diferents<br \/>\nconfiguracions segons les necessitats de cada client. La proposta destaca per l\u2019\u00fas<br \/>\nintel\u00b7ligent de peces multifuncionals i un treball excel\u00b7lent amb la il\u00b7luminaci\u00f3, tot i<br \/>\nque el muntatge requereix una mica m\u00e9s de complexitat respecte a altres propostes.<br \/>\n\u00b7 ESCOLA EDRA \u2013 VIP (Ariana Molina)<br \/>\nUna proposta innovadora amb formes org\u00e0niques que separen dues \u00e0rees<br \/>\ndiferenciades: una destinada a oferir un servei amb espectacle per generar un<br \/>\nefecte WOW, i una altra enfocada a l\u2019elaboraci\u00f3 i servei dels c\u00f2ctels. La contrabarra<br \/>\npermet exhibir les marques col\u00b7laboradores de manera elegant i sofisticada.<br \/>\n\u00b7 ESCOLA DEI\u00c0 \u2013 A 1000KM (Aroa Ferr\u00e9 \u2013 Izan Moreno \u2013 Pol Bocero \u2013 Maria Rafols)<br \/>\nUn concepte din\u00e0mic i original que destaca per la forma de la barra frontal, jugant<br \/>\namb angles i una combinaci\u00f3 de colors canviant segons la ubicaci\u00f3 del client. Aquest<br \/>\ndisseny aconsegueix un efecte WOW molt encertat. A m\u00e9s, la contrabarra es mant\u00e9<br \/>\noberta, permetent una visi\u00f3 clara de l\u2019espai amb el fons de la ubicaci\u00f3 on estem<br \/>\ntreballant. El muntatge i desmuntatge s\u00f3n senzills i pr\u00e0ctics, amb un \u00fas \u00f2ptim de<br \/>\nl\u2019espai.<\/p>\n<p><a href=\"https:\/\/projectes.xtec.cat\/ere\/wp-content\/uploads\/usu2534\/2025\/03\/cocktailtime-1.jpg\"><img loading=\"lazy\" decoding=\"async\" class=\"alignnone wp-image-10550 size-large\" src=\"https:\/\/projectes.xtec.cat\/ere\/wp-content\/uploads\/usu2534\/2025\/03\/cocktailtime-1-1024x725.jpg\" alt=\"\" width=\"1024\" height=\"725\" srcset=\"https:\/\/projectes.xtec.cat\/ere\/wp-content\/uploads\/usu2534\/2025\/03\/cocktailtime-1-1024x725.jpg 1024w, https:\/\/projectes.xtec.cat\/ere\/wp-content\/uploads\/usu2534\/2025\/03\/cocktailtime-1-300x212.jpg 300w, https:\/\/projectes.xtec.cat\/ere\/wp-content\/uploads\/usu2534\/2025\/03\/cocktailtime-1-768x543.jpg 768w, https:\/\/projectes.xtec.cat\/ere\/wp-content\/uploads\/usu2534\/2025\/03\/cocktailtime-1-1536x1087.jpg 1536w, https:\/\/projectes.xtec.cat\/ere\/wp-content\/uploads\/usu2534\/2025\/03\/cocktailtime-1-2048x1449.jpg 2048w\" sizes=\"auto, (max-width: 1024px) 100vw, 1024px\" \/><\/a> <a href=\"https:\/\/projectes.xtec.cat\/ere\/wp-content\/uploads\/usu2534\/2025\/03\/cocktailtime-3-1.jpg\"><img loading=\"lazy\" decoding=\"async\" class=\"alignnone wp-image-10551 size-large\" src=\"https:\/\/projectes.xtec.cat\/ere\/wp-content\/uploads\/usu2534\/2025\/03\/cocktailtime-3-1-1024x601.jpg\" alt=\"\" width=\"1024\" height=\"601\" srcset=\"https:\/\/projectes.xtec.cat\/ere\/wp-content\/uploads\/usu2534\/2025\/03\/cocktailtime-3-1-1024x601.jpg 1024w, https:\/\/projectes.xtec.cat\/ere\/wp-content\/uploads\/usu2534\/2025\/03\/cocktailtime-3-1-300x176.jpg 300w, https:\/\/projectes.xtec.cat\/ere\/wp-content\/uploads\/usu2534\/2025\/03\/cocktailtime-3-1-768x451.jpg 768w, https:\/\/projectes.xtec.cat\/ere\/wp-content\/uploads\/usu2534\/2025\/03\/cocktailtime-3-1.jpg 1336w\" sizes=\"auto, (max-width: 1024px) 100vw, 1024px\" \/><\/a> <a href=\"https:\/\/projectes.xtec.cat\/ere\/wp-content\/uploads\/usu2534\/2025\/03\/cocktailtime-4.jpg\"><img loading=\"lazy\" decoding=\"async\" class=\"alignnone wp-image-10552 size-large\" src=\"https:\/\/projectes.xtec.cat\/ere\/wp-content\/uploads\/usu2534\/2025\/03\/cocktailtime-4-1024x582.jpg\" alt=\"\" width=\"1024\" height=\"582\" srcset=\"https:\/\/projectes.xtec.cat\/ere\/wp-content\/uploads\/usu2534\/2025\/03\/cocktailtime-4-1024x582.jpg 1024w, https:\/\/projectes.xtec.cat\/ere\/wp-content\/uploads\/usu2534\/2025\/03\/cocktailtime-4-300x170.jpg 300w, https:\/\/projectes.xtec.cat\/ere\/wp-content\/uploads\/usu2534\/2025\/03\/cocktailtime-4-768x436.jpg 768w, https:\/\/projectes.xtec.cat\/ere\/wp-content\/uploads\/usu2534\/2025\/03\/cocktailtime-4.jpg 1084w\" sizes=\"auto, (max-width: 1024px) 100vw, 1024px\" \/><\/a> <a href=\"https:\/\/projectes.xtec.cat\/ere\/wp-content\/uploads\/usu2534\/2025\/03\/cocktailtime-2.jpg\"><img loading=\"lazy\" decoding=\"async\" class=\"alignnone size-large wp-image-10553\" src=\"https:\/\/projectes.xtec.cat\/ere\/wp-content\/uploads\/usu2534\/2025\/03\/cocktailtime-2-1024x725.jpg\" alt=\"\" width=\"1024\" height=\"725\" srcset=\"https:\/\/projectes.xtec.cat\/ere\/wp-content\/uploads\/usu2534\/2025\/03\/cocktailtime-2-1024x725.jpg 1024w, https:\/\/projectes.xtec.cat\/ere\/wp-content\/uploads\/usu2534\/2025\/03\/cocktailtime-2-300x212.jpg 300w, https:\/\/projectes.xtec.cat\/ere\/wp-content\/uploads\/usu2534\/2025\/03\/cocktailtime-2-768x543.jpg 768w, https:\/\/projectes.xtec.cat\/ere\/wp-content\/uploads\/usu2534\/2025\/03\/cocktailtime-2-1536x1087.jpg 1536w, https:\/\/projectes.xtec.cat\/ere\/wp-content\/uploads\/usu2534\/2025\/03\/cocktailtime-2-2048x1449.jpg 2048w\" sizes=\"auto, (max-width: 1024px) 100vw, 1024px\" \/><\/a><\/p>\n","protected":false},"excerpt":{"rendered":"<p>Reconeixement:<br \/>\nGOLDEN HOUR (Andreu Ballarin, Najwa El Baidi, Sofiia Melnyk de<a href=\"https:\/\/escolartolot.cat\/\" target=\"_blank\" rel=\"noopener\"> l&#8217;Escola Olot.\u00a0<\/a><br \/>\nProjecte:\u00a0<br \/>\nPropostes de disseny per fer realitat un espai\/bar pop-up de cocteleria premium, destinat a esdeveniments exclusius.<br \/>\nArgumentaci\u00f3 de la comissi\u00f3:<br \/>\nUn projecte espectacular que brilla especialment en ambients nocturns gr\u00e0cies al joc de&hellip;  <a href=\"https:\/\/projectes.xtec.cat\/ere\/cocktail-time\/\" title=\"Read COCKTAIL TIME\">Llegeix m\u00e9s\u00bb<\/a><\/p>\n","protected":false},"author":1,"featured_media":0,"parent":0,"menu_order":0,"comment_status":"closed","ping_status":"closed","template":"","meta":{"_bbp_topic_count":0,"_bbp_reply_count":0,"_bbp_total_topic_count":0,"_bbp_total_reply_count":0,"_bbp_voice_count":0,"_bbp_anonymous_reply_count":0,"_bbp_topic_count_hidden":0,"_bbp_reply_count_hidden":0,"_bbp_forum_subforum_count":0,"footnotes":""},"class_list":["post-10576","page","type-page","status-publish","hentry"],"post_mailing_queue_ids":[],"_links":{"self":[{"href":"https:\/\/projectes.xtec.cat\/ere\/wp-json\/wp\/v2\/pages\/10576","targetHints":{"allow":["GET"]}}],"collection":[{"href":"https:\/\/projectes.xtec.cat\/ere\/wp-json\/wp\/v2\/pages"}],"about":[{"href":"https:\/\/projectes.xtec.cat\/ere\/wp-json\/wp\/v2\/types\/page"}],"author":[{"embeddable":true,"href":"https:\/\/projectes.xtec.cat\/ere\/wp-json\/wp\/v2\/users\/1"}],"replies":[{"embeddable":true,"href":"https:\/\/projectes.xtec.cat\/ere\/wp-json\/wp\/v2\/comments?post=10576"}],"version-history":[{"count":6,"href":"https:\/\/projectes.xtec.cat\/ere\/wp-json\/wp\/v2\/pages\/10576\/revisions"}],"predecessor-version":[{"id":10657,"href":"https:\/\/projectes.xtec.cat\/ere\/wp-json\/wp\/v2\/pages\/10576\/revisions\/10657"}],"wp:attachment":[{"href":"https:\/\/projectes.xtec.cat\/ere\/wp-json\/wp\/v2\/media?parent=10576"}],"curies":[{"name":"wp","href":"https:\/\/api.w.org\/{rel}","templated":true}]}}