{"id":10584,"date":"2025-03-11T08:21:51","date_gmt":"2025-03-11T07:21:51","guid":{"rendered":"https:\/\/projectes.xtec.cat\/ere\/?page_id=10584"},"modified":"2025-03-11T14:10:04","modified_gmt":"2025-03-11T13:10:04","slug":"ajuntament-de-begur","status":"publish","type":"page","link":"https:\/\/projectes.xtec.cat\/ere\/ajuntament-de-begur\/","title":{"rendered":"AJUNTAMENT DE BEGUR"},"content":{"rendered":"<p><strong>Reconeixement:\u00a0<\/strong><\/p>\n<p>Izai Sala \u2013 <a href=\"https:\/\/groc.cat\/\" target=\"_blank\" rel=\"noopener\">GROC Escola d\u2019arts pl\u00e0stiques i disseny<\/a><\/p>\n<p><strong>Projecte:<\/strong><\/p>\n<p><strong>\u00a0<\/strong>Creaci\u00f3 de la imatge gr\u00e0fica i el desenvolupament gr\u00e0fic de la 26a Campanya Gastron\u00f2mica del Peix de Roca de Begur 2025.<\/p>\n<p><strong>Argumentaci\u00f3 de la comissi\u00f3:<\/strong><\/p>\n<p>El projecte de l\u2019Izai Sala va cridar-nos l\u2019atenci\u00f3 des del primer moment a tota la comissi\u00f3, pel seu disseny i tamb\u00e9 per la seva presentaci\u00f3 a trav\u00e9s dels mock-ups.<br \/>\nHa sabut recollir la necessitat de la nostra campanya, utilitzant una t\u00e8cnica innovadora per a plasmar l\u2019ess\u00e8ncia del peix de roca, amb un resultat final molt elegant on cada detall (tipografia, colors, disposici\u00f3 dels elements, etc..) encaixa perfectament amb all\u00f2 que busca transmetre la nostra Campanya Gastron\u00f2mica.<\/p>\n<p>\u00c9s una proposta continuista, que segueix la l\u00ednia dels cartells de les anteriors edicions, i aquest aspecte ha tingut molt de pes a l\u2019hora de decidir-nos finalment per la seva proposta.<\/p>\n<p><strong>Menci\u00f3:\u00a0<\/strong><\/p>\n<p>A Maixa Miserachs (Escola Groc) i a Natalia Fern\u00e1ndez (Escola Edra).<\/p>\n<p><a href=\"https:\/\/projectes.xtec.cat\/ere\/wp-content\/uploads\/usu2534\/2025\/03\/BEGUR_GROC-1.jpg\"><img loading=\"lazy\" decoding=\"async\" class=\"size-large wp-image-10560 aligncenter\" src=\"https:\/\/projectes.xtec.cat\/ere\/wp-content\/uploads\/usu2534\/2025\/03\/BEGUR_GROC-1-855x1024.jpg\" alt=\"\" width=\"855\" height=\"1024\" srcset=\"https:\/\/projectes.xtec.cat\/ere\/wp-content\/uploads\/usu2534\/2025\/03\/BEGUR_GROC-1-855x1024.jpg 855w, https:\/\/projectes.xtec.cat\/ere\/wp-content\/uploads\/usu2534\/2025\/03\/BEGUR_GROC-1-251x300.jpg 251w, https:\/\/projectes.xtec.cat\/ere\/wp-content\/uploads\/usu2534\/2025\/03\/BEGUR_GROC-1-768x919.jpg 768w, https:\/\/projectes.xtec.cat\/ere\/wp-content\/uploads\/usu2534\/2025\/03\/BEGUR_GROC-1-1283x1536.jpg 1283w, https:\/\/projectes.xtec.cat\/ere\/wp-content\/uploads\/usu2534\/2025\/03\/BEGUR_GROC-1.jpg 1506w\" sizes=\"auto, (max-width: 855px) 100vw, 855px\" \/><\/a> <a href=\"https:\/\/projectes.xtec.cat\/ere\/wp-content\/uploads\/usu2534\/2025\/03\/BEGUR_GROC-2.jpg\"><img loading=\"lazy\" decoding=\"async\" class=\"size-large wp-image-10561 aligncenter\" src=\"https:\/\/projectes.xtec.cat\/ere\/wp-content\/uploads\/usu2534\/2025\/03\/BEGUR_GROC-2-1024x607.jpg\" alt=\"\" width=\"1024\" height=\"607\" srcset=\"https:\/\/projectes.xtec.cat\/ere\/wp-content\/uploads\/usu2534\/2025\/03\/BEGUR_GROC-2-1024x607.jpg 1024w, https:\/\/projectes.xtec.cat\/ere\/wp-content\/uploads\/usu2534\/2025\/03\/BEGUR_GROC-2-300x178.jpg 300w, https:\/\/projectes.xtec.cat\/ere\/wp-content\/uploads\/usu2534\/2025\/03\/BEGUR_GROC-2-768x455.jpg 768w, https:\/\/projectes.xtec.cat\/ere\/wp-content\/uploads\/usu2534\/2025\/03\/BEGUR_GROC-2-1536x911.jpg 1536w, https:\/\/projectes.xtec.cat\/ere\/wp-content\/uploads\/usu2534\/2025\/03\/BEGUR_GROC-2.jpg 1800w\" sizes=\"auto, (max-width: 1024px) 100vw, 1024px\" \/><\/a> <a href=\"https:\/\/projectes.xtec.cat\/ere\/wp-content\/uploads\/usu2534\/2025\/03\/BEGUR_GROC-3.jpg\"><img loading=\"lazy\" decoding=\"async\" class=\"size-large wp-image-10562 aligncenter\" src=\"https:\/\/projectes.xtec.cat\/ere\/wp-content\/uploads\/usu2534\/2025\/03\/BEGUR_GROC-3-510x1024.jpg\" alt=\"\" width=\"510\" height=\"1024\" srcset=\"https:\/\/projectes.xtec.cat\/ere\/wp-content\/uploads\/usu2534\/2025\/03\/BEGUR_GROC-3-510x1024.jpg 510w, https:\/\/projectes.xtec.cat\/ere\/wp-content\/uploads\/usu2534\/2025\/03\/BEGUR_GROC-3-149x300.jpg 149w, https:\/\/projectes.xtec.cat\/ere\/wp-content\/uploads\/usu2534\/2025\/03\/BEGUR_GROC-3-768x1542.jpg 768w, https:\/\/projectes.xtec.cat\/ere\/wp-content\/uploads\/usu2534\/2025\/03\/BEGUR_GROC-3-765x1536.jpg 765w, https:\/\/projectes.xtec.cat\/ere\/wp-content\/uploads\/usu2534\/2025\/03\/BEGUR_GROC-3-1020x2048.jpg 1020w, https:\/\/projectes.xtec.cat\/ere\/wp-content\/uploads\/usu2534\/2025\/03\/BEGUR_GROC-3.jpg 1102w\" sizes=\"auto, (max-width: 510px) 100vw, 510px\" \/><\/a><\/p>\n","protected":false},"excerpt":{"rendered":"<p>Reconeixement:\u00a0<br \/>\nIzai Sala \u2013 <a href=\"https:\/\/groc.cat\/\" target=\"_blank\" rel=\"noopener\">GROC Escola d\u2019arts pl\u00e0stiques i disseny<\/a><br \/>\nProjecte:<br \/>\n\u00a0Creaci\u00f3 de la imatge gr\u00e0fica i el desenvolupament gr\u00e0fic de la 26a Campanya Gastron\u00f2mica del Peix de Roca de Begur 2025.<br \/>\nArgumentaci\u00f3 de la comissi\u00f3:<br \/>\nEl projecte de l\u2019Izai Sala va cridar-nos l\u2019atenci\u00f3 des del primer&hellip;  <a href=\"https:\/\/projectes.xtec.cat\/ere\/ajuntament-de-begur\/\" title=\"Read AJUNTAMENT DE BEGUR\">Llegeix m\u00e9s\u00bb<\/a><\/p>\n","protected":false},"author":1,"featured_media":0,"parent":0,"menu_order":0,"comment_status":"closed","ping_status":"closed","template":"","meta":{"_bbp_topic_count":0,"_bbp_reply_count":0,"_bbp_total_topic_count":0,"_bbp_total_reply_count":0,"_bbp_voice_count":0,"_bbp_anonymous_reply_count":0,"_bbp_topic_count_hidden":0,"_bbp_reply_count_hidden":0,"_bbp_forum_subforum_count":0,"footnotes":""},"class_list":["post-10584","page","type-page","status-publish","hentry"],"post_mailing_queue_ids":[],"_links":{"self":[{"href":"https:\/\/projectes.xtec.cat\/ere\/wp-json\/wp\/v2\/pages\/10584","targetHints":{"allow":["GET"]}}],"collection":[{"href":"https:\/\/projectes.xtec.cat\/ere\/wp-json\/wp\/v2\/pages"}],"about":[{"href":"https:\/\/projectes.xtec.cat\/ere\/wp-json\/wp\/v2\/types\/page"}],"author":[{"embeddable":true,"href":"https:\/\/projectes.xtec.cat\/ere\/wp-json\/wp\/v2\/users\/1"}],"replies":[{"embeddable":true,"href":"https:\/\/projectes.xtec.cat\/ere\/wp-json\/wp\/v2\/comments?post=10584"}],"version-history":[{"count":3,"href":"https:\/\/projectes.xtec.cat\/ere\/wp-json\/wp\/v2\/pages\/10584\/revisions"}],"predecessor-version":[{"id":10640,"href":"https:\/\/projectes.xtec.cat\/ere\/wp-json\/wp\/v2\/pages\/10584\/revisions\/10640"}],"wp:attachment":[{"href":"https:\/\/projectes.xtec.cat\/ere\/wp-json\/wp\/v2\/media?parent=10584"}],"curies":[{"name":"wp","href":"https:\/\/api.w.org\/{rel}","templated":true}]}}