{"id":10586,"date":"2025-03-11T08:23:10","date_gmt":"2025-03-11T07:23:10","guid":{"rendered":"https:\/\/projectes.xtec.cat\/ere\/?page_id=10586"},"modified":"2025-03-11T14:11:09","modified_gmt":"2025-03-11T13:11:09","slug":"processo-de-verges","status":"publish","type":"page","link":"https:\/\/projectes.xtec.cat\/ere\/processo-de-verges\/","title":{"rendered":"PROCESS\u00d3 DE VERGES"},"content":{"rendered":"<p><strong>Reconeixement: <\/strong><\/p>\n<p>Alberto Cand\u00f3n, Paola L\u00f3pez, Pablo Pineda. <a href=\"https:\/\/paugargallo.cat\/\" target=\"_blank\" rel=\"noopener\">EA Pau Gargallo<\/a><\/p>\n<p><strong>Projecte:\u00a0<\/strong><\/p>\n<p>Creaci\u00f3 d\u2019un logotip iconogr\u00e0fic per La Process\u00f3 de Verges<\/p>\n<p><strong>Argumentaci\u00f3 de la comissi\u00f3:<\/strong><\/p>\n<p>L\u2019equip guanyador ha resolt amb professionalitat l\u2019enc\u00e0rrec per part de l\u2019organitzaci\u00f3 de la Process\u00f3 de Verges perqu\u00e8, per una banda, ha sabut actualitzar la icona de la Process\u00f3 fent-la m\u00e9s reconeixible i mantenint-ne l\u2019ess\u00e8ncia i la identitat. D\u2019altra banda, es destaca la professionalitat i l\u2019adaptaci\u00f3 dels alumnes, que han sabut integrar els elements tradicionals amb un estil modern i equilibrat, responent aix\u00ed als objectius i suggeriments exposats en les reunions de treball.<\/p>\n<p><a href=\"https:\/\/projectes.xtec.cat\/ere\/wp-content\/uploads\/usu2534\/2025\/03\/VERGES_PAU-GARGALLO-1.jpg\"><img loading=\"lazy\" decoding=\"async\" class=\"size-large wp-image-10563 aligncenter\" src=\"https:\/\/projectes.xtec.cat\/ere\/wp-content\/uploads\/usu2534\/2025\/03\/VERGES_PAU-GARGALLO-1-1024x724.jpg\" alt=\"\" width=\"1024\" height=\"724\" srcset=\"https:\/\/projectes.xtec.cat\/ere\/wp-content\/uploads\/usu2534\/2025\/03\/VERGES_PAU-GARGALLO-1-1024x724.jpg 1024w, https:\/\/projectes.xtec.cat\/ere\/wp-content\/uploads\/usu2534\/2025\/03\/VERGES_PAU-GARGALLO-1-300x212.jpg 300w, https:\/\/projectes.xtec.cat\/ere\/wp-content\/uploads\/usu2534\/2025\/03\/VERGES_PAU-GARGALLO-1-768x543.jpg 768w, https:\/\/projectes.xtec.cat\/ere\/wp-content\/uploads\/usu2534\/2025\/03\/VERGES_PAU-GARGALLO-1-1536x1086.jpg 1536w, https:\/\/projectes.xtec.cat\/ere\/wp-content\/uploads\/usu2534\/2025\/03\/VERGES_PAU-GARGALLO-1-2048x1448.jpg 2048w\" sizes=\"auto, (max-width: 1024px) 100vw, 1024px\" \/><\/a> <a href=\"https:\/\/projectes.xtec.cat\/ere\/wp-content\/uploads\/usu2534\/2025\/03\/VERGES_PAU-GARGALLO-2.jpg\"><img loading=\"lazy\" decoding=\"async\" class=\"size-large wp-image-10564 aligncenter\" src=\"https:\/\/projectes.xtec.cat\/ere\/wp-content\/uploads\/usu2534\/2025\/03\/VERGES_PAU-GARGALLO-2-1024x724.jpg\" alt=\"\" width=\"1024\" height=\"724\" srcset=\"https:\/\/projectes.xtec.cat\/ere\/wp-content\/uploads\/usu2534\/2025\/03\/VERGES_PAU-GARGALLO-2-1024x724.jpg 1024w, https:\/\/projectes.xtec.cat\/ere\/wp-content\/uploads\/usu2534\/2025\/03\/VERGES_PAU-GARGALLO-2-300x212.jpg 300w, https:\/\/projectes.xtec.cat\/ere\/wp-content\/uploads\/usu2534\/2025\/03\/VERGES_PAU-GARGALLO-2-768x543.jpg 768w, https:\/\/projectes.xtec.cat\/ere\/wp-content\/uploads\/usu2534\/2025\/03\/VERGES_PAU-GARGALLO-2-1536x1086.jpg 1536w, https:\/\/projectes.xtec.cat\/ere\/wp-content\/uploads\/usu2534\/2025\/03\/VERGES_PAU-GARGALLO-2-2048x1448.jpg 2048w\" sizes=\"auto, (max-width: 1024px) 100vw, 1024px\" \/><\/a> <a href=\"https:\/\/projectes.xtec.cat\/ere\/wp-content\/uploads\/usu2534\/2025\/03\/VERGES_PAU-GARGALLO-5.jpg\"><img loading=\"lazy\" decoding=\"async\" class=\"size-large wp-image-10565 aligncenter\" src=\"https:\/\/projectes.xtec.cat\/ere\/wp-content\/uploads\/usu2534\/2025\/03\/VERGES_PAU-GARGALLO-5-1024x724.jpg\" alt=\"\" width=\"1024\" height=\"724\" srcset=\"https:\/\/projectes.xtec.cat\/ere\/wp-content\/uploads\/usu2534\/2025\/03\/VERGES_PAU-GARGALLO-5-1024x724.jpg 1024w, https:\/\/projectes.xtec.cat\/ere\/wp-content\/uploads\/usu2534\/2025\/03\/VERGES_PAU-GARGALLO-5-300x212.jpg 300w, https:\/\/projectes.xtec.cat\/ere\/wp-content\/uploads\/usu2534\/2025\/03\/VERGES_PAU-GARGALLO-5-768x543.jpg 768w, https:\/\/projectes.xtec.cat\/ere\/wp-content\/uploads\/usu2534\/2025\/03\/VERGES_PAU-GARGALLO-5-1536x1086.jpg 1536w, https:\/\/projectes.xtec.cat\/ere\/wp-content\/uploads\/usu2534\/2025\/03\/VERGES_PAU-GARGALLO-5-2048x1448.jpg 2048w\" sizes=\"auto, (max-width: 1024px) 100vw, 1024px\" \/><\/a> <a href=\"https:\/\/projectes.xtec.cat\/ere\/wp-content\/uploads\/usu2534\/2025\/03\/VERGES_PAU-GARGALLO-6.jpg\"><img loading=\"lazy\" decoding=\"async\" class=\"size-large wp-image-10566 aligncenter\" src=\"https:\/\/projectes.xtec.cat\/ere\/wp-content\/uploads\/usu2534\/2025\/03\/VERGES_PAU-GARGALLO-6-1024x724.jpg\" alt=\"\" width=\"1024\" height=\"724\" srcset=\"https:\/\/projectes.xtec.cat\/ere\/wp-content\/uploads\/usu2534\/2025\/03\/VERGES_PAU-GARGALLO-6-1024x724.jpg 1024w, https:\/\/projectes.xtec.cat\/ere\/wp-content\/uploads\/usu2534\/2025\/03\/VERGES_PAU-GARGALLO-6-300x212.jpg 300w, https:\/\/projectes.xtec.cat\/ere\/wp-content\/uploads\/usu2534\/2025\/03\/VERGES_PAU-GARGALLO-6-768x543.jpg 768w, https:\/\/projectes.xtec.cat\/ere\/wp-content\/uploads\/usu2534\/2025\/03\/VERGES_PAU-GARGALLO-6-1536x1086.jpg 1536w, https:\/\/projectes.xtec.cat\/ere\/wp-content\/uploads\/usu2534\/2025\/03\/VERGES_PAU-GARGALLO-6-2048x1448.jpg 2048w\" sizes=\"auto, (max-width: 1024px) 100vw, 1024px\" \/><\/a><\/p>\n","protected":false},"excerpt":{"rendered":"<p>Reconeixement:<br \/>\nAlberto Cand\u00f3n, Paola L\u00f3pez, Pablo Pineda. <a href=\"https:\/\/paugargallo.cat\/\" target=\"_blank\" rel=\"noopener\">EA Pau Gargallo<\/a><br \/>\nProjecte:\u00a0<br \/>\nCreaci\u00f3 d\u2019un logotip iconogr\u00e0fic per La Process\u00f3 de Verges<br \/>\nArgumentaci\u00f3 de la comissi\u00f3:<br \/>\nL\u2019equip guanyador ha resolt amb professionalitat l\u2019enc\u00e0rrec per part de l\u2019organitzaci\u00f3 de la Process\u00f3 de Verges perqu\u00e8, per una banda, ha sabut&hellip;  <a href=\"https:\/\/projectes.xtec.cat\/ere\/processo-de-verges\/\" title=\"Read PROCESS\u00d3 DE VERGES\">Llegeix m\u00e9s\u00bb<\/a><\/p>\n","protected":false},"author":1,"featured_media":0,"parent":0,"menu_order":0,"comment_status":"closed","ping_status":"closed","template":"","meta":{"_bbp_topic_count":0,"_bbp_reply_count":0,"_bbp_total_topic_count":0,"_bbp_total_reply_count":0,"_bbp_voice_count":0,"_bbp_anonymous_reply_count":0,"_bbp_topic_count_hidden":0,"_bbp_reply_count_hidden":0,"_bbp_forum_subforum_count":0,"footnotes":""},"class_list":["post-10586","page","type-page","status-publish","hentry"],"post_mailing_queue_ids":[],"_links":{"self":[{"href":"https:\/\/projectes.xtec.cat\/ere\/wp-json\/wp\/v2\/pages\/10586","targetHints":{"allow":["GET"]}}],"collection":[{"href":"https:\/\/projectes.xtec.cat\/ere\/wp-json\/wp\/v2\/pages"}],"about":[{"href":"https:\/\/projectes.xtec.cat\/ere\/wp-json\/wp\/v2\/types\/page"}],"author":[{"embeddable":true,"href":"https:\/\/projectes.xtec.cat\/ere\/wp-json\/wp\/v2\/users\/1"}],"replies":[{"embeddable":true,"href":"https:\/\/projectes.xtec.cat\/ere\/wp-json\/wp\/v2\/comments?post=10586"}],"version-history":[{"count":3,"href":"https:\/\/projectes.xtec.cat\/ere\/wp-json\/wp\/v2\/pages\/10586\/revisions"}],"predecessor-version":[{"id":10641,"href":"https:\/\/projectes.xtec.cat\/ere\/wp-json\/wp\/v2\/pages\/10586\/revisions\/10641"}],"wp:attachment":[{"href":"https:\/\/projectes.xtec.cat\/ere\/wp-json\/wp\/v2\/media?parent=10586"}],"curies":[{"name":"wp","href":"https:\/\/api.w.org\/{rel}","templated":true}]}}