{"id":10590,"date":"2025-03-11T08:24:30","date_gmt":"2025-03-11T07:24:30","guid":{"rendered":"https:\/\/projectes.xtec.cat\/ere\/?page_id=10590"},"modified":"2025-03-12T11:47:16","modified_gmt":"2025-03-12T10:47:16","slug":"tecsam","status":"publish","type":"page","link":"https:\/\/projectes.xtec.cat\/ere\/talent-creatiu-i-empresa\/reconeixements-talent-creatiu-i-empresa-al-projectes-del-primer-quadrimestres-2024-2025\/tecsam\/","title":{"rendered":"Xarxa TECSAM"},"content":{"rendered":"<p><strong>Reconeixement:<i><\/i><\/strong><\/p>\n<p><i><a href=\"https:\/\/escolartolot.cat\/\" target=\"_blank\" rel=\"noopener\">EA Olot<\/a>, a<\/i>lumnes de 2n curs de Motlles, Models 3D i Art Toys.<\/p>\n<p>M\u00f2dul de Projectes: Sharon Cardona, Neus Gibert, \u00c1lex Pati\u00f1o, Amat Solanilla i Guillem Puig<\/p>\n<p><strong>Projecte:\u00a0<\/strong><\/p>\n<p>Qu\u00e8 et passa pel cap?\u00a0Instal\u00b7laci\u00f3 activa i participativa, un espai immersiu, en la qual tothom pugui expressar les seves emocions de manera lliure, amb una escultura com a nucli central.<\/p>\n<p><strong>Argumentaci\u00f3 de la comissi\u00f3:<\/strong><\/p>\n<p><i>La proposta compleix totes les necessitats plantejades, ja que \u00e9s una proposta art\u00edstica participativa i que obliga al p\u00fablic a reflexionar, amb un pressupost raonable i una log\u00edstica apta per una fira.<\/i><\/p>\n<p><strong>Menci\u00f3:<\/strong><\/p>\n<p><i><span style=\"font-weight: 400;\">EA Vilanova, amb el projecte Open to Reset<\/span><\/i><\/p>\n<p><a href=\"https:\/\/projectes.xtec.cat\/ere\/wp-content\/uploads\/usu2534\/2025\/03\/cap-2-scaled.jpg\"><img loading=\"lazy\" decoding=\"async\" class=\"alignnone size-large wp-image-10570\" src=\"https:\/\/projectes.xtec.cat\/ere\/wp-content\/uploads\/usu2534\/2025\/03\/cap-2-1024x576.jpg\" alt=\"\" width=\"1024\" height=\"576\" srcset=\"https:\/\/projectes.xtec.cat\/ere\/wp-content\/uploads\/usu2534\/2025\/03\/cap-2-1024x576.jpg 1024w, https:\/\/projectes.xtec.cat\/ere\/wp-content\/uploads\/usu2534\/2025\/03\/cap-2-300x169.jpg 300w, https:\/\/projectes.xtec.cat\/ere\/wp-content\/uploads\/usu2534\/2025\/03\/cap-2-768x432.jpg 768w, https:\/\/projectes.xtec.cat\/ere\/wp-content\/uploads\/usu2534\/2025\/03\/cap-2-1536x864.jpg 1536w, https:\/\/projectes.xtec.cat\/ere\/wp-content\/uploads\/usu2534\/2025\/03\/cap-2-2048x1152.jpg 2048w\" sizes=\"auto, (max-width: 1024px) 100vw, 1024px\" \/><\/a> <a href=\"https:\/\/projectes.xtec.cat\/ere\/wp-content\/uploads\/usu2534\/2025\/03\/cap-3.jpg\"><img loading=\"lazy\" decoding=\"async\" class=\"alignnone size-large wp-image-10571\" src=\"https:\/\/projectes.xtec.cat\/ere\/wp-content\/uploads\/usu2534\/2025\/03\/cap-3-1024x768.jpg\" alt=\"\" width=\"1024\" height=\"768\" srcset=\"https:\/\/projectes.xtec.cat\/ere\/wp-content\/uploads\/usu2534\/2025\/03\/cap-3-1024x768.jpg 1024w, https:\/\/projectes.xtec.cat\/ere\/wp-content\/uploads\/usu2534\/2025\/03\/cap-3-300x225.jpg 300w, https:\/\/projectes.xtec.cat\/ere\/wp-content\/uploads\/usu2534\/2025\/03\/cap-3-768x576.jpg 768w, https:\/\/projectes.xtec.cat\/ere\/wp-content\/uploads\/usu2534\/2025\/03\/cap-3-1536x1152.jpg 1536w, https:\/\/projectes.xtec.cat\/ere\/wp-content\/uploads\/usu2534\/2025\/03\/cap-3-200x150.jpg 200w, https:\/\/projectes.xtec.cat\/ere\/wp-content\/uploads\/usu2534\/2025\/03\/cap-3.jpg 1600w\" sizes=\"auto, (max-width: 1024px) 100vw, 1024px\" \/><\/a> <a href=\"https:\/\/projectes.xtec.cat\/ere\/wp-content\/uploads\/usu2534\/2025\/03\/cap-4.jpg\"><img loading=\"lazy\" decoding=\"async\" class=\"alignnone size-large wp-image-10572\" src=\"https:\/\/projectes.xtec.cat\/ere\/wp-content\/uploads\/usu2534\/2025\/03\/cap-4-1024x530.jpg\" alt=\"\" width=\"1024\" height=\"530\" srcset=\"https:\/\/projectes.xtec.cat\/ere\/wp-content\/uploads\/usu2534\/2025\/03\/cap-4-1024x530.jpg 1024w, https:\/\/projectes.xtec.cat\/ere\/wp-content\/uploads\/usu2534\/2025\/03\/cap-4-300x155.jpg 300w, https:\/\/projectes.xtec.cat\/ere\/wp-content\/uploads\/usu2534\/2025\/03\/cap-4-768x398.jpg 768w, https:\/\/projectes.xtec.cat\/ere\/wp-content\/uploads\/usu2534\/2025\/03\/cap-4-1536x795.jpg 1536w, https:\/\/projectes.xtec.cat\/ere\/wp-content\/uploads\/usu2534\/2025\/03\/cap-4.jpg 1872w\" sizes=\"auto, (max-width: 1024px) 100vw, 1024px\" \/><\/a><\/p>\n","protected":false},"excerpt":{"rendered":"<p>Reconeixement:<br \/>\n<a href=\"https:\/\/escolartolot.cat\/\" target=\"_blank\" rel=\"noopener\">EA Olot<\/a>, alumnes de 2n curs de Motlles, Models 3D i Art Toys.<br \/>\nM\u00f2dul de Projectes: Sharon Cardona, Neus Gibert, \u00c1lex Pati\u00f1o, Amat Solanilla i Guillem Puig<br \/>\nProjecte:\u00a0<br \/>\nQu\u00e8 et passa pel cap?\u00a0Instal\u00b7laci\u00f3 activa i participativa, un espai immersiu, en la qual tothom pugui expressar&hellip;  <a href=\"https:\/\/projectes.xtec.cat\/ere\/talent-creatiu-i-empresa\/reconeixements-talent-creatiu-i-empresa-al-projectes-del-primer-quadrimestres-2024-2025\/tecsam\/\" title=\"Read Xarxa TECSAM\">Llegeix m\u00e9s\u00bb<\/a><\/p>\n","protected":false},"author":1,"featured_media":0,"parent":10548,"menu_order":0,"comment_status":"closed","ping_status":"closed","template":"","meta":{"_bbp_topic_count":0,"_bbp_reply_count":0,"_bbp_total_topic_count":0,"_bbp_total_reply_count":0,"_bbp_voice_count":0,"_bbp_anonymous_reply_count":0,"_bbp_topic_count_hidden":0,"_bbp_reply_count_hidden":0,"_bbp_forum_subforum_count":0,"footnotes":""},"class_list":["post-10590","page","type-page","status-publish","hentry"],"post_mailing_queue_ids":[],"_links":{"self":[{"href":"https:\/\/projectes.xtec.cat\/ere\/wp-json\/wp\/v2\/pages\/10590","targetHints":{"allow":["GET"]}}],"collection":[{"href":"https:\/\/projectes.xtec.cat\/ere\/wp-json\/wp\/v2\/pages"}],"about":[{"href":"https:\/\/projectes.xtec.cat\/ere\/wp-json\/wp\/v2\/types\/page"}],"author":[{"embeddable":true,"href":"https:\/\/projectes.xtec.cat\/ere\/wp-json\/wp\/v2\/users\/1"}],"replies":[{"embeddable":true,"href":"https:\/\/projectes.xtec.cat\/ere\/wp-json\/wp\/v2\/comments?post=10590"}],"version-history":[{"count":5,"href":"https:\/\/projectes.xtec.cat\/ere\/wp-json\/wp\/v2\/pages\/10590\/revisions"}],"predecessor-version":[{"id":10655,"href":"https:\/\/projectes.xtec.cat\/ere\/wp-json\/wp\/v2\/pages\/10590\/revisions\/10655"}],"up":[{"embeddable":true,"href":"https:\/\/projectes.xtec.cat\/ere\/wp-json\/wp\/v2\/pages\/10548"}],"wp:attachment":[{"href":"https:\/\/projectes.xtec.cat\/ere\/wp-json\/wp\/v2\/media?parent=10590"}],"curies":[{"name":"wp","href":"https:\/\/api.w.org\/{rel}","templated":true}]}}