{"id":10806,"date":"2025-05-20T12:12:01","date_gmt":"2025-05-20T10:12:01","guid":{"rendered":"https:\/\/projectes.xtec.cat\/ere\/?page_id=10806"},"modified":"2025-05-20T12:12:01","modified_gmt":"2025-05-20T10:12:01","slug":"consell-catala-de-lesport-escola-catalana-de-lesport","status":"publish","type":"page","link":"https:\/\/projectes.xtec.cat\/ere\/consell-catala-de-lesport-escola-catalana-de-lesport\/","title":{"rendered":"CONSELL CATAL\u00c0 DE L\u2019ESPORT\/ ESCOLA CATALANA DE L\u2019ESPORT"},"content":{"rendered":"<p><b>Reconeixement: <\/b><\/p>\n<p><span style=\"font-weight: 400;\">Federico Levrero Malagon,\u00a0 Qianhui Zhang, Andrea Wen Jaenes &#8211; <a href=\"https:\/\/paugargallo.cat\/\" target=\"_blank\" rel=\"noopener\">EA PAU GARGALLO.<\/a><\/span><\/p>\n<p><b>Projecte de logo:<\/b><\/p>\n<p><span style=\"font-weight: 400;\">Disseny de nou logo per a les formacions de voluntariat Cursos d\u2019iniciaci\u00f3 a t\u00e8cnic d\u2019esport.<\/span><\/p>\n<p><b>Argumentaci\u00f3 de la comissi\u00f3:\u00a0<\/b><\/p>\n<p><span style=\"font-weight: 400;\">\u00a0<\/span><span style=\"font-weight: 400;\">La proposta que ens han presentat compleix els requisits de senzillesa, moviment i colors corporatius que deman\u00e0vem, a m\u00e9s de copsar la funci\u00f3 que indica un punt d\u2019inici en la formaci\u00f3.<\/span><\/p>\n<p><strong>FOTO LOGO:<\/strong><\/p>\n<p><a href=\"https:\/\/projectes.xtec.cat\/ere\/wp-content\/uploads\/usu2534\/2025\/05\/G1_ZhangQianhui_LevreroMalagonFederico_AndreaWenJaenes_PRESENTACION-CIATE-1-scaled.jpg\"><img loading=\"lazy\" decoding=\"async\" class=\"aligncenter wp-image-10811 size-large\" src=\"https:\/\/projectes.xtec.cat\/ere\/wp-content\/uploads\/usu2534\/2025\/05\/G1_ZhangQianhui_LevreroMalagonFederico_AndreaWenJaenes_PRESENTACION-CIATE-1-986x1024.jpg\" alt=\"\" width=\"986\" height=\"1024\" srcset=\"https:\/\/projectes.xtec.cat\/ere\/wp-content\/uploads\/usu2534\/2025\/05\/G1_ZhangQianhui_LevreroMalagonFederico_AndreaWenJaenes_PRESENTACION-CIATE-1-986x1024.jpg 986w, https:\/\/projectes.xtec.cat\/ere\/wp-content\/uploads\/usu2534\/2025\/05\/G1_ZhangQianhui_LevreroMalagonFederico_AndreaWenJaenes_PRESENTACION-CIATE-1-289x300.jpg 289w, https:\/\/projectes.xtec.cat\/ere\/wp-content\/uploads\/usu2534\/2025\/05\/G1_ZhangQianhui_LevreroMalagonFederico_AndreaWenJaenes_PRESENTACION-CIATE-1-768x798.jpg 768w, https:\/\/projectes.xtec.cat\/ere\/wp-content\/uploads\/usu2534\/2025\/05\/G1_ZhangQianhui_LevreroMalagonFederico_AndreaWenJaenes_PRESENTACION-CIATE-1-1479x1536.jpg 1479w, https:\/\/projectes.xtec.cat\/ere\/wp-content\/uploads\/usu2534\/2025\/05\/G1_ZhangQianhui_LevreroMalagonFederico_AndreaWenJaenes_PRESENTACION-CIATE-1-1971x2048.jpg 1971w\" sizes=\"auto, (max-width: 986px) 100vw, 986px\" \/><\/a> <a href=\"https:\/\/projectes.xtec.cat\/ere\/wp-content\/uploads\/usu2534\/2025\/05\/G1_ZhangQianhui_LevreroMalagonFederico_AndreaWenJaenes_2-1-scaled.jpg\"><img loading=\"lazy\" decoding=\"async\" class=\"aligncenter wp-image-10812 size-large\" src=\"https:\/\/projectes.xtec.cat\/ere\/wp-content\/uploads\/usu2534\/2025\/05\/G1_ZhangQianhui_LevreroMalagonFederico_AndreaWenJaenes_2-1-1024x723.jpg\" alt=\"\" width=\"1024\" height=\"723\" srcset=\"https:\/\/projectes.xtec.cat\/ere\/wp-content\/uploads\/usu2534\/2025\/05\/G1_ZhangQianhui_LevreroMalagonFederico_AndreaWenJaenes_2-1-1024x723.jpg 1024w, https:\/\/projectes.xtec.cat\/ere\/wp-content\/uploads\/usu2534\/2025\/05\/G1_ZhangQianhui_LevreroMalagonFederico_AndreaWenJaenes_2-1-300x212.jpg 300w, https:\/\/projectes.xtec.cat\/ere\/wp-content\/uploads\/usu2534\/2025\/05\/G1_ZhangQianhui_LevreroMalagonFederico_AndreaWenJaenes_2-1-768x543.jpg 768w, https:\/\/projectes.xtec.cat\/ere\/wp-content\/uploads\/usu2534\/2025\/05\/G1_ZhangQianhui_LevreroMalagonFederico_AndreaWenJaenes_2-1-1536x1085.jpg 1536w, https:\/\/projectes.xtec.cat\/ere\/wp-content\/uploads\/usu2534\/2025\/05\/G1_ZhangQianhui_LevreroMalagonFederico_AndreaWenJaenes_2-1-2048x1447.jpg 2048w\" sizes=\"auto, (max-width: 1024px) 100vw, 1024px\" \/><\/a> <a href=\"https:\/\/projectes.xtec.cat\/ere\/wp-content\/uploads\/usu2534\/2025\/05\/Escola-catalana-4-1.jpg\"><img loading=\"lazy\" decoding=\"async\" class=\"wp-image-10813 size-large aligncenter\" src=\"https:\/\/projectes.xtec.cat\/ere\/wp-content\/uploads\/usu2534\/2025\/05\/Escola-catalana-4-1-1024x667.jpg\" alt=\"\" width=\"1024\" height=\"667\" srcset=\"https:\/\/projectes.xtec.cat\/ere\/wp-content\/uploads\/usu2534\/2025\/05\/Escola-catalana-4-1-1024x667.jpg 1024w, https:\/\/projectes.xtec.cat\/ere\/wp-content\/uploads\/usu2534\/2025\/05\/Escola-catalana-4-1-300x195.jpg 300w, https:\/\/projectes.xtec.cat\/ere\/wp-content\/uploads\/usu2534\/2025\/05\/Escola-catalana-4-1-768x500.jpg 768w, https:\/\/projectes.xtec.cat\/ere\/wp-content\/uploads\/usu2534\/2025\/05\/Escola-catalana-4-1.jpg 1170w\" sizes=\"auto, (max-width: 1024px) 100vw, 1024px\" \/><\/a> <a href=\"https:\/\/projectes.xtec.cat\/ere\/wp-content\/uploads\/usu2534\/2025\/05\/Escola-catalana-3-1.jpg\"><img loading=\"lazy\" decoding=\"async\" class=\"aligncenter wp-image-10814 size-full\" src=\"https:\/\/projectes.xtec.cat\/ere\/wp-content\/uploads\/usu2534\/2025\/05\/Escola-catalana-3-1.jpg\" alt=\"\" width=\"609\" height=\"540\" srcset=\"https:\/\/projectes.xtec.cat\/ere\/wp-content\/uploads\/usu2534\/2025\/05\/Escola-catalana-3-1.jpg 609w, https:\/\/projectes.xtec.cat\/ere\/wp-content\/uploads\/usu2534\/2025\/05\/Escola-catalana-3-1-300x266.jpg 300w\" sizes=\"auto, (max-width: 609px) 100vw, 609px\" \/><\/a><\/p>\n","protected":false},"excerpt":{"rendered":"<p>Reconeixement:<br \/>\nFederico Levrero Malagon,\u00a0 Qianhui Zhang, Andrea Wen Jaenes &#8211; <a href=\"https:\/\/paugargallo.cat\/\" target=\"_blank\" rel=\"noopener\">EA PAU GARGALLO.<\/a><br \/>\nProjecte de logo:<br \/>\nDisseny de nou logo per a les formacions de voluntariat Cursos d\u2019iniciaci\u00f3 a t\u00e8cnic d\u2019esport.<br \/>\nArgumentaci\u00f3 de la comissi\u00f3:\u00a0<br \/>\n\u00a0La proposta que ens han presentat compleix els requisits de senzillesa,&hellip;  <a href=\"https:\/\/projectes.xtec.cat\/ere\/consell-catala-de-lesport-escola-catalana-de-lesport\/\" title=\"Read CONSELL CATAL\u00c0 DE L\u2019ESPORT\/ ESCOLA CATALANA DE L\u2019ESPORT\">Llegeix m\u00e9s\u00bb<\/a><\/p>\n","protected":false},"author":1,"featured_media":0,"parent":0,"menu_order":0,"comment_status":"closed","ping_status":"closed","template":"","meta":{"_bbp_topic_count":0,"_bbp_reply_count":0,"_bbp_total_topic_count":0,"_bbp_total_reply_count":0,"_bbp_voice_count":0,"_bbp_anonymous_reply_count":0,"_bbp_topic_count_hidden":0,"_bbp_reply_count_hidden":0,"_bbp_forum_subforum_count":0,"footnotes":""},"class_list":["post-10806","page","type-page","status-publish","hentry"],"post_mailing_queue_ids":[],"_links":{"self":[{"href":"https:\/\/projectes.xtec.cat\/ere\/wp-json\/wp\/v2\/pages\/10806","targetHints":{"allow":["GET"]}}],"collection":[{"href":"https:\/\/projectes.xtec.cat\/ere\/wp-json\/wp\/v2\/pages"}],"about":[{"href":"https:\/\/projectes.xtec.cat\/ere\/wp-json\/wp\/v2\/types\/page"}],"author":[{"embeddable":true,"href":"https:\/\/projectes.xtec.cat\/ere\/wp-json\/wp\/v2\/users\/1"}],"replies":[{"embeddable":true,"href":"https:\/\/projectes.xtec.cat\/ere\/wp-json\/wp\/v2\/comments?post=10806"}],"version-history":[{"count":1,"href":"https:\/\/projectes.xtec.cat\/ere\/wp-json\/wp\/v2\/pages\/10806\/revisions"}],"predecessor-version":[{"id":10815,"href":"https:\/\/projectes.xtec.cat\/ere\/wp-json\/wp\/v2\/pages\/10806\/revisions\/10815"}],"wp:attachment":[{"href":"https:\/\/projectes.xtec.cat\/ere\/wp-json\/wp\/v2\/media?parent=10806"}],"curies":[{"name":"wp","href":"https:\/\/api.w.org\/{rel}","templated":true}]}}