{"id":10817,"date":"2025-05-20T12:23:50","date_gmt":"2025-05-20T10:23:50","guid":{"rendered":"https:\/\/projectes.xtec.cat\/ere\/?page_id=10817"},"modified":"2025-05-20T14:34:48","modified_gmt":"2025-05-20T12:34:48","slug":"sos-costa-brava","status":"publish","type":"page","link":"https:\/\/projectes.xtec.cat\/ere\/sos-costa-brava\/","title":{"rendered":"SOS COSTA BRAVA"},"content":{"rendered":"<p><em><strong>PRIMER PROJECTE PROFESSIONAL<\/strong><\/em><\/p>\n<p><b>Reconeixement:<\/b><\/p>\n<p><span style=\"font-weight: 400;\">I<\/span><span style=\"font-weight: 400;\">sabel Bl\u00e1zquez i Mireia Elias &#8211; <a href=\"https:\/\/escolartolot.cat\/\" target=\"_blank\" rel=\"noopener\">EA Olot<\/a><\/span><\/p>\n<p><b>Projecte:<\/b><\/p>\n<p><span style=\"font-weight: 400;\">Campanya per donar a con\u00e8ixer a SOS Costa Brava i el seu objectiu actual, aconseguir que la creaci\u00f3 del Conservatori del Litoral sigui una realitat<\/span><\/p>\n<p><b>Argumentaci\u00f3 de la comissi\u00f3:<\/b><\/p>\n<p><span style=\"font-weight: 400;\">Des de SOS Costa Brava volem recon\u00e8ixer la feina d\u2019Isabel Bl\u00e1zquez i Mireia Elias, de l\u2019Escola d\u2019Art d\u2019Olot, per la seva proposta de campanya per donar a con\u00e8ixer el Conservatori del Litoral.<\/span><\/p>\n<p><span style=\"font-weight: 400;\">El seu disseny destaca per integrar elements de la natura \u2014com el tronc d\u2019un arbre i les seves anelles\u2014 com a met\u00e0fora visual de la lluita per protegir el nostre territori, aix\u00ed com per la seva coher\u00e8ncia amb l\u2019est\u00e8tica i els colors corporatius de SOS Costa Brava. Una proposta que, tot i les dificultats inherents a un projecte acad\u00e8mic, ha sabut interpretar l\u2019objectiu de comunicar la import\u00e0ncia del Conservatori del Litoral, fent visibles espais emblem\u00e0tics que han estat al centre de la nostra lluita en els darrers anys.<\/span><\/p>\n<p><span style=\"font-weight: 400;\">Agra\u00efm el comprom\u00eds i la sensibilitat demostrada. Fem el que podem, i fer-ho amb mirada cr\u00edtica, creativa i arrelada al territori ja \u00e9s molt.<\/span><\/p>\n<p><strong><em>SEGON PROJECTE PROFESSIONAL<\/em><\/strong><\/p>\n<p><b>Reconeixement:<\/b><\/p>\n<p><span style=\"font-weight: 400;\">Guiomar Terceros i Ares Visa. EMAD. EA de La Garriga<\/span><\/p>\n<p><b>Projecte:<\/b><\/p>\n<p><span style=\"font-weight: 400;\">Campanya de comunicaci\u00f3 explicant la realitat de la Xarxa Natura 2000 de manera molt gr\u00e0fica i senzilla d\u2019entendre.<\/span><\/p>\n<p><b>Argumentaci\u00f3 de la comissi\u00f3:<\/b><\/p>\n<p><span style=\"font-weight: 400;\">Des de SOS Costa Brava volem recon\u00e8ixer la proposta de Guiomar Terceros i Ares Visa, alumnes de l\u2019Escola Municipal d\u2019Art i Disseny de La Garriga (EMAD), per la seva contribuci\u00f3 a la creaci\u00f3 d\u2019una campanya de comunicaci\u00f3 centrada en la situaci\u00f3 real de la Xarxa Natura 2000.<\/span><\/p>\n<p><span style=\"font-weight: 400;\">La seva feina destaca per la claredat i originalitat de les icones creades, que faciliten la comprensi\u00f3 dels missatges sense renunciar a un llenguatge visual propi i atractiu. Especialment volem posar en valor el mapa elaborat, on es representen els espais de la Xarxa Natura 2000 a trav\u00e9s d\u2019imatges reals combinades amb les icones dissenyades. Una eina comunicativa molt potent per fer visible, d\u2019una manera accessible, la import\u00e0ncia de protegir aquests indrets.<\/span><\/p>\n<p><span style=\"font-weight: 400;\">Agra\u00efm l\u2019esfor\u00e7, la creativitat i la sensibilitat ambiental que han posat en aquest projecte. Aportacions com aquesta ens animen a continuar comunicant i defensant el territori amb noves mirades.<\/span><\/p>\n<p>&nbsp;<\/p>\n<p><strong>FOTOS PROJECTE 1:<\/strong><\/p>\n<p><a href=\"https:\/\/projectes.xtec.cat\/ere\/wp-content\/uploads\/usu2534\/2025\/05\/SOSCOSTABRAVA_EASDOLOT_MireiaIsabel_2_Pagina_2-scaled.jpg\"><img loading=\"lazy\" decoding=\"async\" class=\"aligncenter wp-image-10818 size-large\" src=\"https:\/\/projectes.xtec.cat\/ere\/wp-content\/uploads\/usu2534\/2025\/05\/SOSCOSTABRAVA_EASDOLOT_MireiaIsabel_2_Pagina_2-1024x576.jpg\" alt=\"\" width=\"1024\" height=\"576\" srcset=\"https:\/\/projectes.xtec.cat\/ere\/wp-content\/uploads\/usu2534\/2025\/05\/SOSCOSTABRAVA_EASDOLOT_MireiaIsabel_2_Pagina_2-1024x576.jpg 1024w, https:\/\/projectes.xtec.cat\/ere\/wp-content\/uploads\/usu2534\/2025\/05\/SOSCOSTABRAVA_EASDOLOT_MireiaIsabel_2_Pagina_2-300x169.jpg 300w, https:\/\/projectes.xtec.cat\/ere\/wp-content\/uploads\/usu2534\/2025\/05\/SOSCOSTABRAVA_EASDOLOT_MireiaIsabel_2_Pagina_2-768x432.jpg 768w, https:\/\/projectes.xtec.cat\/ere\/wp-content\/uploads\/usu2534\/2025\/05\/SOSCOSTABRAVA_EASDOLOT_MireiaIsabel_2_Pagina_2-1536x864.jpg 1536w, https:\/\/projectes.xtec.cat\/ere\/wp-content\/uploads\/usu2534\/2025\/05\/SOSCOSTABRAVA_EASDOLOT_MireiaIsabel_2_Pagina_2-2048x1152.jpg 2048w\" sizes=\"auto, (max-width: 1024px) 100vw, 1024px\" \/><\/a> <a href=\"https:\/\/projectes.xtec.cat\/ere\/wp-content\/uploads\/usu2534\/2025\/05\/SOSCOSTABRAVA_EASDOLOT_MireiaIsabel_2_Pagina_3-scaled.jpg\"><img loading=\"lazy\" decoding=\"async\" class=\"aligncenter wp-image-10819 size-large\" src=\"https:\/\/projectes.xtec.cat\/ere\/wp-content\/uploads\/usu2534\/2025\/05\/SOSCOSTABRAVA_EASDOLOT_MireiaIsabel_2_Pagina_3-1024x578.jpg\" alt=\"\" width=\"1024\" height=\"578\" srcset=\"https:\/\/projectes.xtec.cat\/ere\/wp-content\/uploads\/usu2534\/2025\/05\/SOSCOSTABRAVA_EASDOLOT_MireiaIsabel_2_Pagina_3-1024x578.jpg 1024w, https:\/\/projectes.xtec.cat\/ere\/wp-content\/uploads\/usu2534\/2025\/05\/SOSCOSTABRAVA_EASDOLOT_MireiaIsabel_2_Pagina_3-300x169.jpg 300w, https:\/\/projectes.xtec.cat\/ere\/wp-content\/uploads\/usu2534\/2025\/05\/SOSCOSTABRAVA_EASDOLOT_MireiaIsabel_2_Pagina_3-768x433.jpg 768w, https:\/\/projectes.xtec.cat\/ere\/wp-content\/uploads\/usu2534\/2025\/05\/SOSCOSTABRAVA_EASDOLOT_MireiaIsabel_2_Pagina_3-1536x866.jpg 1536w, https:\/\/projectes.xtec.cat\/ere\/wp-content\/uploads\/usu2534\/2025\/05\/SOSCOSTABRAVA_EASDOLOT_MireiaIsabel_2_Pagina_3-2048x1155.jpg 2048w\" sizes=\"auto, (max-width: 1024px) 100vw, 1024px\" \/><\/a> <a href=\"https:\/\/projectes.xtec.cat\/ere\/wp-content\/uploads\/usu2534\/2025\/05\/SOSCOSTABRAVA_EASDOLOT_MireiaIsabel_2_Pagina_4-scaled.jpg\"><img loading=\"lazy\" decoding=\"async\" class=\"aligncenter wp-image-10820 size-large\" src=\"https:\/\/projectes.xtec.cat\/ere\/wp-content\/uploads\/usu2534\/2025\/05\/SOSCOSTABRAVA_EASDOLOT_MireiaIsabel_2_Pagina_4-1024x576.jpg\" alt=\"\" width=\"1024\" height=\"576\" srcset=\"https:\/\/projectes.xtec.cat\/ere\/wp-content\/uploads\/usu2534\/2025\/05\/SOSCOSTABRAVA_EASDOLOT_MireiaIsabel_2_Pagina_4-1024x576.jpg 1024w, https:\/\/projectes.xtec.cat\/ere\/wp-content\/uploads\/usu2534\/2025\/05\/SOSCOSTABRAVA_EASDOLOT_MireiaIsabel_2_Pagina_4-300x169.jpg 300w, https:\/\/projectes.xtec.cat\/ere\/wp-content\/uploads\/usu2534\/2025\/05\/SOSCOSTABRAVA_EASDOLOT_MireiaIsabel_2_Pagina_4-768x432.jpg 768w, https:\/\/projectes.xtec.cat\/ere\/wp-content\/uploads\/usu2534\/2025\/05\/SOSCOSTABRAVA_EASDOLOT_MireiaIsabel_2_Pagina_4-1536x864.jpg 1536w, https:\/\/projectes.xtec.cat\/ere\/wp-content\/uploads\/usu2534\/2025\/05\/SOSCOSTABRAVA_EASDOLOT_MireiaIsabel_2_Pagina_4-2048x1152.jpg 2048w\" sizes=\"auto, (max-width: 1024px) 100vw, 1024px\" \/><\/a><\/p>\n<p>&nbsp;<\/p>\n<p><strong>FOTOS PROJECTE 2:\u00a0<\/strong><\/p>\n<p><a href=\"https:\/\/projectes.xtec.cat\/ere\/wp-content\/uploads\/usu2534\/2025\/05\/Xarxa-2000_EMADlaGarriga_Guiomar-i-Ares_Pagina_09-scaled.jpg\"><img loading=\"lazy\" decoding=\"async\" class=\"aligncenter wp-image-10822 size-large\" src=\"https:\/\/projectes.xtec.cat\/ere\/wp-content\/uploads\/usu2534\/2025\/05\/Xarxa-2000_EMADlaGarriga_Guiomar-i-Ares_Pagina_09-1024x576.jpg\" alt=\"\" width=\"1024\" height=\"576\" srcset=\"https:\/\/projectes.xtec.cat\/ere\/wp-content\/uploads\/usu2534\/2025\/05\/Xarxa-2000_EMADlaGarriga_Guiomar-i-Ares_Pagina_09-1024x576.jpg 1024w, https:\/\/projectes.xtec.cat\/ere\/wp-content\/uploads\/usu2534\/2025\/05\/Xarxa-2000_EMADlaGarriga_Guiomar-i-Ares_Pagina_09-300x169.jpg 300w, https:\/\/projectes.xtec.cat\/ere\/wp-content\/uploads\/usu2534\/2025\/05\/Xarxa-2000_EMADlaGarriga_Guiomar-i-Ares_Pagina_09-768x432.jpg 768w, https:\/\/projectes.xtec.cat\/ere\/wp-content\/uploads\/usu2534\/2025\/05\/Xarxa-2000_EMADlaGarriga_Guiomar-i-Ares_Pagina_09-1536x864.jpg 1536w, https:\/\/projectes.xtec.cat\/ere\/wp-content\/uploads\/usu2534\/2025\/05\/Xarxa-2000_EMADlaGarriga_Guiomar-i-Ares_Pagina_09-2048x1152.jpg 2048w\" sizes=\"auto, (max-width: 1024px) 100vw, 1024px\" \/><\/a> <a href=\"https:\/\/projectes.xtec.cat\/ere\/wp-content\/uploads\/usu2534\/2025\/05\/Xarxa-2000_EMADlaGarriga_Guiomar-i-Ares_Pagina_08-scaled.jpg\"><img loading=\"lazy\" decoding=\"async\" class=\"aligncenter wp-image-10823 size-large\" src=\"https:\/\/projectes.xtec.cat\/ere\/wp-content\/uploads\/usu2534\/2025\/05\/Xarxa-2000_EMADlaGarriga_Guiomar-i-Ares_Pagina_08-1024x576.jpg\" alt=\"\" width=\"1024\" height=\"576\" srcset=\"https:\/\/projectes.xtec.cat\/ere\/wp-content\/uploads\/usu2534\/2025\/05\/Xarxa-2000_EMADlaGarriga_Guiomar-i-Ares_Pagina_08-1024x576.jpg 1024w, https:\/\/projectes.xtec.cat\/ere\/wp-content\/uploads\/usu2534\/2025\/05\/Xarxa-2000_EMADlaGarriga_Guiomar-i-Ares_Pagina_08-300x169.jpg 300w, https:\/\/projectes.xtec.cat\/ere\/wp-content\/uploads\/usu2534\/2025\/05\/Xarxa-2000_EMADlaGarriga_Guiomar-i-Ares_Pagina_08-768x432.jpg 768w, https:\/\/projectes.xtec.cat\/ere\/wp-content\/uploads\/usu2534\/2025\/05\/Xarxa-2000_EMADlaGarriga_Guiomar-i-Ares_Pagina_08-1536x864.jpg 1536w, https:\/\/projectes.xtec.cat\/ere\/wp-content\/uploads\/usu2534\/2025\/05\/Xarxa-2000_EMADlaGarriga_Guiomar-i-Ares_Pagina_08-2048x1152.jpg 2048w\" sizes=\"auto, (max-width: 1024px) 100vw, 1024px\" \/><\/a> <a href=\"https:\/\/projectes.xtec.cat\/ere\/wp-content\/uploads\/usu2534\/2025\/05\/Xarxa-2000_EMADlaGarriga_Guiomar-i-Ares_Pagina_07-scaled.jpg\"><img loading=\"lazy\" decoding=\"async\" class=\"aligncenter wp-image-10824 size-large\" src=\"https:\/\/projectes.xtec.cat\/ere\/wp-content\/uploads\/usu2534\/2025\/05\/Xarxa-2000_EMADlaGarriga_Guiomar-i-Ares_Pagina_07-1024x576.jpg\" alt=\"\" width=\"1024\" height=\"576\" srcset=\"https:\/\/projectes.xtec.cat\/ere\/wp-content\/uploads\/usu2534\/2025\/05\/Xarxa-2000_EMADlaGarriga_Guiomar-i-Ares_Pagina_07-1024x576.jpg 1024w, https:\/\/projectes.xtec.cat\/ere\/wp-content\/uploads\/usu2534\/2025\/05\/Xarxa-2000_EMADlaGarriga_Guiomar-i-Ares_Pagina_07-300x169.jpg 300w, https:\/\/projectes.xtec.cat\/ere\/wp-content\/uploads\/usu2534\/2025\/05\/Xarxa-2000_EMADlaGarriga_Guiomar-i-Ares_Pagina_07-768x432.jpg 768w, https:\/\/projectes.xtec.cat\/ere\/wp-content\/uploads\/usu2534\/2025\/05\/Xarxa-2000_EMADlaGarriga_Guiomar-i-Ares_Pagina_07-1536x864.jpg 1536w, https:\/\/projectes.xtec.cat\/ere\/wp-content\/uploads\/usu2534\/2025\/05\/Xarxa-2000_EMADlaGarriga_Guiomar-i-Ares_Pagina_07-2048x1152.jpg 2048w\" sizes=\"auto, (max-width: 1024px) 100vw, 1024px\" \/><\/a><\/p>\n","protected":false},"excerpt":{"rendered":"<p>PRIMER PROJECTE PROFESSIONAL<br \/>\nReconeixement:<br \/>\nIsabel Bl\u00e1zquez i Mireia Elias &#8211; <a href=\"https:\/\/escolartolot.cat\/\" target=\"_blank\" rel=\"noopener\">EA Olot<\/a><br \/>\nProjecte:<br \/>\nCampanya per donar a con\u00e8ixer a SOS Costa Brava i el seu objectiu actual, aconseguir que la creaci\u00f3 del Conservatori del Litoral sigui una realitat<br \/>\nArgumentaci\u00f3 de la comissi\u00f3:<br \/>\nDes de SOS Costa Brava volem&hellip;  <a href=\"https:\/\/projectes.xtec.cat\/ere\/sos-costa-brava\/\" title=\"Read SOS COSTA BRAVA\">Llegeix m\u00e9s\u00bb<\/a><\/p>\n","protected":false},"author":1,"featured_media":0,"parent":0,"menu_order":0,"comment_status":"closed","ping_status":"closed","template":"","meta":{"_bbp_topic_count":0,"_bbp_reply_count":0,"_bbp_total_topic_count":0,"_bbp_total_reply_count":0,"_bbp_voice_count":0,"_bbp_anonymous_reply_count":0,"_bbp_topic_count_hidden":0,"_bbp_reply_count_hidden":0,"_bbp_forum_subforum_count":0,"footnotes":""},"class_list":["post-10817","page","type-page","status-publish","hentry"],"post_mailing_queue_ids":[],"_links":{"self":[{"href":"https:\/\/projectes.xtec.cat\/ere\/wp-json\/wp\/v2\/pages\/10817","targetHints":{"allow":["GET"]}}],"collection":[{"href":"https:\/\/projectes.xtec.cat\/ere\/wp-json\/wp\/v2\/pages"}],"about":[{"href":"https:\/\/projectes.xtec.cat\/ere\/wp-json\/wp\/v2\/types\/page"}],"author":[{"embeddable":true,"href":"https:\/\/projectes.xtec.cat\/ere\/wp-json\/wp\/v2\/users\/1"}],"replies":[{"embeddable":true,"href":"https:\/\/projectes.xtec.cat\/ere\/wp-json\/wp\/v2\/comments?post=10817"}],"version-history":[{"count":1,"href":"https:\/\/projectes.xtec.cat\/ere\/wp-json\/wp\/v2\/pages\/10817\/revisions"}],"predecessor-version":[{"id":10825,"href":"https:\/\/projectes.xtec.cat\/ere\/wp-json\/wp\/v2\/pages\/10817\/revisions\/10825"}],"wp:attachment":[{"href":"https:\/\/projectes.xtec.cat\/ere\/wp-json\/wp\/v2\/media?parent=10817"}],"curies":[{"name":"wp","href":"https:\/\/api.w.org\/{rel}","templated":true}]}}