{"id":10882,"date":"2025-05-26T08:04:57","date_gmt":"2025-05-26T06:04:57","guid":{"rendered":"https:\/\/projectes.xtec.cat\/ere\/?page_id=10882"},"modified":"2025-05-26T08:04:57","modified_gmt":"2025-05-26T06:04:57","slug":"ibec","status":"publish","type":"page","link":"https:\/\/projectes.xtec.cat\/ere\/ibec\/","title":{"rendered":"IBEC"},"content":{"rendered":"<p><b>Reconeixement:<\/b><\/p>\n<p><span style=\"font-weight: 400;\">Sofia Oll\u00e8, Mariana Toledo i Ramon Casas &#8211; <a href=\"https:\/\/www.arsenal.cat\/index.php\/ca\/\" target=\"_blank\" rel=\"noopener\">l\u2019Escola d\u2019Art i Disseny Arsenal.<\/a><\/span><\/p>\n<p><b>Projecte de logo:<\/b><\/p>\n<p><span style=\"font-weight: 400;\">El nostre projecte \u201cPinta Ci\u00e8ncia\u201d tracta d\u2019un llibre d\u2019il\u00b7lustracions cient\u00edfiques que, recorden a un quadern de mandales, i que cerca contribuir mitjan\u00e7ant les Arts en el tractament de les malalties i en les intervencions de prevenci\u00f3 i promoci\u00f3 de la salut.<\/span><\/p>\n<p><b>Argumentaci\u00f3 de la comissi\u00f3:\u00a0<\/b><\/p>\n<p><span style=\"font-weight: 400;\">Ens ha interessat especialment aquest projecte per la seva estructura clara i ben definida. Ha sabut combinar la llibertat art\u00edstica amb el rigor en la representaci\u00f3 de les imatges cient\u00edfiques. Aix\u00f2 li dona coher\u00e8ncia i valor tant des del punt de vista creatiu com cient\u00edfic.<\/span><\/p>\n<p><a href=\"https:\/\/projectes.xtec.cat\/ere\/wp-content\/uploads\/usu2534\/2025\/05\/IBEC_05-scaled.jpg\"><img loading=\"lazy\" decoding=\"async\" class=\"aligncenter wp-image-10883 size-large\" src=\"https:\/\/projectes.xtec.cat\/ere\/wp-content\/uploads\/usu2534\/2025\/05\/IBEC_05-1024x683.jpg\" alt=\"\" width=\"1024\" height=\"683\" srcset=\"https:\/\/projectes.xtec.cat\/ere\/wp-content\/uploads\/usu2534\/2025\/05\/IBEC_05-1024x683.jpg 1024w, https:\/\/projectes.xtec.cat\/ere\/wp-content\/uploads\/usu2534\/2025\/05\/IBEC_05-300x200.jpg 300w, https:\/\/projectes.xtec.cat\/ere\/wp-content\/uploads\/usu2534\/2025\/05\/IBEC_05-768x512.jpg 768w, https:\/\/projectes.xtec.cat\/ere\/wp-content\/uploads\/usu2534\/2025\/05\/IBEC_05-1536x1024.jpg 1536w, https:\/\/projectes.xtec.cat\/ere\/wp-content\/uploads\/usu2534\/2025\/05\/IBEC_05-2048x1365.jpg 2048w\" sizes=\"auto, (max-width: 1024px) 100vw, 1024px\" \/><\/a> <a href=\"https:\/\/projectes.xtec.cat\/ere\/wp-content\/uploads\/usu2534\/2025\/05\/IBEC_04-scaled.jpg\"><img loading=\"lazy\" decoding=\"async\" class=\"wp-image-10884 size-large aligncenter\" src=\"https:\/\/projectes.xtec.cat\/ere\/wp-content\/uploads\/usu2534\/2025\/05\/IBEC_04-1024x683.jpg\" alt=\"\" width=\"1024\" height=\"683\" srcset=\"https:\/\/projectes.xtec.cat\/ere\/wp-content\/uploads\/usu2534\/2025\/05\/IBEC_04-1024x683.jpg 1024w, https:\/\/projectes.xtec.cat\/ere\/wp-content\/uploads\/usu2534\/2025\/05\/IBEC_04-300x200.jpg 300w, https:\/\/projectes.xtec.cat\/ere\/wp-content\/uploads\/usu2534\/2025\/05\/IBEC_04-768x512.jpg 768w, https:\/\/projectes.xtec.cat\/ere\/wp-content\/uploads\/usu2534\/2025\/05\/IBEC_04-1536x1024.jpg 1536w, https:\/\/projectes.xtec.cat\/ere\/wp-content\/uploads\/usu2534\/2025\/05\/IBEC_04-2048x1365.jpg 2048w\" sizes=\"auto, (max-width: 1024px) 100vw, 1024px\" \/><\/a> <a href=\"https:\/\/projectes.xtec.cat\/ere\/wp-content\/uploads\/usu2534\/2025\/05\/IBEC_03.jpg\"><img loading=\"lazy\" decoding=\"async\" class=\"wp-image-10885 size-large aligncenter\" src=\"https:\/\/projectes.xtec.cat\/ere\/wp-content\/uploads\/usu2534\/2025\/05\/IBEC_03-1024x655.jpg\" alt=\"\" width=\"1024\" height=\"655\" srcset=\"https:\/\/projectes.xtec.cat\/ere\/wp-content\/uploads\/usu2534\/2025\/05\/IBEC_03-1024x655.jpg 1024w, https:\/\/projectes.xtec.cat\/ere\/wp-content\/uploads\/usu2534\/2025\/05\/IBEC_03-300x192.jpg 300w, https:\/\/projectes.xtec.cat\/ere\/wp-content\/uploads\/usu2534\/2025\/05\/IBEC_03-768x492.jpg 768w, https:\/\/projectes.xtec.cat\/ere\/wp-content\/uploads\/usu2534\/2025\/05\/IBEC_03-1536x983.jpg 1536w, https:\/\/projectes.xtec.cat\/ere\/wp-content\/uploads\/usu2534\/2025\/05\/IBEC_03-2048x1311.jpg 2048w\" sizes=\"auto, (max-width: 1024px) 100vw, 1024px\" \/><\/a> <a href=\"https:\/\/projectes.xtec.cat\/ere\/wp-content\/uploads\/usu2534\/2025\/05\/IBEC_02.jpg\"><img loading=\"lazy\" decoding=\"async\" class=\"wp-image-10886 size-large aligncenter\" src=\"https:\/\/projectes.xtec.cat\/ere\/wp-content\/uploads\/usu2534\/2025\/05\/IBEC_02-1024x655.jpg\" alt=\"\" width=\"1024\" height=\"655\" srcset=\"https:\/\/projectes.xtec.cat\/ere\/wp-content\/uploads\/usu2534\/2025\/05\/IBEC_02-1024x655.jpg 1024w, https:\/\/projectes.xtec.cat\/ere\/wp-content\/uploads\/usu2534\/2025\/05\/IBEC_02-300x192.jpg 300w, https:\/\/projectes.xtec.cat\/ere\/wp-content\/uploads\/usu2534\/2025\/05\/IBEC_02-768x492.jpg 768w, https:\/\/projectes.xtec.cat\/ere\/wp-content\/uploads\/usu2534\/2025\/05\/IBEC_02-1536x983.jpg 1536w, https:\/\/projectes.xtec.cat\/ere\/wp-content\/uploads\/usu2534\/2025\/05\/IBEC_02-2048x1311.jpg 2048w\" sizes=\"auto, (max-width: 1024px) 100vw, 1024px\" \/><\/a> <a href=\"https:\/\/projectes.xtec.cat\/ere\/wp-content\/uploads\/usu2534\/2025\/05\/IBEC_01.jpg\"><img loading=\"lazy\" decoding=\"async\" class=\"aligncenter wp-image-10887 size-large\" src=\"https:\/\/projectes.xtec.cat\/ere\/wp-content\/uploads\/usu2534\/2025\/05\/IBEC_01-1024x573.jpg\" alt=\"\" width=\"1024\" height=\"573\" srcset=\"https:\/\/projectes.xtec.cat\/ere\/wp-content\/uploads\/usu2534\/2025\/05\/IBEC_01-1024x573.jpg 1024w, https:\/\/projectes.xtec.cat\/ere\/wp-content\/uploads\/usu2534\/2025\/05\/IBEC_01-300x168.jpg 300w, https:\/\/projectes.xtec.cat\/ere\/wp-content\/uploads\/usu2534\/2025\/05\/IBEC_01-768x430.jpg 768w, https:\/\/projectes.xtec.cat\/ere\/wp-content\/uploads\/usu2534\/2025\/05\/IBEC_01-1536x860.jpg 1536w, https:\/\/projectes.xtec.cat\/ere\/wp-content\/uploads\/usu2534\/2025\/05\/IBEC_01-2048x1147.jpg 2048w\" sizes=\"auto, (max-width: 1024px) 100vw, 1024px\" \/><\/a><\/p>\n","protected":false},"excerpt":{"rendered":"<p>Reconeixement:<br \/>\nSofia Oll\u00e8, Mariana Toledo i Ramon Casas &#8211; <a href=\"https:\/\/www.arsenal.cat\/index.php\/ca\/\" target=\"_blank\" rel=\"noopener\">l\u2019Escola d\u2019Art i Disseny Arsenal.<\/a><br \/>\nProjecte de logo:<br \/>\nEl nostre projecte \u201cPinta Ci\u00e8ncia\u201d tracta d\u2019un llibre d\u2019il\u00b7lustracions cient\u00edfiques que, recorden a un quadern de mandales, i que cerca contribuir mitjan\u00e7ant les Arts en el tractament de&hellip;  <a href=\"https:\/\/projectes.xtec.cat\/ere\/ibec\/\" title=\"Read IBEC\">Llegeix m\u00e9s\u00bb<\/a><\/p>\n","protected":false},"author":1,"featured_media":0,"parent":0,"menu_order":0,"comment_status":"closed","ping_status":"closed","template":"","meta":{"_bbp_topic_count":0,"_bbp_reply_count":0,"_bbp_total_topic_count":0,"_bbp_total_reply_count":0,"_bbp_voice_count":0,"_bbp_anonymous_reply_count":0,"_bbp_topic_count_hidden":0,"_bbp_reply_count_hidden":0,"_bbp_forum_subforum_count":0,"footnotes":""},"class_list":["post-10882","page","type-page","status-publish","hentry"],"post_mailing_queue_ids":[],"_links":{"self":[{"href":"https:\/\/projectes.xtec.cat\/ere\/wp-json\/wp\/v2\/pages\/10882","targetHints":{"allow":["GET"]}}],"collection":[{"href":"https:\/\/projectes.xtec.cat\/ere\/wp-json\/wp\/v2\/pages"}],"about":[{"href":"https:\/\/projectes.xtec.cat\/ere\/wp-json\/wp\/v2\/types\/page"}],"author":[{"embeddable":true,"href":"https:\/\/projectes.xtec.cat\/ere\/wp-json\/wp\/v2\/users\/1"}],"replies":[{"embeddable":true,"href":"https:\/\/projectes.xtec.cat\/ere\/wp-json\/wp\/v2\/comments?post=10882"}],"version-history":[{"count":1,"href":"https:\/\/projectes.xtec.cat\/ere\/wp-json\/wp\/v2\/pages\/10882\/revisions"}],"predecessor-version":[{"id":10888,"href":"https:\/\/projectes.xtec.cat\/ere\/wp-json\/wp\/v2\/pages\/10882\/revisions\/10888"}],"wp:attachment":[{"href":"https:\/\/projectes.xtec.cat\/ere\/wp-json\/wp\/v2\/media?parent=10882"}],"curies":[{"name":"wp","href":"https:\/\/api.w.org\/{rel}","templated":true}]}}