{"id":11139,"date":"2026-02-07T13:12:16","date_gmt":"2026-02-07T12:12:16","guid":{"rendered":"https:\/\/projectes.xtec.cat\/ere\/?page_id=11139"},"modified":"2026-02-07T13:21:07","modified_gmt":"2026-02-07T12:21:07","slug":"normativa","status":"publish","type":"page","link":"https:\/\/projectes.xtec.cat\/ere\/normativa\/","title":{"rendered":"Normativa"},"content":{"rendered":"<p><a href=\"https:\/\/documents.espai.educacio.gencat.cat\/IPCNormativa\/DOIGC\/CUR_Arts_Plastiques.pdf\" target=\"_blank\" rel=\"noopener\">DOIGC APD: ocuments per a l\u2019organitzaci\u00f3 i la gesti\u00f3 dels centres: aspectes curriculars<\/a><\/p>\n<p><a href=\"https:\/\/portaldogc.gencat.cat\/utilsEADOP\/PDF\/8856\/1957203.pdf\">Ordre d&#8217;Avaluaci\u00f3 APD: ORDRE EDU\/26\/2023<\/a>, de 10 de febrer, del r\u00e8gim d&#8217;avaluaci\u00f3 i de mobilitat de l&#8217;alumnat dels ensenyaments professionals d&#8217;arts pl\u00e0stiques i disseny<\/p>\n<p><a href=\"http:\/\/portaljuridic.gencat.cat\/ca\/pjur_ocults\/pjur_resultats_fitxa\/?action=fitxa&amp;mode=single&amp;documentId=480169&amp;language=ca_ES\" target=\"_blank\" rel=\"noopener\">Llei 12\/2009<\/a>, del 10 de juliol, d\u2019educaci\u00f3 (DOGC n\u00fam. 5422, de 16.7.2009)<\/p>\n<p><a href=\"http:\/\/www.boe.es\/diario_boe\/txt.php?id=BOE-A-2014-6008\" target=\"_blank\" rel=\"noopener\">Reial decret 412\/2014<\/a>, de 6 de juny, pel qual s\u2019estableix la normativa b\u00e0sica dels procediments d\u2019admissi\u00f3 als ensenyaments universitaris oficials de grau (BOE n\u00fam. 138, de 7.6.2014)<\/p>\n<p><a href=\"http:\/\/www.boe.es\/diario_boe\/txt.php?id=BOE-A-2014-2359\" target=\"_blank\" rel=\"noopener\">Reial decret 96\/2014<\/a>, de 14 de febrer, pel qual es modifiquen els reials decrets 1027\/2011, de 15 de juliol, pel qual s\u2019estableix el Marc espanyol de qualificacions per a l\u2019educaci\u00f3 superior (MECES), i 1393\/2007, de 29 d\u2019octubre, pel qual s\u2019estableix l\u2019ordenaci\u00f3 dels ensenyaments universitaris oficials (BOE n\u00fam. 55, de 5.3.2014)<\/p>\n<p><a href=\"http:\/\/www.boe.es\/diario_boe\/txt.php?id=BOE-A-2011-19597\" target=\"_blank\" rel=\"noopener\">Reial decret 1618\/2011<\/a>, de 14 de novembre, sobre reconeixement d\u2019estudis en l\u2019\u00e0mbit de l\u2019educaci\u00f3 superior (BOE n\u00fam. 302, de 16.12.2011)<\/p>\n<p><a href=\"http:\/\/www.boe.es\/diario_boe\/txt.php?id=BOE-A-2010-7330\" target=\"_blank\" rel=\"noopener\">Reial decret 558\/2010<\/a>, de 7 de maig, pel qual es modifica el Reial decret 1892\/2008, de 14 de novembre, pel qual es regulen les condicions per a l\u2019acc\u00e9s als ensenyaments universitaris oficials de grau i els procediments d\u2019admissi\u00f3 a les universitats p\u00fabliques espanyoles (BOE n\u00fam.113, de 8.5.2010)<\/p>\n<p><a href=\"http:\/\/www.boe.es\/diario_boe\/txt.php?id=BOE-A-2007-10487\" target=\"_blank\" rel=\"noopener\">Reial decret 596\/2007<\/a>, de 4 de maig, pel qual s\u2019estableix l\u2019ordenaci\u00f3 general dels ensenyaments professionals d\u2019arts pl\u00e0stiques i disseny (BOE n\u00fam. 125, de 25.5.2007)<\/p>\n<p><a href=\"http:\/\/www.boe.es\/buscar\/doc.php?id=BOE-A-1994-7654\" target=\"_blank\" rel=\"noopener\">Reial decret 440\/1994<\/a>, d\u201911 de mar\u00e7, pel qual s\u2019estableixen les equival\u00e8ncies entre els t\u00edtols d\u2019arts aplicades i oficis art\u00edstics, cer\u00e0mica i conservaci\u00f3 i restauraci\u00f3 de b\u00e9ns culturals, anteriors a la Llei org\u00e0nica 1\/1990, de 3 d\u2019octubre, d\u2019ordenaci\u00f3 general del sistema educatiu, i els t\u00edtols establerts en aquesta Llei (BOE n\u00fam. 82, de 3.4.1994)<\/p>\n<p><a href=\"http:\/\/portaljuridic.gencat.cat\/ca\/pjur_ocults\/pjur_resultats_fitxa\/?action=fitxa&amp;mode=single&amp;documentId=656556&amp;language=ca_ES\" target=\"_blank\" rel=\"noopener\">Decret 28\/2014<\/a>, de 4 de mar\u00e7, d\u2019ordenaci\u00f3 general dels ensenyaments professionals d\u2019arts pl\u00e0stiques i disseny, i de modificaci\u00f3 del Decret 284\/2011, d\u20191 de mar\u00e7, d\u2019ordenaci\u00f3 general de la formaci\u00f3 professional inicial (DOGC n\u00fam. 6576, de 6.3.2014)<\/p>\n<p><a href=\"http:\/\/portaljuridic.gencat.cat\/ca\/pjur_ocults\/pjur_resultats_fitxa\/?action=fitxa&amp;mode=single&amp;documentId=545262&amp;language=ca_ES\" target=\"_blank\" rel=\"noopener\">Decret 102\/2010<\/a>, de 3 d\u2019agost, d\u2019autonomia dels centres educatius (DOGC n\u00fam. 5686, de 5.8.2010)<\/p>\n<p><a href=\"http:\/\/portaljuridic.gencat.cat\/ca\/pjur_ocults\/pjur_resultats_fitxa\/?action=fitxa&amp;mode=single&amp;documentId=403808&amp;language=ca_ES\" target=\"_blank\" rel=\"noopener\">Decret 279\/2006<\/a>, de 4 de juliol, sobre drets i deures de l\u2019alumnat i regulaci\u00f3 de la conviv\u00e8ncia en els centres educatius no universitaris de Catalunya (DOGC n\u00fam. 4670, de 6.7.2006)<\/p>\n<p><a href=\"http:\/\/portaljuridic.gencat.cat\/ca\/pjur_ocults\/pjur_resultats_fitxa\/?action=fitxa&amp;mode=single&amp;documentId=139383&amp;language=ca_ES\" target=\"_blank\" rel=\"noopener\">Decret 304\/1995<\/a>, de 7 de novembre, pel qual s\u2019estableix l\u2019ordenaci\u00f3 general dels cicles de formaci\u00f3 espec\u00edfica d\u2019arts pl\u00e0stiques i disseny de Catalunya i se\u2019n regulen els requisits d\u2019acc\u00e9s (DOGC n\u00fam. 2134, de 29.11.1995)<\/p>\n<p><a href=\"http:\/\/portaljuridic.gencat.cat\/ca\/pjur_ocults\/pjur_resultats_fitxa\/?action=fitxa&amp;mode=single&amp;documentId=699988&amp;language=ca_ES\" target=\"_blank\" rel=\"noopener\">Ordre ENS\/241\/2015<\/a>, de 27 de juliol, de la formaci\u00f3 en centres de treball (DOGC n\u00fam. 6928, de 5.8.2015)<\/p>\n<p><a href=\"https:\/\/portaldogc.gencat.cat\/utilsEADOP\/PDF\/6155\/1249048.pdf\" target=\"_blank\" rel=\"noopener\">Ordre ENS\/169\/2012<\/a>, de 14 de juny, per la qual s\u2019estableix l\u2019import dels preus p\u00fablics per la utilitzaci\u00f3 de diversos serveis docents prestats a les escoles oficials d\u2019idiomes i les escoles d\u2019art del Departament d\u2019Ensenyament, aplicable a partir del curs acad\u00e8mic 2012-2013 (DOGC n\u00fam. 6155, de 22.6.2012)<\/p>\n<p><a href=\"http:\/\/www.boe.es\/diario_boe\/txt.php?id=BOE-A-2010-19391\" target=\"_blank\" rel=\"noopener\">Ordre EDU\/3242\/2010<\/a>, de 9 de desembre, per la qual es determina el contingut de la fase espec\u00edfica de la prova d\u2019acc\u00e9s a la universitat que poden realitzar els qui tenen un t\u00edtol de t\u00e8cnic superior de formaci\u00f3 professional, de t\u00e8cnic superior d\u2019arts pl\u00e0stiques i disseny o de t\u00e8cnic esportiu superior i equivalents (BOE n\u00fam. 306, de 17.12.2010)<\/p>\n<p><a href=\"http:\/\/portaljuridic.gencat.cat\/ca\/pjur_ocults\/pjur_resultats_fitxa\/?action=fitxa&amp;mode=single&amp;documentId=478951&amp;language=ca_ES\" target=\"_blank\" rel=\"noopener\">Ordre EDU\/362\/2009<\/a>, de 17 de juliol, del procediment per completar els ensenyaments de formaci\u00f3 professional que s\u2019extingeixen, de la Llei org\u00e0nica 1\/1990, de 3 d\u2019octubre, d\u2019ordenaci\u00f3 general del sistema educatiu (DOGC n\u00fam. 5431, de 29.07.2009)<\/p>\n<p><a href=\"http:\/\/portaljuridic.gencat.cat\/ca\/pjur_ocults\/pjur_resultats_fitxa\/?action=fitxa&amp;mode=single&amp;documentId=510319&amp;language=ca_ES\" target=\"_blank\" rel=\"noopener\">Ordre EDU\/554\/2008<\/a>, de 19 de desembre, per la qual es determinen el procediment i els documents i requisits formals del proc\u00e9s d\u2019avaluaci\u00f3 i diversos aspectes organitzatius del batxillerat i la seva adaptaci\u00f3 a les particularitats del batxillerat a dist\u00e0ncia i del batxillerat nocturn (DOGC n\u00fam. 5287, de 30.12.2008)<\/p>\n<p><a href=\"http:\/\/www.boe.es\/diario_boe\/txt.php?id=BOE-A-2004-16639\" target=\"_blank\" rel=\"noopener\">Ordre ECI\/3058\/2004<\/a>, de 10 de setembre, per la qual es regulen determinades convalidacions de m\u00f2duls dels cicles formatius d\u2019arts pl\u00e0stiques i disseny conforme la Llei 1\/1990, de 3 d\u2019octubre, d\u2019ordenaci\u00f3 general del sistema educatiu (BOE n\u00fam. 233, de 27.9.2004)<\/p>\n<p><a href=\"http:\/\/portaljuridic.gencat.cat\/ca\/pjur_ocults\/pjur_resultats_fitxa\/?action=fitxa&amp;mode=single&amp;documentId=270299&amp;language=ca_ES\" target=\"_blank\" rel=\"noopener\">Ordre ENS\/59\/2002<\/a>, de 4 de mar\u00e7, per la qual es desplega l\u2019organitzaci\u00f3 i l\u2019avaluaci\u00f3 dels cicles de formaci\u00f3 espec\u00edfica d\u2019arts pl\u00e0stiques i disseny (DOGC n\u00fam. 3593, de 12.3.2002; correcci\u00f3 d\u2019errades en el DOGC n\u00fam. 4750, p\u00e0g. 45210, de 30.10.2006)<\/p>\n<p><a href=\"http:\/\/dogc.gencat.cat\/ca\/pdogc_canals_interns\/pdogc_resultats_fitxa\/?action=fitxa&amp;mode=single&amp;documentId=823835&amp;language=ca_ES\" target=\"_blank\" rel=\"noopener\">Resoluci\u00f3 ENS\/1770\/2018<\/a>, de 19 de juliol, per la qual es modifiquen els annexos 6 i 7 de la Resoluci\u00f3 ENS\/519\/2011, de 17 de febrer, per la qual es convoquen les proves d\u2019acc\u00e9s als cicles de formaci\u00f3 espec\u00edfica de grau mitj\u00e0 i de grau superior d\u2019arts pl\u00e0stiques i disseny corresponents a l\u2019any 2011 i se\u2019n defineix el procediment d\u2019execuci\u00f3 (DOGC n\u00fam. 7671, de 25.7.2018)<\/p>\n<p><a href=\"http:\/\/dogc.gencat.cat\/ca\/pdogc_canals_interns\/pdogc_resultats_fitxa\/?action=fitxa&amp;mode=single&amp;documentId=593992&amp;language=ca_ES\" target=\"_blank\" rel=\"noopener\">Resoluci\u00f3 ENS\/2869\/2011<\/a>, de 21 de novembre, del reconeixement i transfer\u00e8ncia de cr\u00e8dits, validaci\u00f3 d\u2019aprenentatges, del reconeixement de cr\u00e8dits individualitzat i altres procediments espec\u00edfics en l\u2019\u00e0mbit dels ensenyaments art\u00edstics superiors (DOGC n\u00fam. 6024, de 14.12.2011)<\/p>\n<p><a href=\"https:\/\/dogc.gencat.cat\/ca\/pdogc_canals_interns\/pdogc_resultats_fitxa\/?action=fitxa&amp;mode=single&amp;documentId=574023&amp;language=ca_ES\" target=\"_blank\" rel=\"noopener\">Resoluci\u00f3 ENS\/519\/2011<\/a>, de 17 de febrer, per la qual es convoquen les proves d\u2019acc\u00e9s als cicles de formaci\u00f3 espec\u00edfica de grau mitj\u00e0 i de grau superior d\u2019arts pl\u00e0stiques i disseny corresponents a l\u2019any 2011 i se\u2019n defineix el procediment d\u2019execuci\u00f3 (DOGC n\u00fam. 5827, de 28.2.2011)<\/p>\n<p><a href=\"https:\/\/dogc.gencat.cat\/ca\/pdogc_canals_interns\/pdogc_resultats_fitxa\/?documentId=567520&amp;language=ca_ES&amp;action=fitxa\" target=\"_blank\" rel=\"noopener\">Resoluci\u00f3 EDU\/3983\/2010<\/a>, de 9 de desembre, per la qual s\u2019estableixen els temaris i els criteris d\u2019avaluaci\u00f3 de les proves d\u2019acc\u00e9s als cicles formatius de formaci\u00f3 professional inicial, als cicles formatius d\u2019ensenyaments d\u2019arts pl\u00e0stiques i disseny, i als cicles d\u2019ensenyaments esportius (DOGC n\u00fam. 5778, 20.12.2010)<\/p>\n","protected":false},"excerpt":{"rendered":"<p><a href=\"https:\/\/documents.espai.educacio.gencat.cat\/IPCNormativa\/DOIGC\/CUR_Arts_Plastiques.pdf\" target=\"_blank\" rel=\"noopener\">DOIGC APD: ocuments per a l\u2019organitzaci\u00f3 i la gesti\u00f3 dels centres: aspectes curriculars<\/a><br \/>\n<a href=\"https:\/\/portaldogc.gencat.cat\/utilsEADOP\/PDF\/8856\/1957203.pdf\">Ordre d&#8217;Avaluaci\u00f3 APD: ORDRE EDU\/26\/2023<\/a>, de 10 de febrer, del r\u00e8gim d&#8217;avaluaci\u00f3 i de mobilitat de l&#8217;alumnat dels ensenyaments professionals d&#8217;arts pl\u00e0stiques i disseny<br \/>\n<a href=\"http:\/\/portaljuridic.gencat.cat\/ca\/pjur_ocults\/pjur_resultats_fitxa\/?action=fitxa&amp;mode=single&amp;documentId=480169&amp;language=ca_ES\" target=\"_blank\" rel=\"noopener\">Llei 12\/2009<\/a>, del&hellip;  <a href=\"https:\/\/projectes.xtec.cat\/ere\/normativa\/\" title=\"Read Normativa\">Llegeix m\u00e9s\u00bb<\/a><\/p>\n","protected":false},"author":1,"featured_media":0,"parent":0,"menu_order":0,"comment_status":"closed","ping_status":"closed","template":"","meta":{"_bbp_topic_count":0,"_bbp_reply_count":0,"_bbp_total_topic_count":0,"_bbp_total_reply_count":0,"_bbp_voice_count":0,"_bbp_anonymous_reply_count":0,"_bbp_topic_count_hidden":0,"_bbp_reply_count_hidden":0,"_bbp_forum_subforum_count":0,"footnotes":""},"class_list":["post-11139","page","type-page","status-publish","hentry"],"post_mailing_queue_ids":[],"_links":{"self":[{"href":"https:\/\/projectes.xtec.cat\/ere\/wp-json\/wp\/v2\/pages\/11139","targetHints":{"allow":["GET"]}}],"collection":[{"href":"https:\/\/projectes.xtec.cat\/ere\/wp-json\/wp\/v2\/pages"}],"about":[{"href":"https:\/\/projectes.xtec.cat\/ere\/wp-json\/wp\/v2\/types\/page"}],"author":[{"embeddable":true,"href":"https:\/\/projectes.xtec.cat\/ere\/wp-json\/wp\/v2\/users\/1"}],"replies":[{"embeddable":true,"href":"https:\/\/projectes.xtec.cat\/ere\/wp-json\/wp\/v2\/comments?post=11139"}],"version-history":[{"count":2,"href":"https:\/\/projectes.xtec.cat\/ere\/wp-json\/wp\/v2\/pages\/11139\/revisions"}],"predecessor-version":[{"id":11147,"href":"https:\/\/projectes.xtec.cat\/ere\/wp-json\/wp\/v2\/pages\/11139\/revisions\/11147"}],"wp:attachment":[{"href":"https:\/\/projectes.xtec.cat\/ere\/wp-json\/wp\/v2\/media?parent=11139"}],"curies":[{"name":"wp","href":"https:\/\/api.w.org\/{rel}","templated":true}]}}