{"id":11207,"date":"2026-02-27T08:21:59","date_gmt":"2026-02-27T07:21:59","guid":{"rendered":"https:\/\/projectes.xtec.cat\/ere\/?page_id=11207"},"modified":"2026-03-10T10:34:09","modified_gmt":"2026-03-10T09:34:09","slug":"talent-creatiu-i-empresa-2025-26","status":"publish","type":"page","link":"https:\/\/projectes.xtec.cat\/ere\/talent-creatiu-i-empresa\/talent-creatiu-i-empresa-2025-26\/","title":{"rendered":"Talent Creatiu i Empresa 2025\/26."},"content":{"rendered":"<p><a href=\"https:\/\/projectes.xtec.cat\/ere\/wp-content\/uploads\/usu2534\/2025\/06\/TCE-2.jpg\"><img loading=\"lazy\" decoding=\"async\" class=\" wp-image-10919 alignnone\" src=\"https:\/\/projectes.xtec.cat\/ere\/wp-content\/uploads\/usu2534\/2025\/06\/TCE-2.jpg\" alt=\"\" width=\"209\" height=\"268\" srcset=\"https:\/\/projectes.xtec.cat\/ere\/wp-content\/uploads\/usu2534\/2025\/06\/TCE-2.jpg 528w, https:\/\/projectes.xtec.cat\/ere\/wp-content\/uploads\/usu2534\/2025\/06\/TCE-2-234x300.jpg 234w\" sizes=\"auto, (max-width: 209px) 100vw, 209px\" \/><\/a><\/p>\n<p><span style=\"font-weight: 400;\">Compartim amb vosaltres\u00a0 els projectes que han merescut el reconeixement d\u2019empreses i entitats que han participat en el Programa \u201cTalent Creatiu i Empresa\u201d del primer quadrimestres del curs 2025-2026.<\/span><\/p>\n<p><span style=\"font-weight: 400;\">El programa Talent creatiu i empresa fomenta la realitzaci\u00f3 de projectes que desenvolupin estrat\u00e8gies de relaci\u00f3 en el camp de la innovaci\u00f3 i l\u2019intercanvi de coneixement entre els centres docents d\u2019arts pl\u00e0stiques i disseny i les empreses, institucions i entitats que permetin als estudiants integrar en el seu aprenentatge l\u2019entorn real d\u2019un ambient laboral. Tamb\u00e9 fomenta l\u2019adquisici\u00f3 d\u2019h\u00e0bits de relacions humanes a l\u2019empresa: el treball en equip, l\u2019orientaci\u00f3 cap al client, el sentit d\u2019iniciativa i l\u2019esperit emprenedor, la cultura d\u2019empresa, la innovaci\u00f3 tecnol\u00f2gica i els perfils professionals, entre d\u2019altres.<\/span><\/p>\n<p><u>INSTITUCIONS I ENTITATS<\/u><u>:<\/u><\/p>\n<ul>\n<li><a href=\"https:\/\/projectes.xtec.cat\/ere\/sos-costa-brava-2\/\">SOS COSTA BRAVA<\/a><\/li>\n<li><span style=\"font-family: inherit; font-size: 1em;\"><a href=\"https:\/\/projectes.xtec.cat\/ere\/icssl-2\/\" target=\"_blank\" rel=\"noopener\">ICSSL (Institut Catal\u00e0 de Seguretat i Salut laboral)<\/a><\/span><\/li>\n<li><a href=\"https:\/\/projectes.xtec.cat\/ere\/ajuntament-de-begur-2\/\">\u00a0AJUNTAMENT DE BEGUR<\/a><\/li>\n<li><a href=\"https:\/\/projectes.xtec.cat\/ere\/departament-deducacio-i-formacio-professional\/\">DEPARTAMENT D\u2019EDUCACI\u00d3 I FORMACI\u00d3 PROFESSIONAL<\/a><\/li>\n<li><a href=\"https:\/\/projectes.xtec.cat\/ere\/vilassar-de-dalt-contra-el-cancer\/\">\u00a0VILASSAR DE DALT CONTRA EL C\u00c0NCER<\/a><\/li>\n<li><a href=\"https:\/\/projectes.xtec.cat\/ere\/departament-digualtat-i-feminisme\/\">DEPARTAMENT D\u2019IGUALTAT I FEMINISME<\/a><\/li>\n<li><a href=\"https:\/\/projectes.xtec.cat\/ere\/ajuntament-de-teia\/\">\u00a0AJUNTAMENT DE TEI\u00c0<\/a><\/li>\n<\/ul>\n<p><u>EMPRESES:<\/u><\/p>\n<ul>\n<li><a href=\"https:\/\/projectes.xtec.cat\/ere\/artesania-marco-s-l-tanatori-de-mascotes-i-fundacio-privada-drissa\/\">ARTESANIA MARC\u00d3 S.L. TANATORI DE MASCOTES I FUNDACI\u00d3 PRIVADA DRISSA<\/a><\/li>\n<\/ul>\n<p>&nbsp;<\/p>\n<p>&nbsp;<\/p>\n<p>&nbsp;<\/p>\n","protected":false},"excerpt":{"rendered":"<p><a href=\"https:\/\/projectes.xtec.cat\/ere\/wp-content\/uploads\/usu2534\/2025\/06\/TCE-2.jpg\"><\/a><br \/>\nCompartim amb vosaltres\u00a0 els projectes que han merescut el reconeixement d\u2019empreses i entitats que han participat en el Programa \u201cTalent Creatiu i Empresa\u201d del primer quadrimestres del curs 2025-2026.<br \/>\nEl programa Talent creatiu i empresa fomenta la realitzaci\u00f3 de projectes que desenvolupin estrat\u00e8gies de relaci\u00f3&hellip;  <a href=\"https:\/\/projectes.xtec.cat\/ere\/talent-creatiu-i-empresa\/talent-creatiu-i-empresa-2025-26\/\" title=\"Read Talent Creatiu i Empresa 2025\/26.\">Llegeix m\u00e9s\u00bb<\/a><\/p>\n","protected":false},"author":1,"featured_media":0,"parent":9008,"menu_order":0,"comment_status":"closed","ping_status":"closed","template":"","meta":{"_bbp_topic_count":0,"_bbp_reply_count":0,"_bbp_total_topic_count":0,"_bbp_total_reply_count":0,"_bbp_voice_count":0,"_bbp_anonymous_reply_count":0,"_bbp_topic_count_hidden":0,"_bbp_reply_count_hidden":0,"_bbp_forum_subforum_count":0,"footnotes":""},"class_list":["post-11207","page","type-page","status-publish","hentry"],"post_mailing_queue_ids":[],"_links":{"self":[{"href":"https:\/\/projectes.xtec.cat\/ere\/wp-json\/wp\/v2\/pages\/11207","targetHints":{"allow":["GET"]}}],"collection":[{"href":"https:\/\/projectes.xtec.cat\/ere\/wp-json\/wp\/v2\/pages"}],"about":[{"href":"https:\/\/projectes.xtec.cat\/ere\/wp-json\/wp\/v2\/types\/page"}],"author":[{"embeddable":true,"href":"https:\/\/projectes.xtec.cat\/ere\/wp-json\/wp\/v2\/users\/1"}],"replies":[{"embeddable":true,"href":"https:\/\/projectes.xtec.cat\/ere\/wp-json\/wp\/v2\/comments?post=11207"}],"version-history":[{"count":7,"href":"https:\/\/projectes.xtec.cat\/ere\/wp-json\/wp\/v2\/pages\/11207\/revisions"}],"predecessor-version":[{"id":11322,"href":"https:\/\/projectes.xtec.cat\/ere\/wp-json\/wp\/v2\/pages\/11207\/revisions\/11322"}],"up":[{"embeddable":true,"href":"https:\/\/projectes.xtec.cat\/ere\/wp-json\/wp\/v2\/pages\/9008"}],"wp:attachment":[{"href":"https:\/\/projectes.xtec.cat\/ere\/wp-json\/wp\/v2\/media?parent=11207"}],"curies":[{"name":"wp","href":"https:\/\/api.w.org\/{rel}","templated":true}]}}