{"id":11209,"date":"2026-02-27T08:27:18","date_gmt":"2026-02-27T07:27:18","guid":{"rendered":"https:\/\/projectes.xtec.cat\/ere\/?page_id=11209"},"modified":"2026-02-27T08:27:18","modified_gmt":"2026-02-27T07:27:18","slug":"sos-costa-brava-2","status":"publish","type":"page","link":"https:\/\/projectes.xtec.cat\/ere\/sos-costa-brava-2\/","title":{"rendered":"SOS COSTA BRAVA"},"content":{"rendered":"<p><b>SOS COSTA BRAVA<\/b><\/p>\n<p><b>Projecte: <\/b><i><span style=\"font-weight: 400;\">Disseny de les peces de roba i complements pels voluntaris de la xarxa de vigil\u00e0ncia de les cales de la Costa Brava.<\/span><\/i><\/p>\n<p><b>Reconeixement: <\/b><i><span style=\"font-weight: 400;\">Xevi Relea, Arnau Iborra i Dalmau Palaz\u00f3n de l\u2019EMAD la Garriga.<\/span><\/i><\/p>\n<p><b>Argumentaci\u00f3 de la Comissi\u00f3: <\/b><span style=\"font-weight: 400;\">\u00a0<\/span><i><span style=\"font-weight: 400;\">La campanya ens ha agradat perqu\u00e8 s\u2019ha centrat en la protecci\u00f3 de la posid\u00f2nia amb un lema que creiem molt encertat: \u00abProtegim el verd que ens fa viure\u00bb. Especialment, destaquem el joc del color amb la paraula verd del lema. A m\u00e9s, el disseny encaixa molt b\u00e9 amb els productes que volem treure amb la campanya de protecci\u00f3 del medi mar\u00ed.\u00a0<\/span><\/i><\/p>\n<p><strong>Imatges del projecte:<\/strong><\/p>\n<p><a href=\"https:\/\/projectes.xtec.cat\/ere\/wp-content\/uploads\/usu2534\/2026\/02\/19.-SOSCOSTABRAVA_5.jpg\"><img loading=\"lazy\" decoding=\"async\" class=\"aligncenter size-large wp-image-11250\" src=\"https:\/\/projectes.xtec.cat\/ere\/wp-content\/uploads\/usu2534\/2026\/02\/19.-SOSCOSTABRAVA_5-1024x576.jpg\" alt=\"\" width=\"1024\" height=\"576\" srcset=\"https:\/\/projectes.xtec.cat\/ere\/wp-content\/uploads\/usu2534\/2026\/02\/19.-SOSCOSTABRAVA_5-1024x576.jpg 1024w, https:\/\/projectes.xtec.cat\/ere\/wp-content\/uploads\/usu2534\/2026\/02\/19.-SOSCOSTABRAVA_5-300x169.jpg 300w, https:\/\/projectes.xtec.cat\/ere\/wp-content\/uploads\/usu2534\/2026\/02\/19.-SOSCOSTABRAVA_5-768x432.jpg 768w, https:\/\/projectes.xtec.cat\/ere\/wp-content\/uploads\/usu2534\/2026\/02\/19.-SOSCOSTABRAVA_5-1536x864.jpg 1536w, https:\/\/projectes.xtec.cat\/ere\/wp-content\/uploads\/usu2534\/2026\/02\/19.-SOSCOSTABRAVA_5.jpg 1920w\" sizes=\"auto, (max-width: 1024px) 100vw, 1024px\" \/><\/a> <a href=\"https:\/\/projectes.xtec.cat\/ere\/wp-content\/uploads\/usu2534\/2026\/02\/19.-SOSCOSTABRAVA_6.jpg\"><img loading=\"lazy\" decoding=\"async\" class=\"aligncenter size-large wp-image-11251\" src=\"https:\/\/projectes.xtec.cat\/ere\/wp-content\/uploads\/usu2534\/2026\/02\/19.-SOSCOSTABRAVA_6-1024x576.jpg\" alt=\"\" width=\"1024\" height=\"576\" srcset=\"https:\/\/projectes.xtec.cat\/ere\/wp-content\/uploads\/usu2534\/2026\/02\/19.-SOSCOSTABRAVA_6-1024x576.jpg 1024w, https:\/\/projectes.xtec.cat\/ere\/wp-content\/uploads\/usu2534\/2026\/02\/19.-SOSCOSTABRAVA_6-300x169.jpg 300w, https:\/\/projectes.xtec.cat\/ere\/wp-content\/uploads\/usu2534\/2026\/02\/19.-SOSCOSTABRAVA_6-768x432.jpg 768w, https:\/\/projectes.xtec.cat\/ere\/wp-content\/uploads\/usu2534\/2026\/02\/19.-SOSCOSTABRAVA_6-1536x864.jpg 1536w, https:\/\/projectes.xtec.cat\/ere\/wp-content\/uploads\/usu2534\/2026\/02\/19.-SOSCOSTABRAVA_6.jpg 1920w\" sizes=\"auto, (max-width: 1024px) 100vw, 1024px\" \/><\/a> <a href=\"https:\/\/projectes.xtec.cat\/ere\/wp-content\/uploads\/usu2534\/2026\/02\/19.-SOSCOSTABRAVA_4.jpg\"><img loading=\"lazy\" decoding=\"async\" class=\"aligncenter size-large wp-image-11252\" src=\"https:\/\/projectes.xtec.cat\/ere\/wp-content\/uploads\/usu2534\/2026\/02\/19.-SOSCOSTABRAVA_4-1024x576.jpg\" alt=\"\" width=\"1024\" height=\"576\" srcset=\"https:\/\/projectes.xtec.cat\/ere\/wp-content\/uploads\/usu2534\/2026\/02\/19.-SOSCOSTABRAVA_4-1024x576.jpg 1024w, https:\/\/projectes.xtec.cat\/ere\/wp-content\/uploads\/usu2534\/2026\/02\/19.-SOSCOSTABRAVA_4-300x169.jpg 300w, https:\/\/projectes.xtec.cat\/ere\/wp-content\/uploads\/usu2534\/2026\/02\/19.-SOSCOSTABRAVA_4-768x432.jpg 768w, https:\/\/projectes.xtec.cat\/ere\/wp-content\/uploads\/usu2534\/2026\/02\/19.-SOSCOSTABRAVA_4-1536x864.jpg 1536w, https:\/\/projectes.xtec.cat\/ere\/wp-content\/uploads\/usu2534\/2026\/02\/19.-SOSCOSTABRAVA_4.jpg 1920w\" sizes=\"auto, (max-width: 1024px) 100vw, 1024px\" \/><\/a> <a href=\"https:\/\/projectes.xtec.cat\/ere\/wp-content\/uploads\/usu2534\/2026\/02\/19.-SOSCOSTABRAVA_3.jpg\"><img loading=\"lazy\" decoding=\"async\" class=\"aligncenter size-large wp-image-11253\" src=\"https:\/\/projectes.xtec.cat\/ere\/wp-content\/uploads\/usu2534\/2026\/02\/19.-SOSCOSTABRAVA_3-1024x576.jpg\" alt=\"\" width=\"1024\" height=\"576\" srcset=\"https:\/\/projectes.xtec.cat\/ere\/wp-content\/uploads\/usu2534\/2026\/02\/19.-SOSCOSTABRAVA_3-1024x576.jpg 1024w, https:\/\/projectes.xtec.cat\/ere\/wp-content\/uploads\/usu2534\/2026\/02\/19.-SOSCOSTABRAVA_3-300x169.jpg 300w, https:\/\/projectes.xtec.cat\/ere\/wp-content\/uploads\/usu2534\/2026\/02\/19.-SOSCOSTABRAVA_3-768x432.jpg 768w, https:\/\/projectes.xtec.cat\/ere\/wp-content\/uploads\/usu2534\/2026\/02\/19.-SOSCOSTABRAVA_3-1536x864.jpg 1536w, https:\/\/projectes.xtec.cat\/ere\/wp-content\/uploads\/usu2534\/2026\/02\/19.-SOSCOSTABRAVA_3.jpg 1920w\" sizes=\"auto, (max-width: 1024px) 100vw, 1024px\" \/><\/a> <a href=\"https:\/\/projectes.xtec.cat\/ere\/wp-content\/uploads\/usu2534\/2026\/02\/19.-SOSCOSTABRAVA_2.jpg\"><img loading=\"lazy\" decoding=\"async\" class=\"aligncenter size-large wp-image-11254\" src=\"https:\/\/projectes.xtec.cat\/ere\/wp-content\/uploads\/usu2534\/2026\/02\/19.-SOSCOSTABRAVA_2-1024x576.jpg\" alt=\"\" width=\"1024\" height=\"576\" srcset=\"https:\/\/projectes.xtec.cat\/ere\/wp-content\/uploads\/usu2534\/2026\/02\/19.-SOSCOSTABRAVA_2-1024x576.jpg 1024w, https:\/\/projectes.xtec.cat\/ere\/wp-content\/uploads\/usu2534\/2026\/02\/19.-SOSCOSTABRAVA_2-300x169.jpg 300w, https:\/\/projectes.xtec.cat\/ere\/wp-content\/uploads\/usu2534\/2026\/02\/19.-SOSCOSTABRAVA_2-768x432.jpg 768w, https:\/\/projectes.xtec.cat\/ere\/wp-content\/uploads\/usu2534\/2026\/02\/19.-SOSCOSTABRAVA_2-1536x864.jpg 1536w, https:\/\/projectes.xtec.cat\/ere\/wp-content\/uploads\/usu2534\/2026\/02\/19.-SOSCOSTABRAVA_2.jpg 1920w\" sizes=\"auto, (max-width: 1024px) 100vw, 1024px\" \/><\/a> <a href=\"https:\/\/projectes.xtec.cat\/ere\/wp-content\/uploads\/usu2534\/2026\/02\/19.-SOSCOSTABRAVA_1.jpg\"><img loading=\"lazy\" decoding=\"async\" class=\"aligncenter size-large wp-image-11255\" src=\"https:\/\/projectes.xtec.cat\/ere\/wp-content\/uploads\/usu2534\/2026\/02\/19.-SOSCOSTABRAVA_1.jpg\" alt=\"\" width=\"668\" height=\"920\" srcset=\"https:\/\/projectes.xtec.cat\/ere\/wp-content\/uploads\/usu2534\/2026\/02\/19.-SOSCOSTABRAVA_1.jpg 668w, https:\/\/projectes.xtec.cat\/ere\/wp-content\/uploads\/usu2534\/2026\/02\/19.-SOSCOSTABRAVA_1-218x300.jpg 218w\" sizes=\"auto, (max-width: 668px) 100vw, 668px\" \/><\/a><\/p>\n<p>&nbsp;<\/p>\n","protected":false},"excerpt":{"rendered":"<p>SOS COSTA BRAVA<br \/>\nProjecte: Disseny de les peces de roba i complements pels voluntaris de la xarxa de vigil\u00e0ncia de les cales de la Costa Brava.<br \/>\nReconeixement: Xevi Relea, Arnau Iborra i Dalmau Palaz\u00f3n de l\u2019EMAD la Garriga.<br \/>\nArgumentaci\u00f3 de la Comissi\u00f3: \u00a0La campanya ens ha agradat perqu\u00e8&hellip;  <a href=\"https:\/\/projectes.xtec.cat\/ere\/sos-costa-brava-2\/\" title=\"Read SOS COSTA BRAVA\">Llegeix m\u00e9s\u00bb<\/a><\/p>\n","protected":false},"author":1,"featured_media":0,"parent":0,"menu_order":0,"comment_status":"closed","ping_status":"closed","template":"","meta":{"_bbp_topic_count":0,"_bbp_reply_count":0,"_bbp_total_topic_count":0,"_bbp_total_reply_count":0,"_bbp_voice_count":0,"_bbp_anonymous_reply_count":0,"_bbp_topic_count_hidden":0,"_bbp_reply_count_hidden":0,"_bbp_forum_subforum_count":0,"footnotes":""},"class_list":["post-11209","page","type-page","status-publish","hentry"],"post_mailing_queue_ids":[],"_links":{"self":[{"href":"https:\/\/projectes.xtec.cat\/ere\/wp-json\/wp\/v2\/pages\/11209","targetHints":{"allow":["GET"]}}],"collection":[{"href":"https:\/\/projectes.xtec.cat\/ere\/wp-json\/wp\/v2\/pages"}],"about":[{"href":"https:\/\/projectes.xtec.cat\/ere\/wp-json\/wp\/v2\/types\/page"}],"author":[{"embeddable":true,"href":"https:\/\/projectes.xtec.cat\/ere\/wp-json\/wp\/v2\/users\/1"}],"replies":[{"embeddable":true,"href":"https:\/\/projectes.xtec.cat\/ere\/wp-json\/wp\/v2\/comments?post=11209"}],"version-history":[{"count":2,"href":"https:\/\/projectes.xtec.cat\/ere\/wp-json\/wp\/v2\/pages\/11209\/revisions"}],"predecessor-version":[{"id":11256,"href":"https:\/\/projectes.xtec.cat\/ere\/wp-json\/wp\/v2\/pages\/11209\/revisions\/11256"}],"wp:attachment":[{"href":"https:\/\/projectes.xtec.cat\/ere\/wp-json\/wp\/v2\/media?parent=11209"}],"curies":[{"name":"wp","href":"https:\/\/api.w.org\/{rel}","templated":true}]}}