{"id":11211,"date":"2026-02-27T08:25:20","date_gmt":"2026-02-27T07:25:20","guid":{"rendered":"https:\/\/projectes.xtec.cat\/ere\/?page_id=11211"},"modified":"2026-02-27T08:25:20","modified_gmt":"2026-02-27T07:25:20","slug":"ajuntament-de-begur-2","status":"publish","type":"page","link":"https:\/\/projectes.xtec.cat\/ere\/ajuntament-de-begur-2\/","title":{"rendered":"\u00a0AJUNTAMENT DE BEGUR"},"content":{"rendered":"<p><span style=\"font-weight: 400;\">\u00a0<\/span><b>AJUNTAMENT DE BEGUR<\/b><\/p>\n<p><b>Projecte 1:\u00a0 <\/b><span style=\"font-weight: 400;\">Creaci\u00f3 de la imatge gr\u00e0fica i el desenvolupament gr\u00e0fic de la 27a Campanya Gastron\u00f2mica del Peix de Roca de Begur 2026.<\/span><\/p>\n<p><b>Reconeixement:\u00a0<\/b><\/p>\n<ul>\n<li style=\"font-weight: 400;\" aria-level=\"1\"><i><span style=\"font-weight: 400;\">Paula Gonz\u00e1lez Vico \u2013 GROC Escola d\u2019arts pl\u00e0stiques i disseny. Barcelona<\/span><\/i><\/li>\n<\/ul>\n<p><b>Argumentaci\u00f3 de la Comissi\u00f3:<\/b><\/p>\n<ul>\n<li style=\"font-weight: 400;\" aria-level=\"1\"><span style=\"font-weight: 400;\">El projecte de la Paula Gonzalez va cridar-nos l&#8217;atenci\u00f3 des del primer moment a tota la comissi\u00f3, pel seu innovador disseny i tamb\u00e9 per la seva presentaci\u00f3 a trav\u00e9s dels mock-ups i tot l\u2019storytelling que va comentar per la creaci\u00f3 de la imatge del cartell.<\/span><\/li>\n<\/ul>\n<p><span style=\"font-weight: 400;\">Ha sabut recollir la necessitat de la nostra campanya, utilitzant una t\u00e8cnica innovadora per a plasmar l&#8217;ess\u00e8ncia del peix de roca, amb un resultat final molt impactant on cada detall (tipografia, colors, disposici\u00f3 dels elements, etc..) encaixa perfectament amb all\u00f2 que busca transmetre la nostra Campanya Gastron\u00f2mica.<\/span><\/p>\n<p><span style=\"font-weight: 400;\">\u00c9s una proposta que no segueix la l\u00ednia d\u2019altres imatges, sin\u00f3 que trenca amb els cartells de les anteriors edicions, i aquest aspecte ha tingut molt de pes a l&#8217;hora de decidir-nos finalment per la seva proposta.<\/span><\/p>\n<p><b>Menci\u00f3:\u00a0<\/b><\/p>\n<ul>\n<li style=\"font-weight: 400;\" aria-level=\"1\"><i><span style=\"font-weight: 400;\">Lua Esteve, Ivan Buenavida i Jana Cusin\u00e9. EA Arsenal. Vilafranca del Pened\u00e8s.<\/span><\/i><\/li>\n<\/ul>\n<ul>\n<li style=\"font-weight: 400;\" aria-level=\"1\"><i><span style=\"font-weight: 400;\">Laia Pomar. EA Manresa<\/span><\/i><\/li>\n<\/ul>\n<p><b>Argumentaci\u00f3 de la Comissi\u00f3: <\/b><span style=\"font-weight: 400;\">Les dues propostes que han estat finalistes han complicat molt la decisi\u00f3 final a la comissi\u00f3 ja que les propostes s\u00f3n d\u2019alta qualitat.<\/span><\/p>\n<p><span style=\"font-weight: 400;\">Es tracta de propostes diferents, una d\u2019elles seguint m\u00e9s la l\u00ednia continuista de la campanya gastron\u00f2mica i l\u2019altra m\u00e9s innovadora. Ambdues propostes per\u00f2, ens han cridat molt l&#8217;atenci\u00f3 pel seu atreviment, alt nivell i impacte a primera vista.<\/span><\/p>\n<p><span style=\"font-weight: 400;\">Volem felicitar-los per les seves propostes. Aquesta felicitaci\u00f3 i agra\u00efment \u00e9s extensible als 69 alumnes que han participat en aquest repte i que han presentat un total de 59 propostes fant\u00e0stiques i molt ben desenvolupades, aplicant els coneixements adquirits a les 6 diferents escoles participants.<\/span><\/p>\n<p><span style=\"font-weight: 400;\">Moltes felicitats a tots per la gran tasca!<\/span><\/p>\n<p>&nbsp;<\/p>\n<p><b>Projecte 2: <\/b><span style=\"font-weight: 400;\">Projecte de remodelaci\u00f3 del disseny de l\u2019interior de l\u2019Oficina de Turisme de Begur.\u00a0<\/span><\/p>\n<p><b>Reconeixement:\u00a0<\/b><\/p>\n<ul>\n<li style=\"font-weight: 400;\" aria-level=\"1\"><i><span style=\"font-weight: 400;\">Ainhoa Albert, David Torregrossa i Carla Cartes pel projecte \u201cMar i Muntanya\u201d. EA Pau Gargallo. Badalona<\/span><\/i><\/li>\n<\/ul>\n<p><b>Argumentaci\u00f3 de la Comissi\u00f3:\u00a0 <\/b><span style=\"font-weight: 400;\">El projecte Mar i Muntanya d\u2019Ainhoa Albert, David Torregrossa i Carla Cartes va agradar des d\u2019un inici a tota la comissi\u00f3, pel seu innovador disseny i tamb\u00e9 per la seva presentaci\u00f3 a trav\u00e9s dels renders i planells simplificats i clars. Presenta una estructura i composici\u00f3 de l\u2019oficina diferent de la resta de propostes presentades i transmet una innovaci\u00f3 molt ben encertada i de f\u00e0cil aplicaci\u00f3 en un futur.<\/span><\/p>\n<p><span style=\"font-weight: 400;\">Ha sabut recollir la necessitat del canvi de les depend\u00e8ncies de l\u2019oficina de turisme, utilitzant un disseny molt clar i una estructura d\u2019oficina de turisme molt pr\u00e0ctica tant per treballadors com per p\u00fablic visitant.<\/span><\/p>\n<p><span style=\"font-weight: 400;\">Al mateix moment, tamb\u00e9 ofereix una proposta amb molta llum i aprofitament de l\u2019espai de la part m\u00e9s interna de l\u2019oficina de turisme, com s\u00f3n la sala de reunions, cafeteria, \u00e0rea d\u2019impressi\u00f3 i oficines internes de l\u2019\u00e0rea de Promoci\u00f3 econ\u00f2mica i Turisme.<\/span><\/p>\n<p><span style=\"font-weight: 400;\">\u00c9s una proposta treballada que ens ha semblat diferent a les resta de propostes per la seva simplicitat i coher\u00e8ncia, fets que han tingut molt de pes a l&#8217;hora de decidir-nos finalment per la proposta escollida.<\/span><\/p>\n<p><b>Menci\u00f3:<\/b><\/p>\n<ul>\n<li style=\"font-weight: 400;\" aria-level=\"1\"><i><span style=\"font-weight: 400;\">Jana Martori, Carla Garc\u00eda i Marina Llopis. \u201cL\u2019Ess\u00e8ncia Viva del Mediterrani\u201d. EA Pau Gargallo. Badalona<\/span><\/i><\/li>\n<\/ul>\n<ul>\n<li style=\"font-weight: 400;\" aria-level=\"1\"><i><span style=\"font-weight: 400;\">David Bibian, Jan Alvaro, Pablo Esp\u00e9s, Pau Tom\u00e0s i Jan Pol Arderiu. \u201cLlum i materialitat\u201d LCI Barcelona Escola d\u2019art i disseny).<\/span><\/i><\/li>\n<\/ul>\n<p><b>Argumentaci\u00f3 de la Comissi\u00f3: <\/b><span style=\"font-weight: 400;\">\u00a0\u00a0Les dues propostes que han estat finalistes han complicat molt la decisi\u00f3 final a la comissi\u00f3 ja que les propostes s\u00f3n d\u2019alta qualitat i alt nivell del material presentat.<\/span><\/p>\n<p><span style=\"font-weight: 400;\">Es tracta de propostes diferents que ens han cridat molt l&#8217;atenci\u00f3 pel seu atreviment, alt nivell i impacte a primera vista.\u00a0<\/span><\/p>\n<p><span style=\"font-weight: 400;\">Volem felicitar-los per les seves propostes. Aquesta felicitaci\u00f3 i agra\u00efment \u00e9s extensible als 77 alumnes que han participat en aquest repte i que han presentat un total de 22 propostes fant\u00e0stiques i molt ben desenvolupades, aplicant els coneixements adquirits a les 5 diferents escoles participants.<\/span><\/p>\n<p><span style=\"font-weight: 400;\">Moltes felicitats a tots per la gran tasca!<\/span><\/p>\n<p>&nbsp;<\/p>\n<p>&nbsp;<\/p>\n<p><strong>Imatges projecte 1:<\/strong><\/p>\n<p><a href=\"https:\/\/projectes.xtec.cat\/ere\/wp-content\/uploads\/usu2534\/2026\/02\/13.1-Begur_PEIXROCA-5.jpg\"><img loading=\"lazy\" decoding=\"async\" class=\"aligncenter size-large wp-image-11240\" src=\"https:\/\/projectes.xtec.cat\/ere\/wp-content\/uploads\/usu2534\/2026\/02\/13.1-Begur_PEIXROCA-5-1024x683.jpg\" alt=\"\" width=\"1024\" height=\"683\" srcset=\"https:\/\/projectes.xtec.cat\/ere\/wp-content\/uploads\/usu2534\/2026\/02\/13.1-Begur_PEIXROCA-5-1024x683.jpg 1024w, https:\/\/projectes.xtec.cat\/ere\/wp-content\/uploads\/usu2534\/2026\/02\/13.1-Begur_PEIXROCA-5-300x200.jpg 300w, https:\/\/projectes.xtec.cat\/ere\/wp-content\/uploads\/usu2534\/2026\/02\/13.1-Begur_PEIXROCA-5-768x512.jpg 768w, https:\/\/projectes.xtec.cat\/ere\/wp-content\/uploads\/usu2534\/2026\/02\/13.1-Begur_PEIXROCA-5.jpg 1536w\" sizes=\"auto, (max-width: 1024px) 100vw, 1024px\" \/><\/a> <a href=\"https:\/\/projectes.xtec.cat\/ere\/wp-content\/uploads\/usu2534\/2026\/02\/13.1-Begur_PEIXROCA-4-scaled.jpg\"><img loading=\"lazy\" decoding=\"async\" class=\"aligncenter size-large wp-image-11241\" src=\"https:\/\/projectes.xtec.cat\/ere\/wp-content\/uploads\/usu2534\/2026\/02\/13.1-Begur_PEIXROCA-4-1024x724.jpg\" alt=\"\" width=\"1024\" height=\"724\" srcset=\"https:\/\/projectes.xtec.cat\/ere\/wp-content\/uploads\/usu2534\/2026\/02\/13.1-Begur_PEIXROCA-4-1024x724.jpg 1024w, https:\/\/projectes.xtec.cat\/ere\/wp-content\/uploads\/usu2534\/2026\/02\/13.1-Begur_PEIXROCA-4-300x212.jpg 300w, https:\/\/projectes.xtec.cat\/ere\/wp-content\/uploads\/usu2534\/2026\/02\/13.1-Begur_PEIXROCA-4-768x543.jpg 768w, https:\/\/projectes.xtec.cat\/ere\/wp-content\/uploads\/usu2534\/2026\/02\/13.1-Begur_PEIXROCA-4-1536x1086.jpg 1536w, https:\/\/projectes.xtec.cat\/ere\/wp-content\/uploads\/usu2534\/2026\/02\/13.1-Begur_PEIXROCA-4-2048x1448.jpg 2048w\" sizes=\"auto, (max-width: 1024px) 100vw, 1024px\" \/><\/a><a href=\"https:\/\/projectes.xtec.cat\/ere\/wp-content\/uploads\/usu2534\/2026\/02\/13.1-Begur_PEIXROCA-3-scaled.jpg\"><img loading=\"lazy\" decoding=\"async\" class=\"aligncenter size-large wp-image-11242\" src=\"https:\/\/projectes.xtec.cat\/ere\/wp-content\/uploads\/usu2534\/2026\/02\/13.1-Begur_PEIXROCA-3-1024x724.jpg\" alt=\"\" width=\"1024\" height=\"724\" srcset=\"https:\/\/projectes.xtec.cat\/ere\/wp-content\/uploads\/usu2534\/2026\/02\/13.1-Begur_PEIXROCA-3-1024x724.jpg 1024w, https:\/\/projectes.xtec.cat\/ere\/wp-content\/uploads\/usu2534\/2026\/02\/13.1-Begur_PEIXROCA-3-300x212.jpg 300w, https:\/\/projectes.xtec.cat\/ere\/wp-content\/uploads\/usu2534\/2026\/02\/13.1-Begur_PEIXROCA-3-768x543.jpg 768w, https:\/\/projectes.xtec.cat\/ere\/wp-content\/uploads\/usu2534\/2026\/02\/13.1-Begur_PEIXROCA-3-1536x1086.jpg 1536w, https:\/\/projectes.xtec.cat\/ere\/wp-content\/uploads\/usu2534\/2026\/02\/13.1-Begur_PEIXROCA-3-2048x1448.jpg 2048w\" sizes=\"auto, (max-width: 1024px) 100vw, 1024px\" \/><\/a><a href=\"https:\/\/projectes.xtec.cat\/ere\/wp-content\/uploads\/usu2534\/2026\/02\/13.1-Begur_PEIXROCA-2-scaled.jpg\"><img loading=\"lazy\" decoding=\"async\" class=\"aligncenter size-large wp-image-11243\" src=\"https:\/\/projectes.xtec.cat\/ere\/wp-content\/uploads\/usu2534\/2026\/02\/13.1-Begur_PEIXROCA-2-1024x768.jpg\" alt=\"\" width=\"1024\" height=\"768\" srcset=\"https:\/\/projectes.xtec.cat\/ere\/wp-content\/uploads\/usu2534\/2026\/02\/13.1-Begur_PEIXROCA-2-1024x768.jpg 1024w, https:\/\/projectes.xtec.cat\/ere\/wp-content\/uploads\/usu2534\/2026\/02\/13.1-Begur_PEIXROCA-2-300x225.jpg 300w, https:\/\/projectes.xtec.cat\/ere\/wp-content\/uploads\/usu2534\/2026\/02\/13.1-Begur_PEIXROCA-2-768x576.jpg 768w, https:\/\/projectes.xtec.cat\/ere\/wp-content\/uploads\/usu2534\/2026\/02\/13.1-Begur_PEIXROCA-2-1536x1152.jpg 1536w, https:\/\/projectes.xtec.cat\/ere\/wp-content\/uploads\/usu2534\/2026\/02\/13.1-Begur_PEIXROCA-2-2048x1536.jpg 2048w, https:\/\/projectes.xtec.cat\/ere\/wp-content\/uploads\/usu2534\/2026\/02\/13.1-Begur_PEIXROCA-2-200x150.jpg 200w\" sizes=\"auto, (max-width: 1024px) 100vw, 1024px\" \/><\/a><\/p>\n<p><strong>Imatges projecte 2:<\/strong><\/p>\n<p><a href=\"https:\/\/projectes.xtec.cat\/ere\/wp-content\/uploads\/usu2534\/2026\/02\/13.2.-Begur_Redisseny_5.jpg\"><img loading=\"lazy\" decoding=\"async\" class=\"aligncenter size-large wp-image-11244\" src=\"https:\/\/projectes.xtec.cat\/ere\/wp-content\/uploads\/usu2534\/2026\/02\/13.2.-Begur_Redisseny_5-1024x576.jpg\" alt=\"\" width=\"1024\" height=\"576\" srcset=\"https:\/\/projectes.xtec.cat\/ere\/wp-content\/uploads\/usu2534\/2026\/02\/13.2.-Begur_Redisseny_5-1024x576.jpg 1024w, https:\/\/projectes.xtec.cat\/ere\/wp-content\/uploads\/usu2534\/2026\/02\/13.2.-Begur_Redisseny_5-300x169.jpg 300w, https:\/\/projectes.xtec.cat\/ere\/wp-content\/uploads\/usu2534\/2026\/02\/13.2.-Begur_Redisseny_5-768x432.jpg 768w, https:\/\/projectes.xtec.cat\/ere\/wp-content\/uploads\/usu2534\/2026\/02\/13.2.-Begur_Redisseny_5-1536x864.jpg 1536w, https:\/\/projectes.xtec.cat\/ere\/wp-content\/uploads\/usu2534\/2026\/02\/13.2.-Begur_Redisseny_5.jpg 1920w\" sizes=\"auto, (max-width: 1024px) 100vw, 1024px\" \/><\/a> <a href=\"https:\/\/projectes.xtec.cat\/ere\/wp-content\/uploads\/usu2534\/2026\/02\/13.2.-Begur_Redisseny_4.jpg\"><img loading=\"lazy\" decoding=\"async\" class=\"aligncenter size-large wp-image-11245\" src=\"https:\/\/projectes.xtec.cat\/ere\/wp-content\/uploads\/usu2534\/2026\/02\/13.2.-Begur_Redisseny_4-1024x576.jpg\" alt=\"\" width=\"1024\" height=\"576\" srcset=\"https:\/\/projectes.xtec.cat\/ere\/wp-content\/uploads\/usu2534\/2026\/02\/13.2.-Begur_Redisseny_4-1024x576.jpg 1024w, https:\/\/projectes.xtec.cat\/ere\/wp-content\/uploads\/usu2534\/2026\/02\/13.2.-Begur_Redisseny_4-300x169.jpg 300w, https:\/\/projectes.xtec.cat\/ere\/wp-content\/uploads\/usu2534\/2026\/02\/13.2.-Begur_Redisseny_4-768x432.jpg 768w, https:\/\/projectes.xtec.cat\/ere\/wp-content\/uploads\/usu2534\/2026\/02\/13.2.-Begur_Redisseny_4-1536x864.jpg 1536w, https:\/\/projectes.xtec.cat\/ere\/wp-content\/uploads\/usu2534\/2026\/02\/13.2.-Begur_Redisseny_4.jpg 1920w\" sizes=\"auto, (max-width: 1024px) 100vw, 1024px\" \/><\/a> <a href=\"https:\/\/projectes.xtec.cat\/ere\/wp-content\/uploads\/usu2534\/2026\/02\/13.2.-Begur_Redisseny_3.jpg\"><img loading=\"lazy\" decoding=\"async\" class=\"aligncenter size-large wp-image-11246\" src=\"https:\/\/projectes.xtec.cat\/ere\/wp-content\/uploads\/usu2534\/2026\/02\/13.2.-Begur_Redisseny_3-1024x576.jpg\" alt=\"\" width=\"1024\" height=\"576\" srcset=\"https:\/\/projectes.xtec.cat\/ere\/wp-content\/uploads\/usu2534\/2026\/02\/13.2.-Begur_Redisseny_3-1024x576.jpg 1024w, https:\/\/projectes.xtec.cat\/ere\/wp-content\/uploads\/usu2534\/2026\/02\/13.2.-Begur_Redisseny_3-300x169.jpg 300w, https:\/\/projectes.xtec.cat\/ere\/wp-content\/uploads\/usu2534\/2026\/02\/13.2.-Begur_Redisseny_3-768x432.jpg 768w, https:\/\/projectes.xtec.cat\/ere\/wp-content\/uploads\/usu2534\/2026\/02\/13.2.-Begur_Redisseny_3-1536x864.jpg 1536w, https:\/\/projectes.xtec.cat\/ere\/wp-content\/uploads\/usu2534\/2026\/02\/13.2.-Begur_Redisseny_3.jpg 1920w\" sizes=\"auto, (max-width: 1024px) 100vw, 1024px\" \/><\/a> <a href=\"https:\/\/projectes.xtec.cat\/ere\/wp-content\/uploads\/usu2534\/2026\/02\/13.2.-Begur_Redisseny_2.jpg\"><img loading=\"lazy\" decoding=\"async\" class=\"aligncenter size-large wp-image-11247\" src=\"https:\/\/projectes.xtec.cat\/ere\/wp-content\/uploads\/usu2534\/2026\/02\/13.2.-Begur_Redisseny_2-1024x576.jpg\" alt=\"\" width=\"1024\" height=\"576\" srcset=\"https:\/\/projectes.xtec.cat\/ere\/wp-content\/uploads\/usu2534\/2026\/02\/13.2.-Begur_Redisseny_2-1024x576.jpg 1024w, https:\/\/projectes.xtec.cat\/ere\/wp-content\/uploads\/usu2534\/2026\/02\/13.2.-Begur_Redisseny_2-300x169.jpg 300w, https:\/\/projectes.xtec.cat\/ere\/wp-content\/uploads\/usu2534\/2026\/02\/13.2.-Begur_Redisseny_2-768x432.jpg 768w, https:\/\/projectes.xtec.cat\/ere\/wp-content\/uploads\/usu2534\/2026\/02\/13.2.-Begur_Redisseny_2-1536x864.jpg 1536w, https:\/\/projectes.xtec.cat\/ere\/wp-content\/uploads\/usu2534\/2026\/02\/13.2.-Begur_Redisseny_2.jpg 1920w\" sizes=\"auto, (max-width: 1024px) 100vw, 1024px\" \/><\/a> <a href=\"https:\/\/projectes.xtec.cat\/ere\/wp-content\/uploads\/usu2534\/2026\/02\/13.2.-Begur_Redisseny_1.jpg\"><img loading=\"lazy\" decoding=\"async\" class=\"aligncenter size-large wp-image-11248\" src=\"https:\/\/projectes.xtec.cat\/ere\/wp-content\/uploads\/usu2534\/2026\/02\/13.2.-Begur_Redisseny_1-1024x576.jpg\" alt=\"\" width=\"1024\" height=\"576\" srcset=\"https:\/\/projectes.xtec.cat\/ere\/wp-content\/uploads\/usu2534\/2026\/02\/13.2.-Begur_Redisseny_1-1024x576.jpg 1024w, https:\/\/projectes.xtec.cat\/ere\/wp-content\/uploads\/usu2534\/2026\/02\/13.2.-Begur_Redisseny_1-300x169.jpg 300w, https:\/\/projectes.xtec.cat\/ere\/wp-content\/uploads\/usu2534\/2026\/02\/13.2.-Begur_Redisseny_1-768x432.jpg 768w, https:\/\/projectes.xtec.cat\/ere\/wp-content\/uploads\/usu2534\/2026\/02\/13.2.-Begur_Redisseny_1-1536x864.jpg 1536w, https:\/\/projectes.xtec.cat\/ere\/wp-content\/uploads\/usu2534\/2026\/02\/13.2.-Begur_Redisseny_1.jpg 1920w\" sizes=\"auto, (max-width: 1024px) 100vw, 1024px\" \/><\/a><\/p>\n","protected":false},"excerpt":{"rendered":"<p>\u00a0AJUNTAMENT DE BEGUR<br \/>\nProjecte 1:\u00a0 Creaci\u00f3 de la imatge gr\u00e0fica i el desenvolupament gr\u00e0fic de la 27a Campanya Gastron\u00f2mica del Peix de Roca de Begur 2026.<br \/>\nReconeixement:\u00a0<\/p>\n<ul>\n<li style=\"font-weight: 400;\" aria-level=\"1\">Paula Gonz\u00e1lez Vico \u2013 GROC Escola d\u2019arts pl\u00e0stiques i disseny. Barcelona<\/li>\n<\/ul>\n<p>Argumentaci\u00f3 de la Comissi\u00f3:<\/p>\n<ul>\n<li style=\"font-weight: 400;\" aria-level=\"1\">El projecte&hellip;  <a href=\"https:\/\/projectes.xtec.cat\/ere\/ajuntament-de-begur-2\/\" title=\"Read \u00a0AJUNTAMENT DE BEGUR\">Llegeix m\u00e9s\u00bb<\/a><br \/>\n","protected":false},"author":1,"featured_media":0,"parent":0,"menu_order":0,"comment_status":"closed","ping_status":"closed","template":"","meta":{"_bbp_topic_count":0,"_bbp_reply_count":0,"_bbp_total_topic_count":0,"_bbp_total_reply_count":0,"_bbp_voice_count":0,"_bbp_anonymous_reply_count":0,"_bbp_topic_count_hidden":0,"_bbp_reply_count_hidden":0,"_bbp_forum_subforum_count":0,"footnotes":""},"class_list":["post-11211","page","type-page","status-publish","hentry"],"post_mailing_queue_ids":[],"_links":{"self":[{"href":"https:\/\/projectes.xtec.cat\/ere\/wp-json\/wp\/v2\/pages\/11211","targetHints":{"allow":["GET"]}}],"collection":[{"href":"https:\/\/projectes.xtec.cat\/ere\/wp-json\/wp\/v2\/pages"}],"about":[{"href":"https:\/\/projectes.xtec.cat\/ere\/wp-json\/wp\/v2\/types\/page"}],"author":[{"embeddable":true,"href":"https:\/\/projectes.xtec.cat\/ere\/wp-json\/wp\/v2\/users\/1"}],"replies":[{"embeddable":true,"href":"https:\/\/projectes.xtec.cat\/ere\/wp-json\/wp\/v2\/comments?post=11211"}],"version-history":[{"count":2,"href":"https:\/\/projectes.xtec.cat\/ere\/wp-json\/wp\/v2\/pages\/11211\/revisions"}],"predecessor-version":[{"id":11249,"href":"https:\/\/projectes.xtec.cat\/ere\/wp-json\/wp\/v2\/pages\/11211\/revisions\/11249"}],"wp:attachment":[{"href":"https:\/\/projectes.xtec.cat\/ere\/wp-json\/wp\/v2\/media?parent=11211"}],"curies":[{"name":"wp","href":"https:\/\/api.w.org\/{rel}","templated":true}]}}