{"id":11266,"date":"2026-02-27T08:29:18","date_gmt":"2026-02-27T07:29:18","guid":{"rendered":"https:\/\/projectes.xtec.cat\/ere\/?page_id=11266"},"modified":"2026-04-13T09:10:43","modified_gmt":"2026-04-13T07:10:43","slug":"ajuntament-de-teia","status":"publish","type":"page","link":"https:\/\/projectes.xtec.cat\/ere\/ajuntament-de-teia\/","title":{"rendered":"AJUNTAMENT DE TEI\u00c0"},"content":{"rendered":"<p><b>Projecte:\u00a0 <\/b><span style=\"font-weight: 400;\">Crear el disseny del cartell per a la Fira del Maridatge dels Sentits, sota l\u2019eix vertebrador de l\u2019Etnobot\u00e0nica.<\/span><\/p>\n<p><b>Reconeixement: <\/b><i><span style=\"font-weight: 400;\">Carlota Daura i Andrea Mac\u00edas. EA Pau Gargallo. Badalona<\/span><\/i><\/p>\n<p><b>Argumentaci\u00f3 de la Comissi\u00f3: <\/b><i><span style=\"font-weight: 400;\">Una proposta que respon a all\u00f2 que volem transmetre,\u00a0 cont\u00e9 elements que evoquen al passat, a les plantes oblidades i a l\u2019etnobot\u00e0nica en s\u00ed.\u00a0<\/span><\/i><\/p>\n<p><b>Menci\u00f3:<\/b><\/p>\n<ul>\n<li style=\"font-weight: 400;\" aria-level=\"1\"><i><span style=\"font-weight: 400;\">Ver\u00f3nica Villaca\u00f1as. EA Sant Cugat.<\/span><\/i><\/li>\n<\/ul>\n<ul>\n<li style=\"font-weight: 400;\" aria-level=\"1\"><i><span style=\"font-weight: 400;\">Joel Chica. Escola Groc. Barcelona<\/span><\/i><\/li>\n<\/ul>\n<p><strong>Imatges del projecte:<\/strong><\/p>\n<p>Programa dissenyat per l&#8217;alumnat: <a href=\"https:\/\/drive.google.com\/file\/d\/14buX0y6IAvnkflaZeKrW_f0CPvPUyTFr\/view?usp=sharing\">aqu\u00ed<\/a><\/p>\n<p><a href=\"https:\/\/projectes.xtec.cat\/ere\/wp-content\/uploads\/usu2534\/2026\/04\/Teia1.jpg\"><img loading=\"lazy\" decoding=\"async\" class=\"aligncenter size-medium wp-image-11403\" src=\"https:\/\/projectes.xtec.cat\/ere\/wp-content\/uploads\/usu2534\/2026\/04\/Teia1-298x300.jpg\" alt=\"\" width=\"298\" height=\"300\" srcset=\"https:\/\/projectes.xtec.cat\/ere\/wp-content\/uploads\/usu2534\/2026\/04\/Teia1-298x300.jpg 298w, https:\/\/projectes.xtec.cat\/ere\/wp-content\/uploads\/usu2534\/2026\/04\/Teia1-150x150.jpg 150w, https:\/\/projectes.xtec.cat\/ere\/wp-content\/uploads\/usu2534\/2026\/04\/Teia1-768x773.jpg 768w, https:\/\/projectes.xtec.cat\/ere\/wp-content\/uploads\/usu2534\/2026\/04\/Teia1.jpg 847w\" sizes=\"auto, (max-width: 298px) 100vw, 298px\" \/><\/a><\/p>\n","protected":false},"excerpt":{"rendered":"<p>Projecte:\u00a0 Crear el disseny del cartell per a la Fira del Maridatge dels Sentits, sota l\u2019eix vertebrador de l\u2019Etnobot\u00e0nica.<br \/>\nReconeixement: Carlota Daura i Andrea Mac\u00edas. EA Pau Gargallo. Badalona<br \/>\nArgumentaci\u00f3 de la Comissi\u00f3: Una proposta que respon a all\u00f2 que volem transmetre,\u00a0 cont\u00e9 elements que evoquen al&hellip;  <a href=\"https:\/\/projectes.xtec.cat\/ere\/ajuntament-de-teia\/\" title=\"Read AJUNTAMENT DE TEI\u00c0\">Llegeix m\u00e9s\u00bb<\/a><\/p>\n","protected":false},"author":1,"featured_media":0,"parent":0,"menu_order":0,"comment_status":"closed","ping_status":"closed","template":"","meta":{"_bbp_topic_count":0,"_bbp_reply_count":0,"_bbp_total_topic_count":0,"_bbp_total_reply_count":0,"_bbp_voice_count":0,"_bbp_anonymous_reply_count":0,"_bbp_topic_count_hidden":0,"_bbp_reply_count_hidden":0,"_bbp_forum_subforum_count":0,"footnotes":""},"class_list":["post-11266","page","type-page","status-publish","hentry"],"post_mailing_queue_ids":[],"_links":{"self":[{"href":"https:\/\/projectes.xtec.cat\/ere\/wp-json\/wp\/v2\/pages\/11266","targetHints":{"allow":["GET"]}}],"collection":[{"href":"https:\/\/projectes.xtec.cat\/ere\/wp-json\/wp\/v2\/pages"}],"about":[{"href":"https:\/\/projectes.xtec.cat\/ere\/wp-json\/wp\/v2\/types\/page"}],"author":[{"embeddable":true,"href":"https:\/\/projectes.xtec.cat\/ere\/wp-json\/wp\/v2\/users\/1"}],"replies":[{"embeddable":true,"href":"https:\/\/projectes.xtec.cat\/ere\/wp-json\/wp\/v2\/comments?post=11266"}],"version-history":[{"count":3,"href":"https:\/\/projectes.xtec.cat\/ere\/wp-json\/wp\/v2\/pages\/11266\/revisions"}],"predecessor-version":[{"id":11404,"href":"https:\/\/projectes.xtec.cat\/ere\/wp-json\/wp\/v2\/pages\/11266\/revisions\/11404"}],"wp:attachment":[{"href":"https:\/\/projectes.xtec.cat\/ere\/wp-json\/wp\/v2\/media?parent=11266"}],"curies":[{"name":"wp","href":"https:\/\/api.w.org\/{rel}","templated":true}]}}