{"id":11486,"date":"2026-05-13T09:00:16","date_gmt":"2026-05-13T07:00:16","guid":{"rendered":"https:\/\/projectes.xtec.cat\/ere\/?page_id=11486"},"modified":"2026-05-13T09:00:16","modified_gmt":"2026-05-13T07:00:16","slug":"centre-civic-el-coll-la-brueguera","status":"publish","type":"page","link":"https:\/\/projectes.xtec.cat\/ere\/centre-civic-el-coll-la-brueguera\/","title":{"rendered":"Centre C\u00edvic El Coll-La Brueguera"},"content":{"rendered":"<p><b>Projecte: <\/b><span style=\"font-weight: 400;\">Revisi\u00f3 de l\u2019univers de l\u2019editorial Bruguera des d\u2019una mirada contempor\u00e0nia a trav\u00e9s dels seus personatges, portades i hist\u00f2ries amb la finalitat de crear material expositiu per a la mostra \u201cRebruguera\u201d, que tindr\u00e0 lloc al Centre C\u00edvic El Coll \u2013 La Bruguera durant el mes de juny de 2026<\/span><\/p>\n<p><b>RECONEIXEMENT :<\/b><\/p>\n<ul>\n<li style=\"list-style-type: none;\">\n<ul>\n<li style=\"font-weight: 400;\" aria-level=\"1\"><span style=\"font-weight: 400;\">Zach Alarc\u00f3n, EA Illa<\/span><\/li>\n<li style=\"font-weight: 400;\" aria-level=\"1\"><span style=\"font-weight: 400;\">Carolina Huerta Garibotti, EA Illa<\/span><\/li>\n<li style=\"font-weight: 400;\" aria-level=\"1\"><span style=\"font-weight: 400;\">An Albites Mesones, EA Illa<\/span><\/li>\n<li style=\"font-weight: 400;\" aria-level=\"1\"><span style=\"font-weight: 400;\">Ainoha Serr\u00e1n Requena, EA Illa<\/span><\/li>\n<li style=\"font-weight: 400;\" aria-level=\"1\"><span style=\"font-weight: 400;\">Yaiza Yaeste, EA Illa<\/span><\/li>\n<li style=\"font-weight: 400;\" aria-level=\"1\"><span style=\"font-weight: 400;\">Isabel Matar\u00edn Cruz, EA Illa<\/span><\/li>\n<li style=\"font-weight: 400;\" aria-level=\"1\"><span style=\"font-weight: 400;\">Lucia Varela, EA Illa<\/span><\/li>\n<li style=\"font-weight: 400;\" aria-level=\"1\"><span style=\"font-weight: 400;\">Sara Escobar, EA Illa<\/span><\/li>\n<li style=\"font-weight: 400;\" aria-level=\"1\"><span style=\"font-weight: 400;\">Irene \u00c1lvarez, EA Illa<\/span><\/li>\n<li style=\"font-weight: 400;\" aria-level=\"1\"><span style=\"font-weight: 400;\">Kore Hern\u00e1ndez, EA Illa<\/span><\/li>\n<li style=\"font-weight: 400;\" aria-level=\"1\"><span style=\"font-weight: 400;\">Muriel Rodr\u00edguez i Nur Mart\u00edn, EA Massana<\/span><\/li>\n<li style=\"font-weight: 400;\" aria-level=\"1\"><span style=\"font-weight: 400;\">Isa Jasmim i Agnes Guerin, EA Massana<\/span><\/li>\n<li style=\"font-weight: 400;\" aria-level=\"1\"><span style=\"font-weight: 400;\">Noelia Buis\u00e1n i Maria Gonz\u00e1lez, EA Massana<\/span><\/li>\n<li style=\"font-weight: 400;\" aria-level=\"1\"><span style=\"font-weight: 400;\">Lorena Estevez i Laia Gim\u00e9nez, EA Massana<\/span><\/li>\n<li style=\"font-weight: 400;\" aria-level=\"1\"><span style=\"font-weight: 400;\">Nina Botkay i Anna Tilche, EA Massana<\/span><\/li>\n<li style=\"font-weight: 400;\" aria-level=\"1\"><span style=\"font-weight: 400;\">Ash Ordo\u00f1ez, EA Pau Gargallo<\/span><\/li>\n<li style=\"font-weight: 400;\" aria-level=\"1\"><span style=\"font-weight: 400;\">Dali A. Avenda\u00f1o, Nora Valdesoiro, Silvia, Daniel, EA Pau Gargallo<\/span><\/li>\n<li style=\"font-weight: 400;\" aria-level=\"1\"><span style=\"font-weight: 400;\">Jessica Singla, EA Pau Gargallo<\/span><\/li>\n<li style=\"font-weight: 400;\" aria-level=\"1\"><span style=\"font-weight: 400;\">Sara Ru\u00edz, EA Pau Gargallo<\/span><\/li>\n<li style=\"font-weight: 400;\" aria-level=\"1\"><span style=\"font-weight: 400;\">Ginebra Martinez, EA Pau Gargallo<\/span><\/li>\n<li style=\"font-weight: 400;\" aria-level=\"1\"><span style=\"font-weight: 400;\">Victoria Candia i Pau Fernandez, EA Pau Gargallo<\/span><\/li>\n<li style=\"font-weight: 400;\" aria-level=\"1\"><span style=\"font-weight: 400;\">Anna Torreglosa, EA Pau Gargallo<\/span><\/li>\n<li style=\"font-weight: 400;\" aria-level=\"1\"><span style=\"font-weight: 400;\">Judith Longay, Itziar Lozano, Marcel Mart\u00edn i Ray Lanxin Ju\u00e1rez, EA Josep Serra i Abella<\/span><\/li>\n<li style=\"font-weight: 400;\" aria-level=\"1\"><span style=\"font-weight: 400;\">Ingrid Badenas, Sara Arribas, Albert Garcia i Lautaro Castro, EA Josep Serra i Abella<\/span><\/li>\n<li style=\"font-weight: 400;\" aria-level=\"1\"><span style=\"font-weight: 400;\">\u00c1frica Faty, Montse Carrillo, Claudia Borr\u00e0si Marina Gil, EA Josep Serra i Abella<\/span><\/li>\n<li style=\"font-weight: 400;\" aria-level=\"1\"><span style=\"font-weight: 400;\">Danae L\u00f3pez, Noa Quilez, Lyda Quino i Laia Sandoval, EA Josep Serra i Abella<\/span><\/li>\n<\/ul>\n<\/li>\n<\/ul>\n<p><b>Argumentaci\u00f3 de la comissi\u00f3: <\/b><span style=\"font-weight: 400;\">\u00a0 <\/span><span style=\"font-weight: 400;\">Bona comprensi\u00f3 i desenvolupament de l\u2019enc\u00e0rrec inicial. Propostes finals professionals i creatives. Hem optat per una selecci\u00f3 de treballs que permet construir un discurs expositiu alineat amb el projecte.<\/span><\/p>\n<p><span style=\"font-weight: 400;\">\u00a0\u00a0<\/span><b>Menci\u00f3:<\/b><\/p>\n<ul>\n<li style=\"font-weight: 400;\" aria-level=\"1\"><span style=\"font-weight: 400;\">Alba Sevilla, EA Pau Gargallo<\/span><\/li>\n<li aria-level=\"1\"><span style=\"font-weight: 400;\">Martina Espinoza, Arnau Valls i Sergi Trojan, EA Pau Gargallo<\/span><\/li>\n<li style=\"font-weight: 400;\" aria-level=\"1\"><span style=\"font-weight: 400;\">Eire Jimenez, Lucia Manzanas, Edna Ramos, Judith Toro i Marian Sandoval, EA Josep Serra i Abella<\/span><\/li>\n<li style=\"font-weight: 400;\" aria-level=\"1\"><span style=\"font-weight: 400;\">Mar\u00eda Avila, Nara Flotats, Ilenia Guerrero, Abril Boira i Orianna Ydrovo, EA Serra i Abella<\/span><\/li>\n<\/ul>\n<p><strong>Imatges del projecte:<\/strong><\/p>\n<p><a href=\"https:\/\/projectes.xtec.cat\/ere\/wp-content\/uploads\/usu2534\/2026\/05\/2.jpg\"><img loading=\"lazy\" decoding=\"async\" class=\"alignleft wp-image-11487 size-full\" src=\"https:\/\/projectes.xtec.cat\/ere\/wp-content\/uploads\/usu2534\/2026\/05\/2.jpg\" alt=\"\" width=\"859\" height=\"600\" srcset=\"https:\/\/projectes.xtec.cat\/ere\/wp-content\/uploads\/usu2534\/2026\/05\/2.jpg 859w, https:\/\/projectes.xtec.cat\/ere\/wp-content\/uploads\/usu2534\/2026\/05\/2-300x210.jpg 300w, https:\/\/projectes.xtec.cat\/ere\/wp-content\/uploads\/usu2534\/2026\/05\/2-768x536.jpg 768w\" sizes=\"auto, (max-width: 859px) 100vw, 859px\" \/><\/a> <a href=\"https:\/\/projectes.xtec.cat\/ere\/wp-content\/uploads\/usu2534\/2026\/05\/1.jpg\"><img loading=\"lazy\" decoding=\"async\" class=\"alignleft wp-image-11488 size-full\" src=\"https:\/\/projectes.xtec.cat\/ere\/wp-content\/uploads\/usu2534\/2026\/05\/1.jpg\" alt=\"\" width=\"532\" height=\"799\" srcset=\"https:\/\/projectes.xtec.cat\/ere\/wp-content\/uploads\/usu2534\/2026\/05\/1.jpg 532w, https:\/\/projectes.xtec.cat\/ere\/wp-content\/uploads\/usu2534\/2026\/05\/1-200x300.jpg 200w\" sizes=\"auto, (max-width: 532px) 100vw, 532px\" \/><\/a><a href=\"https:\/\/projectes.xtec.cat\/ere\/wp-content\/uploads\/usu2534\/2026\/05\/3.jpg\"><img loading=\"lazy\" decoding=\"async\" class=\"alignleft wp-image-11489 size-full\" src=\"https:\/\/projectes.xtec.cat\/ere\/wp-content\/uploads\/usu2534\/2026\/05\/3.jpg\" alt=\"\" width=\"412\" height=\"585\" srcset=\"https:\/\/projectes.xtec.cat\/ere\/wp-content\/uploads\/usu2534\/2026\/05\/3.jpg 412w, https:\/\/projectes.xtec.cat\/ere\/wp-content\/uploads\/usu2534\/2026\/05\/3-211x300.jpg 211w\" sizes=\"auto, (max-width: 412px) 100vw, 412px\" \/><\/a> <a href=\"https:\/\/projectes.xtec.cat\/ere\/wp-content\/uploads\/usu2534\/2026\/05\/4.jpg\"><img loading=\"lazy\" decoding=\"async\" class=\"alignleft wp-image-11490 size-full\" src=\"https:\/\/projectes.xtec.cat\/ere\/wp-content\/uploads\/usu2534\/2026\/05\/4.jpg\" alt=\"\" width=\"355\" height=\"484\" srcset=\"https:\/\/projectes.xtec.cat\/ere\/wp-content\/uploads\/usu2534\/2026\/05\/4.jpg 355w, https:\/\/projectes.xtec.cat\/ere\/wp-content\/uploads\/usu2534\/2026\/05\/4-220x300.jpg 220w\" sizes=\"auto, (max-width: 355px) 100vw, 355px\" \/><\/a><\/p>\n","protected":false},"excerpt":{"rendered":"<p>Projecte: Revisi\u00f3 de l\u2019univers de l\u2019editorial Bruguera des d\u2019una mirada contempor\u00e0nia a trav\u00e9s dels seus personatges, portades i hist\u00f2ries amb la finalitat de crear material expositiu per a la mostra \u201cRebruguera\u201d, que tindr\u00e0 lloc al Centre C\u00edvic El Coll \u2013 La Bruguera durant el mes&hellip;  <a href=\"https:\/\/projectes.xtec.cat\/ere\/centre-civic-el-coll-la-brueguera\/\" title=\"Read Centre C\u00edvic El Coll-La Brueguera\">Llegeix m\u00e9s\u00bb<\/a><\/p>\n","protected":false},"author":1,"featured_media":0,"parent":0,"menu_order":0,"comment_status":"closed","ping_status":"closed","template":"","meta":{"_bbp_topic_count":0,"_bbp_reply_count":0,"_bbp_total_topic_count":0,"_bbp_total_reply_count":0,"_bbp_voice_count":0,"_bbp_anonymous_reply_count":0,"_bbp_topic_count_hidden":0,"_bbp_reply_count_hidden":0,"_bbp_forum_subforum_count":0,"footnotes":""},"class_list":["post-11486","page","type-page","status-publish","hentry"],"post_mailing_queue_ids":[],"_links":{"self":[{"href":"https:\/\/projectes.xtec.cat\/ere\/wp-json\/wp\/v2\/pages\/11486","targetHints":{"allow":["GET"]}}],"collection":[{"href":"https:\/\/projectes.xtec.cat\/ere\/wp-json\/wp\/v2\/pages"}],"about":[{"href":"https:\/\/projectes.xtec.cat\/ere\/wp-json\/wp\/v2\/types\/page"}],"author":[{"embeddable":true,"href":"https:\/\/projectes.xtec.cat\/ere\/wp-json\/wp\/v2\/users\/1"}],"replies":[{"embeddable":true,"href":"https:\/\/projectes.xtec.cat\/ere\/wp-json\/wp\/v2\/comments?post=11486"}],"version-history":[{"count":1,"href":"https:\/\/projectes.xtec.cat\/ere\/wp-json\/wp\/v2\/pages\/11486\/revisions"}],"predecessor-version":[{"id":11491,"href":"https:\/\/projectes.xtec.cat\/ere\/wp-json\/wp\/v2\/pages\/11486\/revisions\/11491"}],"wp:attachment":[{"href":"https:\/\/projectes.xtec.cat\/ere\/wp-json\/wp\/v2\/media?parent=11486"}],"curies":[{"name":"wp","href":"https:\/\/api.w.org\/{rel}","templated":true}]}}