{"id":11501,"date":"2026-05-13T09:02:54","date_gmt":"2026-05-13T07:02:54","guid":{"rendered":"https:\/\/projectes.xtec.cat\/ere\/?page_id=11501"},"modified":"2026-05-13T09:02:54","modified_gmt":"2026-05-13T07:02:54","slug":"ajuntament-de-canet-de-mar-2","status":"publish","type":"page","link":"https:\/\/projectes.xtec.cat\/ere\/ajuntament-de-canet-de-mar-2\/","title":{"rendered":"Ajuntament de Canet de Mar"},"content":{"rendered":"<p><b>Projecte: <span style=\"font-weight: 400;\">Disseny d\u2019un personatge, figura o objecte animat o il\u00b7lustrat que actu\u00ef com a fil conductor del cat\u00e0leg de serveis de Promoci\u00f3 Econ\u00f2mica, aix\u00ed com el disseny del format visual i comunicatiu del cat\u00e0leg, tant en versi\u00f3 digital com impresa.<\/span><\/b><\/p>\n<p><b>Reconeixement : <\/b><span style=\"font-weight: 400;\">Alumnes: Maria Zucconi, Abril Vila, Paula Cuevas.\u00a0<\/span><span style=\"font-weight: 400;\">EMAD Escola Municipal d\u2019Art i Disseny de la Garriga.<\/span><\/p>\n<p><b>Argumentaci\u00f3 de la comissi\u00f3: <\/b><span style=\"font-weight: 400;\"> La proposta ha estat reconeguda perqu\u00e8 compleix amb els criteris de llegibilitat i organitzaci\u00f3 de seccions demanats per Promoci\u00f3 Econ\u00f2mica i per la capacitat d\u2019estructurar la informaci\u00f3 de manera clara i accessible. El format destaca per tenir to proper per\u00f2 professional, que s&#8217;ajusta perfectament al perfil divers dels usuaris del servei (emprenedors, comerciants i persones en atur), \u00e9s clar i facilita que el cat\u00e0leg sigui ent\u00e8s per tots els segments de la poblaci\u00f3. Es valora la proposta com un conjunt cohesionat on l&#8217;element conductor (el personatge) s&#8217;integra dins d&#8217;una maqueta neta i ordenada, permetent que el contingut informatiu sigui el protagonista principal.<\/span><\/p>\n<p><span style=\"font-weight: 400;\">\u00a0\u00a0<\/span><b>Menci\u00f3:<\/b><\/p>\n<ul>\n<li style=\"font-weight: 400;\" aria-level=\"1\"><span style=\"font-weight: 400;\">Volem fer menci\u00f3 a la proposta presentada per l\u2019alumna Elsa Piera, de l\u2019Escola d\u2019Art i Disseny de Rub\u00ed EDRA<\/span><\/li>\n<\/ul>\n<p><strong>Imatges del projecte:<\/strong><\/p>\n<p><a href=\"https:\/\/projectes.xtec.cat\/ere\/wp-content\/uploads\/usu2534\/2026\/05\/3-2.jpg\"><img loading=\"lazy\" decoding=\"async\" class=\"alignleft wp-image-11502 size-full\" src=\"https:\/\/projectes.xtec.cat\/ere\/wp-content\/uploads\/usu2534\/2026\/05\/3-2.jpg\" alt=\"\" width=\"868\" height=\"612\" srcset=\"https:\/\/projectes.xtec.cat\/ere\/wp-content\/uploads\/usu2534\/2026\/05\/3-2.jpg 868w, https:\/\/projectes.xtec.cat\/ere\/wp-content\/uploads\/usu2534\/2026\/05\/3-2-300x212.jpg 300w, https:\/\/projectes.xtec.cat\/ere\/wp-content\/uploads\/usu2534\/2026\/05\/3-2-768x541.jpg 768w\" sizes=\"auto, (max-width: 868px) 100vw, 868px\" \/><\/a> <a href=\"https:\/\/projectes.xtec.cat\/ere\/wp-content\/uploads\/usu2534\/2026\/05\/2-1.jpg\"><img loading=\"lazy\" decoding=\"async\" class=\"alignleft wp-image-11503 size-full\" src=\"https:\/\/projectes.xtec.cat\/ere\/wp-content\/uploads\/usu2534\/2026\/05\/2-1.jpg\" alt=\"\" width=\"868\" height=\"604\" srcset=\"https:\/\/projectes.xtec.cat\/ere\/wp-content\/uploads\/usu2534\/2026\/05\/2-1.jpg 868w, https:\/\/projectes.xtec.cat\/ere\/wp-content\/uploads\/usu2534\/2026\/05\/2-1-300x209.jpg 300w, https:\/\/projectes.xtec.cat\/ere\/wp-content\/uploads\/usu2534\/2026\/05\/2-1-768x534.jpg 768w\" sizes=\"auto, (max-width: 868px) 100vw, 868px\" \/><\/a> <a href=\"https:\/\/projectes.xtec.cat\/ere\/wp-content\/uploads\/usu2534\/2026\/05\/1-3.jpg\"><img loading=\"lazy\" decoding=\"async\" class=\"alignleft wp-image-11504 size-full\" src=\"https:\/\/projectes.xtec.cat\/ere\/wp-content\/uploads\/usu2534\/2026\/05\/1-3.jpg\" alt=\"\" width=\"868\" height=\"586\" srcset=\"https:\/\/projectes.xtec.cat\/ere\/wp-content\/uploads\/usu2534\/2026\/05\/1-3.jpg 868w, https:\/\/projectes.xtec.cat\/ere\/wp-content\/uploads\/usu2534\/2026\/05\/1-3-300x203.jpg 300w, https:\/\/projectes.xtec.cat\/ere\/wp-content\/uploads\/usu2534\/2026\/05\/1-3-768x518.jpg 768w\" sizes=\"auto, (max-width: 868px) 100vw, 868px\" \/><\/a><\/p>\n","protected":false},"excerpt":{"rendered":"<p>Projecte: Disseny d\u2019un personatge, figura o objecte animat o il\u00b7lustrat que actu\u00ef com a fil conductor del cat\u00e0leg de serveis de Promoci\u00f3 Econ\u00f2mica, aix\u00ed com el disseny del format visual i comunicatiu del cat\u00e0leg, tant en versi\u00f3 digital com impresa.<br \/>\nReconeixement : Alumnes: Maria Zucconi, Abril&hellip;  <a href=\"https:\/\/projectes.xtec.cat\/ere\/ajuntament-de-canet-de-mar-2\/\" title=\"Read Ajuntament de Canet de Mar\">Llegeix m\u00e9s\u00bb<\/a><\/p>\n","protected":false},"author":1,"featured_media":0,"parent":0,"menu_order":0,"comment_status":"closed","ping_status":"closed","template":"","meta":{"_bbp_topic_count":0,"_bbp_reply_count":0,"_bbp_total_topic_count":0,"_bbp_total_reply_count":0,"_bbp_voice_count":0,"_bbp_anonymous_reply_count":0,"_bbp_topic_count_hidden":0,"_bbp_reply_count_hidden":0,"_bbp_forum_subforum_count":0,"footnotes":""},"class_list":["post-11501","page","type-page","status-publish","hentry"],"post_mailing_queue_ids":[],"_links":{"self":[{"href":"https:\/\/projectes.xtec.cat\/ere\/wp-json\/wp\/v2\/pages\/11501","targetHints":{"allow":["GET"]}}],"collection":[{"href":"https:\/\/projectes.xtec.cat\/ere\/wp-json\/wp\/v2\/pages"}],"about":[{"href":"https:\/\/projectes.xtec.cat\/ere\/wp-json\/wp\/v2\/types\/page"}],"author":[{"embeddable":true,"href":"https:\/\/projectes.xtec.cat\/ere\/wp-json\/wp\/v2\/users\/1"}],"replies":[{"embeddable":true,"href":"https:\/\/projectes.xtec.cat\/ere\/wp-json\/wp\/v2\/comments?post=11501"}],"version-history":[{"count":1,"href":"https:\/\/projectes.xtec.cat\/ere\/wp-json\/wp\/v2\/pages\/11501\/revisions"}],"predecessor-version":[{"id":11505,"href":"https:\/\/projectes.xtec.cat\/ere\/wp-json\/wp\/v2\/pages\/11501\/revisions\/11505"}],"wp:attachment":[{"href":"https:\/\/projectes.xtec.cat\/ere\/wp-json\/wp\/v2\/media?parent=11501"}],"curies":[{"name":"wp","href":"https:\/\/api.w.org\/{rel}","templated":true}]}}