{"id":11506,"date":"2026-05-13T09:02:24","date_gmt":"2026-05-13T07:02:24","guid":{"rendered":"https:\/\/projectes.xtec.cat\/ere\/?page_id=11506"},"modified":"2026-05-13T09:02:24","modified_gmt":"2026-05-13T07:02:24","slug":"diputacio-de-barcelona","status":"publish","type":"page","link":"https:\/\/projectes.xtec.cat\/ere\/diputacio-de-barcelona\/","title":{"rendered":"Diputaci\u00f3 de Barcelona"},"content":{"rendered":"<p><b>Projecte: <\/b><span style=\"font-weight: 400;\">\u201cViol\u00e8ncia est\u00e8tica:\u00a0 control dels cossos de dones i persones LGTBI+\u201d. <\/span><span style=\"font-weight: 400;\">Una de les l\u00ednies de mandat 2023\u20132027 de l\u2019\u00c0rea de Feminismes i Igualtat de la Diputaci\u00f3 de Barcelona \u00e9s combatre la pressi\u00f3 est\u00e8tica que recau sobre les dones pel sol fet de ser-ho, fruit d\u2019una construcci\u00f3 patriarcal que les ha situat hist\u00f2ricament com a objectes dins la l\u00f2gica del desig, la imatge i el control social.<\/span><\/p>\n<p><b>Reconeixement :<\/b><\/p>\n<p><span style=\"font-weight: 400;\">S\u2019escullen els seg\u00fcents 22 cartells:\u00a0<\/span><\/p>\n<ul>\n<li style=\"font-weight: 400;\" aria-level=\"1\"><span style=\"font-weight: 400;\">EA Arsenal: Carla Mu\u00f1oz, Erik L\u00f3pez, Kioa Siemens (El reflex imposat); Jana Cusin\u00e9 i Lua Esteve (La pressi\u00f3 est\u00e8tica tamb\u00e9 \u00e9s viol\u00e8ncia); (Els anomenats defectes tamb\u00e9 s\u00f3n natura) Ramon, Ra\u00fal y Luc\u00eda -el cartell principal de la campanya i les 4 versions relacionades; Tiziana Barreiro, Emma Costa, Anwar Oubali i Xavier Banchs (Comparar-nos tamb\u00e9 fa mal).<\/span><\/li>\n<li style=\"font-weight: 400;\" aria-level=\"1\"><span style=\"font-weight: 400;\">EA Edra: Adriana Ruiz Salinas (Encaixar per ser acceptada?); Jordi Peir\u00f3 Sim\u00f3n (Soc qui vull ser!); Laia Estadella (Dones o dones objectes); Ivan Forns Alc\u00e1zar (Com em queda no \u00e9s el teu problema); Izan Sanchez Barbero (Les talles de roba s\u00f3n com el Bingo); Aster Ribert Costa<\/span> <span style=\"font-weight: 400;\">(Encaixar amb t\u00fa \u00e9s suficient); Matias F. Siguas Santos (La viol\u00e8ncia est\u00e8tica no \u00e9s un joc); Irene Victoria L\u00f3pez (Paraules que enreden).<\/span><\/li>\n<li style=\"font-weight: 400;\" aria-level=\"1\"><span style=\"font-weight: 400;\">IFP Antoni Alguer\u00f3: Sofia Mu\u00f1oz Ortiz (Men\u00fa del Dia que no hem demanat); Luc\u00eda Aguilar Fern\u00e1ndez (Cossos lliures, iguals i sense pors); Natalia S\u00e1nchez Guti\u00e9rrez (En Marxa juntes i diverses); Ali Sina Ismail Javit (No som el vostre objecte perfecte, som una identitat); Carla Luque Herrero (Ens volem diverses); Daniela Renquifo Sanchez(Ja estic perfecta -cartell 1-); Nahia Santano i Laia S\u00e0nchez (Tot el que les dones portem a sobre); Tania L\u00f3pez i Alina Rakhvalova (ser tu \u00e9s la millor versi\u00f3). <\/span><\/li>\n<\/ul>\n<p><b>Argumentaci\u00f3 de la comissi\u00f3: <span style=\"font-weight: 400;\">S\u2019han escollit els cartells que millor representen una proposta conceptual com a imatge gr\u00e0fica per a sensibilitzar la ciutadania sobre qu\u00e8 \u00e9s la pressi\u00f3 est\u00e8tica i de quina manera afecta al cos de les nenes, i dones. Sense caure en estereotips, amb una proposta gr\u00e0fica harmoniosa, i respectant els principis d\u2019igualtat d\u2019oportunitats i perspectiva de g\u00e8nere i LGTBI+ des del que despleguem pol\u00edtiques feministes a la demarcaci\u00f3 de Barcelona. <\/span><\/b><\/p>\n<p><strong>Imatges del projecte:<\/strong><\/p>\n<p><a href=\"https:\/\/projectes.xtec.cat\/ere\/wp-content\/uploads\/usu2534\/2026\/05\/3-3.jpg\"><img loading=\"lazy\" decoding=\"async\" class=\"alignleft wp-image-11508 size-full\" src=\"https:\/\/projectes.xtec.cat\/ere\/wp-content\/uploads\/usu2534\/2026\/05\/3-3.jpg\" alt=\"\" width=\"304\" height=\"432\" srcset=\"https:\/\/projectes.xtec.cat\/ere\/wp-content\/uploads\/usu2534\/2026\/05\/3-3.jpg 304w, https:\/\/projectes.xtec.cat\/ere\/wp-content\/uploads\/usu2534\/2026\/05\/3-3-211x300.jpg 211w\" sizes=\"auto, (max-width: 304px) 100vw, 304px\" \/><\/a> <a href=\"https:\/\/projectes.xtec.cat\/ere\/wp-content\/uploads\/usu2534\/2026\/05\/2-2.jpg\"><img loading=\"lazy\" decoding=\"async\" class=\"alignleft wp-image-11509 size-full\" src=\"https:\/\/projectes.xtec.cat\/ere\/wp-content\/uploads\/usu2534\/2026\/05\/2-2.jpg\" alt=\"\" width=\"396\" height=\"564\" srcset=\"https:\/\/projectes.xtec.cat\/ere\/wp-content\/uploads\/usu2534\/2026\/05\/2-2.jpg 396w, https:\/\/projectes.xtec.cat\/ere\/wp-content\/uploads\/usu2534\/2026\/05\/2-2-211x300.jpg 211w\" sizes=\"auto, (max-width: 396px) 100vw, 396px\" \/><\/a> <a href=\"https:\/\/projectes.xtec.cat\/ere\/wp-content\/uploads\/usu2534\/2026\/05\/1-4.jpg\"><img loading=\"lazy\" decoding=\"async\" class=\"alignleft wp-image-11510 size-full\" src=\"https:\/\/projectes.xtec.cat\/ere\/wp-content\/uploads\/usu2534\/2026\/05\/1-4.jpg\" alt=\"\" width=\"387\" height=\"540\" srcset=\"https:\/\/projectes.xtec.cat\/ere\/wp-content\/uploads\/usu2534\/2026\/05\/1-4.jpg 387w, https:\/\/projectes.xtec.cat\/ere\/wp-content\/uploads\/usu2534\/2026\/05\/1-4-215x300.jpg 215w\" sizes=\"auto, (max-width: 387px) 100vw, 387px\" \/><\/a><\/p>\n","protected":false},"excerpt":{"rendered":"<p>Projecte: \u201cViol\u00e8ncia est\u00e8tica:\u00a0 control dels cossos de dones i persones LGTBI+\u201d. Una de les l\u00ednies de mandat 2023\u20132027 de l\u2019\u00c0rea de Feminismes i Igualtat de la Diputaci\u00f3 de Barcelona \u00e9s combatre la pressi\u00f3 est\u00e8tica que recau sobre les dones pel sol fet de ser-ho, fruit&hellip;  <a href=\"https:\/\/projectes.xtec.cat\/ere\/diputacio-de-barcelona\/\" title=\"Read Diputaci\u00f3 de Barcelona\">Llegeix m\u00e9s\u00bb<\/a><\/p>\n","protected":false},"author":1,"featured_media":0,"parent":0,"menu_order":0,"comment_status":"closed","ping_status":"closed","template":"","meta":{"_bbp_topic_count":0,"_bbp_reply_count":0,"_bbp_total_topic_count":0,"_bbp_total_reply_count":0,"_bbp_voice_count":0,"_bbp_anonymous_reply_count":0,"_bbp_topic_count_hidden":0,"_bbp_reply_count_hidden":0,"_bbp_forum_subforum_count":0,"footnotes":""},"class_list":["post-11506","page","type-page","status-publish","hentry"],"post_mailing_queue_ids":[],"_links":{"self":[{"href":"https:\/\/projectes.xtec.cat\/ere\/wp-json\/wp\/v2\/pages\/11506","targetHints":{"allow":["GET"]}}],"collection":[{"href":"https:\/\/projectes.xtec.cat\/ere\/wp-json\/wp\/v2\/pages"}],"about":[{"href":"https:\/\/projectes.xtec.cat\/ere\/wp-json\/wp\/v2\/types\/page"}],"author":[{"embeddable":true,"href":"https:\/\/projectes.xtec.cat\/ere\/wp-json\/wp\/v2\/users\/1"}],"replies":[{"embeddable":true,"href":"https:\/\/projectes.xtec.cat\/ere\/wp-json\/wp\/v2\/comments?post=11506"}],"version-history":[{"count":1,"href":"https:\/\/projectes.xtec.cat\/ere\/wp-json\/wp\/v2\/pages\/11506\/revisions"}],"predecessor-version":[{"id":11511,"href":"https:\/\/projectes.xtec.cat\/ere\/wp-json\/wp\/v2\/pages\/11506\/revisions\/11511"}],"wp:attachment":[{"href":"https:\/\/projectes.xtec.cat\/ere\/wp-json\/wp\/v2\/media?parent=11506"}],"curies":[{"name":"wp","href":"https:\/\/api.w.org\/{rel}","templated":true}]}}