{"id":11514,"date":"2026-05-13T09:00:45","date_gmt":"2026-05-13T07:00:45","guid":{"rendered":"https:\/\/projectes.xtec.cat\/ere\/?page_id=11514"},"modified":"2026-05-13T14:52:06","modified_gmt":"2026-05-13T12:52:06","slug":"teatre-nacional-de-catalunya","status":"publish","type":"page","link":"https:\/\/projectes.xtec.cat\/ere\/teatre-nacional-de-catalunya\/","title":{"rendered":"Teatre Nacional de Catalunya"},"content":{"rendered":"<p><b>Projecte: <i><span style=\"font-weight: 400;\">Disseny del vest\u00edbul de la Sala Tallers per fer-lo accessible per a persones amb necessitats especials i adequat per a les funcions relaxades que ofereix el Teatre Nacional de Catalunya.<\/span><\/i><\/b><\/p>\n<p><b>Reconeixement : <i><\/i><\/b><i><span style=\"font-weight: 400;\">Tania Albiol, David Bibian, Ainara Bonilla, Sara Buendia, Olexandra Droboshevska i Pablo Esp\u00eas de l\u2019ESCOLA SUPERIOR DE DISSENY LCI BARCELONA amb el projecte: Sala tranquil\u00b7la<\/span><\/i><\/p>\n<p><b>Argumentaci\u00f3 de la comissi\u00f3:\u00a0 <i><\/i><\/b><i><span style=\"font-weight: 400;\">Valorem el grau de detall de la proposta i la feina de recerca per comprendre les necessitats de les persones usu\u00e0ries de l\u2019espai relaxat i les funcions accessibles.\u00a0<\/span><\/i><i><span style=\"font-weight: 400;\">Pensem que \u00e9s una proposta est\u00e8ticament molt coherent, atractiva i agradable. Destaquem la bona elecci\u00f3 dels materials, colors i estil.<\/span><\/i><i><span style=\"font-weight: 400;\">El projecte ha tingut en compte una remodelaci\u00f3 global de tot l\u2019espai, amb la intenci\u00f3 de millorar l\u2019experi\u00e8ncia de tots els espectadors.<\/span><\/i><\/p>\n<p><span style=\"font-weight: 400;\">\u00a0\u00a0<\/span><b>Menci\u00f3:<\/b><\/p>\n<ul>\n<li style=\"font-weight: 400;\" aria-level=\"1\"><i><span style=\"font-weight: 400;\">Chiara B., Pablo Q., Paula C., Luciana M., Victoria A., Anabel Y., Safa M., Joana S., i Chantal C., de l\u2019ESCOLA D\u2019ART I DISSENY DE REUS amb el projecte: Fil interior.<\/span><\/i><\/li>\n<\/ul>\n<p><strong>Imatges del projecte:<\/strong><\/p>\n<p><a href=\"https:\/\/projectes.xtec.cat\/ere\/wp-content\/uploads\/usu2534\/2026\/05\/3-4.jpg\"><img loading=\"lazy\" decoding=\"async\" class=\"alignleft wp-image-11515 size-full\" src=\"https:\/\/projectes.xtec.cat\/ere\/wp-content\/uploads\/usu2534\/2026\/05\/3-4.jpg\" alt=\"\" width=\"556\" height=\"295\" srcset=\"https:\/\/projectes.xtec.cat\/ere\/wp-content\/uploads\/usu2534\/2026\/05\/3-4.jpg 556w, https:\/\/projectes.xtec.cat\/ere\/wp-content\/uploads\/usu2534\/2026\/05\/3-4-300x159.jpg 300w\" sizes=\"auto, (max-width: 556px) 100vw, 556px\" \/><\/a> <a href=\"https:\/\/projectes.xtec.cat\/ere\/wp-content\/uploads\/usu2534\/2026\/05\/2-3.jpg\"><img loading=\"lazy\" decoding=\"async\" class=\"alignleft wp-image-11516 size-full\" src=\"https:\/\/projectes.xtec.cat\/ere\/wp-content\/uploads\/usu2534\/2026\/05\/2-3.jpg\" alt=\"\" width=\"475\" height=\"334\" srcset=\"https:\/\/projectes.xtec.cat\/ere\/wp-content\/uploads\/usu2534\/2026\/05\/2-3.jpg 475w, https:\/\/projectes.xtec.cat\/ere\/wp-content\/uploads\/usu2534\/2026\/05\/2-3-300x211.jpg 300w\" sizes=\"auto, (max-width: 475px) 100vw, 475px\" \/><\/a> <a href=\"https:\/\/projectes.xtec.cat\/ere\/wp-content\/uploads\/usu2534\/2026\/05\/1-5.jpg\"><img loading=\"lazy\" decoding=\"async\" class=\"alignleft wp-image-11517 size-full\" src=\"https:\/\/projectes.xtec.cat\/ere\/wp-content\/uploads\/usu2534\/2026\/05\/1-5.jpg\" alt=\"\" width=\"477\" height=\"327\" srcset=\"https:\/\/projectes.xtec.cat\/ere\/wp-content\/uploads\/usu2534\/2026\/05\/1-5.jpg 477w, https:\/\/projectes.xtec.cat\/ere\/wp-content\/uploads\/usu2534\/2026\/05\/1-5-300x206.jpg 300w\" sizes=\"auto, (max-width: 477px) 100vw, 477px\" \/><\/a><\/p>\n","protected":false},"excerpt":{"rendered":"<p>Projecte: Disseny del vest\u00edbul de la Sala Tallers per fer-lo accessible per a persones amb necessitats especials i adequat per a les funcions relaxades que ofereix el Teatre Nacional de Catalunya.<br \/>\nReconeixement : Tania Albiol, David Bibian, Ainara Bonilla, Sara Buendia, Olexandra Droboshevska i Pablo Esp\u00eas&hellip;  <a href=\"https:\/\/projectes.xtec.cat\/ere\/teatre-nacional-de-catalunya\/\" title=\"Read Teatre Nacional de Catalunya\">Llegeix m\u00e9s\u00bb<\/a><\/p>\n","protected":false},"author":1,"featured_media":0,"parent":0,"menu_order":0,"comment_status":"closed","ping_status":"closed","template":"","meta":{"_bbp_topic_count":0,"_bbp_reply_count":0,"_bbp_total_topic_count":0,"_bbp_total_reply_count":0,"_bbp_voice_count":0,"_bbp_anonymous_reply_count":0,"_bbp_topic_count_hidden":0,"_bbp_reply_count_hidden":0,"_bbp_forum_subforum_count":0,"footnotes":""},"class_list":["post-11514","page","type-page","status-publish","hentry"],"post_mailing_queue_ids":[],"_links":{"self":[{"href":"https:\/\/projectes.xtec.cat\/ere\/wp-json\/wp\/v2\/pages\/11514","targetHints":{"allow":["GET"]}}],"collection":[{"href":"https:\/\/projectes.xtec.cat\/ere\/wp-json\/wp\/v2\/pages"}],"about":[{"href":"https:\/\/projectes.xtec.cat\/ere\/wp-json\/wp\/v2\/types\/page"}],"author":[{"embeddable":true,"href":"https:\/\/projectes.xtec.cat\/ere\/wp-json\/wp\/v2\/users\/1"}],"replies":[{"embeddable":true,"href":"https:\/\/projectes.xtec.cat\/ere\/wp-json\/wp\/v2\/comments?post=11514"}],"version-history":[{"count":2,"href":"https:\/\/projectes.xtec.cat\/ere\/wp-json\/wp\/v2\/pages\/11514\/revisions"}],"predecessor-version":[{"id":11532,"href":"https:\/\/projectes.xtec.cat\/ere\/wp-json\/wp\/v2\/pages\/11514\/revisions\/11532"}],"wp:attachment":[{"href":"https:\/\/projectes.xtec.cat\/ere\/wp-json\/wp\/v2\/media?parent=11514"}],"curies":[{"name":"wp","href":"https:\/\/api.w.org\/{rel}","templated":true}]}}