{"id":8278,"date":"2021-08-16T08:46:53","date_gmt":"2021-08-16T06:46:53","guid":{"rendered":"https:\/\/projectes.xtec.cat\/ere\/?page_id=8278"},"modified":"2024-04-09T12:20:15","modified_gmt":"2024-04-09T10:20:15","slug":"proves-dacces-esportius","status":"publish","type":"page","link":"https:\/\/projectes.xtec.cat\/ere\/proves-dacces-esportius\/","title":{"rendered":"Proves d&#8217;acc\u00e9s esportius"},"content":{"rendered":"<p><a href=\"https:\/\/projectes.xtec.cat\/ere\/proves-generals-ensenyaments-esportius\/\" target=\"_blank\" rel=\"noopener\">Proves generals<\/a><\/p>\n<p><a href=\"https:\/\/projectes.xtec.cat\/ere\/proves-especifiques-ensenyaments-esportius\/\" target=\"_blank\" rel=\"noopener\">Proves espec\u00edfiques<\/a><\/p>\n<p><a href=\"\/\/portaldogc.gencat.cat\/utilsEADOP\/PDF\/8721\/1921818.pdf\" target=\"_blank\" rel=\"noopener\">Resoluci\u00f3 convocat\u00f2ria proves espec\u00edfiques 2022-2023<\/a><\/p>\n<p><a href=\"https:\/\/projectes.xtec.cat\/ere\/?page_id=9885&amp;preview=true\" target=\"_blank\" rel=\"noopener\">Proves generals i espec\u00edfiques Val d&#8217;Aran<\/a><\/p>\n","protected":false},"excerpt":{"rendered":"<p><a href=\"https:\/\/projectes.xtec.cat\/ere\/proves-generals-ensenyaments-esportius\/\" target=\"_blank\" rel=\"noopener\">Proves generals<\/a><br \/>\n<a href=\"https:\/\/projectes.xtec.cat\/ere\/proves-especifiques-ensenyaments-esportius\/\" target=\"_blank\" rel=\"noopener\">Proves espec\u00edfiques<\/a><br \/>\n<a href=\"\/\/portaldogc.gencat.cat\/utilsEADOP\/PDF\/8721\/1921818.pdf\" target=\"_blank\" rel=\"noopener\">Resoluci\u00f3 convocat\u00f2ria proves espec\u00edfiques 2022-2023<\/a><br \/>\n<a href=\"https:\/\/projectes.xtec.cat\/ere\/?page_id=9885&amp;preview=true\" target=\"_blank\" rel=\"noopener\">Proves generals i espec\u00edfiques Val d&#8217;Aran<\/a><\/p>\n","protected":false},"author":1,"featured_media":0,"parent":0,"menu_order":0,"comment_status":"closed","ping_status":"closed","template":"","meta":{"_bbp_topic_count":0,"_bbp_reply_count":0,"_bbp_total_topic_count":0,"_bbp_total_reply_count":0,"_bbp_voice_count":0,"_bbp_anonymous_reply_count":0,"_bbp_topic_count_hidden":0,"_bbp_reply_count_hidden":0,"_bbp_forum_subforum_count":0,"footnotes":""},"class_list":["post-8278","page","type-page","status-publish","hentry"],"post_mailing_queue_ids":[],"_links":{"self":[{"href":"https:\/\/projectes.xtec.cat\/ere\/wp-json\/wp\/v2\/pages\/8278","targetHints":{"allow":["GET"]}}],"collection":[{"href":"https:\/\/projectes.xtec.cat\/ere\/wp-json\/wp\/v2\/pages"}],"about":[{"href":"https:\/\/projectes.xtec.cat\/ere\/wp-json\/wp\/v2\/types\/page"}],"author":[{"embeddable":true,"href":"https:\/\/projectes.xtec.cat\/ere\/wp-json\/wp\/v2\/users\/1"}],"replies":[{"embeddable":true,"href":"https:\/\/projectes.xtec.cat\/ere\/wp-json\/wp\/v2\/comments?post=8278"}],"version-history":[{"count":6,"href":"https:\/\/projectes.xtec.cat\/ere\/wp-json\/wp\/v2\/pages\/8278\/revisions"}],"predecessor-version":[{"id":9893,"href":"https:\/\/projectes.xtec.cat\/ere\/wp-json\/wp\/v2\/pages\/8278\/revisions\/9893"}],"wp:attachment":[{"href":"https:\/\/projectes.xtec.cat\/ere\/wp-json\/wp\/v2\/media?parent=8278"}],"curies":[{"name":"wp","href":"https:\/\/api.w.org\/{rel}","templated":true}]}}