{"id":8286,"date":"2021-08-16T10:21:16","date_gmt":"2021-08-16T08:21:16","guid":{"rendered":"https:\/\/projectes.xtec.cat\/ere\/?page_id=8286"},"modified":"2025-06-10T10:15:51","modified_gmt":"2025-06-10T08:15:51","slug":"preinscripcio-i-matricula","status":"publish","type":"page","link":"https:\/\/projectes.xtec.cat\/ere\/preinscripcio-i-matricula\/","title":{"rendered":"Preinscripci\u00f3 i matr\u00edcula"},"content":{"rendered":"<p><a href=\"https:\/\/dogc.gencat.cat\/ca\/document-del-dogc\/?documentId=1009132\" target=\"_blank\" rel=\"noopener\">Resoluci\u00f3 EDF\/889\/2025, de 12 de mar\u00e7, per la qual es determinen el calendari i les condicions de la preinscripci\u00f3 i matr\u00edcula, per al curs 2025-2026, al curs de formaci\u00f3 preparatori per a l&#8217;acc\u00e9s a cicles formatius de grau mitj\u00e0, al curs de formaci\u00f3 preparatori per a l&#8217;acc\u00e9s a cicles formatius de grau superior, als itineraris formatius espec\u00edfics, als cicles formatius de formaci\u00f3 professional de grau b\u00e0sic, als cicles formatius de formaci\u00f3 professional de grau mitj\u00e0, als cicles formatius de formaci\u00f3 professional de grau superior, als cursos d&#8217;especialitzaci\u00f3 de formaci\u00f3 professional, als cicles formatius d&#8217;arts pl\u00e0stiques i disseny de grau mitj\u00e0 i de grau superior, als ensenyaments esportius, als programes de formaci\u00f3 i inserci\u00f3, als ensenyaments d&#8217;arts esc\u00e8niques i als ensenyaments impartits en centres i aules de formaci\u00f3 d&#8217;adults.<\/a><\/p>\n<p><strong>Primer per\u00edode:<\/strong><\/p>\n<p>Abans del 3 d\u2019abril de 2023: calendari<\/p>\n<p>Els centres fan p\u00fablic el calendari del proc\u00e9s de preinscripci\u00f3.<\/p>\n<p>Del 12 al 18 d\u2019abril i del 9 al 15 de maig de 2023: presentaci\u00f3 de sol\u00b7licituds<\/p>\n<p>\u00c9s molt important respectar les dates, perqu\u00e8 les sol\u00b7licituds que es presentin fora d\u2019aquest termini perdran totes les prioritats que haurien pogut tenir a l\u2019hora d\u2019obtenir la pla\u00e7a. Els criteris de prioritat serveixen per donar una puntuaci\u00f3 a cada sol\u00b7licitud. D\u2019aquesta manera s\u2019estableix l\u2019ordre d\u2019acc\u00e9s a les places de cada centre. Cal presentar la sol\u00b7licitud i adjuntar-hi la documentaci\u00f3 d\u2019identificaci\u00f3 o de criteris que correspongui.<\/p>\n<p>Abans del 4 de setembre de 2023: finalitzaci\u00f3<\/p>\n<p>La preinscripci\u00f3 durant aquest per\u00edode t\u00e9 una data l\u00edmit abans de la qual s\u2019ha d\u2019haver completat tot el proc\u00e9s.<\/p>\n<p><strong>Segon per\u00edode:<\/strong><\/p>\n<p>Abans del 4 de setembre de 2023: calendari<\/p>\n<p>Els centres fan p\u00fablic el calendari del proc\u00e9s de preinscripci\u00f3 i matriculaci\u00f3. El proc\u00e9s no es pot iniciar abans d\u2019aquest dia i inclou un per\u00edode de presentaci\u00f3 de sol\u00b7licituds de preinscripci\u00f3 d\u2019un m\u00ednim de 15 dies.<\/p>\n<p>Abans del 20 d\u2019octubre de 2023: finalitzaci\u00f3<\/p>\n<p>La preinscripci\u00f3 durant aquest per\u00edode t\u00e9 una data l\u00edmit abans de la qual s\u2019ha d\u2019haver completat tot el proc\u00e9s.<\/p>\n<p><strong>Tercer per\u00edode:<\/strong><\/p>\n<p>Abans del 7 de desembre de 2023: calendari<\/p>\n<p>Els centres fan p\u00fablic el calendari del proc\u00e9s de preinscripci\u00f3 i matriculaci\u00f3. El proc\u00e9s no es pot iniciar abans d\u2019aquest dia i inclou un per\u00edode de presentaci\u00f3 de sol\u00b7licituds de preinscripci\u00f3 d\u2019un m\u00ednim de 15 dies.<\/p>\n<p>Abans del 16 de febrer de 2024: finalitzaci\u00f3<\/p>\n<p>La preinscripci\u00f3 durant aquest per\u00edode t\u00e9 una data l\u00edmit abans de la qual s\u2019ha d\u2019haver completat tot el proc\u00e9s.<\/p>\n<p><strong>Quart per\u00edode:<\/strong><\/p>\n<p>Abans del 23 de febrer de 2024: calendari<\/p>\n<p>Els centres fan p\u00fablic el calendari del proc\u00e9s de preinscripci\u00f3 i matriculaci\u00f3. El proc\u00e9s no es pot iniciar abans d\u2019aquest dia i inclou un per\u00edode de presentaci\u00f3 de sol\u00b7licituds de preinscripci\u00f3 d\u2019un m\u00ednim de 15 dies.<\/p>\n<p>Abans del 16 d\u2019abril de 2024: finalitzaci\u00f3<\/p>\n<p>La preinscripci\u00f3 durant aquest per\u00edode t\u00e9 una data l\u00edmit abans de la qual s\u2019ha d\u2019haver completat tot el proc\u00e9s.<\/p>\n","protected":false},"excerpt":{"rendered":"<p><a href=\"https:\/\/dogc.gencat.cat\/ca\/document-del-dogc\/?documentId=1009132\" target=\"_blank\" rel=\"noopener\">Resoluci\u00f3 EDF\/889\/2025, de 12 de mar\u00e7, per la qual es determinen el calendari i les condicions de la preinscripci\u00f3 i matr\u00edcula, per al curs 2025-2026, al curs de formaci\u00f3 preparatori per a l&#8217;acc\u00e9s a cicles formatius de grau mitj\u00e0, al curs de&hellip;  <a href=\"https:\/\/projectes.xtec.cat\/ere\/preinscripcio-i-matricula\/\" title=\"Read Preinscripci\u00f3 i matr\u00edcula\">Llegeix m\u00e9s\u00bb<\/a><\/p>\n","protected":false},"author":1,"featured_media":0,"parent":0,"menu_order":0,"comment_status":"closed","ping_status":"closed","template":"","meta":{"_bbp_topic_count":0,"_bbp_reply_count":0,"_bbp_total_topic_count":0,"_bbp_total_reply_count":0,"_bbp_voice_count":0,"_bbp_anonymous_reply_count":0,"_bbp_topic_count_hidden":0,"_bbp_reply_count_hidden":0,"_bbp_forum_subforum_count":0,"footnotes":""},"class_list":["post-8286","page","type-page","status-publish","hentry"],"post_mailing_queue_ids":[],"_links":{"self":[{"href":"https:\/\/projectes.xtec.cat\/ere\/wp-json\/wp\/v2\/pages\/8286","targetHints":{"allow":["GET"]}}],"collection":[{"href":"https:\/\/projectes.xtec.cat\/ere\/wp-json\/wp\/v2\/pages"}],"about":[{"href":"https:\/\/projectes.xtec.cat\/ere\/wp-json\/wp\/v2\/types\/page"}],"author":[{"embeddable":true,"href":"https:\/\/projectes.xtec.cat\/ere\/wp-json\/wp\/v2\/users\/1"}],"replies":[{"embeddable":true,"href":"https:\/\/projectes.xtec.cat\/ere\/wp-json\/wp\/v2\/comments?post=8286"}],"version-history":[{"count":4,"href":"https:\/\/projectes.xtec.cat\/ere\/wp-json\/wp\/v2\/pages\/8286\/revisions"}],"predecessor-version":[{"id":10947,"href":"https:\/\/projectes.xtec.cat\/ere\/wp-json\/wp\/v2\/pages\/8286\/revisions\/10947"}],"wp:attachment":[{"href":"https:\/\/projectes.xtec.cat\/ere\/wp-json\/wp\/v2\/media?parent=8286"}],"curies":[{"name":"wp","href":"https:\/\/api.w.org\/{rel}","templated":true}]}}