{"id":8304,"date":"2021-08-16T10:23:07","date_gmt":"2021-08-16T08:23:07","guid":{"rendered":"https:\/\/projectes.xtec.cat\/ere\/?page_id=8304"},"modified":"2025-03-12T11:08:41","modified_gmt":"2025-03-12T10:08:41","slug":"enllacos-dinteres","status":"publish","type":"page","link":"https:\/\/projectes.xtec.cat\/ere\/enllacos-dinteres\/","title":{"rendered":"Enlla\u00e7os d&#8217;inter\u00e8s d&#8217;Ensenyaments Esportius"},"content":{"rendered":"<p><a href=\"https:\/\/triaeducativa.gencat.cat\/ca\/artistics-esportius\/esportius\/\" target=\"_blank\" rel=\"noopener\">Tria educativa Ensenyaments esportius<\/a><\/p>\n<p><a href=\"http:\/\/xtec.gencat.cat\/ca\/curriculum\/professionals\/curriculum_ense_prof_esport\/\" target=\"_blank\" rel=\"noopener\">XTEC Ensenyaments esportius<\/a><\/p>\n<p><a href=\"http:\/\/xtec.gencat.cat\/ca\/curriculum\/professionals\/curriculum_ense_prof_esport\/curriculum_ense_prof_esport_proves\/\" target=\"_blank\" rel=\"noopener\">Proves d&#8217;acc\u00e9s als ensenyaments esportius<\/a><\/p>\n<p><a href=\"https:\/\/www.csd.gob.es\/es\/csd\/ensenanzas\" target=\"_blank\" rel=\"noopener\">Ministerio de Educaci\u00f3n, Formaci\u00f3n Profesional y Deporte: ense\u00f1anzas deportivas<\/a><\/p>\n<p><a href=\"https:\/\/esport.gencat.cat\/ca\/inici\/\" target=\"_blank\" rel=\"noopener\">Secretaria General de l&#8217;Esport<\/a><\/p>\n<p><a href=\"https:\/\/sede.csd.gob.es\/oficinavirtual\/FichaTramite.aspx?idProcedimiento=104&amp;botonSeleccionado=0#VerDatosTramite\" target=\"_blank\" rel=\"noopener\">Convalidaci\u00f3n o correspondencia formativa con las Ense\u00f1anzas Deportivas de R\u00e9gimen Especial<\/a><\/p>\n<p><a href=\"https:\/\/educacio.gencat.cat\/ca\/tramits\/tramits-temes\/247-beques-ministerio-postobligatoris\" target=\"_blank\" rel=\"noopener\">Beques<\/a><\/p>\n<p><strong>Federacions esportives catalanes<\/strong><\/p>\n<table style=\"height: 786px; width: 100%; border-collapse: collapse;\">\n<tbody>\n<tr style=\"height: 30px;\">\n<td style=\"width: 50%; height: 30px;\"><strong>Federaci\u00f3<\/strong><\/td>\n<td style=\"width: 50%; height: 30px;\"><strong>Web<\/strong><\/td>\n<\/tr>\n<tr style=\"height: 54px;\">\n<td style=\"width: 50%; height: 54px;\" width=\"347\">Federaci\u00f3 Catalana d&#8217;Atletisme<\/td>\n<td style=\"width: 50%; height: 54px;\" width=\"213\"><u><a href=\"http:\/\/www.fcatletisme.cat\/\" target=\"_blank\" rel=\"noopener\" data-saferedirecturl=\"https:\/\/www.google.com\/url?q=http:\/\/www.fcatletisme.cat\/&amp;source=gmail&amp;ust=1632820943849000&amp;usg=AFQjCNGP_Ly6MX6NDQD7RrjcBMsJKa56Ag\">www.fcatletisme.cat<\/a><\/u><\/td>\n<\/tr>\n<tr style=\"height: 54px;\">\n<td style=\"width: 50%; height: 54px;\" width=\"347\">Federaci\u00f3 Catalana de Basquetbol<\/td>\n<td style=\"width: 50%; height: 54px;\" width=\"213\"><u><a href=\"http:\/\/www.basquetcatala.cat\/\" target=\"_blank\" rel=\"noopener\" data-saferedirecturl=\"https:\/\/www.google.com\/url?q=http:\/\/www.basquetcatala.cat\/&amp;source=gmail&amp;ust=1632820943849000&amp;usg=AFQjCNGF2QCzsCnWDgrxt4ycwHmA7x_4eg\">www.basquetcatala.cat<\/a><\/u><\/td>\n<\/tr>\n<tr style=\"height: 54px;\">\n<td style=\"width: 50%; height: 54px;\" width=\"347\">Federaci\u00f3 Catalana d&#8217;Activitats Subaqu\u00e0tiques<\/td>\n<td style=\"width: 50%; height: 54px;\" width=\"213\"><u><a href=\"http:\/\/www.fecdas.cat\/\" target=\"_blank\" rel=\"noopener\" data-saferedirecturl=\"https:\/\/www.google.com\/url?q=http:\/\/www.fecdas.cat\/&amp;source=gmail&amp;ust=1632820943850000&amp;usg=AFQjCNGzuu3F7ccsrJ2QxEuaKoKzchXmxQ\">www.fecdas.cat<\/a><\/u><\/td>\n<\/tr>\n<tr style=\"height: 54px;\">\n<td style=\"width: 50%; height: 54px;\" width=\"347\">Federaci\u00f3 Catalana d&#8217;Esgrima<\/td>\n<td style=\"width: 50%; height: 54px;\" width=\"213\"><u><a href=\"http:\/\/www.esgrima.cat\/\" target=\"_blank\" rel=\"noopener\" data-saferedirecturl=\"https:\/\/www.google.com\/url?q=http:\/\/www.esgrima.cat\/&amp;source=gmail&amp;ust=1632820943850000&amp;usg=AFQjCNE7AVsNeorgIhFUWqaefDBXUp9oEg\">www.esgrima.cat<\/a><\/u><\/td>\n<\/tr>\n<tr style=\"height: 54px;\">\n<td style=\"width: 50%; height: 54px;\" width=\"347\">Federaci\u00f3 Catalana d&#8217;Espeleologia<\/td>\n<td style=\"width: 50%; height: 54px;\" width=\"213\"><u><a href=\"http:\/\/www.espeleologia.cat\/\" target=\"_blank\" rel=\"noopener\" data-saferedirecturl=\"https:\/\/www.google.com\/url?q=http:\/\/www.espeleologia.cat\/&amp;source=gmail&amp;ust=1632820943850000&amp;usg=AFQjCNE2l4b7fXUHWY2TD0ChflzsmAoVeg\">www.espeleologia.cat<\/a><\/u><\/td>\n<\/tr>\n<tr style=\"height: 54px;\">\n<td style=\"width: 50%; height: 54px;\" width=\"347\">Federaci\u00f3 Catalana d&#8217;Esports d&#8217;Hivern<\/td>\n<td style=\"width: 50%; height: 54px;\" width=\"213\"><u><a href=\"http:\/\/www.fceh.cat\/\" target=\"_blank\" rel=\"noopener\" data-saferedirecturl=\"https:\/\/www.google.com\/url?q=http:\/\/www.fceh.cat\/&amp;source=gmail&amp;ust=1632820943850000&amp;usg=AFQjCNG2l8ittuKmC54APpd13U2v-9Z40w\">www.fceh.cat<\/a><\/u><\/td>\n<\/tr>\n<tr style=\"height: 54px;\">\n<td style=\"width: 50%; height: 54px;\" width=\"347\">Federaci\u00f3 d&#8217;Entitats Excursionistes de Catalunya &#8211; ECAM<\/td>\n<td style=\"width: 50%; height: 54px;\" width=\"213\"><u><a href=\"http:\/\/www.feec.cat\/\" target=\"_blank\" rel=\"noopener\" data-saferedirecturl=\"https:\/\/www.google.com\/url?q=http:\/\/www.feec.cat\/&amp;source=gmail&amp;ust=1632820943850000&amp;usg=AFQjCNEN8ptmjePbeKk-dR-hpc7n0853Ig\">www.feec.cat<\/a><\/u><\/td>\n<\/tr>\n<tr style=\"height: 54px;\">\n<td style=\"width: 50%; height: 54px;\" width=\"347\">Federaci\u00f3 Catalana de Futbol i Futbol Sala<\/td>\n<td style=\"width: 50%; height: 54px;\" width=\"213\"><u><a href=\"http:\/\/www.fcf.cat\/\" target=\"_blank\" rel=\"noopener\" data-saferedirecturl=\"https:\/\/www.google.com\/url?q=http:\/\/www.fcf.cat\/&amp;source=gmail&amp;ust=1632820943850000&amp;usg=AFQjCNFtj9eBQSW7HHjpPmMymi5JYW84kg\">www.fcf.cat<\/a><\/u><\/td>\n<\/tr>\n<tr style=\"height: 54px;\">\n<td style=\"width: 50%; height: 54px;\" width=\"347\">Federaci\u00f3 Catalana d&#8217;Hanbol<\/td>\n<td style=\"width: 50%; height: 54px;\" width=\"213\"><u><a href=\"http:\/\/www.fchandbol.cat\/\" target=\"_blank\" rel=\"noopener\" data-saferedirecturl=\"https:\/\/www.google.com\/url?q=http:\/\/www.fchandbol.cat\/&amp;source=gmail&amp;ust=1632820943850000&amp;usg=AFQjCNGqda-GxRhFfFEctCVnPEB99ieDLg\">www.fchandbol.cat<\/a><\/u><\/td>\n<\/tr>\n<tr style=\"height: 54px;\">\n<td style=\"width: 50%; height: 54px;\" width=\"347\">Federaci\u00f3 Catalana d&#8217;H\u00edpica<\/td>\n<td style=\"width: 50%; height: 54px;\" width=\"213\"><u><a href=\"http:\/\/www.fchipica.cat\/\" target=\"_blank\" rel=\"noopener\" data-saferedirecturl=\"https:\/\/www.google.com\/url?q=http:\/\/www.fchipica.cat\/&amp;source=gmail&amp;ust=1632820943850000&amp;usg=AFQjCNEpK2NnTIulTlQDCaEmGhfHTNWZxQ\">www.fchipica.cat<\/a><\/u><\/td>\n<\/tr>\n<tr style=\"height: 54px;\">\n<td style=\"width: 50%; height: 54px;\" width=\"347\">Federaci\u00f3 Catalana de Judo i Esports Associats<\/td>\n<td style=\"width: 50%; height: 54px;\" width=\"213\"><u><a href=\"http:\/\/www.fedecatjudo.cat\/\" target=\"_blank\" rel=\"noopener\" data-saferedirecturl=\"https:\/\/www.google.com\/url?q=http:\/\/www.fedecatjudo.cat\/&amp;source=gmail&amp;ust=1632820943850000&amp;usg=AFQjCNFQe3e4zmHgJKvCOH6rjeQjzmf5lA\">www.fedecatjudo.cat<\/a><\/u><\/td>\n<\/tr>\n<tr style=\"height: 54px;\">\n<td style=\"width: 50%; height: 54px;\" width=\"347\">Federaci\u00f3 Catalana de Pirag\u00fcisme<\/td>\n<td style=\"width: 50%; height: 54px;\" width=\"213\"><u><a href=\"http:\/\/www.fcpiraguisme.com\/\" target=\"_blank\" rel=\"noopener\" data-saferedirecturl=\"https:\/\/www.google.com\/url?q=http:\/\/www.fcpiraguisme.com\/&amp;source=gmail&amp;ust=1632820943850000&amp;usg=AFQjCNH-JeId9LZAtJtGctjSMaNW0n0udA\">www.fcpiraguisme.com<\/a><\/u><\/td>\n<\/tr>\n<tr style=\"height: 54px;\">\n<td style=\"width: 50%; height: 54px;\" width=\"347\">Federaci\u00f3 Catalana de Salvament i Socorrisme<\/td>\n<td style=\"width: 50%; height: 54px;\" width=\"213\"><u><a href=\"http:\/\/www.salvament.org\/\" target=\"_blank\" rel=\"noopener\" data-saferedirecturl=\"https:\/\/www.google.com\/url?q=http:\/\/www.salvament.org\/&amp;source=gmail&amp;ust=1632820943850000&amp;usg=AFQjCNHiQAlQH5IGgmLdV-_njWbNa-Zvqw\">www.salvament.org<\/a><\/u><\/td>\n<\/tr>\n<tr style=\"height: 54px;\">\n<td style=\"width: 50%; height: 54px;\" width=\"347\">Federaci\u00f3 Catalana de Vela<\/td>\n<td style=\"width: 50%; height: 54px;\" width=\"213\"><u><a href=\"http:\/\/www.fcv.cat\/\" target=\"_blank\" rel=\"noopener\" data-saferedirecturl=\"https:\/\/www.google.com\/url?q=http:\/\/www.fcv.cat\/&amp;source=gmail&amp;ust=1632820943850000&amp;usg=AFQjCNHPVIt5BgCq3wCjnS9nD6L_hz1j6A\">www.fcv.cat<\/a><\/u><\/td>\n<\/tr>\n<\/tbody>\n<\/table>\n","protected":false},"excerpt":{"rendered":"<p><a href=\"https:\/\/triaeducativa.gencat.cat\/ca\/artistics-esportius\/esportius\/\" target=\"_blank\" rel=\"noopener\">Tria educativa Ensenyaments esportius<\/a><br \/>\n<a href=\"http:\/\/xtec.gencat.cat\/ca\/curriculum\/professionals\/curriculum_ense_prof_esport\/\" target=\"_blank\" rel=\"noopener\">XTEC Ensenyaments esportius<\/a><br \/>\n<a href=\"http:\/\/xtec.gencat.cat\/ca\/curriculum\/professionals\/curriculum_ense_prof_esport\/curriculum_ense_prof_esport_proves\/\" target=\"_blank\" rel=\"noopener\">Proves d&#8217;acc\u00e9s als ensenyaments esportius<\/a><br \/>\n<a href=\"https:\/\/www.csd.gob.es\/es\/csd\/ensenanzas\" target=\"_blank\" rel=\"noopener\">Ministerio de Educaci\u00f3n, Formaci\u00f3n Profesional y Deporte: ense\u00f1anzas deportivas<\/a><br \/>\n<a href=\"https:\/\/esport.gencat.cat\/ca\/inici\/\" target=\"_blank\" rel=\"noopener\">Secretaria General de l&#8217;Esport<\/a><br \/>\n<a href=\"https:\/\/sede.csd.gob.es\/oficinavirtual\/FichaTramite.aspx?idProcedimiento=104&amp;botonSeleccionado=0#VerDatosTramite\" target=\"_blank\" rel=\"noopener\">Convalidaci\u00f3n o correspondencia formativa con las Ense\u00f1anzas&hellip;  <a href=\"https:\/\/projectes.xtec.cat\/ere\/enllacos-dinteres\/\" title=\"Read Enlla\u00e7os d&#8217;inter\u00e8s d&#8217;Ensenyaments Esportius\">Llegeix m\u00e9s\u00bb<\/a><\/p>\n","protected":false},"author":1,"featured_media":0,"parent":0,"menu_order":0,"comment_status":"closed","ping_status":"closed","template":"","meta":{"_bbp_topic_count":0,"_bbp_reply_count":0,"_bbp_total_topic_count":0,"_bbp_total_reply_count":0,"_bbp_voice_count":0,"_bbp_anonymous_reply_count":0,"_bbp_topic_count_hidden":0,"_bbp_reply_count_hidden":0,"_bbp_forum_subforum_count":0,"footnotes":""},"class_list":["post-8304","page","type-page","status-publish","hentry"],"post_mailing_queue_ids":[],"_links":{"self":[{"href":"https:\/\/projectes.xtec.cat\/ere\/wp-json\/wp\/v2\/pages\/8304","targetHints":{"allow":["GET"]}}],"collection":[{"href":"https:\/\/projectes.xtec.cat\/ere\/wp-json\/wp\/v2\/pages"}],"about":[{"href":"https:\/\/projectes.xtec.cat\/ere\/wp-json\/wp\/v2\/types\/page"}],"author":[{"embeddable":true,"href":"https:\/\/projectes.xtec.cat\/ere\/wp-json\/wp\/v2\/users\/1"}],"replies":[{"embeddable":true,"href":"https:\/\/projectes.xtec.cat\/ere\/wp-json\/wp\/v2\/comments?post=8304"}],"version-history":[{"count":4,"href":"https:\/\/projectes.xtec.cat\/ere\/wp-json\/wp\/v2\/pages\/8304\/revisions"}],"predecessor-version":[{"id":10649,"href":"https:\/\/projectes.xtec.cat\/ere\/wp-json\/wp\/v2\/pages\/8304\/revisions\/10649"}],"wp:attachment":[{"href":"https:\/\/projectes.xtec.cat\/ere\/wp-json\/wp\/v2\/media?parent=8304"}],"curies":[{"name":"wp","href":"https:\/\/api.w.org\/{rel}","templated":true}]}}