{"id":8320,"date":"2021-08-16T10:29:02","date_gmt":"2021-08-16T08:29:02","guid":{"rendered":"https:\/\/projectes.xtec.cat\/ere\/?page_id=8320"},"modified":"2023-03-23T09:51:48","modified_gmt":"2023-03-23T08:51:48","slug":"at-diversitat-apd","status":"publish","type":"page","link":"https:\/\/projectes.xtec.cat\/ere\/at-diversitat-apd\/","title":{"rendered":"Atenci\u00f3 a la diversitat APD"},"content":{"rendered":"<p><a href=\"https:\/\/projectes.xtec.cat\/ere\/wp-content\/uploads\/usu2534\/2022\/10\/Arts-pla\u0300stiques-i-disseny-definitiu-.pdf\">Arts pla\u0300stiques i disseny full informatiu<\/a><\/p>\n<p><a href=\"https:\/\/projectes.xtec.cat\/ere\/wp-content\/uploads\/usu2534\/2023\/01\/Presentacio-SOERE-APD.pdf\">APD presentaci\u00f3 2023<\/a><\/p>\n<p><a href=\"https:\/\/documents.espai.educacio.gencat.cat\/IPCNormativa\/DOIGC\/CUR_Arts_Plastiques.pdf\" target=\"_blank\" rel=\"noopener\">Documents per a l&#8217;organitzaci\u00f3 i gesti\u00f3 de centres; aspectes curriculars (curs 2022\/23)<\/a><\/p>\n<p>NEE i NESE a les escoles d&#8217;art<\/p>\n<ul>\n<li><a href=\"https:\/\/documents.espai.educacio.gencat.cat\/IPCNormativa\/DOIGC\/GEST_Situacions_especifiques.pdf\" target=\"_blank\" rel=\"noopener\">Documents per a l&#8217;organitzaci\u00f3 i gesti\u00f3 de centres; situacions espec\u00edfiques alumnes (curs 2022\/23)<\/a><\/li>\n<li><a href=\"https:\/\/espai.educacio.gencat.cat\/Alumnes\/Atencio-diversitat\/Sistemes-informacio\/Pagines\/default.aspx\" target=\"_blank\" rel=\"noopener\">Les NESE als sistemes d&#8217;informaci\u00f3<\/a> (Intranet)<\/li>\n<\/ul>\n","protected":false},"excerpt":{"rendered":"<p><a href=\"https:\/\/projectes.xtec.cat\/ere\/wp-content\/uploads\/usu2534\/2022\/10\/Arts-pla\u0300stiques-i-disseny-definitiu-.pdf\">Arts pla\u0300stiques i disseny full informatiu<\/a><br \/>\n<a href=\"https:\/\/projectes.xtec.cat\/ere\/wp-content\/uploads\/usu2534\/2023\/01\/Presentacio-SOERE-APD.pdf\">APD presentaci\u00f3 2023<\/a><br \/>\n<a href=\"https:\/\/documents.espai.educacio.gencat.cat\/IPCNormativa\/DOIGC\/CUR_Arts_Plastiques.pdf\" target=\"_blank\" rel=\"noopener\">Documents per a l&#8217;organitzaci\u00f3 i gesti\u00f3 de centres; aspectes curriculars (curs 2022\/23)<\/a><br \/>\nNEE i NESE a les escoles d&#8217;art<\/p>\n<ul>\n<li><a href=\"https:\/\/documents.espai.educacio.gencat.cat\/IPCNormativa\/DOIGC\/GEST_Situacions_especifiques.pdf\" target=\"_blank\" rel=\"noopener\">Documents per a l&#8217;organitzaci\u00f3 i gesti\u00f3 de centres; situacions espec\u00edfiques alumnes (curs 2022\/23)<\/a><\/li>\n<li><a&hellip;  <a href=\"https:\/\/projectes.xtec.cat\/ere\/at-diversitat-apd\/\" title=\"Read Atenci\u00f3 a la diversitat APD\">Llegeix m\u00e9s\u00bb<\/a><br \/>\n","protected":false},"author":1,"featured_media":0,"parent":0,"menu_order":0,"comment_status":"closed","ping_status":"closed","template":"","meta":{"_bbp_topic_count":0,"_bbp_reply_count":0,"_bbp_total_topic_count":0,"_bbp_total_reply_count":0,"_bbp_voice_count":0,"_bbp_anonymous_reply_count":0,"_bbp_topic_count_hidden":0,"_bbp_reply_count_hidden":0,"_bbp_forum_subforum_count":0,"footnotes":""},"class_list":["post-8320","page","type-page","status-publish","hentry"],"post_mailing_queue_ids":[],"_links":{"self":[{"href":"https:\/\/projectes.xtec.cat\/ere\/wp-json\/wp\/v2\/pages\/8320","targetHints":{"allow":["GET"]}}],"collection":[{"href":"https:\/\/projectes.xtec.cat\/ere\/wp-json\/wp\/v2\/pages"}],"about":[{"href":"https:\/\/projectes.xtec.cat\/ere\/wp-json\/wp\/v2\/types\/page"}],"author":[{"embeddable":true,"href":"https:\/\/projectes.xtec.cat\/ere\/wp-json\/wp\/v2\/users\/1"}],"replies":[{"embeddable":true,"href":"https:\/\/projectes.xtec.cat\/ere\/wp-json\/wp\/v2\/comments?post=8320"}],"version-history":[{"count":4,"href":"https:\/\/projectes.xtec.cat\/ere\/wp-json\/wp\/v2\/pages\/8320\/revisions"}],"predecessor-version":[{"id":9524,"href":"https:\/\/projectes.xtec.cat\/ere\/wp-json\/wp\/v2\/pages\/8320\/revisions\/9524"}],"wp:attachment":[{"href":"https:\/\/projectes.xtec.cat\/ere\/wp-json\/wp\/v2\/media?parent=8320"}],"curies":[{"name":"wp","href":"https:\/\/api.w.org\/{rel}","templated":true}]}}