{"id":8323,"date":"2021-08-16T10:29:17","date_gmt":"2021-08-16T08:29:17","guid":{"rendered":"https:\/\/projectes.xtec.cat\/ere\/?page_id=8323"},"modified":"2024-04-02T14:25:12","modified_gmt":"2024-04-02T12:25:12","slug":"innovacio-apd","status":"publish","type":"page","link":"https:\/\/projectes.xtec.cat\/ere\/innovacio-apd\/","title":{"rendered":"Innovaci\u00f3 APD"},"content":{"rendered":"<p><a href=\"https:\/\/projectes.xtec.cat\/ere\/innovacio-apd\/art-experience\/\"><strong>Art Experience<\/strong><\/a><\/p>\n<p><a href=\"https:\/\/projectes.xtec.cat\/ere\/wp-content\/uploads\/usu2534\/2024\/04\/Logo-Art-Experience-scaled.jpg\"><img loading=\"lazy\" decoding=\"async\" class=\"size-thumbnail wp-image-9856 alignleft\" src=\"https:\/\/projectes.xtec.cat\/ere\/wp-content\/uploads\/usu2534\/2024\/04\/Logo-Art-Experience-150x150.jpg\" alt=\"Logo Art Experience\" width=\"150\" height=\"150\" srcset=\"https:\/\/projectes.xtec.cat\/ere\/wp-content\/uploads\/usu2534\/2024\/04\/Logo-Art-Experience-150x150.jpg 150w, https:\/\/projectes.xtec.cat\/ere\/wp-content\/uploads\/usu2534\/2024\/04\/Logo-Art-Experience-300x300.jpg 300w, https:\/\/projectes.xtec.cat\/ere\/wp-content\/uploads\/usu2534\/2024\/04\/Logo-Art-Experience-1024x1024.jpg 1024w, https:\/\/projectes.xtec.cat\/ere\/wp-content\/uploads\/usu2534\/2024\/04\/Logo-Art-Experience-768x768.jpg 768w, https:\/\/projectes.xtec.cat\/ere\/wp-content\/uploads\/usu2534\/2024\/04\/Logo-Art-Experience-1536x1536.jpg 1536w, https:\/\/projectes.xtec.cat\/ere\/wp-content\/uploads\/usu2534\/2024\/04\/Logo-Art-Experience-2048x2048.jpg 2048w\" sizes=\"auto, (max-width: 150px) 100vw, 150px\" \/><\/a>Convocat\u00f2ria dirigida als alumnes de 2n dels cicles formatius de grau superior d\u2019arts pl\u00e0stiques i disseny de qualsevol fam\u00edlia professional. Els alumnes s\u2019han d\u2019enfrontar, des d\u2019equips formats per perfils diversos (alumnat de diferents especialitats i de diferents Escoles d\u2019Art) a un repte sobre un tema pr\u00e8viament definit per part de la Instituci\u00f3\/Empresa, i generar propostes de disseny d\u2019un producte. Cada grup ha de presentar un prototip o l\u2019esb\u00f3s d\u2019una idea, no un producte acabat, ja que l\u2019activitat es desenvolupa al llarg d\u2019una \u00fanica jornada de treball. Es valoren les idees originals sobre el tema plantejat, aix\u00ed com la iniciativa, el treball en equip i la capacitat de s\u00edntesi. La jornada conclou amb la presentaci\u00f3 per part de l\u2019alumnat dels projectes i plans de treball per a la seva possible aplicaci\u00f3. L\u2019empresa\/instituci\u00f3 selecciona el projecte que considera que reuneix de manera m\u00e9s efectiva els requisits plantejats.<\/p>\n<hr \/>\n<p><a href=\"https:\/\/projectes.xtec.cat\/ere\/cooperart\/\" target=\"_blank\" rel=\"noopener\"><strong>CooperArt<\/strong><\/a><\/p>\n<p><a href=\"https:\/\/projectes.xtec.cat\/ere\/wp-content\/uploads\/usu2534\/2022\/01\/CooperArt.png\"><img loading=\"lazy\" decoding=\"async\" class=\"wp-image-8578 alignleft\" src=\"https:\/\/projectes.xtec.cat\/ere\/wp-content\/uploads\/usu2534\/2022\/01\/CooperArt.png\" alt=\"CooperArt\" width=\"165\" height=\"201\" srcset=\"https:\/\/projectes.xtec.cat\/ere\/wp-content\/uploads\/usu2534\/2022\/01\/CooperArt.png 570w, https:\/\/projectes.xtec.cat\/ere\/wp-content\/uploads\/usu2534\/2022\/01\/CooperArt-247x300.png 247w\" sizes=\"auto, (max-width: 165px) 100vw, 165px\" \/><\/a>El programa d&#8217;innovaci\u00f3 i transfer\u00e8ncia de coneixement <strong>CooperArt<\/strong> desenvolupa metodologies d&#8217;innovaci\u00f3 i transfer\u00e8ncia de coneixement entre els centres i les empreses o entitats i integra formaci\u00f3 espec\u00edfica i de jornades d&#8217;intercanvi, amb l&#8217;objectiu que les escoles d&#8217;art es donin suport i comparteixin estrat\u00e8gies i experi\u00e8ncies.<\/p>\n<p>Aix\u00ed mateix, fomenta la innovaci\u00f3 i l&#8217;intercanvi de bones pr\u00e0ctiques amb altres centres educatius; promou el comprom\u00eds col\u00b7lectiu entre el professorat, l&#8217;alumnat i les empreses o entitats i el desenvolupament de capacitats clau com la responsabilitat, l&#8217;organitzaci\u00f3 del treball, l&#8217;emprenedoria, el treball en equip, l&#8217;autonomia, la resoluci\u00f3 de problemes, la comunicaci\u00f3 i l&#8217;aprendre a aprendre, davant de reptes amb sentit empresarial, i posa a les escoles d&#8217;art en disposici\u00f3 d&#8217;interactuar amb altres centres educatius, les empreses i les entitats per al desenvolupament, transfer\u00e8ncia i aplicaci\u00f3 de coneixements.<\/p>\n<hr \/>\n<p><a href=\"https:\/\/projectes.xtec.cat\/ere\/rodatge-maleit\/\"><strong>Rodatge Male\u00eft<\/strong><\/a><\/p>\n<p><a href=\"https:\/\/projectes.xtec.cat\/ere\/wp-content\/uploads\/usu2534\/2023\/11\/cartells-rodatge-malei\u0308t_p02_page-0012.jpg\"><img loading=\"lazy\" decoding=\"async\" class=\"size-thumbnail wp-image-9655 alignleft\" src=\"https:\/\/projectes.xtec.cat\/ere\/wp-content\/uploads\/usu2534\/2023\/11\/cartells-rodatge-malei\u0308t_p02_page-0012-150x150.jpg\" alt=\"Rodatge Male\u00eft\" width=\"150\" height=\"150\" \/><\/a>Durant el mes d&#8217;octubre de 2023, en el marc de la Setmana del Cinema Fant\u00e0stic de Sitges, la Direcci\u00f3 general\u202fd&#8217;FP\u202famb alumnat de Formaci\u00f3 professional i d\u2019 Ensenyaments de R\u00e8gim Especial d\u2019arts pl\u00e0stiques i disseny i d\u2019arts esc\u00e8niques d\u2019una cinquantena d&#8217;Escoles d&#8217;Art i Instituts d&#8217;FP de tot Catalunya han realitzat un espai experimental en format \u201cpassatge del terror\u201d anomenat el Rodatge male\u00eft, a l\u2019edifici del Centre cultural Miramar de Sitges. Prop de 13.000 persones han visitat aquest projecte innovador, fruit de la col\u00b7laboraci\u00f3 a tres bandes entre el Departament d\u2019Educaci\u00f3, l\u2019Ajuntament de Sitges i el Sitges Festival Internacional de Cinema Fant\u00e0stic. En el projecte, ideat per l\u2019empresa Creartiva, han estat implicats un total d\u2019uns 925 alumnes i 45 t\u00edtols professionalitzadors diferents.<\/p>\n<p><a href=\"https:\/\/projectes.xtec.cat\/ere\/rodatge-maleit\/\" target=\"_blank\" rel=\"noopener\">M\u00e9s informaci\u00f3<\/a><\/p>\n<hr \/>\n<p><a href=\"https:\/\/projectes.xtec.cat\/ere\/talent-creatiu-i-empresa\/\" target=\"_blank\" rel=\"noopener\"><strong>Talent Creatiu i Empresa<\/strong><\/a><\/p>\n<p><a href=\"https:\/\/projectes.xtec.cat\/ere\/wp-content\/uploads\/usu2534\/2021\/09\/TCE-2.jpg\"><img loading=\"lazy\" decoding=\"async\" class=\"size-thumbnail wp-image-8474 alignleft\" src=\"https:\/\/projectes.xtec.cat\/ere\/wp-content\/uploads\/usu2534\/2021\/09\/TCE-2-150x150.jpg\" alt=\"Logo del Talent Creatiu i Empresa\" width=\"150\" height=\"150\" srcset=\"https:\/\/projectes.xtec.cat\/ere\/wp-content\/uploads\/usu2534\/2021\/09\/TCE-2-150x150.jpg 150w, https:\/\/projectes.xtec.cat\/ere\/wp-content\/uploads\/usu2534\/2021\/09\/TCE-2-300x300.jpg 300w, https:\/\/projectes.xtec.cat\/ere\/wp-content\/uploads\/usu2534\/2021\/09\/TCE-2-1024x1024.jpg 1024w, https:\/\/projectes.xtec.cat\/ere\/wp-content\/uploads\/usu2534\/2021\/09\/TCE-2-768x768.jpg 768w, https:\/\/projectes.xtec.cat\/ere\/wp-content\/uploads\/usu2534\/2021\/09\/TCE-2.jpg 1090w\" sizes=\"auto, (max-width: 150px) 100vw, 150px\" \/><\/a>El<span style=\"font-family: inherit; font-size: 1em;\"> Programa \u201cTalent creatiu i empresa\u201d t\u00e9 com a finalitat l&#8217;apropament entre la realitat productiva i de serveis del m\u00f3n productiu i els coneixements, bagatge i especificitat dels centres educatius. <\/span><span style=\"font-family: inherit; font-size: 1em;\">Amb aquest programa els centres educatius reben informaci\u00f3 actualitzada i directa del sector econ\u00f2mic i professional, alhora que entren en contacte amb la tecnologia m\u00e9s avan\u00e7ada, i l&#8217;empresa rep el talent i creativitat de les noves generacions i futurs professionals. <\/span><span style=\"font-family: inherit; font-size: 1em;\">L&#8217;objectiu del programa \u00e9s permetre als estudiants integrar en el seu aprenentatge l&#8217;entorn laboral d&#8217;un ambient real, adquirint h\u00e0bits de relacions humanes a l&#8217;empresa, del treball en equip, l&#8217;orientaci\u00f3 cap al client, sentit d&#8217;iniciativa i esperit emprenedor, cultura d&#8217;empresa, innovaci\u00f3 tecnol\u00f2gica, perfils professionals, i altres.<\/span><\/p>\n<hr \/>\n<p><strong><a href=\"https:\/\/projectes.xtec.cat\/ere\/jornades-apd-de-lescola-a-lempresa\/\" target=\"_blank\" rel=\"noopener\">Jornades d&#8217;Art i Disseny: de l&#8217;escola a l&#8217;empresa<\/a><\/strong><\/p>\n<p><img loading=\"lazy\" decoding=\"async\" class=\"size-thumbnail wp-image-9852 alignleft\" src=\"https:\/\/projectes.xtec.cat\/ere\/wp-content\/uploads\/usu2534\/2024\/04\/Jornada-APD-150x150.jpg\" alt=\"Logo Jornada APD\" width=\"150\" height=\"150\" \/>Presentaci\u00f3 dels millors projectes de les escoles d&#8217;art i disseny, en el decurs d&#8217;una gala amb la participaci\u00f3 de l&#8217;alumnat, professorat i les empreses.<\/p>\n<hr \/>\n<p><strong>Nice One<\/strong><\/p>\n<p>Projecte innovador que es va realitzar per primera vegada el curs 2019-2020, fruit de la col\u00b7laboraci\u00f3 a tres bandes entre el Departament d\u2019Educaci\u00f3, la Fira de Barcelona i l\u2019empresa Bandai Namco. Suposa un repte educatiu que es fonamenta en la creaci\u00f3 d\u2019un espai real resultat de la participaci\u00f3 de diferents centres de tot Catalunya, tots amb un objectiu com\u00fa.<\/p>\n<table style=\"border-collapse: collapse; width: 100%;\">\n<tbody>\n<tr>\n<td style=\"width: 100%;\"><a href=\"http:\/\/xtec.gencat.cat\/ca\/curriculum\/professionals\/projectes-als-centres\/niceone-barcelona\/\" target=\"_blank\" rel=\"noopener\">Informaci\u00f3 a la XTEC<\/a><\/td>\n<\/tr>\n<tr>\n<td style=\"width: 100%;\"><a href=\"https:\/\/youtu.be\/ZTHAMOjlZew\" target=\"_blank\" rel=\"noopener\">V\u00eddeo passi exhibici\u00f3<\/a><\/td>\n<\/tr>\n<tr>\n<td style=\"width: 100%;\"><a href=\"https:\/\/creartiva.com\/estand\/espacio-experiencial-man-of-medan-salon-niceone-barcelona\/\" target=\"_blank\" rel=\"noopener\">Informaci\u00f3 per a centres<\/a><\/td>\n<\/tr>\n<\/tbody>\n<\/table>\n<hr \/>\n<p><strong>araART<\/strong><\/p>\n<p><a href=\"https:\/\/projectes.xtec.cat\/ere\/wp-content\/uploads\/usu2534\/2023\/11\/araArt.jpg\"><img loading=\"lazy\" decoding=\"async\" class=\"alignnone size-thumbnail wp-image-9652\" src=\"https:\/\/projectes.xtec.cat\/ere\/wp-content\/uploads\/usu2534\/2023\/11\/araArt-150x150.jpg\" alt=\"\" width=\"150\" height=\"150\" srcset=\"https:\/\/projectes.xtec.cat\/ere\/wp-content\/uploads\/usu2534\/2023\/11\/araArt-150x150.jpg 150w, https:\/\/projectes.xtec.cat\/ere\/wp-content\/uploads\/usu2534\/2023\/11\/araArt-300x300.jpg 300w, https:\/\/projectes.xtec.cat\/ere\/wp-content\/uploads\/usu2534\/2023\/11\/araArt.jpg 538w\" sizes=\"auto, (max-width: 150px) 100vw, 150px\" \/><\/a><\/p>\n<table style=\"border-collapse: collapse; width: 100%; height: 60px;\">\n<tbody>\n<tr style=\"height: 30px;\">\n<td style=\"width: 994.4px; height: 30px;\">Convocat\u00f2ria<\/td>\n<\/tr>\n<tr style=\"height: 30px;\">\n<td style=\"width: 994.4px; height: 30px;\"><a href=\"http:\/\/xtec.gencat.cat\/ca\/innovacio\/programes_innovacio\/formacio-professional-i-regim-especial\/araART\" target=\"_blank\" rel=\"noopener\">Informaci\u00f3 per a centres<\/a><\/td>\n<\/tr>\n<\/tbody>\n<\/table>\n","protected":false},"excerpt":{"rendered":"<p><a href=\"https:\/\/projectes.xtec.cat\/ere\/innovacio-apd\/art-experience\/\">Art Experience<\/a><br \/>\n<a href=\"https:\/\/projectes.xtec.cat\/ere\/wp-content\/uploads\/usu2534\/2024\/04\/Logo-Art-Experience-scaled.jpg\"><\/a>Convocat\u00f2ria dirigida als alumnes de 2n dels cicles formatius de grau superior d\u2019arts pl\u00e0stiques i disseny de qualsevol fam\u00edlia professional. Els alumnes s\u2019han d\u2019enfrontar, des d\u2019equips formats per perfils diversos (alumnat de diferents especialitats i de diferents Escoles d\u2019Art) a un repte&hellip;  <a href=\"https:\/\/projectes.xtec.cat\/ere\/innovacio-apd\/\" title=\"Read Innovaci\u00f3 APD\">Llegeix m\u00e9s\u00bb<\/a><\/p>\n","protected":false},"author":1,"featured_media":0,"parent":0,"menu_order":0,"comment_status":"closed","ping_status":"closed","template":"","meta":{"_bbp_topic_count":0,"_bbp_reply_count":0,"_bbp_total_topic_count":0,"_bbp_total_reply_count":0,"_bbp_voice_count":0,"_bbp_anonymous_reply_count":0,"_bbp_topic_count_hidden":0,"_bbp_reply_count_hidden":0,"_bbp_forum_subforum_count":0,"footnotes":""},"class_list":["post-8323","page","type-page","status-publish","hentry"],"post_mailing_queue_ids":[],"_links":{"self":[{"href":"https:\/\/projectes.xtec.cat\/ere\/wp-json\/wp\/v2\/pages\/8323","targetHints":{"allow":["GET"]}}],"collection":[{"href":"https:\/\/projectes.xtec.cat\/ere\/wp-json\/wp\/v2\/pages"}],"about":[{"href":"https:\/\/projectes.xtec.cat\/ere\/wp-json\/wp\/v2\/types\/page"}],"author":[{"embeddable":true,"href":"https:\/\/projectes.xtec.cat\/ere\/wp-json\/wp\/v2\/users\/1"}],"replies":[{"embeddable":true,"href":"https:\/\/projectes.xtec.cat\/ere\/wp-json\/wp\/v2\/comments?post=8323"}],"version-history":[{"count":7,"href":"https:\/\/projectes.xtec.cat\/ere\/wp-json\/wp\/v2\/pages\/8323\/revisions"}],"predecessor-version":[{"id":9862,"href":"https:\/\/projectes.xtec.cat\/ere\/wp-json\/wp\/v2\/pages\/8323\/revisions\/9862"}],"wp:attachment":[{"href":"https:\/\/projectes.xtec.cat\/ere\/wp-json\/wp\/v2\/media?parent=8323"}],"curies":[{"name":"wp","href":"https:\/\/api.w.org\/{rel}","templated":true}]}}