{"id":8417,"date":"2021-09-07T09:54:31","date_gmt":"2021-09-07T07:54:31","guid":{"rendered":"https:\/\/projectes.xtec.cat\/ere\/?page_id=8417"},"modified":"2021-09-07T09:54:31","modified_gmt":"2021-09-07T07:54:31","slug":"reconeixements","status":"publish","type":"page","link":"https:\/\/projectes.xtec.cat\/ere\/at-diversitat-apd\/reconeixements\/","title":{"rendered":"Reconeixements"},"content":{"rendered":"<p><strong>Reconeixement d&#8217;estudis i cr\u00e8dits ECTS en els cicles formatius de grau superior d\u2019APD<\/strong><\/p>\n<p>El <a href=\"https:\/\/www.boe.es\/eli\/es\/rd\/2011\/11\/14\/1618\">Reial Decret 1618\/2011, de 14 de novembre<\/a>, sobre reconeixement d&#8217;estudis en l&#8217;\u00e0mbit de l&#8217;educaci\u00f3 superior, preveu el reconeixement de cr\u00e8dits que l&#8217;alumne o alumna pot sol\u00b7licitar segons els estudis cursats i els que vol cursar, que dep\u00e8n de la durada dels curr\u00edculums o plans d&#8217;estudi.<\/p>\n<p>Els estudis reconeguts no poden superar el 60 % dels cr\u00e8dits del pla d&#8217;estudis o del curr\u00edculum del t\u00edtol que es pret\u00e9n cursar.<\/p>\n<p>Les sol\u00b7licituds s&#8217;han de presentar en el termini des que l&#8217;alumne o alumna es matricula fins passat un mes des de l&#8217;inici oficial del curs en qu\u00e8 est\u00e0 matriculat.<\/p>\n<p>El director o directora del centre ha de trametre les sol\u00b7licituds de reconeixement de l&#8217;alumnat a la Direcci\u00f3 General de Formaci\u00f3 Professional Inicial i Ensenyaments de R\u00e8gim Especial, les quals s&#8217;han d&#8217;acompanyar de l&#8217;acreditaci\u00f3 oficial dels estudis dels quals se sol\u00b7licita el reconeixement, \u00e9s a dir, el t\u00edtol oficial d&#8217;educaci\u00f3 superior expedit per les autoritats competents o certificat substitutori. En el cas d&#8217;estudis parcials, cal aportar el certificat acad\u00e8mic oficial corresponent als estudis superats.<\/p>\n<p>El termini m\u00e0xim per resoldre i notificar les resolucions \u00e9s de tres mesos a partir de l&#8217;endem\u00e0 del dia d&#8217;entrada de la sol\u00b7licitud en el registre. Si passat aquest termini no es rep cap resoluci\u00f3 expressa, s&#8217;ha d&#8217;interpretar com a silenci administratiu.<\/p>\n<p>En el cas dels m\u00f2duls o unitats formatives reconeguts, cal computar la qualificaci\u00f3 obtinguda al centre d&#8217;origen; els que siguin objecte de reconeixement figuren a l&#8217;expedient acad\u00e8mic de l&#8217;alumne o alumna com a \u201ccontinguts reconeguts\u201d.<\/p>\n","protected":false},"excerpt":{"rendered":"<p>Reconeixement d&#8217;estudis i cr\u00e8dits ECTS en els cicles formatius de grau superior d\u2019APD<br \/>\nEl <a href=\"https:\/\/www.boe.es\/eli\/es\/rd\/2011\/11\/14\/1618\">Reial Decret 1618\/2011, de 14 de novembre<\/a>, sobre reconeixement d&#8217;estudis en l&#8217;\u00e0mbit de l&#8217;educaci\u00f3 superior, preveu el reconeixement de cr\u00e8dits que l&#8217;alumne o alumna pot sol\u00b7licitar segons els estudis cursats i&hellip;  <a href=\"https:\/\/projectes.xtec.cat\/ere\/at-diversitat-apd\/reconeixements\/\" title=\"Read Reconeixements\">Llegeix m\u00e9s\u00bb<\/a><\/p>\n","protected":false},"author":1,"featured_media":0,"parent":8320,"menu_order":0,"comment_status":"closed","ping_status":"closed","template":"","meta":{"_bbp_topic_count":0,"_bbp_reply_count":0,"_bbp_total_topic_count":0,"_bbp_total_reply_count":0,"_bbp_voice_count":0,"_bbp_anonymous_reply_count":0,"_bbp_topic_count_hidden":0,"_bbp_reply_count_hidden":0,"_bbp_forum_subforum_count":0,"footnotes":""},"class_list":["post-8417","page","type-page","status-publish","hentry"],"post_mailing_queue_ids":[],"_links":{"self":[{"href":"https:\/\/projectes.xtec.cat\/ere\/wp-json\/wp\/v2\/pages\/8417","targetHints":{"allow":["GET"]}}],"collection":[{"href":"https:\/\/projectes.xtec.cat\/ere\/wp-json\/wp\/v2\/pages"}],"about":[{"href":"https:\/\/projectes.xtec.cat\/ere\/wp-json\/wp\/v2\/types\/page"}],"author":[{"embeddable":true,"href":"https:\/\/projectes.xtec.cat\/ere\/wp-json\/wp\/v2\/users\/1"}],"replies":[{"embeddable":true,"href":"https:\/\/projectes.xtec.cat\/ere\/wp-json\/wp\/v2\/comments?post=8417"}],"version-history":[{"count":1,"href":"https:\/\/projectes.xtec.cat\/ere\/wp-json\/wp\/v2\/pages\/8417\/revisions"}],"predecessor-version":[{"id":8418,"href":"https:\/\/projectes.xtec.cat\/ere\/wp-json\/wp\/v2\/pages\/8417\/revisions\/8418"}],"up":[{"embeddable":true,"href":"https:\/\/projectes.xtec.cat\/ere\/wp-json\/wp\/v2\/pages\/8320"}],"wp:attachment":[{"href":"https:\/\/projectes.xtec.cat\/ere\/wp-json\/wp\/v2\/media?parent=8417"}],"curies":[{"name":"wp","href":"https:\/\/api.w.org\/{rel}","templated":true}]}}