{"id":8421,"date":"2021-09-07T09:56:18","date_gmt":"2021-09-07T07:56:18","guid":{"rendered":"https:\/\/projectes.xtec.cat\/ere\/?page_id=8421"},"modified":"2021-09-07T09:56:18","modified_gmt":"2021-09-07T07:56:18","slug":"exempcions","status":"publish","type":"page","link":"https:\/\/projectes.xtec.cat\/ere\/at-diversitat-apd\/exempcions\/","title":{"rendered":"Exempcions"},"content":{"rendered":"<p>Exempci\u00f3 de m\u00f2duls formatius determinats i de la Fase de Pr\u00e0ctiques en Empreses, Estudis o Tallers (FCT) per la seva correspond\u00e8ncia amb l&#8217;experi\u00e8ncia laboral<\/p>\n<p>Es pot determinar l&#8217;exempci\u00f3 de m\u00f2duls formatius en el curr\u00edculum del cicle i de la Fase de Pr\u00e0ctiques en Empreses, Estudis o Tallers (FCT) per la seva correspond\u00e8ncia amb la pr\u00e0ctica laboral, sempre que s&#8217;acrediti, com a m\u00ednim, un any d&#8217;experi\u00e8ncia relacionada amb els coneixements, les capacitats i les destreses i, si escau, les unitats de compet\u00e8ncia pr\u00f2pies dels m\u00f2duls i\/o de l&#8217;exercici professional espec\u00edfic del cicle formatiu corresponent, d&#8217;acord amb el que estableix la norma que regula cada t\u00edtol.<\/p>\n<p>L&#8217;exempci\u00f3 del 100 % de les hores de la Fase de Pr\u00e0ctiques en Empreses, Estudis o Tallers (FCT) s&#8217;atorga si l&#8217;alumne o alumna acredita experi\u00e8ncia professional (relacionada amb l&#8217;\u00e0mbit professional i de treball, i les principals ocupacions i llocs de treball del cicle formatiu) que es correspon a un nombre d&#8217;hores igual o superior.<\/p>\n<p>Els criteris d&#8217;exempci\u00f3 de la Fase de Pr\u00e0ctiques en Empreses, Estudis o Tallers (FCT) i la seva tramitaci\u00f3 s\u00f3n els que es recullen a la publicaci\u00f3\u00a0Normativa de la formaci\u00f3\u00a0pr\u00e0ctica en centres de treball.<\/p>\n<p>L&#8217;experi\u00e8ncia laboral a qu\u00e8 es refereix l&#8217;apartat anterior s&#8217;ha d&#8217;acreditar amb ladocumentaci\u00f3 seg\u00fcent:<\/p>\n<ul>\n<li>Certificat de l&#8217;empresa on s&#8217;ha adquirit l&#8217;experi\u00e8ncia laboral; hi ha de constar la durada del contracte, l&#8217;activitat exercida i el per\u00edode en qu\u00e8 s&#8217;ha dut a terme l&#8217;activitat.<\/li>\n<li>En el cas de treballadors per compte propi, certificat d&#8217;alta en el Cens d&#8217;obligats tributaris i evid\u00e8ncies de l&#8217;activitat exercida.<\/li>\n<\/ul>\n<p>Els m\u00f2duls formatius i la Fase de Pr\u00e0ctiques en Empreses, Estudis o Tallers (FCT) objecte d&#8217;exempci\u00f3 perqu\u00e8 es corresponen amb la pr\u00e0ctica laboral figuren a l&#8217;expedient acad\u00e8mic de l&#8217;alumne o alumna com a &#8220;exempt\/a&#8221;.<\/p>\n<p>Els m\u00f2duls objecte d&#8217;exempci\u00f3 perqu\u00e8 es corresponen amb la pr\u00e0ctica laboral no computen per calcular la nota mitjana final.<\/p>\n<p>La tramitaci\u00f3 de la sol\u00b7licitud d&#8217;exempci\u00f3 dels m\u00f2duls formatius per correspond\u00e8ncia amb l&#8217;experi\u00e8ncia laboral s&#8217;ha de fer des del servei d&#8217;assessorament i reconeixement acad\u00e8mic dels aprenentatges d&#8217;estudis professionals d&#8217;arts pl\u00e0stiques i disseny per la seva correspond\u00e8ncia amb l&#8217;experi\u00e8ncia laboral que ofereixen els centres autoritzats.<\/p>\n","protected":false},"excerpt":{"rendered":"<p>Exempci\u00f3 de m\u00f2duls formatius determinats i de la Fase de Pr\u00e0ctiques en Empreses, Estudis o Tallers (FCT) per la seva correspond\u00e8ncia amb l&#8217;experi\u00e8ncia laboral<br \/>\nEs pot determinar l&#8217;exempci\u00f3 de m\u00f2duls formatius en el curr\u00edculum del cicle i de la Fase de Pr\u00e0ctiques en Empreses, Estudis o&hellip;  <a href=\"https:\/\/projectes.xtec.cat\/ere\/at-diversitat-apd\/exempcions\/\" title=\"Read Exempcions\">Llegeix m\u00e9s\u00bb<\/a><\/p>\n","protected":false},"author":1,"featured_media":0,"parent":8320,"menu_order":0,"comment_status":"closed","ping_status":"closed","template":"","meta":{"_bbp_topic_count":0,"_bbp_reply_count":0,"_bbp_total_topic_count":0,"_bbp_total_reply_count":0,"_bbp_voice_count":0,"_bbp_anonymous_reply_count":0,"_bbp_topic_count_hidden":0,"_bbp_reply_count_hidden":0,"_bbp_forum_subforum_count":0,"footnotes":""},"class_list":["post-8421","page","type-page","status-publish","hentry"],"post_mailing_queue_ids":[],"_links":{"self":[{"href":"https:\/\/projectes.xtec.cat\/ere\/wp-json\/wp\/v2\/pages\/8421","targetHints":{"allow":["GET"]}}],"collection":[{"href":"https:\/\/projectes.xtec.cat\/ere\/wp-json\/wp\/v2\/pages"}],"about":[{"href":"https:\/\/projectes.xtec.cat\/ere\/wp-json\/wp\/v2\/types\/page"}],"author":[{"embeddable":true,"href":"https:\/\/projectes.xtec.cat\/ere\/wp-json\/wp\/v2\/users\/1"}],"replies":[{"embeddable":true,"href":"https:\/\/projectes.xtec.cat\/ere\/wp-json\/wp\/v2\/comments?post=8421"}],"version-history":[{"count":1,"href":"https:\/\/projectes.xtec.cat\/ere\/wp-json\/wp\/v2\/pages\/8421\/revisions"}],"predecessor-version":[{"id":8422,"href":"https:\/\/projectes.xtec.cat\/ere\/wp-json\/wp\/v2\/pages\/8421\/revisions\/8422"}],"up":[{"embeddable":true,"href":"https:\/\/projectes.xtec.cat\/ere\/wp-json\/wp\/v2\/pages\/8320"}],"wp:attachment":[{"href":"https:\/\/projectes.xtec.cat\/ere\/wp-json\/wp\/v2\/media?parent=8421"}],"curies":[{"name":"wp","href":"https:\/\/api.w.org\/{rel}","templated":true}]}}